{"id":38,"date":"2014-09-18T12:34:08","date_gmt":"2014-09-18T11:34:08","guid":{"rendered":"http:\/\/agora.xtec.cat\/ceipvallpalau\/?page_id=38"},"modified":"2020-01-10T12:44:53","modified_gmt":"2020-01-10T11:44:53","slug":"salut","status":"publish","type":"page","link":"https:\/\/agora.xtec.cat\/ceipvallpalau\/organitzacio\/salut\/","title":{"rendered":"Salut"},"content":{"rendered":"<ul>\n<li>D\u2019acord amb les recomanacions elaborades per la Societat Catalana de Pediatria i pels departaments d\u2019Ensenyament i de Salut, davant d\u2019un infant amb febre l\u2019escola contactar\u00e0 amb el pare, mare o tutor i li demanar\u00e0 que el reculli tan aviat com pugui. Mentrestant, si la febre \u00e9s igual o superior a 38 \u00baC es recomana administrar paracetamol. Per administrar el paracetamol als infants a les escoles, passarem una autoritzaci\u00f3 al pare, mare o tutor. En totes les malalties que presentin estat febril no es pot assistir a l\u2019escola fins 24h despr\u00e9s d\u2019haver desaparegut la febre.<\/li>\n<\/ul>\n<ul>\n<li>En cas de malalties contagioses: conjuntivitis, varicel\u00b7la, xarampi\u00f3, pediculosis (polls al cabell), &#8230; els nens no poden assistir a l\u2019escola per evitar l\u2019encomanament de la malaltia.En el cas dels polls cal seguir el tractament adient i els alumnes no podran retornar a l\u2019escola fins que estiguin ben nets. S\u2019ha de tenir en compte que els tractaments actuals no eliminen les ll\u00e9menes i que aquestes s\u2019han de treure manualment, en cas contrari al cap de 15 dies tornaran a tenir polls.<\/li>\n<li>En general, quan algun alumne\/a pateixi algun\u00a0 tipus\u00a0 de\u00a0 dol\u00e8ncia,\u00a0 no es podr\u00e0 reincorporar a l\u2019escola\u00a0 fins\u00a0 que\u00a0 el\u00a0 metge\u00a0\u00a0 pediatre\u00a0 ho\u00a0 comuniqui a la fam\u00edlia.<\/li>\n<li>Si s\u2019ha d\u2019administrar algun medicament dins l\u2019horari escolar, cal lliurar-lo acompanyat de la c\u00f2pia de la recepta m\u00e8dica juntament amb el full d\u2019<a href=\"http:\/\/agora.xtec.cat\/ceipvallpalau\/wp-content\/uploads\/usu984\/2017\/01\/Autoritzacio-Medicaments.pdf\">autoritzaci\u00f3 de medicaments<\/a> al mestre tutor\/a, i escriure a l\u2019env\u00e0s el nom del nen\/a, la dosi i l\u2019hora de la toma.<\/li>\n<li>\u00c9s molt important informar als mestres tutors de qualsevol tipus d\u2019al\u00b7l\u00e8rgia, atacs d\u2019asma, epil\u00e8psies, &#8230; que puguin patir els infants.<\/li>\n<li>\n<p style=\"text-align: left;\">Per q\u00fcestions higi\u00e8niques i tal com recull la normativa vigent, recordem que <strong>no es pot fumar dins el recinte escolar<\/strong> <strong>incl\u00f2s el pati<\/strong> (al pati les burilles embruten el terra on juguen els nens i nenes) i que tampoc s\u2019hi pot accedir amb gossos<\/p>\n<\/li>\n<\/ul>\n<p>&nbsp;<\/p>\n<p>&nbsp;<\/p>\n<p>&nbsp;<\/p>\n<p>&nbsp;<\/p>\n<p>&nbsp;<\/p>\n","protected":false},"excerpt":{"rendered":"<ul>\n<li>D\u2019acord amb les recomanacions elaborades per la Societat Catalana de Pediatria i pels departaments d\u2019Ensenyament i de Salut, davant d\u2019un infant amb febre l\u2019escola contactar\u00e0 amb el pare, mare o tutor i li demanar\u00e0 que el reculli tan aviat com pugui. Mentrestant, si la febre&hellip;  <a href=\"https:\/\/agora.xtec.cat\/ceipvallpalau\/organitzacio\/salut\/\" title=\"Read Salut\">Llegeix m\u00e9s\u00bb<\/a><br \/>\n","protected":false},"author":1,"featured_media":0,"parent":1506,"menu_order":80,"comment_status":"closed","ping_status":"closed","template":"page-templates\/side-menu.php","meta":{"_bbp_topic_count":0,"_bbp_reply_count":0,"_bbp_total_topic_count":0,"_bbp_total_reply_count":0,"_bbp_voice_count":0,"_bbp_anonymous_reply_count":0,"_bbp_topic_count_hidden":0,"_bbp_reply_count_hidden":0,"_bbp_forum_subforum_count":0,"footnotes":""},"class_list":["post-38","page","type-page","status-publish","hentry"],"post_mailing_queue_ids":[],"_links":{"self":[{"href":"https:\/\/agora.xtec.cat\/ceipvallpalau\/wp-json\/wp\/v2\/pages\/38","targetHints":{"allow":["GET"]}}],"collection":[{"href":"https:\/\/agora.xtec.cat\/ceipvallpalau\/wp-json\/wp\/v2\/pages"}],"about":[{"href":"https:\/\/agora.xtec.cat\/ceipvallpalau\/wp-json\/wp\/v2\/types\/page"}],"author":[{"embeddable":true,"href":"https:\/\/agora.xtec.cat\/ceipvallpalau\/wp-json\/wp\/v2\/users\/1"}],"replies":[{"embeddable":true,"href":"https:\/\/agora.xtec.cat\/ceipvallpalau\/wp-json\/wp\/v2\/comments?post=38"}],"version-history":[{"count":3,"href":"https:\/\/agora.xtec.cat\/ceipvallpalau\/wp-json\/wp\/v2\/pages\/38\/revisions"}],"predecessor-version":[{"id":500,"href":"https:\/\/agora.xtec.cat\/ceipvallpalau\/wp-json\/wp\/v2\/pages\/38\/revisions\/500"}],"up":[{"embeddable":true,"href":"https:\/\/agora.xtec.cat\/ceipvallpalau\/wp-json\/wp\/v2\/pages\/1506"}],"wp:attachment":[{"href":"https:\/\/agora.xtec.cat\/ceipvallpalau\/wp-json\/wp\/v2\/media?parent=38"}],"curies":[{"name":"wp","href":"https:\/\/api.w.org\/{rel}","templated":true}]}}