{"id":3515,"date":"2023-02-06T16:10:20","date_gmt":"2023-02-06T15:10:20","guid":{"rendered":"https:\/\/agora.xtec.cat\/ceipvallpalau\/?page_id=3515"},"modified":"2023-03-23T12:02:59","modified_gmt":"2023-03-23T11:02:59","slug":"competencia-digital-de-lalumne","status":"publish","type":"page","link":"https:\/\/agora.xtec.cat\/ceipvallpalau\/competencia-digital-de-lalumne\/","title":{"rendered":"Compet\u00e8ncia Digital de l&#8217;Alumnat"},"content":{"rendered":"<div class=\"UtePc RCETm\" dir=\"ltr\" tabindex=\"-1\" role=\"main\" aria-hidden=\"false\">\n<section id=\"h.1df371a795f5c345_40\" class=\"yaqOZd\">\n<div class=\"mYVXT\">\n<div class=\"LS81yb VICjCf j5pSsc db35Fc\" tabindex=\"-1\">\n<div class=\"hJDwNd-AhqUyc-uQSCkd Ft7HRd-AhqUyc-uQSCkd purZT-AhqUyc-II5mzb ZcASvf-AhqUyc-II5mzb pSzOP-AhqUyc-qWD73c Ktthjf-AhqUyc-qWD73c JNdkSc SQVYQc\">\n<div class=\"JNdkSc-SmKAyb LkDMRd\">\n<div class=\"\">\n<div class=\"oKdM2c ZZyype Kzv0Me\">\n<div id=\"h.1df371a795f5c345_43\" class=\"hJDwNd-AhqUyc-uQSCkd Ft7HRd-AhqUyc-uQSCkd jXK9ad D2fZ2 zu5uec OjCsFc dmUFtb wHaque g5GTcb JYTMs\">\n<div class=\"jXK9ad-SmKAyb\">\n<div class=\"tyJCtd mGzaTb Depvyb baZpAe\">\n<p class=\"CDt4Ke zfr3Q\" dir=\"ltr\">La compet\u00e8ncia digital implica l\u2019\u00fas segur, saludable, sostenible, cr\u00edtic i responsable de les tecnologies digitals per al desenvolupament i benestar personal, per a l\u2019aprenentatge, per a la feina, per a l\u2019oci i per a la participaci\u00f3 en la societat.<\/p>\n<p class=\"CDt4Ke zfr3Q\" dir=\"ltr\">Inclou la gesti\u00f3 de dispositius i aplicacions digitals (maneig, configuraci\u00f3, manteniment), l\u2019alfabetitzaci\u00f3 en informaci\u00f3 i dades, la comunicaci\u00f3 i la col\u00b7laboraci\u00f3, l\u2019educaci\u00f3 medi\u00e0tica, la creaci\u00f3 de continguts digitals (inclosa la programaci\u00f3), la seguretat (incl\u00f2s el benestar digital i les compet\u00e8ncies relacionades amb la ciberseguretat), assumptes relacionats amb la ciutadania digital, la privacitat, la propietat intel\u00b7lectual, la resoluci\u00f3 de problemes i el pensament computacional i cr\u00edtic.<\/p>\n<\/div>\n<\/div>\n<\/div>\n<\/div>\n<\/div>\n<\/div>\n<\/div>\n<\/div>\n<\/div>\n<\/section>\n<section id=\"h.1df371a795f5c345_44\" class=\"yaqOZd\">\n<div class=\"IFuOkc\"><\/div>\n<div class=\"mYVXT\">\n<div class=\"LS81yb VICjCf j5pSsc db35Fc\" tabindex=\"-1\">\n<div class=\"hJDwNd-AhqUyc-uQSCkd Ft7HRd-AhqUyc-uQSCkd purZT-AhqUyc-II5mzb ZcASvf-AhqUyc-II5mzb pSzOP-AhqUyc-qWD73c Ktthjf-AhqUyc-qWD73c JNdkSc SQVYQc yYI8W HQwdzb\">\n<div class=\"JNdkSc-SmKAyb LkDMRd\">\n<div class=\"qUO6Ue\">\n<div class=\"oKdM2c ZZyype Kzv0Me\">\n<div id=\"h.1df371a795f5c345_47\" class=\"hJDwNd-AhqUyc-uQSCkd Ft7HRd-AhqUyc-uQSCkd jXK9ad D2fZ2 zu5uec OjCsFc dmUFtb JYTMs\">\n<div class=\"jXK9ad-SmKAyb\">\n<div class=\"tyJCtd mGzaTb Depvyb baZpAe\">\n<div id=\"h.b6zp4boeoi5o\" class=\"CobnVe aP9Z7e\"><\/div>\n<div class=\"CjVfdc\">\n<div class=\"PPhIP rviiZ\">\n<div class=\"U26fgb mUbCce fKz7Od LRAOtb Znu9nd M9Bg4d\" role=\"presentation\" aria-describedby=\"h.b6zp4boeoi5o_l\" aria-label=\"Copia l'enlla\u00e7 del t\u00edtol\" aria-disabled=\"false\" data-tooltip=\"Copia l'enlla\u00e7 del t\u00edtol\" aria-hidden=\"true\" data-tooltip-position=\"top\" data-tooltip-vertical-offset=\"12\" data-tooltip-horizontal-offset=\"0\">\n<div class=\"VTBa7b MbhUzd\"><\/div>\n<\/div>\n<\/div>\n<p>Indicadors operatius: En completar l\u2019<strong>educaci\u00f3 prim\u00e0ria<\/strong>, l\u2019alumne o alumna&#8230;<\/p>\n<\/div>\n<\/div>\n<\/div>\n<div class=\"uArJ5e Y5FYJe cjq2Db amZmwc\" tabindex=\"0\" role=\"button\" aria-label=\"Replega\" data-tooltip=\"Replega\" data-tooltip-vertical-offset=\"-12\" data-tooltip-horizontal-offset=\"0\">\n<div class=\"PDXc1b MbhUzd\"><\/div>\n<\/div>\n<\/div>\n<\/div>\n<div class=\"oKdM2c ZZyype\">\n<div id=\"h.1df371a795f5c345_49\" class=\"hJDwNd-AhqUyc-uQSCkd Ft7HRd-AhqUyc-uQSCkd jXK9ad D2fZ2 zu5uec wHaque g5GTcb JYTMs\">\n<div class=\"jXK9ad-SmKAyb\">\n<div class=\"tyJCtd mGzaTb Depvyb baZpAe\">\n<ul class=\"n8H08c UVNKR\">\n<li class=\"TYR86d zfr3Q\" dir=\"ltr\">\n<p class=\"CDt4Ke zfr3Q\" dir=\"ltr\">CD1. Fa cerques guiades a Internet i usa estrat\u00e8gies senzilles per al tractament digital de la informaci\u00f3 (paraules clau, selecci\u00f3 d\u2019informaci\u00f3 rellevant, organitzaci\u00f3 de dades, etc.) amb una actitud cr\u00edtica sobre els continguts que obt\u00e9.<\/p>\n<\/li>\n<li class=\"TYR86d zfr3Q\" dir=\"ltr\">\n<p class=\"CDt4Ke zfr3Q\" dir=\"ltr\">CD2. Crea, integra i reelabora continguts digitals en diferents formats (text, taula, imatge, \u00e0udio, v\u00eddeo, programa inform\u00e0tic, etc.) mitjan\u00e7ant l\u2019\u00fas de diferents eines digitals per expressar idees, sentiments i coneixements, respectant la propietat intel\u00b7lectual i els drets d\u2019autor dels continguts que reutilitza.<\/p>\n<\/li>\n<li class=\"TYR86d zfr3Q\" dir=\"ltr\">\n<p class=\"CDt4Ke zfr3Q\" dir=\"ltr\">CD3. Participa en activitats i\/o projectes escolars mitjan\u00e7ant l\u2019\u00fas d\u2019eines o plataformes virtuals que li permetin construir nou coneixement, comunicar-se, treballar col\u00b7laborativament, compartir dades i continguts en entorns digitals restringits i supervisats de manera segura i amb una actitud oberta i responsable davant el seu \u00fas.<\/p>\n<\/li>\n<li class=\"TYR86d zfr3Q\" dir=\"ltr\">\n<p class=\"CDt4Ke zfr3Q\" dir=\"ltr\">CD4. Coneix els riscos i adopta, amb l\u2019orientaci\u00f3 del docent, mesures preventives en l\u2019usar les tecnologies digitals per protegir els dispositius, les dades personals, la salut i el medi ambient, i s\u2019inicia en l\u2019adopci\u00f3 d\u2019h\u00e0bits d\u2019\u00fas cr\u00edtic, segur, saludable i sostenible d\u2019aquestes tecnologies.<\/p>\n<\/li>\n<li class=\"TYR86d zfr3Q\" dir=\"ltr\">\n<p class=\"CDt4Ke zfr3Q\" dir=\"ltr\">CD5. S\u2019inicia en el desenvolupament de solucions digitals senzilles i sostenibles (reutilitzaci\u00f3 de materials tecnol\u00f2gics, programaci\u00f3 inform\u00e0tica per blocs, rob\u00f2tica educativa, etc.) per resoldre problemes concrets o reptes proposats de manera creativa i sol\u00b7licitar ajuda en cas necessari.<\/p>\n<\/li>\n<\/ul>\n<\/div>\n<\/div>\n<\/div>\n<\/div>\n<\/div>\n<\/div>\n<\/div>\n<\/div>\n<\/div>\n<\/section>\n<section id=\"h.1df371a795f5c345_50\" class=\"yaqOZd\">\n<div class=\"IFuOkc\"><\/div>\n<div class=\"mYVXT\">\n<div class=\"LS81yb VICjCf j5pSsc db35Fc\" tabindex=\"-1\">\n<div class=\"hJDwNd-AhqUyc-uQSCkd Ft7HRd-AhqUyc-uQSCkd purZT-AhqUyc-II5mzb ZcASvf-AhqUyc-II5mzb pSzOP-AhqUyc-qWD73c Ktthjf-AhqUyc-qWD73c JNdkSc SQVYQc yYI8W HQwdzb\">\n<div class=\"JNdkSc-SmKAyb LkDMRd\">\n<div class=\"qUO6Ue\">\n<div class=\"oKdM2c ZZyype Kzv0Me\">\n<div id=\"h.1df371a795f5c345_53\" class=\"hJDwNd-AhqUyc-uQSCkd Ft7HRd-AhqUyc-uQSCkd jXK9ad D2fZ2 zu5uec OjCsFc dmUFtb JYTMs\">\n<div class=\"jXK9ad-SmKAyb\">\n<div class=\"tyJCtd mGzaTb Depvyb baZpAe\">\n<div id=\"h.95of5zep9h2g\" class=\"CobnVe aP9Z7e\"><\/div>\n<div class=\"CjVfdc\">\n<div class=\"PPhIP rviiZ\">\n<div class=\"U26fgb mUbCce fKz7Od LRAOtb Znu9nd M9Bg4d\" role=\"presentation\" aria-describedby=\"h.95of5zep9h2g_l\" aria-label=\"Copia l'enlla\u00e7 del t\u00edtol\" aria-disabled=\"false\" data-tooltip=\"Copia l'enlla\u00e7 del t\u00edtol\" aria-hidden=\"true\" data-tooltip-position=\"top\" data-tooltip-vertical-offset=\"12\" data-tooltip-horizontal-offset=\"0\">\n<div class=\"VTBa7b MbhUzd\"><\/div>\n<\/div>\n<\/div>\n<p>Indicadors operatius: En completar l\u2019<strong>educaci\u00f3 b\u00e0sica<\/strong>, l\u2019alumne o alumna&#8230;<\/p>\n<\/div>\n<\/div>\n<\/div>\n<div class=\"uArJ5e Y5FYJe cjq2Db amZmwc\" tabindex=\"0\" role=\"button\" aria-label=\"Replega\" data-tooltip=\"Replega\" data-tooltip-vertical-offset=\"-12\" data-tooltip-horizontal-offset=\"0\">\n<div class=\"PDXc1b MbhUzd\"><\/div>\n<\/div>\n<\/div>\n<\/div>\n<div class=\"oKdM2c ZZyype\">\n<div id=\"h.1df371a795f5c345_55\" class=\"hJDwNd-AhqUyc-uQSCkd Ft7HRd-AhqUyc-uQSCkd jXK9ad D2fZ2 zu5uec wHaque g5GTcb JYTMs\">\n<div class=\"jXK9ad-SmKAyb\">\n<div class=\"tyJCtd mGzaTb Depvyb baZpAe\">\n<ul class=\"n8H08c UVNKR\">\n<li class=\"TYR86d zfr3Q\" dir=\"ltr\">\n<p class=\"CDt4Ke zfr3Q\" dir=\"ltr\">CD1. Fa cerques avan\u00e7ades a Internet atenent a criteris de validesa, qualitat, actualitat i fiabilitat, seleccionant-les de manera cr\u00edtica i arxivant-les per recuperar, referenciar i reutilitzar aquestes recerques respecte a la propietat intel\u00b7lectual.<\/p>\n<\/li>\n<li class=\"TYR86d zfr3Q\" dir=\"ltr\">\n<p class=\"CDt4Ke zfr3Q\" dir=\"ltr\">CD2. Gestiona i utilitza el seu propi entorn personal digital d\u2019aprenentatge permanent per construir nou coneixement i crear continguts digitals, mitjan\u00e7ant estrat\u00e8gies de tractament de la informaci\u00f3 i l\u2019\u00fas de diferents eines digitals, seleccionant i configurant la m\u00e9s adequada en funci\u00f3 de la tasca i de les seves necessitats en cada ocasi\u00f3.<\/p>\n<\/li>\n<li class=\"TYR86d zfr3Q\" dir=\"ltr\">\n<p class=\"CDt4Ke zfr3Q\" dir=\"ltr\">CD3. Participa, col\u00b7labora i interactua mitjan\u00e7ant eines i\/o plataformes virtuals per comunicar-se, treballar col\u00b7laborativament i compartir continguts, dades i informaci\u00f3, gestionant de manera responsable les seves accions, pres\u00e8ncia i visibilitat a la xarxa i exercint una ciutadania digital activa, c\u00edvica i reflexiva.<\/p>\n<\/li>\n<li class=\"TYR86d zfr3Q\" dir=\"ltr\">\n<p class=\"CDt4Ke zfr3Q\" dir=\"ltr\">CD4. Identifica riscos i adopta mesures en usar les tecnologies digitals per protegir els dispositius, les dades personals, la salut i el medi ambient i per prendre consci\u00e8ncia de la import\u00e0ncia i necessitat de fer un \u00fas cr\u00edtic, legal, segur, saludable i sostenible d\u2019aquestes tecnologies.<\/p>\n<\/li>\n<li class=\"TYR86d zfr3Q\" dir=\"ltr\">\n<p class=\"CDt4Ke zfr3Q\" dir=\"ltr\">CD5. Desenvolupa aplicacions inform\u00e0tiques senzilles i solucions tecnol\u00f2giques creatives i sostenibles per resoldre problemes concrets o respondre a reptes proposats, i mostra inter\u00e8s i curiositat per l\u2019evoluci\u00f3 de les tecnologies digitals i pel seu desenvolupament sostenible i \u00fas \u00e8tic.<\/p>\n<\/li>\n<\/ul>\n<\/div>\n<\/div>\n<\/div>\n<\/div>\n<\/div>\n<\/div>\n<\/div>\n<\/div>\n<\/div>\n<\/section>\n<section id=\"h.77398c7fe737b6bb_34\" class=\"yaqOZd\">\n<div class=\"IFuOkc\"><\/div>\n<div class=\"mYVXT\">\n<div class=\"LS81yb VICjCf j5pSsc db35Fc\" tabindex=\"-1\">\n<div class=\"hJDwNd-AhqUyc-uQSCkd Ft7HRd-AhqUyc-uQSCkd purZT-AhqUyc-II5mzb ZcASvf-AhqUyc-II5mzb pSzOP-AhqUyc-qWD73c Ktthjf-AhqUyc-qWD73c JNdkSc SQVYQc yYI8W HQwdzb\">\n<div class=\"JNdkSc-SmKAyb LkDMRd\">\n<div class=\"qUO6Ue\">\n<div class=\"oKdM2c ZZyype Kzv0Me\">\n<div id=\"h.77398c7fe737b6bb_29\" class=\"hJDwNd-AhqUyc-uQSCkd Ft7HRd-AhqUyc-uQSCkd jXK9ad D2fZ2 zu5uec OjCsFc dmUFtb JYTMs\">\n<div class=\"jXK9ad-SmKAyb\">\n<div class=\"tyJCtd mGzaTb Depvyb baZpAe\">\n<div id=\"h.2wsz8oaumjrg\" class=\"CobnVe aP9Z7e\"><\/div>\n<div class=\"CjVfdc\">\n<div class=\"PPhIP rviiZ\">\n<div class=\"U26fgb mUbCce fKz7Od LRAOtb Znu9nd M9Bg4d\" role=\"presentation\" aria-describedby=\"h.2wsz8oaumjrg_l\" aria-label=\"Copia l'enlla\u00e7 del t\u00edtol\" aria-disabled=\"false\" data-tooltip=\"Copia l'enlla\u00e7 del t\u00edtol\" aria-hidden=\"true\" data-tooltip-position=\"top\" data-tooltip-vertical-offset=\"12\" data-tooltip-horizontal-offset=\"0\">\n<div class=\"VTBa7b MbhUzd\"><\/div>\n<\/div>\n<\/div>\n<p>La Compet\u00e8ncia Digital \u00e9s tamb\u00e9 <strong>Compet\u00e8ncia Transversal<\/strong><\/p>\n<\/div>\n<\/div>\n<\/div>\n<div class=\"uArJ5e Y5FYJe cjq2Db amZmwc\" tabindex=\"0\" role=\"button\" aria-label=\"Replega\" data-tooltip=\"Replega\" data-tooltip-vertical-offset=\"-12\" data-tooltip-horizontal-offset=\"0\">\n<div class=\"PDXc1b MbhUzd\"><\/div>\n<\/div>\n<\/div>\n<\/div>\n<div class=\"oKdM2c ZZyype\">\n<div id=\"h.77398c7fe737b6bb_31\" class=\"hJDwNd-AhqUyc-uQSCkd Ft7HRd-AhqUyc-uQSCkd jXK9ad D2fZ2 zu5uec wHaque g5GTcb JYTMs\">\n<div class=\"jXK9ad-SmKAyb\">\n<div class=\"tyJCtd mGzaTb Depvyb baZpAe\">\n<p class=\"CDt4Ke zfr3Q\" dir=\"ltr\">L\u2019augment de la complexitat exigeix el domini de nombroses eines i recursos tecnol\u00f2gics, digitals, culturals i ling\u00fc\u00edstics, per apropar-se a un m\u00f3n m\u00e9s global i sostenible. La compet\u00e8ncia digital implica l\u2019\u00fas segur, saludable, sostenible, cr\u00edtic i responsable de les tecnologies digitals per a l\u2019aprenentatge en el treball i per a la participaci\u00f3 en la societat, aix\u00ed com la interacci\u00f3 amb les esmentades tecnologies.<\/p>\n<p class=\"CDt4Ke zfr3Q\" dir=\"ltr\">Inclou l\u2019alfabetitzaci\u00f3 en informaci\u00f3 i dades, la comunicaci\u00f3 i la col\u00b7laboraci\u00f3, l\u2019alfabetitzaci\u00f3 medi\u00e0tica, la creaci\u00f3 de continguts digitals (inclosa la programaci\u00f3), la seguretat (incl\u00f2s el benestar digital) i les compet\u00e8ncies relacionades amb la ciutadania digital, la privacitat, la propietat intel\u00b7lectual, la resoluci\u00f3 de problemes i el pensament computacional i cr\u00edtic.<\/p>\n<p class=\"CDt4Ke zfr3Q\" dir=\"ltr\">Inclou tamb\u00e9 la cooperaci\u00f3, h\u00e0bits, civisme i identitat digital. Consisteix en el desenvolupament d\u2019h\u00e0bits d\u2019\u00fas segur, saludable, sostenible, cr\u00edtic i responsable de les tecnologies digitals per a l\u2019aprenentatge i la comunicaci\u00f3 prenent en consideraci\u00f3 la seguretat (incl\u00f2s el benestar digital), la privacitat i la propietat intel\u00b7lectual.<\/p>\n<\/div>\n<\/div>\n<\/div>\n<\/div>\n<\/div>\n<\/div>\n<\/div>\n<\/div>\n<\/div>\n<\/section>\n<\/div>\n<div class=\"Xpil1b xgQ6eb\"><\/div>\n<footer aria-hidden=\"false\">\n<section id=\"h.1da677a82c83ae62_57\" class=\"yaqOZd\">\n<div class=\"IFuOkc\"><\/div>\n<div class=\"mYVXT\">\n<div class=\"LS81yb VICjCf j5pSsc db35Fc\" tabindex=\"-1\">\n<div class=\"hJDwNd-AhqUyc-uQSCkd Ft7HRd-AhqUyc-uQSCkd purZT-AhqUyc-II5mzb ZcASvf-AhqUyc-II5mzb pSzOP-AhqUyc-qWD73c Ktthjf-AhqUyc-qWD73c JNdkSc SQVYQc\">\n<div class=\"JNdkSc-SmKAyb LkDMRd\">\n<div class=\"\">\n<div class=\"oKdM2c ZZyype Kzv0Me\">\n<div id=\"h.1da677a82c83ae62_54\" class=\"hJDwNd-AhqUyc-uQSCkd Ft7HRd-AhqUyc-uQSCkd jXK9ad D2fZ2 zu5uec OjCsFc dmUFtb wHaque g5GTcb\">\n<div class=\"jXK9ad-SmKAyb\">\n<div class=\"tyJCtd mGzaTb Depvyb baZpAe\">\n<p class=\"zfr3Q CDt4Ke \" dir=\"ltr\" style=\"text-align: right;\"><span class=\"C9DxTc \">Departament d&#8217;Educaci\u00f3, Generalitat de Catalunya<\/span><\/p>\n<\/div>\n<p dir=\"ltr\" style=\"text-align: right;\">Font: <a href=\"https:\/\/projectes.xtec.cat\/nou-curriculum\/educacio-basica\/decret-educacio-basica\/\">Decret de l&#8217;Educaci\u00f3 b\u00e0sica<\/a><\/p>\n<\/div>\n<\/div>\n<\/div>\n<\/div>\n<\/div>\n<\/div>\n<\/div>\n<\/div>\n<\/section>\n<\/footer>\n","protected":false},"excerpt":{"rendered":"<p>La compet\u00e8ncia digital implica l\u2019\u00fas segur, saludable, sostenible, cr\u00edtic i responsable de les tecnologies digitals per al desenvolupament i benestar personal, per a l\u2019aprenentatge, per a la feina, per a l\u2019oci i per a la participaci\u00f3 en la societat.<br \/>\nInclou la gesti\u00f3 de dispositius i aplicacions&hellip;  <a href=\"https:\/\/agora.xtec.cat\/ceipvallpalau\/competencia-digital-de-lalumne\/\" title=\"Read Compet\u00e8ncia Digital de l&#8217;Alumnat\">Llegeix m\u00e9s\u00bb<\/a><\/p>\n","protected":false},"author":1,"featured_media":0,"parent":0,"menu_order":0,"comment_status":"closed","ping_status":"closed","template":"","meta":{"_bbp_topic_count":0,"_bbp_reply_count":0,"_bbp_total_topic_count":0,"_bbp_total_reply_count":0,"_bbp_voice_count":0,"_bbp_anonymous_reply_count":0,"_bbp_topic_count_hidden":0,"_bbp_reply_count_hidden":0,"_bbp_forum_subforum_count":0,"footnotes":""},"class_list":["post-3515","page","type-page","status-publish","hentry"],"post_mailing_queue_ids":[],"_links":{"self":[{"href":"https:\/\/agora.xtec.cat\/ceipvallpalau\/wp-json\/wp\/v2\/pages\/3515","targetHints":{"allow":["GET"]}}],"collection":[{"href":"https:\/\/agora.xtec.cat\/ceipvallpalau\/wp-json\/wp\/v2\/pages"}],"about":[{"href":"https:\/\/agora.xtec.cat\/ceipvallpalau\/wp-json\/wp\/v2\/types\/page"}],"author":[{"embeddable":true,"href":"https:\/\/agora.xtec.cat\/ceipvallpalau\/wp-json\/wp\/v2\/users\/1"}],"replies":[{"embeddable":true,"href":"https:\/\/agora.xtec.cat\/ceipvallpalau\/wp-json\/wp\/v2\/comments?post=3515"}],"version-history":[{"count":3,"href":"https:\/\/agora.xtec.cat\/ceipvallpalau\/wp-json\/wp\/v2\/pages\/3515\/revisions"}],"predecessor-version":[{"id":3619,"href":"https:\/\/agora.xtec.cat\/ceipvallpalau\/wp-json\/wp\/v2\/pages\/3515\/revisions\/3619"}],"wp:attachment":[{"href":"https:\/\/agora.xtec.cat\/ceipvallpalau\/wp-json\/wp\/v2\/media?parent=3515"}],"curies":[{"name":"wp","href":"https:\/\/api.w.org\/{rel}","templated":true}]}}