{"id":3426,"date":"2023-01-13T12:09:07","date_gmt":"2023-01-13T11:09:07","guid":{"rendered":"https:\/\/agora.xtec.cat\/ceipvallpalau\/?page_id=3426"},"modified":"2023-02-27T16:04:51","modified_gmt":"2023-02-27T15:04:51","slug":"avaluacio-i-millora-edc","status":"publish","type":"page","link":"https:\/\/agora.xtec.cat\/ceipvallpalau\/avaluacio-i-millora-edc\/","title":{"rendered":"Avaluaci\u00f3 i millora EDC"},"content":{"rendered":"<p>Cada curs farem una avaluaci\u00f3 en profunditat de l\u2019EDC. Es revisar\u00e0 cada una de les <a href=\"https:\/\/agora.xtec.cat\/ceipvallpalau\/planificacio-i-seguiment-edc\/\"><strong>activitats planificades<\/strong><\/a> i es determinar\u00e0 el grau d\u2019acompliment dels indicadors establerts a partir dels criteris d\u2019acompliment.<\/p>\n<p>De la mateixa manera, revisarem els <a href=\"https:\/\/agora.xtec.cat\/ceipvallpalau\/objectius-edc\/\"><strong>objectius establerts<\/strong><\/a> pel curs i determinarem tamb\u00e9 el grau d\u2019assoliment a partir dels indicadors d\u2019impacte i els criteris d\u2019acompliment.<\/p>\n<p>A partir d\u2019aqu\u00ed, la Comissi\u00f3 d\u2019Estrat\u00e8gia Digital del Centre encetar\u00e0 un proc\u00e9s de reflexi\u00f3.<\/p>\n<p>Si l\u2019EDC arriba al final de la seva planificaci\u00f3, caldr\u00e0 plantejar-se la diagnosi per actualitzar-la. Aquesta revisi\u00f3 i actualitzaci\u00f3 implicar\u00e0 un canvi en els objectius i en les activitats.<\/p>\n<p><img decoding=\"async\" src=\"https:\/\/projectes.xtec.cat\/edc-suport\/wp-content\/uploads\/usu2435\/2021\/03\/edc6.jpg\" alt=\"Avaluaci\u00f3 de l'EDC\" \/><\/p>\n","protected":false},"excerpt":{"rendered":"<p>Cada curs farem una avaluaci\u00f3 en profunditat de l\u2019EDC. Es revisar\u00e0 cada una de les <a href=\"https:\/\/agora.xtec.cat\/ceipvallpalau\/planificacio-i-seguiment-edc\/\">activitats planificades<\/a> i es determinar\u00e0 el grau d\u2019acompliment dels indicadors establerts a partir dels criteris d\u2019acompliment.<br \/>\nDe la mateixa manera, revisarem els <a href=\"https:\/\/agora.xtec.cat\/ceipvallpalau\/objectius-edc\/\">objectius establerts<\/a> pel curs i determinarem tamb\u00e9&hellip;  <a href=\"https:\/\/agora.xtec.cat\/ceipvallpalau\/avaluacio-i-millora-edc\/\" title=\"Read Avaluaci\u00f3 i millora EDC\">Llegeix m\u00e9s\u00bb<\/a><\/p>\n","protected":false},"author":1,"featured_media":0,"parent":0,"menu_order":0,"comment_status":"closed","ping_status":"closed","template":"","meta":{"_bbp_topic_count":0,"_bbp_reply_count":0,"_bbp_total_topic_count":0,"_bbp_total_reply_count":0,"_bbp_voice_count":0,"_bbp_anonymous_reply_count":0,"_bbp_topic_count_hidden":0,"_bbp_reply_count_hidden":0,"_bbp_forum_subforum_count":0,"footnotes":""},"class_list":["post-3426","page","type-page","status-publish","hentry"],"post_mailing_queue_ids":[],"_links":{"self":[{"href":"https:\/\/agora.xtec.cat\/ceipvallpalau\/wp-json\/wp\/v2\/pages\/3426","targetHints":{"allow":["GET"]}}],"collection":[{"href":"https:\/\/agora.xtec.cat\/ceipvallpalau\/wp-json\/wp\/v2\/pages"}],"about":[{"href":"https:\/\/agora.xtec.cat\/ceipvallpalau\/wp-json\/wp\/v2\/types\/page"}],"author":[{"embeddable":true,"href":"https:\/\/agora.xtec.cat\/ceipvallpalau\/wp-json\/wp\/v2\/users\/1"}],"replies":[{"embeddable":true,"href":"https:\/\/agora.xtec.cat\/ceipvallpalau\/wp-json\/wp\/v2\/comments?post=3426"}],"version-history":[{"count":3,"href":"https:\/\/agora.xtec.cat\/ceipvallpalau\/wp-json\/wp\/v2\/pages\/3426\/revisions"}],"predecessor-version":[{"id":3580,"href":"https:\/\/agora.xtec.cat\/ceipvallpalau\/wp-json\/wp\/v2\/pages\/3426\/revisions\/3580"}],"wp:attachment":[{"href":"https:\/\/agora.xtec.cat\/ceipvallpalau\/wp-json\/wp\/v2\/media?parent=3426"}],"curies":[{"name":"wp","href":"https:\/\/api.w.org\/{rel}","templated":true}]}}