{"id":3425,"date":"2023-01-13T12:09:07","date_gmt":"2023-01-13T11:09:07","guid":{"rendered":"https:\/\/agora.xtec.cat\/ceipvallpalau\/?page_id=3425"},"modified":"2025-06-30T09:54:47","modified_gmt":"2025-06-30T07:54:47","slug":"planificacio-i-seguiment-edc","status":"publish","type":"page","link":"https:\/\/agora.xtec.cat\/ceipvallpalau\/planificacio-i-seguiment-edc\/","title":{"rendered":"Planificaci\u00f3 i seguiment EDC"},"content":{"rendered":"<p>Per tal d&#8217;aconseguir els objectius establerts, cal fer una planificaci\u00f3 i seguiment de les tasques a realitzar. La comissi\u00f3 digital, impulsada pel Pla Digital de Catalunya, estableix les seg\u00fcents activitats per dur a terme una estrat\u00e8gia adaptada a la situaci\u00f3 actual del centre.<\/p>\n<p><iframe loading=\"lazy\" \n  src=\"https:\/\/docs.google.com\/spreadsheets\/d\/e\/2PACX-1vTBpZyLD-wwnIX5M4C6xugRgQSQs8MtcQRYDo7ZUZNVijPCCfw2SWOTN7z_qhADCQ\/pubhtml?widget=true&amp;headers=false\" \n  width=\"100%\" \n  height=\"600\" \n  frameborder=\"0\"><br \/>\n<\/iframe><\/p>\n","protected":false},"excerpt":{"rendered":"<p>Per tal d&#8217;aconseguir els objectius establerts, cal fer una planificaci\u00f3 i seguiment de les tasques a realitzar. La comissi\u00f3 digital, impulsada pel Pla Digital de Catalunya, estableix les seg\u00fcents activitats per dur a terme una estrat\u00e8gia adaptada a la situaci\u00f3 actual del centre.<\/p>\n","protected":false},"author":1,"featured_media":0,"parent":0,"menu_order":0,"comment_status":"closed","ping_status":"closed","template":"","meta":{"_bbp_topic_count":0,"_bbp_reply_count":0,"_bbp_total_topic_count":0,"_bbp_total_reply_count":0,"_bbp_voice_count":0,"_bbp_anonymous_reply_count":0,"_bbp_topic_count_hidden":0,"_bbp_reply_count_hidden":0,"_bbp_forum_subforum_count":0,"footnotes":""},"class_list":["post-3425","page","type-page","status-publish","hentry"],"post_mailing_queue_ids":[],"_links":{"self":[{"href":"https:\/\/agora.xtec.cat\/ceipvallpalau\/wp-json\/wp\/v2\/pages\/3425","targetHints":{"allow":["GET"]}}],"collection":[{"href":"https:\/\/agora.xtec.cat\/ceipvallpalau\/wp-json\/wp\/v2\/pages"}],"about":[{"href":"https:\/\/agora.xtec.cat\/ceipvallpalau\/wp-json\/wp\/v2\/types\/page"}],"author":[{"embeddable":true,"href":"https:\/\/agora.xtec.cat\/ceipvallpalau\/wp-json\/wp\/v2\/users\/1"}],"replies":[{"embeddable":true,"href":"https:\/\/agora.xtec.cat\/ceipvallpalau\/wp-json\/wp\/v2\/comments?post=3425"}],"version-history":[{"count":6,"href":"https:\/\/agora.xtec.cat\/ceipvallpalau\/wp-json\/wp\/v2\/pages\/3425\/revisions"}],"predecessor-version":[{"id":3842,"href":"https:\/\/agora.xtec.cat\/ceipvallpalau\/wp-json\/wp\/v2\/pages\/3425\/revisions\/3842"}],"wp:attachment":[{"href":"https:\/\/agora.xtec.cat\/ceipvallpalau\/wp-json\/wp\/v2\/media?parent=3425"}],"curies":[{"name":"wp","href":"https:\/\/api.w.org\/{rel}","templated":true}]}}