{"id":3422,"date":"2023-01-13T12:09:07","date_gmt":"2023-01-13T11:09:07","guid":{"rendered":"https:\/\/agora.xtec.cat\/ceipvallpalau\/?page_id=3422"},"modified":"2023-01-13T12:17:42","modified_gmt":"2023-01-13T11:17:42","slug":"diagnosi-digital","status":"publish","type":"page","link":"https:\/\/agora.xtec.cat\/ceipvallpalau\/diagnosi-digital\/","title":{"rendered":"Diagnosi digital"},"content":{"rendered":"<p dir=\"ltr\">Per detectar els punts forts del centre a mantenir i potenciar, i els punts febles a millorar, cal fer una bona diagnosi.<\/p>\n<p dir=\"ltr\">Cal tenir present que la diagnosi ha de permetre determinar el grau d\u2019assoliment de les compet\u00e8ncies digitals en refer\u00e8ncia als tres eixos del PEDC: alumnat, professorat i centre.<\/p>\n<p dir=\"ltr\"><strong>ALUMNAT<\/strong><\/p>\n<p dir=\"ltr\">En ralaci\u00f3 a l&#8217;alumnat cal focalitzar els esfor\u00e7os en la CDA (Compet\u00e8ncia Digital de l&#8217;Alumnat). Per aix\u00f2 es va fer un recull de les activitats que es duen a terme al centre i que els alumnes assoleixen satisfact\u00f2riament.<\/p>\n<p dir=\"ltr\">Vam fer servir aquest document:<\/p>\n<p dir=\"ltr\">\u00a0<a href=\"https:\/\/docs.google.com\/spreadsheets\/d\/1QyhPapxqqjFKv0o-hIA8o-IfrjW2nCiJqApr6rOarno\/edit?usp=sharing\">Compet\u00e8ncia Digital LOMLOE (Recull d&#8217;activitats)<\/a><\/p>\n<p dir=\"ltr\"><strong>PROFESSORAT<\/strong><\/p>\n<p dir=\"ltr\">Pel que fa a la CDD (Compet\u00e8ncia Digital Docent) vam dur a terme la diagnosi amb l&#8217;eina SELFIE for teachers.<\/p>\n<ul>\n<li dir=\"ltr\" aria-level=\"1\">\n<p dir=\"ltr\" role=\"presentation\">SELFIE FOR TEACHERS o SELFIE PER A DOCENTS \u00e9s una eina elaborada i gestionada des de la Comissi\u00f3 Europea per donar suport a les compet\u00e8ncies digitals dels professors. L\u2019eina est\u00e0 dissenyada per ajudar els professors de prim\u00e0ria i secund\u00e0ria a comprendre la seva situaci\u00f3 actual respecte a com utilitzen la tecnologia digital en la seva feina. Els resultats de la revisi\u00f3 poden ajudar els professors a identificar on necessiten m\u00e9s formaci\u00f3 i suport. Alineada amb SELFIE eina que ens ajuda a fer una diagnosi de la maduresa digital d\u2019un centre educatiu, SELFIE FOR TEACHERS s\u2019enfoca en la compet\u00e8ncia digital dels docents i \u00e9s un complement imprescindible per a fer una diagnosi de centre en el marc de l\u2019Estrat\u00e8gia digital de centre.<\/p>\n<\/li>\n<\/ul>\n<p dir=\"ltr\"><strong>CENTRE<\/strong><\/p>\n<p dir=\"ltr\">La diagnosi de centre, que implica a alumnes i professorat es va realitzar a partir de l&#8217;eina Selfie.<\/p>\n<p dir=\"ltr\">Selfie \u00e9s una eina gratu\u00efta, personalitzable i molt f\u00e0cil d&#8217;utilitzar, creada per la Comissi\u00f3 Europea, per ajudar als centres educatius a fer una diagnosi del seu grau d&#8217;implementaci\u00f3 de les tecnologies digitals. L&#8217;eina permet crear una enquesta per a alumnes, professorat i equip directiu de manera senzilla.<\/p>\n<p dir=\"ltr\"><strong>FAM\u00cdLIES<\/strong><\/p>\n<p dir=\"ltr\">Un dels pilars de la comunitat educativa son les fam\u00edlies. Per a la diagnosi de l&#8217;Estrat\u00e8gia Digital de Centre (EDC) es va realitzar una enquesta a le fam\u00edlies per tenir una visi\u00f3 global de la nostra comunitat.<\/p>\n","protected":false},"excerpt":{"rendered":"<p>Per detectar els punts forts del centre a mantenir i potenciar, i els punts febles a millorar, cal fer una bona diagnosi.<br \/>\nCal tenir present que la diagnosi ha de permetre determinar el grau d\u2019assoliment de les compet\u00e8ncies digitals en refer\u00e8ncia als tres eixos del PEDC:&hellip;  <a href=\"https:\/\/agora.xtec.cat\/ceipvallpalau\/diagnosi-digital\/\" title=\"Read Diagnosi digital\">Llegeix m\u00e9s\u00bb<\/a><\/p>\n","protected":false},"author":1,"featured_media":0,"parent":0,"menu_order":0,"comment_status":"closed","ping_status":"closed","template":"","meta":{"_bbp_topic_count":0,"_bbp_reply_count":0,"_bbp_total_topic_count":0,"_bbp_total_reply_count":0,"_bbp_voice_count":0,"_bbp_anonymous_reply_count":0,"_bbp_topic_count_hidden":0,"_bbp_reply_count_hidden":0,"_bbp_forum_subforum_count":0,"footnotes":""},"class_list":["post-3422","page","type-page","status-publish","hentry"],"post_mailing_queue_ids":[],"_links":{"self":[{"href":"https:\/\/agora.xtec.cat\/ceipvallpalau\/wp-json\/wp\/v2\/pages\/3422","targetHints":{"allow":["GET"]}}],"collection":[{"href":"https:\/\/agora.xtec.cat\/ceipvallpalau\/wp-json\/wp\/v2\/pages"}],"about":[{"href":"https:\/\/agora.xtec.cat\/ceipvallpalau\/wp-json\/wp\/v2\/types\/page"}],"author":[{"embeddable":true,"href":"https:\/\/agora.xtec.cat\/ceipvallpalau\/wp-json\/wp\/v2\/users\/1"}],"replies":[{"embeddable":true,"href":"https:\/\/agora.xtec.cat\/ceipvallpalau\/wp-json\/wp\/v2\/comments?post=3422"}],"version-history":[{"count":2,"href":"https:\/\/agora.xtec.cat\/ceipvallpalau\/wp-json\/wp\/v2\/pages\/3422\/revisions"}],"predecessor-version":[{"id":3447,"href":"https:\/\/agora.xtec.cat\/ceipvallpalau\/wp-json\/wp\/v2\/pages\/3422\/revisions\/3447"}],"wp:attachment":[{"href":"https:\/\/agora.xtec.cat\/ceipvallpalau\/wp-json\/wp\/v2\/media?parent=3422"}],"curies":[{"name":"wp","href":"https:\/\/api.w.org\/{rel}","templated":true}]}}