{"id":3366,"date":"2022-12-01T13:44:32","date_gmt":"2022-12-01T12:44:32","guid":{"rendered":"https:\/\/agora.xtec.cat\/ceipvallpalau\/?page_id=3366"},"modified":"2023-02-06T16:06:53","modified_gmt":"2023-02-06T15:06:53","slug":"acolliment-digital-per-lalumnat","status":"publish","type":"page","link":"https:\/\/agora.xtec.cat\/ceipvallpalau\/acolliment-digital-per-lalumnat\/","title":{"rendered":"Acolliment Digital"},"content":{"rendered":"<p><strong>ACOLLIMENT DIGITAL PER A L&#8217;ALUMNAT<\/strong><\/p>\n<p><iframe loading=\"lazy\" src=\"https:\/\/drive.google.com\/file\/d\/1zgtGHY5i57LeV5ADX1RSvnwEBE-_tTSc\/preview\" width=\"640\" height=\"480\"><\/iframe><\/p>\n<p><strong>ACOLLIMENT DIGITAL PER A LES FAM\u00cdLIES<\/strong><\/p>\n<p><iframe loading=\"lazy\" src=\"https:\/\/drive.google.com\/file\/d\/1vYxVDVmdspx9CIhnSkXtws2UYaIdjEXE\/preview\" width=\"640\" height=\"480\"><\/iframe><\/p>\n<p><strong>ACOLLIMENT DIGITAL PER A MESTRES<\/strong><\/p>\n<p>Els i les mestres de l&#8217;escola tenen a la seva disposici\u00f3 un document on poden trobar tota la informaci\u00f3 relativa a l&#8217;Estrat\u00e8gia Digital de Centre.<\/p>\n<p>[Document disponible nom\u00e9s per mestres]<\/p>\n<p><img loading=\"lazy\" decoding=\"async\" class=\"size-medium wp-image-3444 alignleft\" src=\"https:\/\/agora.xtec.cat\/ceipvallpalau\/wp-content\/uploads\/usu984\/2023\/01\/acolliment-digital-mestres-foto-251x300.png\" alt=\"\" width=\"251\" height=\"300\" srcset=\"https:\/\/agora.xtec.cat\/ceipvallpalau\/wp-content\/uploads\/usu984\/2023\/01\/acolliment-digital-mestres-foto-251x300.png 251w, https:\/\/agora.xtec.cat\/ceipvallpalau\/wp-content\/uploads\/usu984\/2023\/01\/acolliment-digital-mestres-foto.png 592w\" sizes=\"auto, (max-width: 251px) 100vw, 251px\" \/><\/p>\n","protected":false},"excerpt":{"rendered":"<p>ACOLLIMENT DIGITAL PER A L&#8217;ALUMNAT<\/p>\n<p>ACOLLIMENT DIGITAL PER A LES FAM\u00cdLIES<\/p>\n<p>ACOLLIMENT DIGITAL PER A MESTRES<br \/>\nEls i les mestres de l&#8217;escola tenen a la seva disposici\u00f3 un document on poden trobar tota la informaci\u00f3 relativa a l&#8217;Estrat\u00e8gia Digital de Centre.<br \/>\n[Document disponible nom\u00e9s per mestres]<\/p>\n","protected":false},"author":1,"featured_media":0,"parent":0,"menu_order":0,"comment_status":"closed","ping_status":"closed","template":"","meta":{"_bbp_topic_count":0,"_bbp_reply_count":0,"_bbp_total_topic_count":0,"_bbp_total_reply_count":0,"_bbp_voice_count":0,"_bbp_anonymous_reply_count":0,"_bbp_topic_count_hidden":0,"_bbp_reply_count_hidden":0,"_bbp_forum_subforum_count":0,"footnotes":""},"class_list":["post-3366","page","type-page","status-publish","hentry"],"post_mailing_queue_ids":[],"_links":{"self":[{"href":"https:\/\/agora.xtec.cat\/ceipvallpalau\/wp-json\/wp\/v2\/pages\/3366","targetHints":{"allow":["GET"]}}],"collection":[{"href":"https:\/\/agora.xtec.cat\/ceipvallpalau\/wp-json\/wp\/v2\/pages"}],"about":[{"href":"https:\/\/agora.xtec.cat\/ceipvallpalau\/wp-json\/wp\/v2\/types\/page"}],"author":[{"embeddable":true,"href":"https:\/\/agora.xtec.cat\/ceipvallpalau\/wp-json\/wp\/v2\/users\/1"}],"replies":[{"embeddable":true,"href":"https:\/\/agora.xtec.cat\/ceipvallpalau\/wp-json\/wp\/v2\/comments?post=3366"}],"version-history":[{"count":3,"href":"https:\/\/agora.xtec.cat\/ceipvallpalau\/wp-json\/wp\/v2\/pages\/3366\/revisions"}],"predecessor-version":[{"id":3513,"href":"https:\/\/agora.xtec.cat\/ceipvallpalau\/wp-json\/wp\/v2\/pages\/3366\/revisions\/3513"}],"wp:attachment":[{"href":"https:\/\/agora.xtec.cat\/ceipvallpalau\/wp-json\/wp\/v2\/media?parent=3366"}],"curies":[{"name":"wp","href":"https:\/\/api.w.org\/{rel}","templated":true}]}}