{"id":3027,"date":"2022-04-25T16:09:21","date_gmt":"2022-04-25T14:09:21","guid":{"rendered":"https:\/\/agora.xtec.cat\/ceipvallpalau\/?page_id=3027"},"modified":"2022-10-07T13:35:17","modified_gmt":"2022-10-07T11:35:17","slug":"classroom-aules-virtuals","status":"publish","type":"page","link":"https:\/\/agora.xtec.cat\/ceipvallpalau\/organitzacio\/classroom-aules-virtuals\/","title":{"rendered":"Classroom (aules virtuals)"},"content":{"rendered":"<p>Google Classroom \u00e9s una eina creada per Google en 2014, i destinada exclusivament al m\u00f3n educatiu. La seva missi\u00f3 \u00e9s la de permetre gestionar una aula de manera col\u00b7laborativa a trav\u00e9s d&#8217;Internet, sent una plataforma per a la gesti\u00f3 de l&#8217;aprenentatge.<\/p>\n<p>Totes les opcions d&#8217;aquesta eina estan associades a un compte de Google, tant els mestres com l&#8217;alumnat tenen el seu correu corporatiu de l&#8217;escola Vall Palau. Aix\u00f2 vol dir que no han de crear un compte espec\u00edfic per a aquesta eina, ja que utilitzaran el correu de l&#8217;escola.<\/p>\n<p><img loading=\"lazy\" decoding=\"async\" class=\"aligncenter size-medium wp-image-3036\" src=\"https:\/\/agora.xtec.cat\/ceipvallpalau\/wp-content\/uploads\/usu984\/2022\/04\/classroom-feat-300x169.jpg\" alt=\"\" width=\"300\" height=\"169\" srcset=\"https:\/\/agora.xtec.cat\/ceipvallpalau\/wp-content\/uploads\/usu984\/2022\/04\/classroom-feat-300x169.jpg 300w, https:\/\/agora.xtec.cat\/ceipvallpalau\/wp-content\/uploads\/usu984\/2022\/04\/classroom-feat-1024x575.jpg 1024w, https:\/\/agora.xtec.cat\/ceipvallpalau\/wp-content\/uploads\/usu984\/2022\/04\/classroom-feat-768x431.jpg 768w, https:\/\/agora.xtec.cat\/ceipvallpalau\/wp-content\/uploads\/usu984\/2022\/04\/classroom-feat.jpg 1328w\" sizes=\"auto, (max-width: 300px) 100vw, 300px\" \/><\/p>\n<p>Podeu trobar tutorials per a mestres i alumnes en el seg\u00fcent enlla\u00e7:<\/p>\n<p><a href=\"https:\/\/ateneu.xtec.cat\/wikiform\/wikiexport\/cmd\/tac\/treballaralnuvol\/treballalaula\/classroom?_ga=2.207790363.882320817.1650807847-1811348066.1631539528\">Tutorials Classroom<\/a><\/p>\n<p>&nbsp;<\/p>\n","protected":false},"excerpt":{"rendered":"<p>Google Classroom \u00e9s una eina creada per Google en 2014, i destinada exclusivament al m\u00f3n educatiu. La seva missi\u00f3 \u00e9s la de permetre gestionar una aula de manera col\u00b7laborativa a trav\u00e9s d&#8217;Internet, sent una plataforma per a la gesti\u00f3 de l&#8217;aprenentatge.<br \/>\nTotes les opcions d&#8217;aquesta eina&hellip;  <a href=\"https:\/\/agora.xtec.cat\/ceipvallpalau\/organitzacio\/classroom-aules-virtuals\/\" title=\"Read Classroom (aules virtuals)\">Llegeix m\u00e9s\u00bb<\/a><\/p>\n","protected":false},"author":1,"featured_media":0,"parent":1506,"menu_order":0,"comment_status":"closed","ping_status":"closed","template":"","meta":{"_bbp_topic_count":0,"_bbp_reply_count":0,"_bbp_total_topic_count":0,"_bbp_total_reply_count":0,"_bbp_voice_count":0,"_bbp_anonymous_reply_count":0,"_bbp_topic_count_hidden":0,"_bbp_reply_count_hidden":0,"_bbp_forum_subforum_count":0,"footnotes":""},"class_list":["post-3027","page","type-page","status-publish","hentry"],"post_mailing_queue_ids":[],"_links":{"self":[{"href":"https:\/\/agora.xtec.cat\/ceipvallpalau\/wp-json\/wp\/v2\/pages\/3027","targetHints":{"allow":["GET"]}}],"collection":[{"href":"https:\/\/agora.xtec.cat\/ceipvallpalau\/wp-json\/wp\/v2\/pages"}],"about":[{"href":"https:\/\/agora.xtec.cat\/ceipvallpalau\/wp-json\/wp\/v2\/types\/page"}],"author":[{"embeddable":true,"href":"https:\/\/agora.xtec.cat\/ceipvallpalau\/wp-json\/wp\/v2\/users\/1"}],"replies":[{"embeddable":true,"href":"https:\/\/agora.xtec.cat\/ceipvallpalau\/wp-json\/wp\/v2\/comments?post=3027"}],"version-history":[{"count":3,"href":"https:\/\/agora.xtec.cat\/ceipvallpalau\/wp-json\/wp\/v2\/pages\/3027\/revisions"}],"predecessor-version":[{"id":3037,"href":"https:\/\/agora.xtec.cat\/ceipvallpalau\/wp-json\/wp\/v2\/pages\/3027\/revisions\/3037"}],"up":[{"embeddable":true,"href":"https:\/\/agora.xtec.cat\/ceipvallpalau\/wp-json\/wp\/v2\/pages\/1506"}],"wp:attachment":[{"href":"https:\/\/agora.xtec.cat\/ceipvallpalau\/wp-json\/wp\/v2\/media?parent=3027"}],"curies":[{"name":"wp","href":"https:\/\/api.w.org\/{rel}","templated":true}]}}