{"id":26,"date":"2014-09-18T12:24:32","date_gmt":"2014-09-18T11:24:32","guid":{"rendered":"http:\/\/agora.xtec.cat\/ceipvallpalau\/?page_id=26"},"modified":"2020-01-27T13:50:29","modified_gmt":"2020-01-27T12:50:29","slug":"historia","status":"publish","type":"page","link":"https:\/\/agora.xtec.cat\/ceipvallpalau\/lescola\/historia\/","title":{"rendered":"Hist\u00f2ria"},"content":{"rendered":"<p>L&#8217;Escola Vall de Palau va sorgir dins dins d&#8217;un Pla d&#8217;Emerg\u00e8ncia degut a la necessitat urgent d&#8217;escolaritzaci\u00f3 de la zona. Als seus inicis es va ubicar en uns baixos d&#8217;un bloc de pisos del Palau fins que es va construir l&#8217;actual edifici que va ser inaugurat el 4 de desembre de 1985.<\/p>\n<p><img loading=\"lazy\" decoding=\"async\" class=\"aligncenter size-full wp-image-1765\" src=\"https:\/\/agora.xtec.cat\/ceipvallpalau\/wp-content\/uploads\/usu984\/2020\/01\/Escola87.jpg\" alt=\"\" width=\"972\" height=\"576\" srcset=\"https:\/\/agora.xtec.cat\/ceipvallpalau\/wp-content\/uploads\/usu984\/2020\/01\/Escola87.jpg 972w, https:\/\/agora.xtec.cat\/ceipvallpalau\/wp-content\/uploads\/usu984\/2020\/01\/Escola87-300x178.jpg 300w, https:\/\/agora.xtec.cat\/ceipvallpalau\/wp-content\/uploads\/usu984\/2020\/01\/Escola87-768x455.jpg 768w\" sizes=\"auto, (max-width: 972px) 100vw, 972px\" \/><\/p>\n<p style=\"text-align: center;\"><em>Imatge de l&#8217;escola l&#8217;any 1987<\/em><\/p>\n","protected":false},"excerpt":{"rendered":"<p>L&#8217;Escola Vall de Palau va sorgir dins dins d&#8217;un Pla d&#8217;Emerg\u00e8ncia degut a la necessitat urgent d&#8217;escolaritzaci\u00f3 de la zona. Als seus inicis es va ubicar en uns baixos d&#8217;un bloc de pisos del Palau fins que es va construir l&#8217;actual edifici que va ser&hellip;  <a href=\"https:\/\/agora.xtec.cat\/ceipvallpalau\/lescola\/historia\/\" title=\"Read Hist\u00f2ria\">Llegeix m\u00e9s\u00bb<\/a><\/p>\n","protected":false},"author":1,"featured_media":0,"parent":22,"menu_order":2,"comment_status":"closed","ping_status":"closed","template":"page-templates\/side-menu.php","meta":{"_bbp_topic_count":0,"_bbp_reply_count":0,"_bbp_total_topic_count":0,"_bbp_total_reply_count":0,"_bbp_voice_count":0,"_bbp_anonymous_reply_count":0,"_bbp_topic_count_hidden":0,"_bbp_reply_count_hidden":0,"_bbp_forum_subforum_count":0,"footnotes":""},"class_list":["post-26","page","type-page","status-publish","hentry"],"post_mailing_queue_ids":[],"_links":{"self":[{"href":"https:\/\/agora.xtec.cat\/ceipvallpalau\/wp-json\/wp\/v2\/pages\/26","targetHints":{"allow":["GET"]}}],"collection":[{"href":"https:\/\/agora.xtec.cat\/ceipvallpalau\/wp-json\/wp\/v2\/pages"}],"about":[{"href":"https:\/\/agora.xtec.cat\/ceipvallpalau\/wp-json\/wp\/v2\/types\/page"}],"author":[{"embeddable":true,"href":"https:\/\/agora.xtec.cat\/ceipvallpalau\/wp-json\/wp\/v2\/users\/1"}],"replies":[{"embeddable":true,"href":"https:\/\/agora.xtec.cat\/ceipvallpalau\/wp-json\/wp\/v2\/comments?post=26"}],"version-history":[{"count":3,"href":"https:\/\/agora.xtec.cat\/ceipvallpalau\/wp-json\/wp\/v2\/pages\/26\/revisions"}],"predecessor-version":[{"id":1867,"href":"https:\/\/agora.xtec.cat\/ceipvallpalau\/wp-json\/wp\/v2\/pages\/26\/revisions\/1867"}],"up":[{"embeddable":true,"href":"https:\/\/agora.xtec.cat\/ceipvallpalau\/wp-json\/wp\/v2\/pages\/22"}],"wp:attachment":[{"href":"https:\/\/agora.xtec.cat\/ceipvallpalau\/wp-json\/wp\/v2\/media?parent=26"}],"curies":[{"name":"wp","href":"https:\/\/api.w.org\/{rel}","templated":true}]}}