{"id":22,"date":"2014-09-18T12:19:57","date_gmt":"2014-09-18T11:19:57","guid":{"rendered":"http:\/\/agora.xtec.cat\/ceipvallpalau\/?page_id=22"},"modified":"2023-06-13T14:16:25","modified_gmt":"2023-06-13T12:16:25","slug":"lescola","status":"publish","type":"page","link":"https:\/\/agora.xtec.cat\/ceipvallpalau\/lescola\/","title":{"rendered":"\ud83c\udfebL&#8217;escola"},"content":{"rendered":"<p>L&#8217;Escola Vall de Palau \u00e9s un centre educatiu que pertany a la xarxa p\u00fablica del Baix Llobregat. Actualment t\u00e9 capacitat per 475 alumnes distribu\u00eft entre les etapes d&#8217;infantil i de prim\u00e0ria.<\/p>\n<p><iframe loading=\"lazy\" title=\"Escola Vall de Palau - Educar \u00e9s cr\u00e8ixer\" width=\"500\" height=\"281\" src=\"https:\/\/www.youtube.com\/embed\/rnSzqzTU_dU?feature=oembed\" frameborder=\"0\" allow=\"accelerometer; autoplay; clipboard-write; encrypted-media; gyroscope; picture-in-picture; web-share\" referrerpolicy=\"strict-origin-when-cross-origin\" allowfullscreen><\/iframe><\/p>\n<p>L&#8217;Escola Vall de Palau va sorgir dins dins d&#8217;un Pla d&#8217;Emerg\u00e8ncia degut a la necessitat urgent d&#8217;escolaritzaci\u00f3 de la zona. Als seus inicis es va ubicar en uns baixos d&#8217;un bloc de pisos del Palau fins que es va construir l&#8217;actual edifici que va ser inaugurat el 4 de desembre de 1985.<\/p>\n","protected":false},"excerpt":{"rendered":"<p>L&#8217;Escola Vall de Palau \u00e9s un centre educatiu que pertany a la xarxa p\u00fablica del Baix Llobregat. Actualment t\u00e9 capacitat per 475 alumnes distribu\u00eft entre les etapes d&#8217;infantil i de prim\u00e0ria.<\/p>\n<p>L&#8217;Escola Vall de Palau va sorgir dins dins d&#8217;un Pla d&#8217;Emerg\u00e8ncia degut a la necessitat&hellip;  <a href=\"https:\/\/agora.xtec.cat\/ceipvallpalau\/lescola\/\" title=\"Read \ud83c\udfebL&#8217;escola\">Llegeix m\u00e9s\u00bb<\/a><\/p>\n","protected":false},"author":1,"featured_media":0,"parent":0,"menu_order":0,"comment_status":"closed","ping_status":"closed","template":"page-templates\/side-menu.php","meta":{"_bbp_topic_count":0,"_bbp_reply_count":0,"_bbp_total_topic_count":0,"_bbp_total_reply_count":0,"_bbp_voice_count":0,"_bbp_anonymous_reply_count":0,"_bbp_topic_count_hidden":0,"_bbp_reply_count_hidden":0,"_bbp_forum_subforum_count":0,"footnotes":""},"class_list":["post-22","page","type-page","status-publish","hentry"],"post_mailing_queue_ids":[],"_links":{"self":[{"href":"https:\/\/agora.xtec.cat\/ceipvallpalau\/wp-json\/wp\/v2\/pages\/22","targetHints":{"allow":["GET"]}}],"collection":[{"href":"https:\/\/agora.xtec.cat\/ceipvallpalau\/wp-json\/wp\/v2\/pages"}],"about":[{"href":"https:\/\/agora.xtec.cat\/ceipvallpalau\/wp-json\/wp\/v2\/types\/page"}],"author":[{"embeddable":true,"href":"https:\/\/agora.xtec.cat\/ceipvallpalau\/wp-json\/wp\/v2\/users\/1"}],"replies":[{"embeddable":true,"href":"https:\/\/agora.xtec.cat\/ceipvallpalau\/wp-json\/wp\/v2\/comments?post=22"}],"version-history":[{"count":4,"href":"https:\/\/agora.xtec.cat\/ceipvallpalau\/wp-json\/wp\/v2\/pages\/22\/revisions"}],"predecessor-version":[{"id":3744,"href":"https:\/\/agora.xtec.cat\/ceipvallpalau\/wp-json\/wp\/v2\/pages\/22\/revisions\/3744"}],"wp:attachment":[{"href":"https:\/\/agora.xtec.cat\/ceipvallpalau\/wp-json\/wp\/v2\/media?parent=22"}],"curies":[{"name":"wp","href":"https:\/\/api.w.org\/{rel}","templated":true}]}}