{"id":1760,"date":"2020-01-20T19:22:18","date_gmt":"2020-01-20T18:22:18","guid":{"rendered":"http:\/\/agora.xtec.cat\/ceipvallpalau\/?page_id=1760"},"modified":"2020-01-20T19:31:20","modified_gmt":"2020-01-20T18:31:20","slug":"escola-per-a-tothom","status":"publish","type":"page","link":"https:\/\/agora.xtec.cat\/ceipvallpalau\/lescola\/missio-visio-i-valors\/escola-per-a-tothom\/","title":{"rendered":"Escola per a tothom"},"content":{"rendered":"<p><span style=\"font-weight: 400;\">Per respondre a la diversitat cultural, funcional, familiar, social&#8230; que tots i cada un dels nostres alumnes pot presentar treballem constantment per que l\u2019escola Vall Palau sigui una comunitat segura i acollidora. Per fer-ho possible, a banda de totes les activitats d\u2019acci\u00f3 tutorial que es realitzen regularment, tamb\u00e9 dediquem un espai de sensibilitzaci\u00f3 envers la DIVERSITAT.<\/span><\/p>\n<p><span style=\"font-weight: 400;\"><img loading=\"lazy\" decoding=\"async\" class=\" wp-image-1761 alignright\" src=\"https:\/\/agora.xtec.cat\/ceipvallpalau\/wp-content\/uploads\/usu984\/2020\/01\/B-300x225.jpg\" alt=\"\" width=\"280\" height=\"210\" srcset=\"https:\/\/agora.xtec.cat\/ceipvallpalau\/wp-content\/uploads\/usu984\/2020\/01\/B-300x225.jpg 300w, https:\/\/agora.xtec.cat\/ceipvallpalau\/wp-content\/uploads\/usu984\/2020\/01\/B-768x576.jpg 768w, https:\/\/agora.xtec.cat\/ceipvallpalau\/wp-content\/uploads\/usu984\/2020\/01\/B-1024x768.jpg 1024w, https:\/\/agora.xtec.cat\/ceipvallpalau\/wp-content\/uploads\/usu984\/2020\/01\/B-200x150.jpg 200w, https:\/\/agora.xtec.cat\/ceipvallpalau\/wp-content\/uploads\/usu984\/2020\/01\/B.jpg 1632w\" sizes=\"auto, (max-width: 280px) 100vw, 280px\" \/>A final de cada curs escolar realitzem una JORNADA D\u2019ATENCI\u00d3 A LA DIVERSITAT on s\u2019aborda una tem\u00e0tica concreta (autisme, discapacitats motrius, malalties &#8230;.) amb la pres\u00e8ncia d\u2019especialistes en el tema o amb testimonis.\u00a0<\/span><\/p>\n<p><span style=\"font-weight: 400;\">La import\u00e0ncia de fer visible la diversitat fa que tothom a la nostra escola aprengui a com actuar davant la difer\u00e8ncia i d\u2019aprendre a conviure amb TOTHOM. Aprenen a cr\u00e9ixer en un entorn segur i sensible cap a les necessitats de tots i totes.<\/span><\/p>\n<p><span style=\"font-weight: 400;\">Tamb\u00e9 fem col\u00b7laboracions per establir mesures educatives que ens ajudin a millorar l\u2019atenci\u00f3 de tots els alumnes :<\/span><\/p>\n<ul>\n<li style=\"font-weight: 400;\"><span style=\"font-weight: 400;\">Col\u00b7laboraci\u00f3 CEEPSIR\u00a0 El Pontarr\u00f3 de Martorell (Centre d\u2019educaci\u00f3 especial prove\u00efdor de serveis i recursos) S\u00f3n fruit d\u2019aquesta col\u00b7laboraci\u00f3 la rotulaci\u00f3 amb SPC que veieu algunes de les nostre aules, aix\u00ed com d\u2019altres mesures educatives en les que treballem dia a dia.<\/span><\/li>\n<li style=\"font-weight: 400;\"><span style=\"font-weight: 400;\">Col\u00b7laboraci\u00f3 amb CREETDIC <\/span><span style=\"font-weight: 400;\">servei d\u2019assessorament i de suport t\u00e8cnic a la tasca docent amb la finalitat d\u2019afavorir la inclusi\u00f3, la participaci\u00f3 i l\u2019aprenentatge dels alumnes amb trastorns del desenvolupament i de la conducta.<\/span><\/li>\n<\/ul>\n<p><span style=\"font-weight: 400;\">Aquesta mirada de l\u2019escola Vall Palau parteix d\u2019un comprom\u00eds professional i social que tots els implicats (families, equip docent i educatiu, alumnes\u2026) tenim en aquest cam\u00ed cap a una societat inclusiva , segura i sensible que promogui la conviv\u00e8ncia\u00a0 de tothom.<\/span><\/p>\n<p><iframe loading=\"lazy\" title=\"THE EYES OF A CHILD  \/\/  No\u00e9mi Association\" width=\"500\" height=\"281\" src=\"https:\/\/www.youtube.com\/embed\/WB9UvjnYO90?feature=oembed\" frameborder=\"0\" allow=\"accelerometer; autoplay; clipboard-write; encrypted-media; gyroscope; picture-in-picture; web-share\" referrerpolicy=\"strict-origin-when-cross-origin\" allowfullscreen><\/iframe><\/p>\n","protected":false},"excerpt":{"rendered":"<p>Per respondre a la diversitat cultural, funcional, familiar, social&#8230; que tots i cada un dels nostres alumnes pot presentar treballem constantment per que l\u2019escola Vall Palau sigui una comunitat segura i acollidora. Per fer-ho possible, a banda de totes les activitats d\u2019acci\u00f3 tutorial que es&hellip;  <a href=\"https:\/\/agora.xtec.cat\/ceipvallpalau\/lescola\/missio-visio-i-valors\/escola-per-a-tothom\/\" title=\"Read Escola per a tothom\">Llegeix m\u00e9s\u00bb<\/a><\/p>\n","protected":false},"author":1,"featured_media":0,"parent":586,"menu_order":55,"comment_status":"closed","ping_status":"closed","template":"page-templates\/side-menu.php","meta":{"_bbp_topic_count":0,"_bbp_reply_count":0,"_bbp_total_topic_count":0,"_bbp_total_reply_count":0,"_bbp_voice_count":0,"_bbp_anonymous_reply_count":0,"_bbp_topic_count_hidden":0,"_bbp_reply_count_hidden":0,"_bbp_forum_subforum_count":0,"footnotes":""},"class_list":["post-1760","page","type-page","status-publish","hentry"],"post_mailing_queue_ids":[],"_links":{"self":[{"href":"https:\/\/agora.xtec.cat\/ceipvallpalau\/wp-json\/wp\/v2\/pages\/1760","targetHints":{"allow":["GET"]}}],"collection":[{"href":"https:\/\/agora.xtec.cat\/ceipvallpalau\/wp-json\/wp\/v2\/pages"}],"about":[{"href":"https:\/\/agora.xtec.cat\/ceipvallpalau\/wp-json\/wp\/v2\/types\/page"}],"author":[{"embeddable":true,"href":"https:\/\/agora.xtec.cat\/ceipvallpalau\/wp-json\/wp\/v2\/users\/1"}],"replies":[{"embeddable":true,"href":"https:\/\/agora.xtec.cat\/ceipvallpalau\/wp-json\/wp\/v2\/comments?post=1760"}],"version-history":[{"count":2,"href":"https:\/\/agora.xtec.cat\/ceipvallpalau\/wp-json\/wp\/v2\/pages\/1760\/revisions"}],"predecessor-version":[{"id":1763,"href":"https:\/\/agora.xtec.cat\/ceipvallpalau\/wp-json\/wp\/v2\/pages\/1760\/revisions\/1763"}],"up":[{"embeddable":true,"href":"https:\/\/agora.xtec.cat\/ceipvallpalau\/wp-json\/wp\/v2\/pages\/586"}],"wp:attachment":[{"href":"https:\/\/agora.xtec.cat\/ceipvallpalau\/wp-json\/wp\/v2\/media?parent=1760"}],"curies":[{"name":"wp","href":"https:\/\/api.w.org\/{rel}","templated":true}]}}