{"id":1516,"date":"2020-01-10T13:12:49","date_gmt":"2020-01-10T12:12:49","guid":{"rendered":"http:\/\/agora.xtec.cat\/ceipvallpalau\/?page_id=1516"},"modified":"2023-06-13T14:22:47","modified_gmt":"2023-06-13T12:22:47","slug":"projectes","status":"publish","type":"page","link":"https:\/\/agora.xtec.cat\/ceipvallpalau\/projectes\/","title":{"rendered":"\ud83d\udccaProjectes"},"content":{"rendered":"<p>El Departament d&#8217;Ensenyament considera la <strong>innovaci\u00f3<\/strong> com un dels motors de canvi del sistema educatiu i un element important per millorar-ne la qualitat i la progressiva adequaci\u00f3 als reptes que l&#8217;evoluci\u00f3 social planteja.<\/p>\n<p><img loading=\"lazy\" decoding=\"async\" class=\"alignnone size-large wp-image-1520\" src=\"https:\/\/agora.xtec.cat\/ceipvallpalau\/wp-content\/uploads\/usu984\/2020\/01\/innovacio-1024x410.png\" alt=\"\" width=\"1024\" height=\"410\" srcset=\"https:\/\/agora.xtec.cat\/ceipvallpalau\/wp-content\/uploads\/usu984\/2020\/01\/innovacio-1024x410.png 1024w, https:\/\/agora.xtec.cat\/ceipvallpalau\/wp-content\/uploads\/usu984\/2020\/01\/innovacio-300x120.png 300w, https:\/\/agora.xtec.cat\/ceipvallpalau\/wp-content\/uploads\/usu984\/2020\/01\/innovacio-768x307.png 768w, https:\/\/agora.xtec.cat\/ceipvallpalau\/wp-content\/uploads\/usu984\/2020\/01\/innovacio.png 1100w\" sizes=\"auto, (max-width: 1024px) 100vw, 1024px\" \/><br \/>\nConsidera que una <strong>educaci\u00f3 innovadora<\/strong> \u00e9s aquella que incideix en el que s&#8217;ensenya i en com s&#8217;apr\u00e8n, que prioritza el gust per aprendre, l&#8217;est\u00edmul a pensar i l&#8217;esfor\u00e7 per entendre i que ajuda a despertar el sentit cr\u00edtic de l&#8217;alumnat i del professorat. Per\u00f2 les finalitats b\u00e0siques de qualsevol innovaci\u00f3 han de ser millorar l&#8217;\u00e8xit escolar de tot l&#8217;alumnat, incloent-hi els m\u00e9s desafavorits, i promoure l&#8217;esfor\u00e7 de tots per aconseguir l&#8217;excel\u00b7l\u00e8ncia educativa.<br \/>\n<strong>Tot proc\u00e9s d&#8217;innovaci\u00f3<\/strong> ha d&#8217;establir mecanismes que potenci\u00efn l&#8217;intercanvi i la cooperaci\u00f3 entre els centres educatius i que afavoreixin la informaci\u00f3 i la comunicaci\u00f3 d&#8217;aquestes innovacions. Per tal que els processos d&#8217;innovaci\u00f3 resultin realment efica\u00e7os, cal potenciar la reflexi\u00f3, la cr\u00edtica i l&#8217;autocr\u00edtica sobre el treball que es realitza per part de tots els agents implicats.<\/p>\n","protected":false},"excerpt":{"rendered":"<p>El Departament d&#8217;Ensenyament considera la innovaci\u00f3 com un dels motors de canvi del sistema educatiu i un element important per millorar-ne la qualitat i la progressiva adequaci\u00f3 als reptes que l&#8217;evoluci\u00f3 social planteja.<\/p>\n<p>Considera que una educaci\u00f3 innovadora \u00e9s aquella que incideix en el que s&#8217;ensenya&hellip;  <a href=\"https:\/\/agora.xtec.cat\/ceipvallpalau\/projectes\/\" title=\"Read \ud83d\udccaProjectes\">Llegeix m\u00e9s\u00bb<\/a><\/p>\n","protected":false},"author":1,"featured_media":0,"parent":0,"menu_order":0,"comment_status":"closed","ping_status":"closed","template":"page-templates\/side-menu.php","meta":{"_bbp_topic_count":0,"_bbp_reply_count":0,"_bbp_total_topic_count":0,"_bbp_total_reply_count":0,"_bbp_voice_count":0,"_bbp_anonymous_reply_count":0,"_bbp_topic_count_hidden":0,"_bbp_reply_count_hidden":0,"_bbp_forum_subforum_count":0,"footnotes":""},"class_list":["post-1516","page","type-page","status-publish","hentry"],"post_mailing_queue_ids":[],"_links":{"self":[{"href":"https:\/\/agora.xtec.cat\/ceipvallpalau\/wp-json\/wp\/v2\/pages\/1516","targetHints":{"allow":["GET"]}}],"collection":[{"href":"https:\/\/agora.xtec.cat\/ceipvallpalau\/wp-json\/wp\/v2\/pages"}],"about":[{"href":"https:\/\/agora.xtec.cat\/ceipvallpalau\/wp-json\/wp\/v2\/types\/page"}],"author":[{"embeddable":true,"href":"https:\/\/agora.xtec.cat\/ceipvallpalau\/wp-json\/wp\/v2\/users\/1"}],"replies":[{"embeddable":true,"href":"https:\/\/agora.xtec.cat\/ceipvallpalau\/wp-json\/wp\/v2\/comments?post=1516"}],"version-history":[{"count":3,"href":"https:\/\/agora.xtec.cat\/ceipvallpalau\/wp-json\/wp\/v2\/pages\/1516\/revisions"}],"predecessor-version":[{"id":3749,"href":"https:\/\/agora.xtec.cat\/ceipvallpalau\/wp-json\/wp\/v2\/pages\/1516\/revisions\/3749"}],"wp:attachment":[{"href":"https:\/\/agora.xtec.cat\/ceipvallpalau\/wp-json\/wp\/v2\/media?parent=1516"}],"curies":[{"name":"wp","href":"https:\/\/api.w.org\/{rel}","templated":true}]}}