{"id":1506,"date":"2020-01-10T10:01:16","date_gmt":"2020-01-10T09:01:16","guid":{"rendered":"http:\/\/agora.xtec.cat\/ceipvallpalau\/?page_id=1506"},"modified":"2023-06-13T14:19:45","modified_gmt":"2023-06-13T12:19:45","slug":"organitzacio","status":"publish","type":"page","link":"https:\/\/agora.xtec.cat\/ceipvallpalau\/organitzacio\/","title":{"rendered":"\ud83d\uddc3\ufe0fOrganitzaci\u00f3"},"content":{"rendered":"<p>L&#8217;exercici de l&#8217;autonomia dels centres, en el marc dels principis rectors del sistema i orientada a l&#8217;\u00e8xit i l\u2019excel\u00b7l\u00e8ncia educatives, requereix d&#8217;instruments operatius que permetin l&#8217;organitzaci\u00f3 i la gesti\u00f3 del centre a fi d\u2019assolir els objectius definits en el projecte educatiu i retre comptes davant la comunitat i l&#8217;administraci\u00f3 educatives.<br \/>\nLa legislaci\u00f3 vigent preveu que tots els centres elaborin els seus documents de gesti\u00f3, com a eines eficaces que els han de permetre un exercici responsable de l&#8217;autonomia reconeguda.<\/p>\n<p><img loading=\"lazy\" decoding=\"async\" class=\"alignnone size-large wp-image-1530\" src=\"https:\/\/agora.xtec.cat\/ceipvallpalau\/wp-content\/uploads\/usu984\/2020\/01\/turull-1024x721.jpg\" alt=\"\" width=\"1024\" height=\"721\" srcset=\"https:\/\/agora.xtec.cat\/ceipvallpalau\/wp-content\/uploads\/usu984\/2020\/01\/turull-1024x721.jpg 1024w, https:\/\/agora.xtec.cat\/ceipvallpalau\/wp-content\/uploads\/usu984\/2020\/01\/turull-300x211.jpg 300w, https:\/\/agora.xtec.cat\/ceipvallpalau\/wp-content\/uploads\/usu984\/2020\/01\/turull-768x540.jpg 768w, https:\/\/agora.xtec.cat\/ceipvallpalau\/wp-content\/uploads\/usu984\/2020\/01\/turull.jpg 1377w\" sizes=\"auto, (max-width: 1024px) 100vw, 1024px\" \/><\/p>\n","protected":false},"excerpt":{"rendered":"<p>L&#8217;exercici de l&#8217;autonomia dels centres, en el marc dels principis rectors del sistema i orientada a l&#8217;\u00e8xit i l\u2019excel\u00b7l\u00e8ncia educatives, requereix d&#8217;instruments operatius que permetin l&#8217;organitzaci\u00f3 i la gesti\u00f3 del centre a fi d\u2019assolir els objectius definits en el projecte educatiu i retre comptes davant&hellip;  <a href=\"https:\/\/agora.xtec.cat\/ceipvallpalau\/organitzacio\/\" title=\"Read \ud83d\uddc3\ufe0fOrganitzaci\u00f3\">Llegeix m\u00e9s\u00bb<\/a><\/p>\n","protected":false},"author":1,"featured_media":0,"parent":0,"menu_order":0,"comment_status":"closed","ping_status":"closed","template":"page-templates\/side-menu.php","meta":{"_bbp_topic_count":0,"_bbp_reply_count":0,"_bbp_total_topic_count":0,"_bbp_total_reply_count":0,"_bbp_voice_count":0,"_bbp_anonymous_reply_count":0,"_bbp_topic_count_hidden":0,"_bbp_reply_count_hidden":0,"_bbp_forum_subforum_count":0,"footnotes":""},"class_list":["post-1506","page","type-page","status-publish","hentry"],"post_mailing_queue_ids":[],"_links":{"self":[{"href":"https:\/\/agora.xtec.cat\/ceipvallpalau\/wp-json\/wp\/v2\/pages\/1506","targetHints":{"allow":["GET"]}}],"collection":[{"href":"https:\/\/agora.xtec.cat\/ceipvallpalau\/wp-json\/wp\/v2\/pages"}],"about":[{"href":"https:\/\/agora.xtec.cat\/ceipvallpalau\/wp-json\/wp\/v2\/types\/page"}],"author":[{"embeddable":true,"href":"https:\/\/agora.xtec.cat\/ceipvallpalau\/wp-json\/wp\/v2\/users\/1"}],"replies":[{"embeddable":true,"href":"https:\/\/agora.xtec.cat\/ceipvallpalau\/wp-json\/wp\/v2\/comments?post=1506"}],"version-history":[{"count":3,"href":"https:\/\/agora.xtec.cat\/ceipvallpalau\/wp-json\/wp\/v2\/pages\/1506\/revisions"}],"predecessor-version":[{"id":3747,"href":"https:\/\/agora.xtec.cat\/ceipvallpalau\/wp-json\/wp\/v2\/pages\/1506\/revisions\/3747"}],"wp:attachment":[{"href":"https:\/\/agora.xtec.cat\/ceipvallpalau\/wp-json\/wp\/v2\/media?parent=1506"}],"curies":[{"name":"wp","href":"https:\/\/api.w.org\/{rel}","templated":true}]}}