{"id":505,"date":"2016-10-07T15:06:25","date_gmt":"2016-10-07T14:06:25","guid":{"rendered":"http:\/\/agora.xtec.cat\/ceipvallmoll\/?page_id=505"},"modified":"2025-12-26T11:48:34","modified_gmt":"2025-12-26T10:48:34","slug":"horari","status":"publish","type":"page","link":"https:\/\/agora.xtec.cat\/ceipvallmoll\/lescola\/horari\/","title":{"rendered":"Horari"},"content":{"rendered":"<h4><strong>HORARI<\/strong><strong>:<\/strong><\/h4>\n<p><span style=\"color: #000000;\"><strong>MAT\u00cd: 8:30 &#8211; 12:00 h<\/strong><\/span><\/p>\n<p><span style=\"color: #000000;\"><strong>TARDA: 14:30 &#8211; 16:00 h<\/strong><\/span><\/p>\n<p>L\u2019<b>horari lectiu<\/b> del centre \u00e9s de 8:30 a 12,00 h i de 14,30 a 16,00 h per a tots els alumnes del centre.<\/p>\n<p>Per als alumnes que inicien l\u2019escolaritzaci\u00f3 a I3 s\u2019organitza un breu per\u00edode d\u2019adaptaci\u00f3 que suposa una certa modificaci\u00f3 dels horaris dels dos primers dies de classe, i que es fa saber a les fam\u00edlies en les reunions pr\u00e8vies corresponents.<\/p>\n","protected":false},"excerpt":{"rendered":"<p>HORARI:<br \/>\nMAT\u00cd: 8:30 &#8211; 12:00 h<br \/>\nTARDA: 14:30 &#8211; 16:00 h<br \/>\nL\u2019horari lectiu del centre \u00e9s de 8:30 a 12,00 h i de 14,30 a 16,00 h per a tots els alumnes del centre.<br \/>\nPer als alumnes que inicien l\u2019escolaritzaci\u00f3 a I3 s\u2019organitza un breu per\u00edode d\u2019adaptaci\u00f3 que suposa&hellip;  <a href=\"https:\/\/agora.xtec.cat\/ceipvallmoll\/lescola\/horari\/\" title=\"Read Horari\">Llegeix m\u00e9s\u00bb<\/a><\/p>\n","protected":false},"author":1,"featured_media":0,"parent":22,"menu_order":0,"comment_status":"closed","ping_status":"closed","template":"page-templates\/side-menu.php","meta":{"_bbp_topic_count":0,"_bbp_reply_count":0,"_bbp_total_topic_count":0,"_bbp_total_reply_count":0,"_bbp_voice_count":0,"_bbp_anonymous_reply_count":0,"_bbp_topic_count_hidden":0,"_bbp_reply_count_hidden":0,"_bbp_forum_subforum_count":0,"footnotes":""},"class_list":["post-505","page","type-page","status-publish","hentry"],"post_mailing_queue_ids":[],"_links":{"self":[{"href":"https:\/\/agora.xtec.cat\/ceipvallmoll\/wp-json\/wp\/v2\/pages\/505","targetHints":{"allow":["GET"]}}],"collection":[{"href":"https:\/\/agora.xtec.cat\/ceipvallmoll\/wp-json\/wp\/v2\/pages"}],"about":[{"href":"https:\/\/agora.xtec.cat\/ceipvallmoll\/wp-json\/wp\/v2\/types\/page"}],"author":[{"embeddable":true,"href":"https:\/\/agora.xtec.cat\/ceipvallmoll\/wp-json\/wp\/v2\/users\/1"}],"replies":[{"embeddable":true,"href":"https:\/\/agora.xtec.cat\/ceipvallmoll\/wp-json\/wp\/v2\/comments?post=505"}],"version-history":[{"count":6,"href":"https:\/\/agora.xtec.cat\/ceipvallmoll\/wp-json\/wp\/v2\/pages\/505\/revisions"}],"predecessor-version":[{"id":22710,"href":"https:\/\/agora.xtec.cat\/ceipvallmoll\/wp-json\/wp\/v2\/pages\/505\/revisions\/22710"}],"up":[{"embeddable":true,"href":"https:\/\/agora.xtec.cat\/ceipvallmoll\/wp-json\/wp\/v2\/pages\/22"}],"wp:attachment":[{"href":"https:\/\/agora.xtec.cat\/ceipvallmoll\/wp-json\/wp\/v2\/media?parent=505"}],"curies":[{"name":"wp","href":"https:\/\/api.w.org\/{rel}","templated":true}]}}