{"id":34,"date":"2016-09-18T12:32:18","date_gmt":"2016-09-18T11:32:18","guid":{"rendered":"http:\/\/agora.xtec.cat\/ceipvallmoll\/?page_id=34"},"modified":"2024-10-03T15:41:39","modified_gmt":"2024-10-03T13:41:39","slug":"oferta-educativa","status":"publish","type":"page","link":"https:\/\/agora.xtec.cat\/ceipvallmoll\/lescola\/oferta-educativa\/","title":{"rendered":"Oferta educativa"},"content":{"rendered":"<p>Actualment, l&#8217;escola \u00e9s d&#8217;una l\u00ednia. Tenim 3 grups d&#8217;educaci\u00f3 infantil i 6 d&#8217;educaci\u00f3 prim\u00e0ria.<\/p>\n","protected":false},"excerpt":{"rendered":"<p>Actualment, l&#8217;escola \u00e9s d&#8217;una l\u00ednia. Tenim 3 grups d&#8217;educaci\u00f3 infantil i 6 d&#8217;educaci\u00f3 prim\u00e0ria.<\/p>\n","protected":false},"author":1,"featured_media":0,"parent":22,"menu_order":60,"comment_status":"closed","ping_status":"closed","template":"page-templates\/side-menu.php","meta":{"_bbp_topic_count":0,"_bbp_reply_count":0,"_bbp_total_topic_count":0,"_bbp_total_reply_count":0,"_bbp_voice_count":0,"_bbp_anonymous_reply_count":0,"_bbp_topic_count_hidden":0,"_bbp_reply_count_hidden":0,"_bbp_forum_subforum_count":0,"footnotes":""},"class_list":["post-34","page","type-page","status-publish","hentry"],"post_mailing_queue_ids":[],"_links":{"self":[{"href":"https:\/\/agora.xtec.cat\/ceipvallmoll\/wp-json\/wp\/v2\/pages\/34","targetHints":{"allow":["GET"]}}],"collection":[{"href":"https:\/\/agora.xtec.cat\/ceipvallmoll\/wp-json\/wp\/v2\/pages"}],"about":[{"href":"https:\/\/agora.xtec.cat\/ceipvallmoll\/wp-json\/wp\/v2\/types\/page"}],"author":[{"embeddable":true,"href":"https:\/\/agora.xtec.cat\/ceipvallmoll\/wp-json\/wp\/v2\/users\/1"}],"replies":[{"embeddable":true,"href":"https:\/\/agora.xtec.cat\/ceipvallmoll\/wp-json\/wp\/v2\/comments?post=34"}],"version-history":[{"count":4,"href":"https:\/\/agora.xtec.cat\/ceipvallmoll\/wp-json\/wp\/v2\/pages\/34\/revisions"}],"predecessor-version":[{"id":21925,"href":"https:\/\/agora.xtec.cat\/ceipvallmoll\/wp-json\/wp\/v2\/pages\/34\/revisions\/21925"}],"up":[{"embeddable":true,"href":"https:\/\/agora.xtec.cat\/ceipvallmoll\/wp-json\/wp\/v2\/pages\/22"}],"wp:attachment":[{"href":"https:\/\/agora.xtec.cat\/ceipvallmoll\/wp-json\/wp\/v2\/media?parent=34"}],"curies":[{"name":"wp","href":"https:\/\/api.w.org\/{rel}","templated":true}]}}