{"id":188,"date":"2016-05-30T11:39:36","date_gmt":"2016-05-30T10:39:36","guid":{"rendered":"http:\/\/agora.xtec.cat\/ceipvallmajor\/?page_id=188"},"modified":"2021-06-29T12:28:14","modified_gmt":"2021-06-29T10:28:14","slug":"apadrinament-el-nostre-patrimoni","status":"publish","type":"page","link":"https:\/\/agora.xtec.cat\/ceipvallmajor\/projectes\/apadrinament-el-nostre-patrimoni\/","title":{"rendered":"Apadrinament del nostre patrimoni"},"content":{"rendered":"<p>QR DELS ESPAIS M\u00c9S EMBLEM\u00c0TICS DEL POBLE<\/p>\n<p>Aqu\u00ed us deixem uns qr dels v\u00eddeos que han gravat els alumnes de l&#8217;Escola dels llocs m\u00e9s emblem\u00e0tics del poble.<\/p>\n<p>CONSULTORI M\u00c8DIC<\/p>\n<p><a href=\"https:\/\/agora.xtec.cat\/ceipvallmajor\/wp-content\/uploads\/usu429\/2021\/06\/QR-CONSULTORI-M\u00c8DIC.png\"><img loading=\"lazy\" decoding=\"async\" class=\"size-full wp-image-1697 alignleft\" src=\"https:\/\/agora.xtec.cat\/ceipvallmajor\/wp-content\/uploads\/usu429\/2021\/06\/QR-CONSULTORI-M\u00c8DIC.png\" alt=\"\" width=\"300\" height=\"300\" srcset=\"https:\/\/agora.xtec.cat\/ceipvallmajor\/wp-content\/uploads\/usu429\/2021\/06\/QR-CONSULTORI-M\u00c8DIC.png 300w, https:\/\/agora.xtec.cat\/ceipvallmajor\/wp-content\/uploads\/usu429\/2021\/06\/QR-CONSULTORI-M\u00c8DIC-150x150.png 150w\" sizes=\"auto, (max-width: 300px) 100vw, 300px\" \/><\/a><\/p>\n<p>&nbsp;<\/p>\n<p>&nbsp;<\/p>\n<p>&nbsp;<\/p>\n<p>&nbsp;<\/p>\n<p>&nbsp;<\/p>\n<p>&nbsp;<\/p>\n<p>&nbsp;<\/p>\n<p>&nbsp;<\/p>\n<p>PISCINA I ZONA ESPORTIVA<\/p>\n<p>&nbsp;<\/p>\n<p><a href=\"https:\/\/agora.xtec.cat\/ceipvallmajor\/wp-content\/uploads\/usu429\/2021\/06\/QR-PISCINA-I-ZONA-ESPORTIVA.png\"><img loading=\"lazy\" decoding=\"async\" class=\"size-full wp-image-1698 alignleft\" src=\"https:\/\/agora.xtec.cat\/ceipvallmajor\/wp-content\/uploads\/usu429\/2021\/06\/QR-PISCINA-I-ZONA-ESPORTIVA.png\" alt=\"\" width=\"300\" height=\"300\" srcset=\"https:\/\/agora.xtec.cat\/ceipvallmajor\/wp-content\/uploads\/usu429\/2021\/06\/QR-PISCINA-I-ZONA-ESPORTIVA.png 300w, https:\/\/agora.xtec.cat\/ceipvallmajor\/wp-content\/uploads\/usu429\/2021\/06\/QR-PISCINA-I-ZONA-ESPORTIVA-150x150.png 150w\" sizes=\"auto, (max-width: 300px) 100vw, 300px\" \/><\/a><\/p>\n<p>&nbsp;<\/p>\n<p>&nbsp;<\/p>\n<p>&nbsp;<\/p>\n<p>&nbsp;<\/p>\n<p>&nbsp;<\/p>\n<p>&nbsp;<\/p>\n<p>&nbsp;<\/p>\n<p>&nbsp;<\/p>\n<p>&nbsp;<\/p>\n<p>PLA\u00c7A<\/p>\n<p>&nbsp;<\/p>\n<p><a href=\"https:\/\/agora.xtec.cat\/ceipvallmajor\/wp-content\/uploads\/usu429\/2021\/06\/QR-PLA\u00c7A.png\"><img loading=\"lazy\" decoding=\"async\" class=\"size-full wp-image-1699 alignleft\" src=\"https:\/\/agora.xtec.cat\/ceipvallmajor\/wp-content\/uploads\/usu429\/2021\/06\/QR-PLA\u00c7A.png\" alt=\"\" width=\"300\" height=\"300\" srcset=\"https:\/\/agora.xtec.cat\/ceipvallmajor\/wp-content\/uploads\/usu429\/2021\/06\/QR-PLA\u00c7A.png 300w, https:\/\/agora.xtec.cat\/ceipvallmajor\/wp-content\/uploads\/usu429\/2021\/06\/QR-PLA\u00c7A-150x150.png 150w\" sizes=\"auto, (max-width: 300px) 100vw, 300px\" \/><\/a><\/p>\n<p>&nbsp;<\/p>\n<p>&nbsp;<\/p>\n<p>&nbsp;<\/p>\n<p>&nbsp;<\/p>\n<p>&nbsp;<\/p>\n<p>&nbsp;<\/p>\n<p>&nbsp;<\/p>\n<p>&nbsp;<\/p>\n<p>CASAL<\/p>\n<p><a href=\"https:\/\/agora.xtec.cat\/ceipvallmajor\/wp-content\/uploads\/usu429\/2021\/06\/QR-CASAL.png\"><img loading=\"lazy\" decoding=\"async\" class=\"size-full wp-image-1700 alignleft\" src=\"https:\/\/agora.xtec.cat\/ceipvallmajor\/wp-content\/uploads\/usu429\/2021\/06\/QR-CASAL.png\" alt=\"\" width=\"300\" height=\"300\" srcset=\"https:\/\/agora.xtec.cat\/ceipvallmajor\/wp-content\/uploads\/usu429\/2021\/06\/QR-CASAL.png 300w, https:\/\/agora.xtec.cat\/ceipvallmajor\/wp-content\/uploads\/usu429\/2021\/06\/QR-CASAL-150x150.png 150w\" sizes=\"auto, (max-width: 300px) 100vw, 300px\" \/><\/a><\/p>\n","protected":false},"excerpt":{"rendered":"<p>QR DELS ESPAIS M\u00c9S EMBLEM\u00c0TICS DEL POBLE<br \/>\nAqu\u00ed us deixem uns qr dels v\u00eddeos que han gravat els alumnes de l&#8217;Escola dels llocs m\u00e9s emblem\u00e0tics del poble.<br \/>\nCONSULTORI M\u00c8DIC<br \/>\n<a href=\"https:\/\/agora.xtec.cat\/ceipvallmajor\/wp-content\/uploads\/usu429\/2021\/06\/QR-CONSULTORI-M\u00c8DIC.png\"><\/a><br \/>\n&nbsp;<br \/>\n&nbsp;<br \/>\n&nbsp;<br \/>\n&nbsp;<br \/>\n&nbsp;<br \/>\n&nbsp;<br \/>\n&nbsp;<br \/>\n&nbsp;<br \/>\nPISCINA I ZONA ESPORTIVA<br \/>\n&nbsp;<br \/>\n<a href=\"https:\/\/agora.xtec.cat\/ceipvallmajor\/wp-content\/uploads\/usu429\/2021\/06\/QR-PISCINA-I-ZONA-ESPORTIVA.png\"><\/a><br \/>\n&nbsp;<br \/>\n&nbsp;<br \/>\n&nbsp;<br \/>\n&nbsp;<br \/>\n&nbsp;<br \/>\n&nbsp;<br \/>\n&nbsp;<br \/>\n&nbsp;<br \/>\n&nbsp;<br \/>\nPLA\u00c7A<br \/>\n&nbsp;<br \/>\n<a href=\"https:\/\/agora.xtec.cat\/ceipvallmajor\/wp-content\/uploads\/usu429\/2021\/06\/QR-PLA\u00c7A.png\"><\/a><br \/>\n&nbsp;<br \/>\n&nbsp;<br \/>\n&nbsp;<br \/>\n&nbsp;<br \/>\n&nbsp;<br \/>\n&nbsp;<br \/>\n&nbsp;<br \/>\n&nbsp;<br \/>\nCASAL<br \/>\n<a href=\"https:\/\/agora.xtec.cat\/ceipvallmajor\/wp-content\/uploads\/usu429\/2021\/06\/QR-CASAL.png\"><\/a><\/p>\n","protected":false},"author":1,"featured_media":0,"parent":64,"menu_order":0,"comment_status":"closed","ping_status":"closed","template":"page-templates\/side-menu.php","meta":{"_bbp_topic_count":0,"_bbp_reply_count":0,"_bbp_total_topic_count":0,"_bbp_total_reply_count":0,"_bbp_voice_count":0,"_bbp_anonymous_reply_count":0,"_bbp_topic_count_hidden":0,"_bbp_reply_count_hidden":0,"_bbp_forum_subforum_count":0,"footnotes":""},"class_list":["post-188","page","type-page","status-publish","hentry"],"post_mailing_queue_ids":[],"_links":{"self":[{"href":"https:\/\/agora.xtec.cat\/ceipvallmajor\/wp-json\/wp\/v2\/pages\/188","targetHints":{"allow":["GET"]}}],"collection":[{"href":"https:\/\/agora.xtec.cat\/ceipvallmajor\/wp-json\/wp\/v2\/pages"}],"about":[{"href":"https:\/\/agora.xtec.cat\/ceipvallmajor\/wp-json\/wp\/v2\/types\/page"}],"author":[{"embeddable":true,"href":"https:\/\/agora.xtec.cat\/ceipvallmajor\/wp-json\/wp\/v2\/users\/1"}],"replies":[{"embeddable":true,"href":"https:\/\/agora.xtec.cat\/ceipvallmajor\/wp-json\/wp\/v2\/comments?post=188"}],"version-history":[{"count":3,"href":"https:\/\/agora.xtec.cat\/ceipvallmajor\/wp-json\/wp\/v2\/pages\/188\/revisions"}],"predecessor-version":[{"id":1710,"href":"https:\/\/agora.xtec.cat\/ceipvallmajor\/wp-json\/wp\/v2\/pages\/188\/revisions\/1710"}],"up":[{"embeddable":true,"href":"https:\/\/agora.xtec.cat\/ceipvallmajor\/wp-json\/wp\/v2\/pages\/64"}],"wp:attachment":[{"href":"https:\/\/agora.xtec.cat\/ceipvallmajor\/wp-json\/wp\/v2\/media?parent=188"}],"curies":[{"name":"wp","href":"https:\/\/api.w.org\/{rel}","templated":true}]}}