{"id":1376,"date":"2021-03-21T15:39:03","date_gmt":"2021-03-21T14:39:03","guid":{"rendered":"http:\/\/agora.xtec.cat\/ceipvallmajor\/?page_id=1376"},"modified":"2022-04-20T22:31:32","modified_gmt":"2022-04-20T20:31:32","slug":"jocs-musicals","status":"publish","type":"page","link":"https:\/\/agora.xtec.cat\/ceipvallmajor\/jocs-musicals\/","title":{"rendered":"Jocs musicals"},"content":{"rendered":"<div id=\"primary\" class=\"site-content\">\n<div id=\"content\" role=\"main\">\n<div class=\"row\">\n<div class=\"large-12 columns\">\n<article id=\"post-1376\" class=\"post-1376 page type-page status-publish hentry\">\n<div class=\"entry-body\">\n<div class=\"entry-content\">\n<h6><strong><a href=\"http:\/\/www.petitaxarxa.cat\/games_swf\/xilofongalactic\/\" target=\"_blank\" rel=\"noopener\">\u2013 XIL\u00d2FON GAL\u00c0CTIC<\/a>: crea les teves pr\u00f2pies melodies.\u00a0 \u00a0<a href=\"https:\/\/agora.xtec.cat\/esclagranadella\/wp-content\/uploads\/usu409\/2022\/04\/musica-abs-1-150x150-1-e1650486366696.jpg\"><img loading=\"lazy\" decoding=\"async\" class=\"size-full wp-image-4405 alignright\" src=\"https:\/\/agora.xtec.cat\/esclagranadella\/wp-content\/uploads\/usu409\/2022\/04\/musica-abs-1-150x150-1-e1650486366696.jpg\" alt=\"\" width=\"150\" height=\"112\" \/><\/a><\/strong><\/h6>\n<p>&nbsp;<\/p>\n<h6><strong><a href=\"https:\/\/musiclab.chromeexperiments.com\/Song-Maker\/\" target=\"_blank\" rel=\"noopener\">\u2013 CHROME MUSIC LAB<\/a>:\u00a0Experimenta amb la composici\u00f3 i comparteix les teves creacions. TOTS ELS NIVELLS<\/strong><\/h6>\n<p>&nbsp;<\/p>\n<h6><strong><a href=\"https:\/\/www.classtools.net\/vortex\/1-lK1kd\" target=\"_blank\" rel=\"noopener\">\u2013 LES FAM\u00cdLIES INSTRUMENTS<\/a>: classifiquen cada instrument a la seva fam\u00edlia. En castell\u00e0.<\/strong><\/h6>\n<p>&nbsp;<\/p>\n<h6><strong><a href=\"http:\/\/gerardodiegoaulademusica.blogspot.com\/2016\/09\/bienvenidos.html\" target=\"_blank\" rel=\"noopener\">\u2013 DJ<\/a>: per poder practicar les vostres habilitats com a DJ. PRIM\u00c0RIA<\/strong><\/h6>\n<p>&nbsp;<\/p>\n<h6><strong><a href=\"http:\/\/gerardodiegoaulademusica.blogspot.com\/2010\/03\/pajarologia-aplicada.html\" target=\"_blank\" rel=\"noopener\">\u2013 PAJAROLOG\u00cdA APLICADA<\/a>: \u00a0Si le\u00e9is bien las instrucciones que aparecen en la pantalla de inicio no os ser\u00e1 dif\u00edcil conseguir el t\u00edtulo de\u00a0<em>Experto Pajar\u00f3logo.<\/em><\/strong><\/h6>\n<p>&nbsp;<\/p>\n<h6><strong><a href=\"http:\/\/gerardodiegoaulademusica.blogspot.com.es\/2013\/01\/pentocto.html#links\" target=\"_blank\" rel=\"noopener\">\u2013 PENTOCTO<\/a>: senyala el motiu correcte que sonar\u00e0 despr\u00e9s de clicar el bot\u00f3 play. Hi ha deu nivells, per\u00f2 has de vigilar ja que tens un l\u00edmit de vides.<\/strong><\/h6>\n<p>&nbsp;<\/p>\n<h6><strong><a href=\"http:\/\/gerardodiegoaulademusica.blogspot.com.es\/2012\/02\/5-diferencias-5.html\" target=\"_blank\" rel=\"noopener\">\u2013 LES CINC DIFER\u00c8NCIES<\/a>: busca les cinc difer\u00e8ncies que hi ha entre les dues imatges.<\/strong><\/h6>\n<p>&nbsp;<\/p>\n<h6><strong><a href=\"http:\/\/gerardodiegoaulademusicajuegos.blogspot.com\/2012\/09\/simulador-de-scatch.html\" target=\"_blank\" rel=\"noopener noreferrer\">\u2013 SIMULADOR DE SCRATCH<\/a>: fant\u00e0stic simulador de scratch per a divertir-se fent bases de hip-hop.<\/strong><\/h6>\n<p>&nbsp;<\/p>\n<h6><strong><a href=\"https:\/\/ia801909.us.archive.org\/35\/items\/primaria4_201612\/cataplam0ff.swf\" target=\"_blank\" rel=\"noopener noreferrer\">\u2013 CATAPLAM<\/a>: Entrena\u2019t per fer molt soroll.\u00a0\u00a0<a href=\"https:\/\/agora.xtec.cat\/esclagranadella\/wp-content\/uploads\/usu409\/2022\/04\/musica-abs-1-150x150-1-e1650486366696.jpg\"><img loading=\"lazy\" decoding=\"async\" class=\"size-full wp-image-4405 alignright\" src=\"https:\/\/agora.xtec.cat\/esclagranadella\/wp-content\/uploads\/usu409\/2022\/04\/musica-abs-1-150x150-1-e1650486366696.jpg\" alt=\"\" width=\"150\" height=\"112\" \/><\/a>\u00a0\u00a0<\/strong><\/h6>\n<p>&nbsp;<\/p>\n<h6><strong><a href=\"https:\/\/ia801909.us.archive.org\/35\/items\/primaria4_201612\/fuegos%20de%20artificio.swf\" target=\"_blank\" rel=\"noopener noreferrer\">\u2013 FUEGOS ARTIFICIALES<\/a>: Instrumentar pe\u00e7a musical moooolt sorollosa!!<\/strong><\/h6>\n<p>&nbsp;<\/p>\n<h6><strong><a href=\"https:\/\/ia801909.us.archive.org\/35\/items\/primaria4_201612\/sonoline1.swf\" target=\"_blank\" rel=\"noopener noreferrer\">\u2013 SONILINE<\/a>: Endevinar el dibuix del so. CS<\/strong><\/h6>\n<p>&nbsp;<\/p>\n<h6><strong><a href=\"https:\/\/ia801909.us.archive.org\/35\/items\/primaria4_201612\/Skyline.swf\" target=\"_blank\" rel=\"noopener noreferrer\">\u2013 SKYLINE<\/a>: \u00a0Interpretar una pe\u00e7a musical amb un carill\u00f3 virtual. CS<\/strong><\/h6>\n<p>&nbsp;<\/p>\n<h6><strong><a href=\"http:\/\/gerardodiegoaulademusica.blogspot.com\/2012\/05\/es-un-signo-musical.html\">\u2013 SIGNO MUSICAL<\/a>:\u00a0Descobrir<i>\u00a0els signes musicals<\/i>\u00a0que coneixem amb un joc interactiu. Fet per Julio<\/strong><\/h6>\n<h6><strong>Payno, Est\u00e0 en castell\u00e0.<\/strong><\/h6>\n<p>&nbsp;<\/p>\n<h6><strong><a href=\"http:\/\/gerardodiegoaulademusica.blogspot.com\/2012\/10\/24-aranas.html\" target=\"_blank\" rel=\"noopener noreferrer\">\u2013 24 ARA\u00d1AS<\/a>: Joc per a practicar la col\u00b7locaci\u00f3 de les notes al pentagrama. Est\u00e0 en castell\u00e0.<\/strong><\/h6>\n<p>&nbsp;<\/p>\n<h6><strong><a href=\"http:\/\/gerardodiegoaulademusica.blogspot.com.es\/2012\/11\/imagen-y-sonido.html\" target=\"_blank\" rel=\"noopener\">\u2013 IMATGE I SO<\/a>: clica a EMPEZAR i selecciona la imatge que correspongui al so que escoltes (EI)<\/strong><\/h6>\n<p>&nbsp;<\/p>\n<h6><strong><a href=\"http:\/\/gerardodiegoaulademusica.blogspot.com\/2016\/09\/cada-oveja-con-su-pareja.html\" target=\"_blank\" rel=\"noopener\">\u2013 CADA OVELLA AMB LA SEVA PARELLA<\/a>: memori d\u2019instruments. CI<\/strong><\/h6>\n<p>&nbsp;<\/p>\n<h6><strong><a href=\"http:\/\/gerardodiegoaulademusica.blogspot.com\/2018\/09\/12-musicas12-emociones.html\" target=\"_blank\" rel=\"noopener\">\u2013 12 M\u00daSIQUES. 12 EMOCIONS<\/a>: relaciona cada m\u00fasica amb l\u2019emoci\u00f3 que ens pot despertar. CM-CS<\/strong><\/h6>\n<p>&nbsp;<\/p>\n<h6><strong><a href=\"http:\/\/gerardodiegoaulademusica.blogspot.com\/2019\/05\/estilos-musicales.html\" target=\"_blank\" rel=\"noopener\">\u2013 ESTILOS MUSICALES<\/a>: endevina quin estil musical est\u00e0 sonant. CS<\/strong><\/h6>\n<p>&nbsp;<\/p>\n<h6><strong><a href=\"http:\/\/gerardodiegoaulademusica.blogspot.com\/2016\/11\/don-cangrejo.html\" target=\"_blank\" rel=\"noopener\">\u2013 EL VIAJE DE DON CANGREJO<\/a>: clica i escolta atentament. Seguint el so descobrir\u00e0s quin personatge est\u00e0 sonant. EI-CI<\/strong><\/h6>\n<p>&nbsp;<\/p>\n<h6><strong><a href=\"https:\/\/www.minijuegos.com\/juego\/touch-the-bubbles-2\" target=\"_blank\" rel=\"noopener\">\u2013 SIMON MUSICAL<\/a>: joc de mem\u00f2ria.\u00a0 \u00a0 \u00a0<a href=\"https:\/\/agora.xtec.cat\/esclagranadella\/wp-content\/uploads\/usu409\/2022\/04\/musica-abs-1-150x150-1-e1650486366696.jpg\"><img loading=\"lazy\" decoding=\"async\" class=\"size-full wp-image-4405 alignright\" src=\"https:\/\/agora.xtec.cat\/esclagranadella\/wp-content\/uploads\/usu409\/2022\/04\/musica-abs-1-150x150-1-e1650486366696.jpg\" alt=\"\" width=\"150\" height=\"112\" \/><\/a><\/strong><\/h6>\n<p>&nbsp;<\/p>\n<h6><strong><a href=\"http:\/\/gerardodiegoaulademusicajuegos.blogspot.com.es\/2011\/05\/monster-band.html\" target=\"_blank\" rel=\"noopener\">\u2013 MONSTRE GRUP<\/a>: Per crear una m\u00fasica monstruosa<\/strong><\/h6>\n<p>&nbsp;<\/p>\n<h6><strong><a href=\"https:\/\/www.incredibox.com\/\" target=\"_blank\" rel=\"noopener\">\u2013 INCREDIBOX<\/a>: Aquesta \u00e9s una aplicaci\u00f3 web amb la que podem\u00a0<em>crear una composici\u00f3 musical<\/em>\u00a0de forma interactiva, divertida i senzilla.<\/strong><\/h6>\n<h6><\/h6>\n<\/div>\n<\/div>\n<\/article>\n<\/div>\n<\/div>\n<\/div>\n<\/div>\n<footer id=\"footer\" class=\"site-footer\" role=\"contentinfo\">\n<div class=\"row\">\n<div class=\"large-12 small-12 columns\">\n<div class=\"inner-footer\">\n<div class=\"row\">\n<div class=\"large-12 small-12 columns\">\n<div id=\"sidebar-footer\" class=\"sidebar\" role=\"complementary\">\n<div id=\"socialmedia_widget-2\" class=\"widget top-bar-widget large-4 columns widget_socialmedia_widget\"><\/div>\n<\/div>\n<\/div>\n<\/div>\n<\/div>\n<\/div>\n<\/div>\n<\/footer>\n","protected":false},"excerpt":{"rendered":"<p><a href=\"http:\/\/www.petitaxarxa.cat\/games_swf\/xilofongalactic\/\" target=\"_blank\" rel=\"noopener\">\u2013 XIL\u00d2FON GAL\u00c0CTIC<\/a>: crea les teves pr\u00f2pies melodies.\u00a0 \u00a0<a href=\"https:\/\/agora.xtec.cat\/esclagranadella\/wp-content\/uploads\/usu409\/2022\/04\/musica-abs-1-150x150-1-e1650486366696.jpg\"><\/a><br \/>\n&nbsp;<br \/>\n<a href=\"https:\/\/musiclab.chromeexperiments.com\/Song-Maker\/\" target=\"_blank\" rel=\"noopener\">\u2013 CHROME MUSIC LAB<\/a>:\u00a0Experimenta amb la composici\u00f3 i comparteix les teves creacions. TOTS ELS NIVELLS<br \/>\n&nbsp;<br \/>\n<a href=\"https:\/\/www.classtools.net\/vortex\/1-lK1kd\" target=\"_blank\" rel=\"noopener\">\u2013 LES FAM\u00cdLIES INSTRUMENTS<\/a>: classifiquen cada instrument a la seva fam\u00edlia. En castell\u00e0.<br \/>\n&nbsp;<br \/>\n<a&hellip;  <a href=\"https:\/\/agora.xtec.cat\/ceipvallmajor\/jocs-musicals\/\" title=\"Read Jocs musicals\">Llegeix m\u00e9s\u00bb<\/a><\/p>\n","protected":false},"author":5,"featured_media":0,"parent":0,"menu_order":0,"comment_status":"closed","ping_status":"closed","template":"","meta":{"_bbp_topic_count":0,"_bbp_reply_count":0,"_bbp_total_topic_count":0,"_bbp_total_reply_count":0,"_bbp_voice_count":0,"_bbp_anonymous_reply_count":0,"_bbp_topic_count_hidden":0,"_bbp_reply_count_hidden":0,"_bbp_forum_subforum_count":0,"footnotes":""},"class_list":["post-1376","page","type-page","status-publish","hentry"],"post_mailing_queue_ids":[],"_links":{"self":[{"href":"https:\/\/agora.xtec.cat\/ceipvallmajor\/wp-json\/wp\/v2\/pages\/1376","targetHints":{"allow":["GET"]}}],"collection":[{"href":"https:\/\/agora.xtec.cat\/ceipvallmajor\/wp-json\/wp\/v2\/pages"}],"about":[{"href":"https:\/\/agora.xtec.cat\/ceipvallmajor\/wp-json\/wp\/v2\/types\/page"}],"author":[{"embeddable":true,"href":"https:\/\/agora.xtec.cat\/ceipvallmajor\/wp-json\/wp\/v2\/users\/5"}],"replies":[{"embeddable":true,"href":"https:\/\/agora.xtec.cat\/ceipvallmajor\/wp-json\/wp\/v2\/comments?post=1376"}],"version-history":[{"count":3,"href":"https:\/\/agora.xtec.cat\/ceipvallmajor\/wp-json\/wp\/v2\/pages\/1376\/revisions"}],"predecessor-version":[{"id":1999,"href":"https:\/\/agora.xtec.cat\/ceipvallmajor\/wp-json\/wp\/v2\/pages\/1376\/revisions\/1999"}],"wp:attachment":[{"href":"https:\/\/agora.xtec.cat\/ceipvallmajor\/wp-json\/wp\/v2\/media?parent=1376"}],"curies":[{"name":"wp","href":"https:\/\/api.w.org\/{rel}","templated":true}]}}