{"id":26,"date":"2014-09-18T12:24:32","date_gmt":"2014-09-18T11:24:32","guid":{"rendered":"http:\/\/agora.xtec.cat\/ceipvallgarriga\/?page_id=26"},"modified":"2025-11-20T13:43:45","modified_gmt":"2025-11-20T12:43:45","slug":"historia","status":"publish","type":"page","link":"https:\/\/agora.xtec.cat\/ceipvallgarriga\/historia\/","title":{"rendered":"QUI SOM?"},"content":{"rendered":"<p>L&#8217;escola Vallgarriga \u00e9s un centre educatiu p\u00fablic amb llar d&#8217;infants (0-3), educaci\u00f3 infantil (3-6) i educaci\u00f3 prim\u00e0ria (6-12). Escolaritzem infants des d&#8217;1 any d&#8217;edat ja que l&#8217;escola forma part del pla experimental 0-3 promogut pel Departament d&#8217;Educaci\u00f3.<\/p>\n<p>L&#8217;escola es va inaugurar fa m\u00e9s de 40 anys i est\u00e0 ubicada a la poblaci\u00f3 de Sant Miquel de Fluvi\u00e0, comarca de l&#8217;Alt Empord\u00e0. Actualment, escolaritza una part important de la poblaci\u00f3 infantil del municipi.<\/p>\n<p>Ens definim com una escola catalana, pluralista, inclusiva, participativa i implicada amb l&#8217;entorn. Tenim com a base de treball l&#8217;educaci\u00f3 per a la diversitat, l&#8217;educaci\u00f3 integral i de qualitat, l&#8217;educaci\u00f3 en valors i una l\u00ednia pedag\u00f2gica compartida.<\/p>\n<p>Entenem que l&#8217;escola &#8220;la fem entre tots i totes&#8221;. Per aix\u00f2, donem molta import\u00e0ncia a la participaci\u00f3 de l&#8217;alumnat, de les fam\u00edlies i de l&#8217;entorn.<\/p>\n<p><a href=\"https:\/\/agora.xtec.cat\/ceipvallgarriga\/wp-content\/uploads\/usu1628\/2025\/06\/Escola-i-llar-dinfants.jpg\"><img loading=\"lazy\" decoding=\"async\" class=\"aligncenter size-full wp-image-2089\" src=\"https:\/\/agora.xtec.cat\/ceipvallgarriga\/wp-content\/uploads\/usu1628\/2025\/06\/Escola-i-llar-dinfants.jpg\" alt=\"\" width=\"1024\" height=\"621\" srcset=\"https:\/\/agora.xtec.cat\/ceipvallgarriga\/wp-content\/uploads\/usu1628\/2025\/06\/Escola-i-llar-dinfants.jpg 1024w, https:\/\/agora.xtec.cat\/ceipvallgarriga\/wp-content\/uploads\/usu1628\/2025\/06\/Escola-i-llar-dinfants-300x182.jpg 300w, https:\/\/agora.xtec.cat\/ceipvallgarriga\/wp-content\/uploads\/usu1628\/2025\/06\/Escola-i-llar-dinfants-768x466.jpg 768w\" sizes=\"auto, (max-width: 1024px) 100vw, 1024px\" \/><\/a><\/p>\n\n\n<p>El nostre equip hum\u00e0 el formen:<\/p>\n\n\n\n<figure class=\"wp-block-table\"><table class=\"has-fixed-layout\"><tbody><tr><td colspan=\"2\"><strong>EQUIP DIRECTIU<\/strong><\/td><\/tr><tr><td><strong>Directora<\/strong><\/td><td>Helena Garcia<\/td><\/tr><tr><td><strong>Cap d\u2019estudis<\/strong><\/td><td>Irene Valls<\/td><\/tr><tr><td><strong>Secret\u00e0ria<\/strong><\/td><td>Maria Carr\u00e9<\/td><\/tr><tr><td colspan=\"2\"><strong>LLAR D\u2019INFANTS<\/strong><\/td><\/tr><tr><td><strong>Tutores I0, I1 i I2<\/strong><\/td><td>Dolors Pag\u00e8s i X\u00e8nia Sol\u00e9s<\/td><\/tr><tr><td colspan=\"2\"><strong>EDUCACI\u00d3 INFANTIL<\/strong><\/td><\/tr><tr><td><strong>Tutores I3<\/strong><\/td><td>Dolors Font i Laia Molins<\/td><\/tr><tr><td><strong>Tutora I4 i I5<\/strong><\/td><td>Ester Cid<\/td><\/tr><tr><td colspan=\"2\"><strong>EDUCACI\u00d3 PRIM\u00c0RIA<\/strong><\/td><\/tr><tr><td><strong>Tutor CI<\/strong><\/td><td>Adri\u00e0 Alfaro&nbsp;<\/td><\/tr><tr><td><strong>Tutor CM<\/strong><\/td><td>Tom\u00e0s Esquerdo i Sandra Bruns\u00f3<\/td><\/tr><tr><td><strong>Tutora CS<\/strong><\/td><td>Laura Junc\u00e0<\/td><\/tr><tr><td colspan=\"2\"><strong>ESPECIALITATS<\/strong><\/td><\/tr><tr><td><strong>Angl\u00e8s i suport CS<\/strong><\/td><td>Maria Romans<\/td><\/tr><tr><td><strong>Educaci\u00f3 F\u00edsica i suport CM<\/strong><\/td><td>Clara Serra<\/td><\/tr><tr><td><strong>M\u00fasica<\/strong><\/td><td>Maria Carr\u00e9<\/td><\/tr><tr><td><strong>Suport CI, CM i rob\u00f2tica CI<\/strong><\/td><td>Agust\u00ed Fontbernat<\/td><\/tr><tr><td><strong>Pl\u00e0stica<\/strong><\/td><td>Helena Garcia<\/td><\/tr><tr><td colspan=\"2\"><strong>ALTRES<\/strong><\/td><\/tr><tr><td><strong>Vetlladora<\/strong><\/td><td>Marta Del Pino<\/td><\/tr><tr><td><strong>TIS<\/strong><\/td><td>Patr\u00edcia Mar\u00edn<\/td><\/tr><tr><td><strong>Menjador&nbsp;<\/strong><\/td><td>Marta Del Pino i Montse Valenzuela<\/td><\/tr><\/tbody><\/table><\/figure>\n","protected":false},"excerpt":{"rendered":"<p>L&#8217;escola Vallgarriga \u00e9s un centre educatiu p\u00fablic amb llar d&#8217;infants (0-3), educaci\u00f3 infantil (3-6) i educaci\u00f3 prim\u00e0ria (6-12). Escolaritzem infants des d&#8217;1 any d&#8217;edat ja que l&#8217;escola forma part del pla experimental 0-3 promogut pel Departament d&#8217;Educaci\u00f3. L&#8217;escola es va inaugurar fa m\u00e9s de 40 anys i est\u00e0 ubicada a la poblaci\u00f3 de Sant Miquel [&hellip;]<\/p>\n","protected":false},"author":1,"featured_media":0,"parent":0,"menu_order":20,"comment_status":"closed","ping_status":"closed","template":"","meta":{"_bbp_topic_count":0,"_bbp_reply_count":0,"_bbp_total_topic_count":0,"_bbp_total_reply_count":0,"_bbp_voice_count":0,"_bbp_anonymous_reply_count":0,"_bbp_topic_count_hidden":0,"_bbp_reply_count_hidden":0,"_bbp_forum_subforum_count":0,"site-sidebar-layout":"default","site-content-layout":"","ast-site-content-layout":"default","site-content-style":"default","site-sidebar-style":"default","ast-global-header-display":"","ast-banner-title-visibility":"","ast-main-header-display":"","ast-hfb-above-header-display":"","ast-hfb-below-header-display":"","ast-hfb-mobile-header-display":"","site-post-title":"","ast-breadcrumbs-content":"","ast-featured-img":"","footer-sml-layout":"","theme-transparent-header-meta":"","adv-header-id-meta":"","stick-header-meta":"","header-above-stick-meta":"","header-main-stick-meta":"","header-below-stick-meta":"","astra-migrate-meta-layouts":"set","ast-page-background-enabled":"default","ast-page-background-meta":{"desktop":{"background-color":"var(--ast-global-color-4)","background-image":"","background-repeat":"repeat","background-position":"center center","background-size":"auto","background-attachment":"scroll","background-type":"","background-media":"","overlay-type":"","overlay-color":"","overlay-opacity":"","overlay-gradient":""},"tablet":{"background-color":"","background-image":"","background-repeat":"repeat","background-position":"center center","background-size":"auto","background-attachment":"scroll","background-type":"","background-media":"","overlay-type":"","overlay-color":"","overlay-opacity":"","overlay-gradient":""},"mobile":{"background-color":"","background-image":"","background-repeat":"repeat","background-position":"center center","background-size":"auto","background-attachment":"scroll","background-type":"","background-media":"","overlay-type":"","overlay-color":"","overlay-opacity":"","overlay-gradient":""}},"ast-content-background-meta":{"desktop":{"background-color":"var(--ast-global-color-5)","background-image":"","background-repeat":"repeat","background-position":"center center","background-size":"auto","background-attachment":"scroll","background-type":"","background-media":"","overlay-type":"","overlay-color":"","overlay-opacity":"","overlay-gradient":""},"tablet":{"background-color":"var(--ast-global-color-5)","background-image":"","background-repeat":"repeat","background-position":"center center","background-size":"auto","background-attachment":"scroll","background-type":"","background-media":"","overlay-type":"","overlay-color":"","overlay-opacity":"","overlay-gradient":""},"mobile":{"background-color":"var(--ast-global-color-5)","background-image":"","background-repeat":"repeat","background-position":"center center","background-size":"auto","background-attachment":"scroll","background-type":"","background-media":"","overlay-type":"","overlay-color":"","overlay-opacity":"","overlay-gradient":""}},"footnotes":""},"class_list":["post-26","page","type-page","status-publish","hentry"],"post_mailing_queue_ids":[],"_links":{"self":[{"href":"https:\/\/agora.xtec.cat\/ceipvallgarriga\/wp-json\/wp\/v2\/pages\/26","targetHints":{"allow":["GET"]}}],"collection":[{"href":"https:\/\/agora.xtec.cat\/ceipvallgarriga\/wp-json\/wp\/v2\/pages"}],"about":[{"href":"https:\/\/agora.xtec.cat\/ceipvallgarriga\/wp-json\/wp\/v2\/types\/page"}],"author":[{"embeddable":true,"href":"https:\/\/agora.xtec.cat\/ceipvallgarriga\/wp-json\/wp\/v2\/users\/1"}],"replies":[{"embeddable":true,"href":"https:\/\/agora.xtec.cat\/ceipvallgarriga\/wp-json\/wp\/v2\/comments?post=26"}],"version-history":[{"count":6,"href":"https:\/\/agora.xtec.cat\/ceipvallgarriga\/wp-json\/wp\/v2\/pages\/26\/revisions"}],"predecessor-version":[{"id":2297,"href":"https:\/\/agora.xtec.cat\/ceipvallgarriga\/wp-json\/wp\/v2\/pages\/26\/revisions\/2297"}],"wp:attachment":[{"href":"https:\/\/agora.xtec.cat\/ceipvallgarriga\/wp-json\/wp\/v2\/media?parent=26"}],"curies":[{"name":"wp","href":"https:\/\/api.w.org\/{rel}","templated":true}]}}