{"id":1705,"date":"2024-10-17T13:50:09","date_gmt":"2024-10-17T11:50:09","guid":{"rendered":"https:\/\/agora.xtec.cat\/ceipvallgarriga\/?page_id=1705"},"modified":"2025-11-13T13:04:52","modified_gmt":"2025-11-13T12:04:52","slug":"autoritzacions","status":"publish","type":"page","link":"https:\/\/agora.xtec.cat\/ceipvallgarriga\/autoritzacions\/","title":{"rendered":"AUTORITZACIONS"},"content":{"rendered":"<p><a href=\"https:\/\/agora.xtec.cat\/ceipvallgarriga\/wp-content\/uploads\/usu1628\/2025\/05\/AUTORITZACIO-PER-ABSENCIA-ESCOLAR.pdf\">Autoritzaci\u00f3 per abs\u00e8ncia escolar<\/a><\/p>\n<p><a href=\"https:\/\/agora.xtec.cat\/ceipvallgarriga\/wp-content\/uploads\/usu1628\/2025\/05\/AUTORITZACIO-PER-A-SORTIDES-SOL-O-SOLA.pdf\">Autoritzaci\u00f3 per a sortides sol o sola<\/a><\/p>\n<p><a href=\"https:\/\/agora.xtec.cat\/ceipvallgarriga\/wp-content\/uploads\/usu1628\/2025\/05\/AUTORITZACIO-SORTIDES-POBLE-I-ATENCIO-SANITARIA.pdf\">Autoritzaci\u00f3 sortides poble i atenci\u00f3 sanit\u00e0ria<\/a><\/p>\n<p><a href=\"https:\/\/agora.xtec.cat\/ceipvallgarriga\/wp-content\/uploads\/usu1628\/2025\/05\/AUTORITZACIO-RECOLLIDA-DALUMNES.pdf\">Autoritzaci\u00f3 recollida d&#8217;alumnes<\/a><\/p>\n<p><a href=\"https:\/\/agora.xtec.cat\/ceipvallgarriga\/wp-content\/uploads\/usu1628\/2025\/05\/AUTORITZACIO-PER-LADMINISTRACIO-DE-MEDICAMENT-A-LESCOLA.pdf\">Autoritzaci\u00f3 per l&#8217;administraci\u00f3 de medicament a l&#8217;escola<\/a><\/p>\n<p><a href=\"https:\/\/agora.xtec.cat\/ceipvallgarriga\/wp-content\/uploads\/usu1628\/2025\/05\/AUTORITZACIO-SERVEIS-DIGITALS.pdf\">Autoritzaci\u00f3 serveis digitals<\/a><\/p>\n<p><a href=\"https:\/\/agora.xtec.cat\/ceipvallgarriga\/wp-content\/uploads\/usu1628\/2025\/05\/AUTORITZACIO-DRETS-DIMATGE-DE-MENORS.pdf\">Autoritzaci\u00f3 drets d&#8217;imatge de menors<\/a><\/p>\n<p><a href=\"https:\/\/agora.xtec.cat\/ceipvallgarriga\/wp-content\/uploads\/usu1628\/2025\/10\/Carta-de-compromis-de-prestec.pdf\">Carta de comprom\u00eds de pr\u00e9stec de llibres<\/a><\/p>\n\n\n<p><\/p>\n","protected":false},"excerpt":{"rendered":"<p>Autoritzaci\u00f3 per abs\u00e8ncia escolar Autoritzaci\u00f3 per a sortides sol o sola Autoritzaci\u00f3 sortides poble i atenci\u00f3 sanit\u00e0ria Autoritzaci\u00f3 recollida d&#8217;alumnes Autoritzaci\u00f3 per l&#8217;administraci\u00f3 de medicament a l&#8217;escola Autoritzaci\u00f3 serveis digitals Autoritzaci\u00f3 drets d&#8217;imatge de menors Carta de comprom\u00eds de pr\u00e9stec de llibres<\/p>\n","protected":false},"author":1,"featured_media":0,"parent":0,"menu_order":0,"comment_status":"closed","ping_status":"closed","template":"","meta":{"_bbp_topic_count":0,"_bbp_reply_count":0,"_bbp_total_topic_count":0,"_bbp_total_reply_count":0,"_bbp_voice_count":0,"_bbp_anonymous_reply_count":0,"_bbp_topic_count_hidden":0,"_bbp_reply_count_hidden":0,"_bbp_forum_subforum_count":0,"site-sidebar-layout":"default","site-content-layout":"","ast-site-content-layout":"default","site-content-style":"default","site-sidebar-style":"default","ast-global-header-display":"","ast-banner-title-visibility":"","ast-main-header-display":"","ast-hfb-above-header-display":"","ast-hfb-below-header-display":"","ast-hfb-mobile-header-display":"","site-post-title":"","ast-breadcrumbs-content":"","ast-featured-img":"","footer-sml-layout":"","theme-transparent-header-meta":"","adv-header-id-meta":"","stick-header-meta":"","header-above-stick-meta":"","header-main-stick-meta":"","header-below-stick-meta":"","astra-migrate-meta-layouts":"set","ast-page-background-enabled":"default","ast-page-background-meta":{"desktop":{"background-color":"var(--ast-global-color-4)","background-image":"","background-repeat":"repeat","background-position":"center center","background-size":"auto","background-attachment":"scroll","background-type":"","background-media":"","overlay-type":"","overlay-color":"","overlay-opacity":"","overlay-gradient":""},"tablet":{"background-color":"","background-image":"","background-repeat":"repeat","background-position":"center center","background-size":"auto","background-attachment":"scroll","background-type":"","background-media":"","overlay-type":"","overlay-color":"","overlay-opacity":"","overlay-gradient":""},"mobile":{"background-color":"","background-image":"","background-repeat":"repeat","background-position":"center center","background-size":"auto","background-attachment":"scroll","background-type":"","background-media":"","overlay-type":"","overlay-color":"","overlay-opacity":"","overlay-gradient":""}},"ast-content-background-meta":{"desktop":{"background-color":"var(--ast-global-color-5)","background-image":"","background-repeat":"repeat","background-position":"center center","background-size":"auto","background-attachment":"scroll","background-type":"","background-media":"","overlay-type":"","overlay-color":"","overlay-opacity":"","overlay-gradient":""},"tablet":{"background-color":"var(--ast-global-color-5)","background-image":"","background-repeat":"repeat","background-position":"center center","background-size":"auto","background-attachment":"scroll","background-type":"","background-media":"","overlay-type":"","overlay-color":"","overlay-opacity":"","overlay-gradient":""},"mobile":{"background-color":"var(--ast-global-color-5)","background-image":"","background-repeat":"repeat","background-position":"center center","background-size":"auto","background-attachment":"scroll","background-type":"","background-media":"","overlay-type":"","overlay-color":"","overlay-opacity":"","overlay-gradient":""}},"footnotes":""},"class_list":["post-1705","page","type-page","status-publish","hentry"],"post_mailing_queue_ids":[],"_links":{"self":[{"href":"https:\/\/agora.xtec.cat\/ceipvallgarriga\/wp-json\/wp\/v2\/pages\/1705","targetHints":{"allow":["GET"]}}],"collection":[{"href":"https:\/\/agora.xtec.cat\/ceipvallgarriga\/wp-json\/wp\/v2\/pages"}],"about":[{"href":"https:\/\/agora.xtec.cat\/ceipvallgarriga\/wp-json\/wp\/v2\/types\/page"}],"author":[{"embeddable":true,"href":"https:\/\/agora.xtec.cat\/ceipvallgarriga\/wp-json\/wp\/v2\/users\/1"}],"replies":[{"embeddable":true,"href":"https:\/\/agora.xtec.cat\/ceipvallgarriga\/wp-json\/wp\/v2\/comments?post=1705"}],"version-history":[{"count":6,"href":"https:\/\/agora.xtec.cat\/ceipvallgarriga\/wp-json\/wp\/v2\/pages\/1705\/revisions"}],"predecessor-version":[{"id":2229,"href":"https:\/\/agora.xtec.cat\/ceipvallgarriga\/wp-json\/wp\/v2\/pages\/1705\/revisions\/2229"}],"wp:attachment":[{"href":"https:\/\/agora.xtec.cat\/ceipvallgarriga\/wp-json\/wp\/v2\/media?parent=1705"}],"curies":[{"name":"wp","href":"https:\/\/api.w.org\/{rel}","templated":true}]}}