{"id":1702,"date":"2024-10-17T13:49:56","date_gmt":"2024-10-17T11:49:56","guid":{"rendered":"https:\/\/agora.xtec.cat\/ceipvallgarriga\/?page_id=1702"},"modified":"2025-11-13T13:04:32","modified_gmt":"2025-11-13T12:04:32","slug":"documents","status":"publish","type":"page","link":"https:\/\/agora.xtec.cat\/ceipvallgarriga\/documents\/","title":{"rendered":"DOCUMENTS"},"content":{"rendered":"<p><a href=\"https:\/\/agora.xtec.cat\/ceipvallgarriga\/wp-content\/uploads\/usu1628\/2025\/10\/Fet_PGA-25-26-WEB.pdf\">PGA 2025-2026<\/a><\/p>\n<p><a href=\"https:\/\/agora.xtec.cat\/ceipvallgarriga\/wp-content\/uploads\/usu1628\/2025\/10\/Fet_NOFC-2025-2026.pdf\">NOFC 2025-2026<\/a><\/p>\n<p><a href=\"https:\/\/agora.xtec.cat\/ceipvallgarriga\/wp-content\/uploads\/usu1628\/2025\/06\/Informacions-dinteres.pdf\">Informacions d&#8217;inter\u00e8s<\/a><\/p>\n<p><a href=\"https:\/\/agora.xtec.cat\/ceipvallgarriga\/wp-content\/uploads\/usu1628\/2024\/11\/Mesures-per-a-la-correcta-convivencia.pdf\">Mesures per a la correcta conviv\u00e8ncia<\/a><\/p>\n<p><a href=\"https:\/\/agora.xtec.cat\/ceipvallgarriga\/wp-content\/uploads\/usu1628\/2024\/11\/Pla-de-funcionament-del-menjador.pdf\">Pla de funcionament del menjador<\/a><\/p>\n<p><a href=\"https:\/\/documentcloud.adobe.com\/gsuiteintegration\/index.html?state=%7B%22ids%22%3A%5B%221TEKbPt-o5dVJ52JIVIJ_Fidz3_ff_rOw%22%5D%2C%22action%22%3A%22open%22%2C%22userId%22%3A%22107186076403845282661%22%2C%22resourceKeys%22%3A%7B%7D%7D\">Programa d&#8217;integraci\u00f3 social als centres educatius<\/a><\/p>\n<p><a href=\"https:\/\/agora.xtec.cat\/ceipvallgarriga\/wp-content\/uploads\/usu1628\/2025\/10\/REUNIO-FAMILIES-Curs-2025-26.pptx-1-2.pdf\">Reuni\u00f3 d&#8217;inici de curs 2025-26<\/a><\/p>\n<p><a href=\"https:\/\/agora.xtec.cat\/ceipvallgarriga\/wp-content\/uploads\/usu1628\/2025\/10\/Normativa-de-prestec.pdf\">Normativa de pr\u00e9stec de llibres<\/a><\/p>\n<p><a href=\"https:\/\/agora.xtec.cat\/ceipvallgarriga\/wp-content\/uploads\/usu1628\/2025\/10\/NORMES-DE-LA-BIBLIOTECA-2.pdf\">Normes de la biblioteca de l&#8217;escola<\/a><\/p>\n","protected":false},"excerpt":{"rendered":"<p>PGA 2025-2026 NOFC 2025-2026 Informacions d&#8217;inter\u00e8s Mesures per a la correcta conviv\u00e8ncia Pla de funcionament del menjador Programa d&#8217;integraci\u00f3 social als centres educatius Reuni\u00f3 d&#8217;inici de curs 2025-26 Normativa de pr\u00e9stec de llibres Normes de la biblioteca de l&#8217;escola<\/p>\n","protected":false},"author":1,"featured_media":0,"parent":0,"menu_order":0,"comment_status":"closed","ping_status":"closed","template":"","meta":{"_bbp_topic_count":0,"_bbp_reply_count":0,"_bbp_total_topic_count":0,"_bbp_total_reply_count":0,"_bbp_voice_count":0,"_bbp_anonymous_reply_count":0,"_bbp_topic_count_hidden":0,"_bbp_reply_count_hidden":0,"_bbp_forum_subforum_count":0,"site-sidebar-layout":"default","site-content-layout":"","ast-site-content-layout":"default","site-content-style":"default","site-sidebar-style":"default","ast-global-header-display":"","ast-banner-title-visibility":"","ast-main-header-display":"","ast-hfb-above-header-display":"","ast-hfb-below-header-display":"","ast-hfb-mobile-header-display":"","site-post-title":"","ast-breadcrumbs-content":"","ast-featured-img":"","footer-sml-layout":"","theme-transparent-header-meta":"","adv-header-id-meta":"","stick-header-meta":"","header-above-stick-meta":"","header-main-stick-meta":"","header-below-stick-meta":"","astra-migrate-meta-layouts":"set","ast-page-background-enabled":"default","ast-page-background-meta":{"desktop":{"background-color":"var(--ast-global-color-4)","background-image":"","background-repeat":"repeat","background-position":"center center","background-size":"auto","background-attachment":"scroll","background-type":"","background-media":"","overlay-type":"","overlay-color":"","overlay-opacity":"","overlay-gradient":""},"tablet":{"background-color":"","background-image":"","background-repeat":"repeat","background-position":"center center","background-size":"auto","background-attachment":"scroll","background-type":"","background-media":"","overlay-type":"","overlay-color":"","overlay-opacity":"","overlay-gradient":""},"mobile":{"background-color":"","background-image":"","background-repeat":"repeat","background-position":"center center","background-size":"auto","background-attachment":"scroll","background-type":"","background-media":"","overlay-type":"","overlay-color":"","overlay-opacity":"","overlay-gradient":""}},"ast-content-background-meta":{"desktop":{"background-color":"var(--ast-global-color-5)","background-image":"","background-repeat":"repeat","background-position":"center center","background-size":"auto","background-attachment":"scroll","background-type":"","background-media":"","overlay-type":"","overlay-color":"","overlay-opacity":"","overlay-gradient":""},"tablet":{"background-color":"var(--ast-global-color-5)","background-image":"","background-repeat":"repeat","background-position":"center center","background-size":"auto","background-attachment":"scroll","background-type":"","background-media":"","overlay-type":"","overlay-color":"","overlay-opacity":"","overlay-gradient":""},"mobile":{"background-color":"var(--ast-global-color-5)","background-image":"","background-repeat":"repeat","background-position":"center center","background-size":"auto","background-attachment":"scroll","background-type":"","background-media":"","overlay-type":"","overlay-color":"","overlay-opacity":"","overlay-gradient":""}},"footnotes":""},"class_list":["post-1702","page","type-page","status-publish","hentry"],"post_mailing_queue_ids":[],"_links":{"self":[{"href":"https:\/\/agora.xtec.cat\/ceipvallgarriga\/wp-json\/wp\/v2\/pages\/1702","targetHints":{"allow":["GET"]}}],"collection":[{"href":"https:\/\/agora.xtec.cat\/ceipvallgarriga\/wp-json\/wp\/v2\/pages"}],"about":[{"href":"https:\/\/agora.xtec.cat\/ceipvallgarriga\/wp-json\/wp\/v2\/types\/page"}],"author":[{"embeddable":true,"href":"https:\/\/agora.xtec.cat\/ceipvallgarriga\/wp-json\/wp\/v2\/users\/1"}],"replies":[{"embeddable":true,"href":"https:\/\/agora.xtec.cat\/ceipvallgarriga\/wp-json\/wp\/v2\/comments?post=1702"}],"version-history":[{"count":6,"href":"https:\/\/agora.xtec.cat\/ceipvallgarriga\/wp-json\/wp\/v2\/pages\/1702\/revisions"}],"predecessor-version":[{"id":2237,"href":"https:\/\/agora.xtec.cat\/ceipvallgarriga\/wp-json\/wp\/v2\/pages\/1702\/revisions\/2237"}],"wp:attachment":[{"href":"https:\/\/agora.xtec.cat\/ceipvallgarriga\/wp-json\/wp\/v2\/media?parent=1702"}],"curies":[{"name":"wp","href":"https:\/\/api.w.org\/{rel}","templated":true}]}}