{"id":3449,"date":"2023-06-07T10:18:13","date_gmt":"2023-06-07T08:18:13","guid":{"rendered":"https:\/\/agora.xtec.cat\/ceipvalldeneu\/?page_id=3449"},"modified":"2024-06-05T10:36:53","modified_gmt":"2024-06-05T08:36:53","slug":"estrategia-digital-de-centre","status":"publish","type":"page","link":"https:\/\/agora.xtec.cat\/ceipvalldeneu\/estrategia-digital-de-centre\/","title":{"rendered":"Estrat\u00e8gia Digital de Centre"},"content":{"rendered":"<p><a href=\"https:\/\/agora.xtec.cat\/ceipvalldeneu\/wp-content\/uploads\/usu606\/2023\/06\/Captura.png\"><img loading=\"lazy\" decoding=\"async\" class=\"size-large wp-image-3450 alignright\" src=\"https:\/\/agora.xtec.cat\/ceipvalldeneu\/wp-content\/uploads\/usu606\/2023\/06\/Captura-1024x164.png\" alt=\"\" width=\"1024\" height=\"164\" srcset=\"https:\/\/agora.xtec.cat\/ceipvalldeneu\/wp-content\/uploads\/usu606\/2023\/06\/Captura-1024x164.png 1024w, https:\/\/agora.xtec.cat\/ceipvalldeneu\/wp-content\/uploads\/usu606\/2023\/06\/Captura-300x48.png 300w, https:\/\/agora.xtec.cat\/ceipvalldeneu\/wp-content\/uploads\/usu606\/2023\/06\/Captura-768x123.png 768w, https:\/\/agora.xtec.cat\/ceipvalldeneu\/wp-content\/uploads\/usu606\/2023\/06\/Captura.png 1089w\" sizes=\"auto, (max-width: 1024px) 100vw, 1024px\" \/><\/a><\/p>\n<p>&nbsp;<\/p>\n<p>&nbsp;<\/p>\n<p dir=\"ltr\"><a href=\"https:\/\/sites.google.com\/xtec.cat\/edcescolavalldeneu?usp=sharing\"><strong>L\u2019Estrat\u00e8gia Digital de Centre (EDC)<\/strong><\/a> \u00e9s un document que recull totes les accions que es realitzaran a mitj\u00e0 termini, per aconseguir la m\u00e0xima compet\u00e8ncia digital de l\u2019alumnat, de l&#8217;equip docent i del nostre centre.<\/p>\n<p dir=\"ltr\"><a href=\"https:\/\/sites.google.com\/xtec.cat\/edc-escola-valldeneu?usp=sharing\">Repositori<\/a> d&#8217;eines que utilitzem al centre.<\/p>\n","protected":false},"excerpt":{"rendered":"<p><a href=\"https:\/\/agora.xtec.cat\/ceipvalldeneu\/wp-content\/uploads\/usu606\/2023\/06\/Captura.png\"><\/a><br \/>\n&nbsp;<br \/>\n&nbsp;<br \/>\n<a href=\"https:\/\/sites.google.com\/xtec.cat\/edcescolavalldeneu?usp=sharing\">L\u2019Estrat\u00e8gia Digital de Centre (EDC)<\/a> \u00e9s un document que recull totes les accions que es realitzaran a mitj\u00e0 termini, per aconseguir la m\u00e0xima compet\u00e8ncia digital de l\u2019alumnat, de l&#8217;equip docent i del nostre centre.<br \/>\n<a href=\"https:\/\/sites.google.com\/xtec.cat\/edc-escola-valldeneu?usp=sharing\">Repositori<\/a> d&#8217;eines que utilitzem al centre.<\/p>\n","protected":false},"author":6,"featured_media":0,"parent":0,"menu_order":0,"comment_status":"closed","ping_status":"closed","template":"","meta":{"_bbp_topic_count":0,"_bbp_reply_count":0,"_bbp_total_topic_count":0,"_bbp_total_reply_count":0,"_bbp_voice_count":0,"_bbp_anonymous_reply_count":0,"_bbp_topic_count_hidden":0,"_bbp_reply_count_hidden":0,"_bbp_forum_subforum_count":0,"footnotes":""},"class_list":["post-3449","page","type-page","status-publish","hentry"],"post_mailing_queue_ids":[],"_links":{"self":[{"href":"https:\/\/agora.xtec.cat\/ceipvalldeneu\/wp-json\/wp\/v2\/pages\/3449","targetHints":{"allow":["GET"]}}],"collection":[{"href":"https:\/\/agora.xtec.cat\/ceipvalldeneu\/wp-json\/wp\/v2\/pages"}],"about":[{"href":"https:\/\/agora.xtec.cat\/ceipvalldeneu\/wp-json\/wp\/v2\/types\/page"}],"author":[{"embeddable":true,"href":"https:\/\/agora.xtec.cat\/ceipvalldeneu\/wp-json\/wp\/v2\/users\/6"}],"replies":[{"embeddable":true,"href":"https:\/\/agora.xtec.cat\/ceipvalldeneu\/wp-json\/wp\/v2\/comments?post=3449"}],"version-history":[{"count":6,"href":"https:\/\/agora.xtec.cat\/ceipvalldeneu\/wp-json\/wp\/v2\/pages\/3449\/revisions"}],"predecessor-version":[{"id":3630,"href":"https:\/\/agora.xtec.cat\/ceipvalldeneu\/wp-json\/wp\/v2\/pages\/3449\/revisions\/3630"}],"wp:attachment":[{"href":"https:\/\/agora.xtec.cat\/ceipvalldeneu\/wp-json\/wp\/v2\/media?parent=3449"}],"curies":[{"name":"wp","href":"https:\/\/api.w.org\/{rel}","templated":true}]}}