{"id":34,"date":"2014-09-18T12:32:18","date_gmt":"2014-09-18T11:32:18","guid":{"rendered":"http:\/\/agora.xtec.cat\/ceipvalldeneu\/?page_id=34"},"modified":"2025-04-10T15:14:52","modified_gmt":"2025-04-10T13:14:52","slug":"oferta-educativa","status":"publish","type":"page","link":"https:\/\/agora.xtec.cat\/ceipvalldeneu\/lescola\/oferta-educativa\/","title":{"rendered":"Oferta educativa"},"content":{"rendered":"<p style=\"text-align: justify;\">L&#8217;escola imparteix educaci\u00f3 infantil i prim\u00e0ria, des d&#8217;EI3 fins a 6\u00e8.<\/p>\n<p style=\"text-align: justify;\">Actualment hi ha 35 infants a l&#8217;escola:<\/p>\n<ul>\n<li style=\"list-style-type: none;\">\n<ul>\n<li style=\"text-align: justify;\"><strong>EI: <\/strong>10\u00a0alumnes<\/li>\n<li style=\"text-align: justify;\"><strong>1r, 2n i 3r:<\/strong> 12 alumnes<\/li>\n<li style=\"text-align: justify;\"><strong>4t i 5\u00e8 i\u00a0<\/strong><strong>6\u00e8:<\/strong> 13 alumnes<\/li>\n<\/ul>\n<\/li>\n<\/ul>\n","protected":false},"excerpt":{"rendered":"<p>L&#8217;escola imparteix educaci\u00f3 infantil i prim\u00e0ria, des d&#8217;EI3 fins a 6\u00e8.<br \/>\nActualment hi ha 35 infants a l&#8217;escola:<\/p>\n<ul>\n<li style=\"list-style-type: none;\">\n<ul>\n<li style=\"text-align: justify;\">EI: 10\u00a0alumnes<\/li>\n<li style=\"text-align: justify;\">1r, 2n i 3r: 12 alumnes<\/li>\n<li style=\"text-align: justify;\">4t i 5\u00e8 i\u00a06\u00e8: 13 alumnes<\/li>\n<\/ul>\n<\/li>\n<\/ul>\n","protected":false},"author":1,"featured_media":0,"parent":22,"menu_order":60,"comment_status":"closed","ping_status":"closed","template":"page-templates\/side-menu.php","meta":{"_bbp_topic_count":0,"_bbp_reply_count":0,"_bbp_total_topic_count":0,"_bbp_total_reply_count":0,"_bbp_voice_count":0,"_bbp_anonymous_reply_count":0,"_bbp_topic_count_hidden":0,"_bbp_reply_count_hidden":0,"_bbp_forum_subforum_count":0,"footnotes":""},"class_list":["post-34","page","type-page","status-publish","hentry"],"post_mailing_queue_ids":[],"_links":{"self":[{"href":"https:\/\/agora.xtec.cat\/ceipvalldeneu\/wp-json\/wp\/v2\/pages\/34","targetHints":{"allow":["GET"]}}],"collection":[{"href":"https:\/\/agora.xtec.cat\/ceipvalldeneu\/wp-json\/wp\/v2\/pages"}],"about":[{"href":"https:\/\/agora.xtec.cat\/ceipvalldeneu\/wp-json\/wp\/v2\/types\/page"}],"author":[{"embeddable":true,"href":"https:\/\/agora.xtec.cat\/ceipvalldeneu\/wp-json\/wp\/v2\/users\/1"}],"replies":[{"embeddable":true,"href":"https:\/\/agora.xtec.cat\/ceipvalldeneu\/wp-json\/wp\/v2\/comments?post=34"}],"version-history":[{"count":8,"href":"https:\/\/agora.xtec.cat\/ceipvalldeneu\/wp-json\/wp\/v2\/pages\/34\/revisions"}],"predecessor-version":[{"id":3713,"href":"https:\/\/agora.xtec.cat\/ceipvalldeneu\/wp-json\/wp\/v2\/pages\/34\/revisions\/3713"}],"up":[{"embeddable":true,"href":"https:\/\/agora.xtec.cat\/ceipvalldeneu\/wp-json\/wp\/v2\/pages\/22"}],"wp:attachment":[{"href":"https:\/\/agora.xtec.cat\/ceipvalldeneu\/wp-json\/wp\/v2\/media?parent=34"}],"curies":[{"name":"wp","href":"https:\/\/api.w.org\/{rel}","templated":true}]}}