{"id":30,"date":"2014-09-18T12:30:23","date_gmt":"2014-09-18T11:30:23","guid":{"rendered":"http:\/\/agora.xtec.cat\/ceipvalldeneu\/?page_id=30"},"modified":"2022-02-20T18:25:19","modified_gmt":"2022-02-20T17:25:19","slug":"instal%c2%b7lacions","status":"publish","type":"page","link":"https:\/\/agora.xtec.cat\/ceipvalldeneu\/lescola\/instal%c2%b7lacions\/","title":{"rendered":"Instal\u00b7lacions"},"content":{"rendered":"<p>La nostra escola est\u00e0 ubicada al nucli de l&#8217;Abella de Sant Mart\u00ed de Centelles.<\/p>\n<p>Som una escola formada per tres m\u00f2duls prefabricats: un dels m\u00f2duls cont\u00e9 l&#8217;aula d&#8217;educaci\u00f3 infantil i l&#8217;aula de cicle inicial amb els seus respectius lavabos i un petit espai on guardem material escolar. Un segon m\u00f2dul al costat cont\u00e9 les dues aules de cicle superior, amb el seu respectiu lavabo. Per \u00faltim, al tercer m\u00f2dul hi ha l&#8217;aula de cicle mitj\u00e0, el despatx, el menjador que tamb\u00e9 serveix d&#8217;aula polivalent, una petita sala de reunions o de treball del professorat i uns lavabos.<\/p>\n<p>Per a realitzar les activitats d&#8217;educaci\u00f3 f\u00edsica, a part d&#8217;aprofitar al m\u00e0xim el pati que tenim, anem a les pistes de l&#8217;Oller del nostre poble.<\/p>\n<p>La psicomotricitat dels petits es realitza en una aula cedida per l&#8217;Ajuntament de Sant Mart\u00ed situada a la llar d&#8217;infants, la qual est\u00e0 ubicada just al costat de l&#8217;escola.<\/p>\n<p>A l&#8217;escola tamb\u00e9 tenim un hort del qual neix un projecte que forma part de la hist\u00f2ria de Valldeneu.<\/p>\n<p><a href=\"http:\/\/agora.xtec.cat\/ceipvalldeneu\/wp-content\/uploads\/usu606\/2014\/09\/DSCN0064X.jpg\"><img loading=\"lazy\" decoding=\"async\" class=\" size-full wp-image-188 aligncenter\" src=\"http:\/\/agora.xtec.cat\/ceipvalldeneu\/wp-content\/uploads\/usu606\/2014\/09\/DSCN0064X.jpg\" alt=\"DSCN0064X\" width=\"448\" height=\"336\" \/><\/a><\/p>\n<p><a href=\"http:\/\/agora.xtec.cat\/ceipvalldeneu\/wp-content\/uploads\/usu606\/2014\/09\/DSCN0063X.jpg\"><img loading=\"lazy\" decoding=\"async\" class=\" size-full wp-image-187 aligncenter\" src=\"http:\/\/agora.xtec.cat\/ceipvalldeneu\/wp-content\/uploads\/usu606\/2014\/09\/DSCN0063X.jpg\" alt=\"DSCN0063X\" width=\"448\" height=\"336\" srcset=\"https:\/\/agora.xtec.cat\/ceipvalldeneu\/wp-content\/uploads\/usu606\/2014\/09\/DSCN0063X.jpg 448w, https:\/\/agora.xtec.cat\/ceipvalldeneu\/wp-content\/uploads\/usu606\/2014\/09\/DSCN0063X-300x225.jpg 300w, https:\/\/agora.xtec.cat\/ceipvalldeneu\/wp-content\/uploads\/usu606\/2014\/09\/DSCN0063X-200x150.jpg 200w\" sizes=\"auto, (max-width: 448px) 100vw, 448px\" \/><\/a><\/p>\n<p><a href=\"http:\/\/agora.xtec.cat\/ceipvalldeneu\/wp-content\/uploads\/usu606\/2014\/09\/hort1.jpg\"><br \/>\n<img loading=\"lazy\" decoding=\"async\" class=\"wp-image-543 aligncenter\" src=\"http:\/\/agora.xtec.cat\/ceipvalldeneu\/wp-content\/uploads\/usu606\/2014\/09\/hort1-1024x768.jpg\" alt=\"\" width=\"446\" height=\"335\" srcset=\"https:\/\/agora.xtec.cat\/ceipvalldeneu\/wp-content\/uploads\/usu606\/2014\/09\/hort1-1024x768.jpg 1024w, https:\/\/agora.xtec.cat\/ceipvalldeneu\/wp-content\/uploads\/usu606\/2014\/09\/hort1-300x225.jpg 300w, https:\/\/agora.xtec.cat\/ceipvalldeneu\/wp-content\/uploads\/usu606\/2014\/09\/hort1-768x576.jpg 768w, https:\/\/agora.xtec.cat\/ceipvalldeneu\/wp-content\/uploads\/usu606\/2014\/09\/hort1-200x150.jpg 200w, https:\/\/agora.xtec.cat\/ceipvalldeneu\/wp-content\/uploads\/usu606\/2014\/09\/hort1.jpg 1600w\" sizes=\"auto, (max-width: 446px) 100vw, 446px\" \/><\/a> <a href=\"http:\/\/agora.xtec.cat\/ceipvalldeneu\/wp-content\/uploads\/usu606\/2014\/09\/hort2.jpg\"><br \/>\n<img loading=\"lazy\" decoding=\"async\" class=\"wp-image-544 aligncenter\" src=\"http:\/\/agora.xtec.cat\/ceipvalldeneu\/wp-content\/uploads\/usu606\/2014\/09\/hort2-1024x768.jpg\" alt=\"\" width=\"450\" height=\"338\" srcset=\"https:\/\/agora.xtec.cat\/ceipvalldeneu\/wp-content\/uploads\/usu606\/2014\/09\/hort2-1024x768.jpg 1024w, https:\/\/agora.xtec.cat\/ceipvalldeneu\/wp-content\/uploads\/usu606\/2014\/09\/hort2-300x225.jpg 300w, https:\/\/agora.xtec.cat\/ceipvalldeneu\/wp-content\/uploads\/usu606\/2014\/09\/hort2-768x576.jpg 768w, https:\/\/agora.xtec.cat\/ceipvalldeneu\/wp-content\/uploads\/usu606\/2014\/09\/hort2-200x150.jpg 200w, https:\/\/agora.xtec.cat\/ceipvalldeneu\/wp-content\/uploads\/usu606\/2014\/09\/hort2.jpg 1600w\" sizes=\"auto, (max-width: 450px) 100vw, 450px\" \/><\/a> <a href=\"http:\/\/agora.xtec.cat\/ceipvalldeneu\/wp-content\/uploads\/usu606\/2014\/09\/pati1.jpg\"><br \/>\n<img loading=\"lazy\" decoding=\"async\" class=\"wp-image-545 aligncenter\" src=\"http:\/\/agora.xtec.cat\/ceipvalldeneu\/wp-content\/uploads\/usu606\/2014\/09\/pati1-1024x768.jpg\" alt=\"\" width=\"455\" height=\"341\" srcset=\"https:\/\/agora.xtec.cat\/ceipvalldeneu\/wp-content\/uploads\/usu606\/2014\/09\/pati1-1024x768.jpg 1024w, https:\/\/agora.xtec.cat\/ceipvalldeneu\/wp-content\/uploads\/usu606\/2014\/09\/pati1-300x225.jpg 300w, https:\/\/agora.xtec.cat\/ceipvalldeneu\/wp-content\/uploads\/usu606\/2014\/09\/pati1-768x576.jpg 768w, https:\/\/agora.xtec.cat\/ceipvalldeneu\/wp-content\/uploads\/usu606\/2014\/09\/pati1-200x150.jpg 200w, https:\/\/agora.xtec.cat\/ceipvalldeneu\/wp-content\/uploads\/usu606\/2014\/09\/pati1.jpg 1600w\" sizes=\"auto, (max-width: 455px) 100vw, 455px\" \/><\/a><\/p>\n<p>&nbsp;<\/p>\n<p>&nbsp;<\/p>\n","protected":false},"excerpt":{"rendered":"<p>La nostra escola est\u00e0 ubicada al nucli de l&#8217;Abella de Sant Mart\u00ed de Centelles.<br \/>\nSom una escola formada per tres m\u00f2duls prefabricats: un dels m\u00f2duls cont\u00e9 l&#8217;aula d&#8217;educaci\u00f3 infantil i l&#8217;aula de cicle inicial amb els seus respectius lavabos i un petit espai on guardem material&hellip;  <a href=\"https:\/\/agora.xtec.cat\/ceipvalldeneu\/lescola\/instal%c2%b7lacions\/\" title=\"Read Instal\u00b7lacions\">Llegeix m\u00e9s\u00bb<\/a><\/p>\n","protected":false},"author":1,"featured_media":0,"parent":22,"menu_order":40,"comment_status":"closed","ping_status":"closed","template":"page-templates\/side-menu.php","meta":{"_bbp_topic_count":0,"_bbp_reply_count":0,"_bbp_total_topic_count":0,"_bbp_total_reply_count":0,"_bbp_voice_count":0,"_bbp_anonymous_reply_count":0,"_bbp_topic_count_hidden":0,"_bbp_reply_count_hidden":0,"_bbp_forum_subforum_count":0,"footnotes":""},"class_list":["post-30","page","type-page","status-publish","hentry"],"post_mailing_queue_ids":[],"_links":{"self":[{"href":"https:\/\/agora.xtec.cat\/ceipvalldeneu\/wp-json\/wp\/v2\/pages\/30","targetHints":{"allow":["GET"]}}],"collection":[{"href":"https:\/\/agora.xtec.cat\/ceipvalldeneu\/wp-json\/wp\/v2\/pages"}],"about":[{"href":"https:\/\/agora.xtec.cat\/ceipvalldeneu\/wp-json\/wp\/v2\/types\/page"}],"author":[{"embeddable":true,"href":"https:\/\/agora.xtec.cat\/ceipvalldeneu\/wp-json\/wp\/v2\/users\/1"}],"replies":[{"embeddable":true,"href":"https:\/\/agora.xtec.cat\/ceipvalldeneu\/wp-json\/wp\/v2\/comments?post=30"}],"version-history":[{"count":4,"href":"https:\/\/agora.xtec.cat\/ceipvalldeneu\/wp-json\/wp\/v2\/pages\/30\/revisions"}],"predecessor-version":[{"id":3119,"href":"https:\/\/agora.xtec.cat\/ceipvalldeneu\/wp-json\/wp\/v2\/pages\/30\/revisions\/3119"}],"up":[{"embeddable":true,"href":"https:\/\/agora.xtec.cat\/ceipvalldeneu\/wp-json\/wp\/v2\/pages\/22"}],"wp:attachment":[{"href":"https:\/\/agora.xtec.cat\/ceipvalldeneu\/wp-json\/wp\/v2\/media?parent=30"}],"curies":[{"name":"wp","href":"https:\/\/api.w.org\/{rel}","templated":true}]}}