{"id":26,"date":"2017-10-05T13:00:32","date_gmt":"2017-10-05T11:00:32","guid":{"rendered":"http:\/\/agora.xtec.cat\/ceipvalldeneu\/?page_id=26"},"modified":"2024-01-31T10:46:54","modified_gmt":"2024-01-31T09:46:54","slug":"historia","status":"publish","type":"page","link":"https:\/\/agora.xtec.cat\/ceipvalldeneu\/lescola\/historia\/","title":{"rendered":"Hist\u00f2ria"},"content":{"rendered":"<p>Aquest \u00e9s el disset\u00e8 curs de l&#8217;escola Valldeneu a Sant Mart\u00ed de Centelles.<\/p>\n<p>Vam comen\u00e7ar amb tan sols un grup d&#8217;educaci\u00f3 infantil i ja fa onze cursos que l&#8217;escola ofereix tota l&#8217;escolaritzaci\u00f3 d&#8217;infantil i prim\u00e0ria.<\/p>\n<p>L&#8217;alumnat \u00e9s l&#8217;eix fonamental del projecte de l&#8217;escola Valldeneu. La nostra tasca \u00e9s acompanyar l&#8217;alumnat per tal que adquireixi les compet\u00e8ncies necess\u00e0ries per al seu desenvolupament maduratiu i personal, <span style=\"font-family: inherit; font-size: 1em;\">en un ambient motivador i respectu\u00f3s tenint en compte sempre les seves necessitats i coneixements.<\/span><\/p>\n<p>Tota la comunitat educativa compartim agradables moments en el dia a dia de l&#8217;escola!<\/p>\n<p>&nbsp;<\/p>\n","protected":false},"excerpt":{"rendered":"<p>Aquest \u00e9s el disset\u00e8 curs de l&#8217;escola Valldeneu a Sant Mart\u00ed de Centelles.<br \/>\nVam comen\u00e7ar amb tan sols un grup d&#8217;educaci\u00f3 infantil i ja fa onze cursos que l&#8217;escola ofereix tota l&#8217;escolaritzaci\u00f3 d&#8217;infantil i prim\u00e0ria.<br \/>\nL&#8217;alumnat \u00e9s l&#8217;eix fonamental del projecte de l&#8217;escola Valldeneu. La nostra tasca&hellip;  <a href=\"https:\/\/agora.xtec.cat\/ceipvalldeneu\/lescola\/historia\/\" title=\"Read Hist\u00f2ria\">Llegeix m\u00e9s\u00bb<\/a><\/p>\n","protected":false},"author":1,"featured_media":0,"parent":22,"menu_order":10,"comment_status":"closed","ping_status":"closed","template":"page-templates\/side-menu.php","meta":{"_bbp_topic_count":0,"_bbp_reply_count":0,"_bbp_total_topic_count":0,"_bbp_total_reply_count":0,"_bbp_voice_count":0,"_bbp_anonymous_reply_count":0,"_bbp_topic_count_hidden":0,"_bbp_reply_count_hidden":0,"_bbp_forum_subforum_count":0,"footnotes":""},"class_list":["post-26","page","type-page","status-publish","hentry"],"post_mailing_queue_ids":[],"_links":{"self":[{"href":"https:\/\/agora.xtec.cat\/ceipvalldeneu\/wp-json\/wp\/v2\/pages\/26","targetHints":{"allow":["GET"]}}],"collection":[{"href":"https:\/\/agora.xtec.cat\/ceipvalldeneu\/wp-json\/wp\/v2\/pages"}],"about":[{"href":"https:\/\/agora.xtec.cat\/ceipvalldeneu\/wp-json\/wp\/v2\/types\/page"}],"author":[{"embeddable":true,"href":"https:\/\/agora.xtec.cat\/ceipvalldeneu\/wp-json\/wp\/v2\/users\/1"}],"replies":[{"embeddable":true,"href":"https:\/\/agora.xtec.cat\/ceipvalldeneu\/wp-json\/wp\/v2\/comments?post=26"}],"version-history":[{"count":6,"href":"https:\/\/agora.xtec.cat\/ceipvalldeneu\/wp-json\/wp\/v2\/pages\/26\/revisions"}],"predecessor-version":[{"id":3532,"href":"https:\/\/agora.xtec.cat\/ceipvalldeneu\/wp-json\/wp\/v2\/pages\/26\/revisions\/3532"}],"up":[{"embeddable":true,"href":"https:\/\/agora.xtec.cat\/ceipvalldeneu\/wp-json\/wp\/v2\/pages\/22"}],"wp:attachment":[{"href":"https:\/\/agora.xtec.cat\/ceipvalldeneu\/wp-json\/wp\/v2\/media?parent=26"}],"curies":[{"name":"wp","href":"https:\/\/api.w.org\/{rel}","templated":true}]}}