{"id":228,"date":"2017-10-06T12:00:21","date_gmt":"2017-10-06T10:00:21","guid":{"rendered":"http:\/\/agora.xtec.cat\/ceipvalldeneu\/?page_id=228"},"modified":"2024-09-26T10:34:23","modified_gmt":"2024-09-26T08:34:23","slug":"claustre-2","status":"publish","type":"page","link":"https:\/\/agora.xtec.cat\/ceipvalldeneu\/lescola\/claustre-2\/","title":{"rendered":"Claustre"},"content":{"rendered":"<p><a href=\"https:\/\/agora.xtec.cat\/ceipvalldeneu\/wp-content\/uploads\/usu606\/2024\/09\/WhatsApp-Image-2024-09-26-at-10.30.23.jpeg\"><img loading=\"lazy\" decoding=\"async\" class=\"alignnone size-large wp-image-3636\" src=\"https:\/\/agora.xtec.cat\/ceipvalldeneu\/wp-content\/uploads\/usu606\/2024\/09\/WhatsApp-Image-2024-09-26-at-10.30.23-1024x768.jpeg\" alt=\"\" width=\"1024\" height=\"768\" srcset=\"https:\/\/agora.xtec.cat\/ceipvalldeneu\/wp-content\/uploads\/usu606\/2024\/09\/WhatsApp-Image-2024-09-26-at-10.30.23-1024x768.jpeg 1024w, https:\/\/agora.xtec.cat\/ceipvalldeneu\/wp-content\/uploads\/usu606\/2024\/09\/WhatsApp-Image-2024-09-26-at-10.30.23-300x225.jpeg 300w, https:\/\/agora.xtec.cat\/ceipvalldeneu\/wp-content\/uploads\/usu606\/2024\/09\/WhatsApp-Image-2024-09-26-at-10.30.23-768x576.jpeg 768w, https:\/\/agora.xtec.cat\/ceipvalldeneu\/wp-content\/uploads\/usu606\/2024\/09\/WhatsApp-Image-2024-09-26-at-10.30.23-1536x1152.jpeg 1536w, https:\/\/agora.xtec.cat\/ceipvalldeneu\/wp-content\/uploads\/usu606\/2024\/09\/WhatsApp-Image-2024-09-26-at-10.30.23-200x150.jpeg 200w, https:\/\/agora.xtec.cat\/ceipvalldeneu\/wp-content\/uploads\/usu606\/2024\/09\/WhatsApp-Image-2024-09-26-at-10.30.23.jpeg 2000w\" sizes=\"auto, (max-width: 1024px) 100vw, 1024px\" \/><\/a><\/p>\n<p>El nostre claustre d&#8217;aquest curs 24-25:<\/p>\n<ul style=\"list-style-type: disc;\">\n<li style=\"list-style-type: none;\">\n<ul>\n<li><strong>Patr\u00edcia Ira\u00f1eta: <\/strong>Directora, especialista de psicomotricitat i mestra de suport a infantil i prim\u00e0ria.<\/li>\n<li><strong>Eu Podall: <\/strong>Secret\u00e0ria, mestra de suport i mestra d&#8217;educaci\u00f3 visual i pl\u00e0stica.<\/li>\n<li><strong>Anna Sa\u00f1\u00e9:\u00a0<\/strong>Tutora d&#8217;educaci\u00f3 infantil i coordinadora de cicle.<\/li>\n<li><strong>Gl\u00f2ria Boix: <\/strong>Tutora de 1r, 2n i 3r i mestra especialista d&#8217;angl\u00e8s.<\/li>\n<li><strong>Sonia D\u00edaz: <\/strong>Tutora de 4t, 5\u00e8 i 6\u00e8 i mestra especialista d&#8217;educaci\u00f3 f\u00edsica. Coordinadora digital.<\/li>\n<li><strong>Guim Alberch:<\/strong> Mestre de m\u00fasica i de castell\u00e0.<\/li>\n<\/ul>\n<\/li>\n<\/ul>\n","protected":false},"excerpt":{"rendered":"<p><a href=\"https:\/\/agora.xtec.cat\/ceipvalldeneu\/wp-content\/uploads\/usu606\/2024\/09\/WhatsApp-Image-2024-09-26-at-10.30.23.jpeg\"><\/a><br \/>\nEl nostre claustre d&#8217;aquest curs 24-25:<\/p>\n<ul style=\"list-style-type: disc;\">\n<li style=\"list-style-type: none;\">\n<ul>\n<li>Patr\u00edcia Ira\u00f1eta: Directora, especialista de psicomotricitat i mestra de suport a infantil i prim\u00e0ria.<\/li>\n<li>Eu Podall: Secret\u00e0ria, mestra de suport i mestra d&#8217;educaci\u00f3 visual i pl\u00e0stica.<\/li>\n<li>Anna Sa\u00f1\u00e9:\u00a0Tutora d&#8217;educaci\u00f3 infantil i coordinadora de cicle.<\/li>\n<li>Gl\u00f2ria Boix: Tutora de&hellip;  <a href=\"https:\/\/agora.xtec.cat\/ceipvalldeneu\/lescola\/claustre-2\/\" title=\"Read Claustre\">Llegeix m\u00e9s\u00bb<\/a><br \/>\n","protected":false},"author":1,"featured_media":0,"parent":22,"menu_order":30,"comment_status":"closed","ping_status":"closed","template":"","meta":{"_bbp_topic_count":0,"_bbp_reply_count":0,"_bbp_total_topic_count":0,"_bbp_total_reply_count":0,"_bbp_voice_count":0,"_bbp_anonymous_reply_count":0,"_bbp_topic_count_hidden":0,"_bbp_reply_count_hidden":0,"_bbp_forum_subforum_count":0,"footnotes":""},"class_list":["post-228","page","type-page","status-publish","hentry"],"post_mailing_queue_ids":[],"_links":{"self":[{"href":"https:\/\/agora.xtec.cat\/ceipvalldeneu\/wp-json\/wp\/v2\/pages\/228","targetHints":{"allow":["GET"]}}],"collection":[{"href":"https:\/\/agora.xtec.cat\/ceipvalldeneu\/wp-json\/wp\/v2\/pages"}],"about":[{"href":"https:\/\/agora.xtec.cat\/ceipvalldeneu\/wp-json\/wp\/v2\/types\/page"}],"author":[{"embeddable":true,"href":"https:\/\/agora.xtec.cat\/ceipvalldeneu\/wp-json\/wp\/v2\/users\/1"}],"replies":[{"embeddable":true,"href":"https:\/\/agora.xtec.cat\/ceipvalldeneu\/wp-json\/wp\/v2\/comments?post=228"}],"version-history":[{"count":8,"href":"https:\/\/agora.xtec.cat\/ceipvalldeneu\/wp-json\/wp\/v2\/pages\/228\/revisions"}],"predecessor-version":[{"id":3638,"href":"https:\/\/agora.xtec.cat\/ceipvalldeneu\/wp-json\/wp\/v2\/pages\/228\/revisions\/3638"}],"up":[{"embeddable":true,"href":"https:\/\/agora.xtec.cat\/ceipvalldeneu\/wp-json\/wp\/v2\/pages\/22"}],"wp:attachment":[{"href":"https:\/\/agora.xtec.cat\/ceipvalldeneu\/wp-json\/wp\/v2\/media?parent=228"}],"curies":[{"name":"wp","href":"https:\/\/api.w.org\/{rel}","templated":true}]}}