{"id":396,"date":"2016-10-04T21:10:02","date_gmt":"2016-10-04T20:10:02","guid":{"rendered":"http:\/\/agora.xtec.cat\/ceipvalldelord\/?page_id=396"},"modified":"2019-10-23T10:05:23","modified_gmt":"2019-10-23T08:05:23","slug":"qui-som","status":"publish","type":"page","link":"https:\/\/agora.xtec.cat\/ceipvalldelord\/lescola\/qui-som\/","title":{"rendered":"Qui som"},"content":{"rendered":"<h4><sup><strong>EDUCACI\u00d3 INFANTIL<\/strong><\/sup><\/h4>\n<ul style=\"list-style-type: circle;\">\n<li><strong>Tutora I3\/I4:<\/strong> Maribel Ju\u00e1rez i Berta Lajara<\/li>\n<li><strong><strong>Tutora<\/strong> I4: <\/strong>Carme Sol\u00e9<\/li>\n<\/ul>\n<h4><sub><strong>EDUCACI\u00d3 PRIM\u00c0RIA<\/strong><\/sub><\/h4>\n<ul style=\"list-style-type: circle;\">\n<li><strong><strong>Tutores grup Petits: <\/strong><\/strong>Isabel Sotomayor<\/li>\n<li><strong><strong>Tutors grup Mitjans<\/strong>: <\/strong>Albert Fornells<\/li>\n<li><strong><strong>Tutora grup Grans<\/strong>: <\/strong>Carme Barcons i Elena Estany<\/li>\n<\/ul>\n<h4><sub><strong>ESPECIALISTES<\/strong><\/sub><\/h4>\n<ul style=\"list-style-type: circle;\">\n<li><strong>Angl\u00e8s:<\/strong>\u00a0M\u00f2nica Casamiquela<\/li>\n<li><strong>Educaci\u00f3 F\u00edsica: <\/strong>Elena Camarasa<\/li>\n<li><strong>Educaci\u00f3 Art\u00edstica: <\/strong>Laura Massan\u00e9s<\/li>\n<li><strong>Educaci\u00f3 Especial: <\/strong>Carme Barcons<\/li>\n<li><strong>Religi\u00f3: <\/strong>J\u00e8ssica Fernandez<\/li>\n<\/ul>\n<h4><sub><strong>EQUIP DIRECTIU<\/strong><\/sub><\/h4>\n<ul style=\"list-style-type: circle;\">\n<li><strong>Directora:<\/strong> Elena Camarasa<\/li>\n<li><strong>Cap d\u2019estudis:<\/strong> Isabel Sotomayor<\/li>\n<li><strong>Secret\u00e0ria<\/strong>: Carme Sol\u00e9<\/li>\n<li><strong>Administrativa:<\/strong> Maribel Rufete<\/li>\n<\/ul>\n<h4><sub><strong>SERVEIS EDUCATIUS<\/strong><\/sub><\/h4>\n<ul style=\"list-style-type: circle;\">\n<li><strong>CRP: <\/strong>Joan Corominas<\/li>\n<li><strong>EAP: <\/strong>Coloma Colell<\/li>\n<li><strong>Creda<\/strong>:\u00a0 Montse Ramonet<\/li>\n<li><strong>LIC: <\/strong>Maria Alba Vinyes<\/li>\n<\/ul>\n","protected":false},"excerpt":{"rendered":"<p>EDUCACI\u00d3 INFANTIL<\/p>\n<ul style=\"list-style-type: circle;\">\n<li>Tutora I3\/I4: Maribel Ju\u00e1rez i Berta Lajara<\/li>\n<li>Tutora I4: Carme Sol\u00e9<\/li>\n<\/ul>\n<p>EDUCACI\u00d3 PRIM\u00c0RIA<\/p>\n<ul style=\"list-style-type: circle;\">\n<li>Tutores grup Petits: Isabel Sotomayor<\/li>\n<li>Tutors grup Mitjans: Albert Fornells<\/li>\n<li>Tutora grup Grans: Carme Barcons i Elena Estany<\/li>\n<\/ul>\n<p>ESPECIALISTES<\/p>\n<ul style=\"list-style-type: circle;\">\n<li>Angl\u00e8s:\u00a0M\u00f2nica Casamiquela<\/li>\n<li>Educaci\u00f3 F\u00edsica: Elena Camarasa<\/li>\n<li>Educaci\u00f3 Art\u00edstica: Laura Massan\u00e9s<\/li>\n<li>Educaci\u00f3 Especial: Carme Barcons<\/li>\n<li>Religi\u00f3: J\u00e8ssica Fernandez<\/li>\n<\/ul>\n<p>EQUIP&hellip;  <a href=\"https:\/\/agora.xtec.cat\/ceipvalldelord\/lescola\/qui-som\/\" title=\"Read Qui som\">Llegeix m\u00e9s\u00bb<\/a><\/p>\n","protected":false},"author":1,"featured_media":0,"parent":22,"menu_order":35,"comment_status":"closed","ping_status":"closed","template":"page-templates\/side-menu.php","meta":{"_bbp_topic_count":0,"_bbp_reply_count":0,"_bbp_total_topic_count":0,"_bbp_total_reply_count":0,"_bbp_voice_count":0,"_bbp_anonymous_reply_count":0,"_bbp_topic_count_hidden":0,"_bbp_reply_count_hidden":0,"_bbp_forum_subforum_count":0,"footnotes":""},"class_list":["post-396","page","type-page","status-publish","hentry"],"post_mailing_queue_ids":[],"_links":{"self":[{"href":"https:\/\/agora.xtec.cat\/ceipvalldelord\/wp-json\/wp\/v2\/pages\/396","targetHints":{"allow":["GET"]}}],"collection":[{"href":"https:\/\/agora.xtec.cat\/ceipvalldelord\/wp-json\/wp\/v2\/pages"}],"about":[{"href":"https:\/\/agora.xtec.cat\/ceipvalldelord\/wp-json\/wp\/v2\/types\/page"}],"author":[{"embeddable":true,"href":"https:\/\/agora.xtec.cat\/ceipvalldelord\/wp-json\/wp\/v2\/users\/1"}],"replies":[{"embeddable":true,"href":"https:\/\/agora.xtec.cat\/ceipvalldelord\/wp-json\/wp\/v2\/comments?post=396"}],"version-history":[{"count":4,"href":"https:\/\/agora.xtec.cat\/ceipvalldelord\/wp-json\/wp\/v2\/pages\/396\/revisions"}],"predecessor-version":[{"id":2037,"href":"https:\/\/agora.xtec.cat\/ceipvalldelord\/wp-json\/wp\/v2\/pages\/396\/revisions\/2037"}],"up":[{"embeddable":true,"href":"https:\/\/agora.xtec.cat\/ceipvalldelord\/wp-json\/wp\/v2\/pages\/22"}],"wp:attachment":[{"href":"https:\/\/agora.xtec.cat\/ceipvalldelord\/wp-json\/wp\/v2\/media?parent=396"}],"curies":[{"name":"wp","href":"https:\/\/api.w.org\/{rel}","templated":true}]}}