{"id":38,"date":"2014-09-18T12:34:08","date_gmt":"2014-09-18T10:34:08","guid":{"rendered":"http:\/\/agora.xtec.cat\/ceipvalldelord\/?page_id=38"},"modified":"2017-09-23T09:45:01","modified_gmt":"2017-09-23T07:45:01","slug":"salut","status":"publish","type":"page","link":"https:\/\/agora.xtec.cat\/ceipvalldelord\/lescola\/salut\/","title":{"rendered":"Salut"},"content":{"rendered":"<h4 style=\"text-align: justify;\">Administraci\u00f3 de medicaments<\/h4>\n<p style=\"text-align: justify;\">Sobre l\u2019administraci\u00f3 de medicaments als alumnes, volem recordar que:<\/p>\n<p style=\"text-align: justify;\">Seguint les instruccions del Departament de Salut i la Societat Catalana de Pediatria, s\u2019ha incl\u00f2s el\u00a0<strong>paracetamol<\/strong>\u00a0a la farmaciola dels centres educatius de Catalunya. Per poder administrar-lo cal tenir autoritzaci\u00f3 signada dels pares, mares o tutors legals del l\u2019alumne.\u00a0<a href=\"https:\/\/drive.google.com\/file\/d\/0BzjEQmZnauEjZDBseVFlLXAyWm8\/view?usp=sharing\" target=\"_blank\" rel=\"noopener noreferrer\"><em>(annex1)<\/em><\/a><\/p>\n<p style=\"text-align: justify;\">Per poder administrar altres medicaments als alumnes, sempre que sigui\u00a0imprescindible fer-ho en horari lectiu, cal que els pares, mares o tutors legals aportin un informe m\u00e8dic on hi consti:<\/p>\n<p style=\"text-align: justify;\">&#8211; Nom i cognoms de l\u2019alumne\/a<br \/>\n&#8211; Nom del medicament que ha de prendre<br \/>\n&#8211; Pauta d\u2019administraci\u00f3<\/p>\n<p style=\"text-align: justify;\">Aix\u00ed mateix, el pare, mare o tutor\/a legal ha d\u2019aportar un escrit on es demani i\u00a0s\u2019autoritzi el personal del centre educatiu a administrar al fill o filla la medicaci\u00f3\u00a0prescrita, sempre que sigui imprescindible la seva administraci\u00f3 en horari lectiu\u00a0d\u2019acord amb la pauta esmentada.\u00a0<a href=\"https:\/\/drive.google.com\/file\/d\/0BzjEQmZnauEjSzNqZlZCaGVsV1k\/view?usp=sharing\" target=\"_blank\" rel=\"noopener noreferrer\"><em>(annex2)<\/em><\/a><\/p>\n<p style=\"text-align: justify;\">El personal del centre podr\u00e0 administrar un medicament nom\u00e9s en els casos en qu\u00e8\u00a0poguessin fer-ho el pare, la mare o el tutor\/a legal, sense una formaci\u00f3 especial; en\u00a0cas contrari, si el medicament l\u2019ha d\u2019administrar personal amb una formaci\u00f3\u00a0determinada, caldr\u00e0 que el centre es posi en contacte amb el centre d\u2019assist\u00e8ncia\u00a0prim\u00e0ria m\u00e9s proper.<\/p>\n<h4 style=\"text-align: justify;\">Al\u00b7l\u00e8rgies aliment\u00e0ries<\/h4>\n<p style=\"text-align: justify;\">La fam\u00edlia de l&#8217;alumne amb al\u00b7l\u00e8rgia aliment\u00e0ria i\/o al l\u00e0tex ha d&#8217;informar-ne els responsables del centre educatiu a l&#8217;inici de l&#8217;escolaritzaci\u00f3 o quan en tingui coneixement.<\/p>\n<p style=\"text-align: justify;\">La fam\u00edlia ha d&#8217;aportar al centre la\u00a0<strong>documentaci\u00f3<\/strong>\u00a0seg\u00fcent:<\/p>\n<ul style=\"text-align: justify;\">\n<li><strong>Informe m\u00e8dic\u00a0<\/strong>signat per l&#8217;equip sanitari responsable, on han de constar totes les dades de la malaltia de l&#8217;infant, les actuacions que cal fer i els tel\u00e8fons dels referents sanitaris.<\/li>\n<li>Impr\u00e8s signat amb la\u00a0<strong>recollida d&#8217;informaci\u00f3<\/strong>\u00a0on es detalla el tipus d&#8217;al\u00b7l\u00e8rgia de l&#8217;alumne, les vies d&#8217;entrada i el tipus de reacci\u00f3\u00a0<em>(<a class=\"descargar\" title=\"Obre finestra nova (descarregar document)\" href=\"http:\/\/educacio.gencat.cat\/documents\/FormularisModels\/SeguretatSalut\/A310.pdf\" target=\"_blank\" rel=\"noopener noreferrer\">annex 1<\/a>)<\/em>.<\/li>\n<li>Impr\u00e8s de\u00a0<strong>sol\u00b7licitud<\/strong>\u00a0signat i autoritzaci\u00f3 d&#8217;administraci\u00f3 de la medicaci\u00f3 prescrita i l&#8217;atenci\u00f3 espec\u00edfica prescrita i pautada pel metge o metgessa\u00a0<em>(<a class=\"descargar\" title=\"Obre finestra nova (descarregar document)\" href=\"http:\/\/educacio.gencat.cat\/documents\/FormularisModels\/SeguretatSalut\/A311.pdf\" target=\"_blank\" rel=\"noopener noreferrer\">annex 2<\/a>)<\/em>.<\/li>\n<\/ul>\n<h4 style=\"text-align: justify;\">Par\u00e0sits<\/h4>\n<h5 style=\"text-align: justify;\"><em><span id=\"Que_son_els_polls\">Qu\u00e8 s\u00f3n els polls?<\/span><\/em><\/h5>\n<p style=\"text-align: justify;\">Els polls s\u00f3n insectes que parasiten I\u2019home. Els del cap viuen als cabells i s\u2019alimenten de la sang que xuclen en picar el cuir cabellut. EI poll adult viu aproximadament un mes, durant aquest temps la femella fa de 5 a 10 ous (ll\u00e9menes) diaris. Les ll\u00e9menes s\u2019adhereixen als cabells i en un per\u00edode de 7 a 10 dies es transformen en polls adults.<br \/>\nLes ll\u00e9menes s\u00f3n petites, de color blanc i es localitzen preferentment al clatell i darrere de les orelles. La principal mol\u00e8stia que produeixen \u00e9s la picor.<\/p>\n<h5 style=\"text-align: justify;\"><em><span id=\"Mesures_preventives\">Mesures preventives<\/span><\/em><\/h5>\n<p style=\"text-align: justify;\">\u2022 Revisar els cabells de dos a tres cops per setmana.<br \/>\n\u2022 Rentar els cabells un parell de cops per setmana.<br \/>\n\u2022 Raspallar els cabells di\u00e0riament, procurant mantenir netes les pintes i raspalls.<br \/>\n\u2022 Informar als nens que I\u2019intercanvi de barrets, diademes, pintes, raspalls i altres objectes d\u2019us personal afavoreixen la contaminaci\u00f3.<\/p>\n<p style=\"text-align: justify;\">Cal tenir present que aquestes mesures s\u00f3n d\u2019higiene personal i s\u2019han de portar a terme de manera habitual.<\/p>\n<h5 style=\"text-align: justify;\"><em><span id=\"I_si_el_meu_filla_te_polls_que\">I si el meu fill\/a t\u00e9 polls, qu\u00e8?<\/span><\/em><\/h5>\n<p style=\"text-align: justify;\">1. Porti a terme el tractament adient. Pot demanar consell al pediatre o a la farm\u00e0cia.<br \/>\n2. EI seu fill\/a esta infestat,\u00a0<strong>NO POT VENIR A L\u2019ESCOLA<\/strong>\u00a0fins que tingui el cabell completament net. Si s\u2019han detectat polls des de casa cal comunicar-ho a l\u2019escola i l\u2019infant no podr\u00e0 assistir a classe fins que s\u2019hagi resolt el problema.\u00a0<strong>En cap cas es pot tornar\u00a0 l\u2019escola abans de les 24 hores<\/strong>.<br \/>\n3. Si s\u2019observa que el seu fill\/a esta infestat, ens posarem en contacte amb la fam\u00edlia perqu\u00e8 el\u00a0<strong>vinguin a recollir IMMEDIATAMENT<\/strong>.<\/p>\n<p style=\"text-align: justify;\">Si voleu\u00a0<a href=\"https:\/\/drive.google.com\/open?id=0BzjEQmZnauEjSVhOUmJ0MEh4NjQ\" target=\"_blank\" rel=\"noopener noreferrer\">m\u00e9s informaci\u00f3<\/a>.<\/p>\n","protected":false},"excerpt":{"rendered":"<p>Administraci\u00f3 de medicaments<br \/>\nSobre l\u2019administraci\u00f3 de medicaments als alumnes, volem recordar que:<br \/>\nSeguint les instruccions del Departament de Salut i la Societat Catalana de Pediatria, s\u2019ha incl\u00f2s el\u00a0paracetamol\u00a0a la farmaciola dels centres educatius de Catalunya. Per poder administrar-lo cal tenir autoritzaci\u00f3 signada dels pares, mares o tutors&hellip;  <a href=\"https:\/\/agora.xtec.cat\/ceipvalldelord\/lescola\/salut\/\" title=\"Read Salut\">Llegeix m\u00e9s\u00bb<\/a><\/p>\n","protected":false},"author":1,"featured_media":0,"parent":22,"menu_order":80,"comment_status":"closed","ping_status":"closed","template":"page-templates\/side-menu.php","meta":{"_bbp_topic_count":0,"_bbp_reply_count":0,"_bbp_total_topic_count":0,"_bbp_total_reply_count":0,"_bbp_voice_count":0,"_bbp_anonymous_reply_count":0,"_bbp_topic_count_hidden":0,"_bbp_reply_count_hidden":0,"_bbp_forum_subforum_count":0,"footnotes":""},"class_list":["post-38","page","type-page","status-publish","hentry"],"post_mailing_queue_ids":[],"_links":{"self":[{"href":"https:\/\/agora.xtec.cat\/ceipvalldelord\/wp-json\/wp\/v2\/pages\/38","targetHints":{"allow":["GET"]}}],"collection":[{"href":"https:\/\/agora.xtec.cat\/ceipvalldelord\/wp-json\/wp\/v2\/pages"}],"about":[{"href":"https:\/\/agora.xtec.cat\/ceipvalldelord\/wp-json\/wp\/v2\/types\/page"}],"author":[{"embeddable":true,"href":"https:\/\/agora.xtec.cat\/ceipvalldelord\/wp-json\/wp\/v2\/users\/1"}],"replies":[{"embeddable":true,"href":"https:\/\/agora.xtec.cat\/ceipvalldelord\/wp-json\/wp\/v2\/comments?post=38"}],"version-history":[{"count":4,"href":"https:\/\/agora.xtec.cat\/ceipvalldelord\/wp-json\/wp\/v2\/pages\/38\/revisions"}],"predecessor-version":[{"id":1257,"href":"https:\/\/agora.xtec.cat\/ceipvalldelord\/wp-json\/wp\/v2\/pages\/38\/revisions\/1257"}],"up":[{"embeddable":true,"href":"https:\/\/agora.xtec.cat\/ceipvalldelord\/wp-json\/wp\/v2\/pages\/22"}],"wp:attachment":[{"href":"https:\/\/agora.xtec.cat\/ceipvalldelord\/wp-json\/wp\/v2\/media?parent=38"}],"curies":[{"name":"wp","href":"https:\/\/api.w.org\/{rel}","templated":true}]}}