{"id":365,"date":"2016-09-30T15:13:49","date_gmt":"2016-09-30T14:13:49","guid":{"rendered":"http:\/\/agora.xtec.cat\/ceipvalldelord\/?page_id=365"},"modified":"2016-10-26T10:21:25","modified_gmt":"2016-10-26T08:21:25","slug":"pla-catala-esport-a-lescola","status":"publish","type":"page","link":"https:\/\/agora.xtec.cat\/ceipvalldelord\/projectes\/pla-catala-esport-a-lescola\/","title":{"rendered":"Pla Catal\u00e0 Esport a l&#8217;Escola"},"content":{"rendered":"<p style=\"text-align: center;\"><a href=\"http:\/\/esport.gencat.cat\/ca\/arees_dactuacio\/esport_escolar\/pla-catala-desport-a-lescola-pcee\/\" target=\"_blank\"><img loading=\"lazy\" decoding=\"async\" class=\"alignnone size-medium wp-image-560\" src=\"http:\/\/agora.xtec.cat\/ceipvalldelord\/wp-content\/uploads\/usu669\/2016\/09\/pla-catala-esport-escola-300x205.jpg\" alt=\"pla-catala-esport-escola\" width=\"300\" height=\"205\" srcset=\"https:\/\/agora.xtec.cat\/ceipvalldelord\/wp-content\/uploads\/usu669\/2016\/09\/pla-catala-esport-escola-300x205.jpg 300w, https:\/\/agora.xtec.cat\/ceipvalldelord\/wp-content\/uploads\/usu669\/2016\/09\/pla-catala-esport-escola-768x525.jpg 768w, https:\/\/agora.xtec.cat\/ceipvalldelord\/wp-content\/uploads\/usu669\/2016\/09\/pla-catala-esport-escola.jpg 827w\" sizes=\"auto, (max-width: 300px) 100vw, 300px\" \/><\/a><\/p>\n<h4 style=\"text-align: justify;\">Esport per a tothom<\/h4>\n<div style=\"text-align: justify;\">\n<div>\n<div>\n<div>\n<div>\n<p>El Govern de la Generalitat de Catalunya va creure necess\u00e0ria la impulsi\u00f3 d\u2019aquest Pla en base a l\u2019an\u00e0lisi d\u2019una s\u00e8rie de circumst\u00e0ncies entre les quals podem destacar les seg\u00fcents:<\/p>\n<ul>\n<li>\u00cdndex molt redu\u00eft de participaci\u00f3 de l\u2019alumnat en l\u2019esport escolar<\/li>\n<li>Increment dels h\u00e0bits sedentaris i de l\u2019obesitat, amb una incid\u00e8ncia preocupant en la poblaci\u00f3 infantil i juvenil<\/li>\n<li>Demanda social creixent en mat\u00e8ria de salut i benestar<\/li>\n<\/ul>\n<\/div>\n<\/div>\n<\/div>\n<\/div>\n<\/div>\n<div style=\"text-align: justify;\">\n<div>\n<div>\n<h4>Els objectius del Pla<\/h4>\n<div>\n<div>\n<p>El Pla pret\u00e9n posar a l\u2019abast de tots els alumnes de prim\u00e0ria i secund\u00e0ria la pr\u00e0ctica d\u2019activitats f\u00edsiques i esportives, i aprofitar el gran potencial d\u2019aquestes activitats per contribuir a la formaci\u00f3 personal i c\u00edvica dels nostres infants i joves.<br \/>\nM\u00e9s concretament, podem destacar els objectius seg\u00fcents:<\/p>\n<ul>\n<li>Incrementar la participaci\u00f3 en activitats f\u00edsiques i esportives en horari no lectiu de l\u2019alumnat dels centres educatius de prim\u00e0ria i de secund\u00e0ria, amb una incid\u00e8ncia especial en el col\u00b7lectiu de noies.<\/li>\n<li>Aprofitar el gran potencial educatiu i formatiu de les activitats f\u00edsiques i esportives, cercant la participaci\u00f3 per damunt de la competitivitat.<\/li>\n<li>Potenciar la funci\u00f3 integradora i de cohesi\u00f3 social de l\u2019esport escolar, facilitant l\u2019acc\u00e9s de tots els nens i nenes a la pr\u00e0ctica esportiva escolar, i en especial dels nouvinguts.<\/li>\n<li>Contribuir mitjan\u00e7ant la pr\u00e0ctica esportiva a la formaci\u00f3 en valors com la toler\u00e0ncia, el respecte als altres i a les regles, la confian\u00e7a en un mateix, l\u2019esfor\u00e7 de superaci\u00f3, l\u2019autocr\u00edtica, l\u2019autonomia, la capacitat de decisi\u00f3, l\u2019autogesti\u00f3, la cooperaci\u00f3, el treball en equip, entre d\u2019altres.<\/li>\n<li>Fomentar la pr\u00e0ctica regular d\u2019activitats f\u00edsiques i esportives i l\u2019adquisici\u00f3 d\u2019h\u00e0bits saludables que contribueixin a un millor benestar.<\/li>\n<li>Formar joves en els valors ciutadans mitjan\u00e7ant la seva participaci\u00f3 activa en la gesti\u00f3 de les associacions esportives escolars de nova creaci\u00f3.<\/li>\n<\/ul>\n<\/div>\n<\/div>\n<\/div>\n<\/div>\n<\/div>\n<div style=\"text-align: justify;\">\n<div>\n<div>\n<h4>Els agents del Pla<\/h4>\n<div>\n<div>\n<p>El desenvolupament d\u2019aquest Pla en el territori fa que sigui necess\u00e0ria la intervenci\u00f3 coordinada de diversos agents, entre els quals podem destacar els seg\u00fcents:<\/p>\n<ul>\n<li>Generalitat de Catalunya, mitjan\u00e7ant els Departaments d\u2019Ensenyament i de la Presid\u00e8ncia (Secretaria General de l\u2019Esport)<\/li>\n<li>Centres educatius p\u00fablics i concertats<\/li>\n<li>Consells Esportius<\/li>\n<li>Ajuntaments<\/li>\n<\/ul>\n<\/div>\n<\/div>\n<\/div>\n<\/div>\n<\/div>\n<div>\n<div>\n<div>\n<h4 style=\"text-align: justify;\">Els punts claus del Pla<\/h4>\n<div>\n<div>\n<p style=\"text-align: justify;\">El Pla es basa en una s\u00e8rie d\u2019actuacions entre les quals podem destacar les seg\u00fcents:<\/p>\n<ul>\n<li style=\"text-align: justify;\">Creaci\u00f3 de les Associacions Esportives Escolars als centres educatius, amb la participaci\u00f3 activa dels alumnes de secund\u00e0ria i de la resta de la comunitat educativa (equip directiu i AMPA), aix\u00ed com d\u2019exalumnes o d\u2019altres persones o entitats del barri.<\/li>\n<li style=\"text-align: justify;\">Coordinaci\u00f3 de les activitats, per mitj\u00e0 d\u2019un professor\/a del centre educatiu, principalment d\u2019Educaci\u00f3 F\u00edsica.<\/li>\n<li style=\"text-align: justify;\">Col\u00b7laboraci\u00f3 entre el centre educatiu, el consell esportiu i l\u2019ajuntament corresponent.<\/li>\n<li style=\"text-align: justify;\">Dinamitzaci\u00f3 per part dels l\u00edders del centre educatiu o del barri.<\/li>\n<li style=\"text-align: justify;\">Oferta d\u2019activitats f\u00edsiques i esportives que responguin als interessos i demandes canviants dels nois i de les noies.<\/li>\n<\/ul>\n<p style=\"text-align: center;\"><a href=\"http:\/\/agora.xtec.cat\/ceipvalldelord\/wp-content\/uploads\/usu669\/2016\/09\/logoaeemv.jpg\"><img loading=\"lazy\" decoding=\"async\" class=\"alignnone size-medium wp-image-563\" src=\"http:\/\/agora.xtec.cat\/ceipvalldelord\/wp-content\/uploads\/usu669\/2016\/09\/logoaeemv-300x274.jpg\" alt=\"logoaeemv\" width=\"300\" height=\"274\" srcset=\"https:\/\/agora.xtec.cat\/ceipvalldelord\/wp-content\/uploads\/usu669\/2016\/09\/logoaeemv-300x274.jpg 300w, https:\/\/agora.xtec.cat\/ceipvalldelord\/wp-content\/uploads\/usu669\/2016\/09\/logoaeemv.jpg 512w\" sizes=\"auto, (max-width: 300px) 100vw, 300px\" \/><\/a><\/p>\n<\/div>\n<\/div>\n<\/div>\n<\/div>\n<\/div>\n","protected":false},"excerpt":{"rendered":"<p><a href=\"http:\/\/esport.gencat.cat\/ca\/arees_dactuacio\/esport_escolar\/pla-catala-desport-a-lescola-pcee\/\" target=\"_blank\"><\/a><br \/>\nEsport per a tothom<\/p>\n<p>El Govern de la Generalitat de Catalunya va creure necess\u00e0ria la impulsi\u00f3 d\u2019aquest Pla en base a l\u2019an\u00e0lisi d\u2019una s\u00e8rie de circumst\u00e0ncies entre les quals podem destacar les seg\u00fcents:<\/p>\n<ul>\n<li>\u00cdndex molt redu\u00eft de participaci\u00f3 de l\u2019alumnat en l\u2019esport escolar<\/li>\n<li>Increment dels h\u00e0bits&hellip;  <a href=\"https:\/\/agora.xtec.cat\/ceipvalldelord\/projectes\/pla-catala-esport-a-lescola\/\" title=\"Read Pla Catal\u00e0 Esport a l&#8217;Escola\">Llegeix m\u00e9s\u00bb<\/a><br \/>\n","protected":false},"author":1,"featured_media":0,"parent":356,"menu_order":2,"comment_status":"closed","ping_status":"closed","template":"page-templates\/side-menu.php","meta":{"_bbp_topic_count":0,"_bbp_reply_count":0,"_bbp_total_topic_count":0,"_bbp_total_reply_count":0,"_bbp_voice_count":0,"_bbp_anonymous_reply_count":0,"_bbp_topic_count_hidden":0,"_bbp_reply_count_hidden":0,"_bbp_forum_subforum_count":0,"footnotes":""},"class_list":["post-365","page","type-page","status-publish","hentry"],"post_mailing_queue_ids":[],"_links":{"self":[{"href":"https:\/\/agora.xtec.cat\/ceipvalldelord\/wp-json\/wp\/v2\/pages\/365","targetHints":{"allow":["GET"]}}],"collection":[{"href":"https:\/\/agora.xtec.cat\/ceipvalldelord\/wp-json\/wp\/v2\/pages"}],"about":[{"href":"https:\/\/agora.xtec.cat\/ceipvalldelord\/wp-json\/wp\/v2\/types\/page"}],"author":[{"embeddable":true,"href":"https:\/\/agora.xtec.cat\/ceipvalldelord\/wp-json\/wp\/v2\/users\/1"}],"replies":[{"embeddable":true,"href":"https:\/\/agora.xtec.cat\/ceipvalldelord\/wp-json\/wp\/v2\/comments?post=365"}],"version-history":[{"count":3,"href":"https:\/\/agora.xtec.cat\/ceipvalldelord\/wp-json\/wp\/v2\/pages\/365\/revisions"}],"predecessor-version":[{"id":564,"href":"https:\/\/agora.xtec.cat\/ceipvalldelord\/wp-json\/wp\/v2\/pages\/365\/revisions\/564"}],"up":[{"embeddable":true,"href":"https:\/\/agora.xtec.cat\/ceipvalldelord\/wp-json\/wp\/v2\/pages\/356"}],"wp:attachment":[{"href":"https:\/\/agora.xtec.cat\/ceipvalldelord\/wp-json\/wp\/v2\/media?parent=365"}],"curies":[{"name":"wp","href":"https:\/\/api.w.org\/{rel}","templated":true}]}}