{"id":362,"date":"2016-09-30T15:12:46","date_gmt":"2016-09-30T14:12:46","guid":{"rendered":"http:\/\/agora.xtec.cat\/ceipvalldelord\/?page_id=362"},"modified":"2016-10-26T10:13:55","modified_gmt":"2016-10-26T08:13:55","slug":"escoles-verdes","status":"publish","type":"page","link":"https:\/\/agora.xtec.cat\/ceipvalldelord\/projectes\/escoles-verdes\/","title":{"rendered":"Escoles Verdes."},"content":{"rendered":"<p style=\"text-align: center;\"><a href=\"http:\/\/mediambient.gencat.cat\/ca\/05_ambits_dactuacio\/educacio_i_sostenibilitat\/educacio_per_a_la_sostenibilitat\/escoles_verdes\/el_programa_escoles_verdes\/\" target=\"_blank\"><img loading=\"lazy\" decoding=\"async\" class=\"alignnone size-full wp-image-558\" src=\"http:\/\/agora.xtec.cat\/ceipvalldelord\/wp-content\/uploads\/usu669\/2016\/09\/Escuelas_verdes_logodanielbond.gif\" alt=\"escuelas_verdes_logodanielbond\" width=\"200\" height=\"201\" \/><\/a><\/p>\n<p style=\"text-align: justify;\">El programa Escoles Verdes t\u00e9 la voluntat de millorar l\u2019escola d\u2019acord amb els nous reptes de l\u2019educaci\u00f3 i ho fa a trav\u00e9s de l\u2019objectiu de sensibilitzar, dinamitzar i donar suport a la comunitat educativa per tal que incorpori els principis i els valors de la <strong>sostenibilitat<\/strong> en tots els \u00e0mbits de la vida escolar.<\/p>\n<p style=\"text-align: justify;\">El programa vol promoure un canvi en la cultura de centre a trav\u00e9s de quatre <strong>contextos d\u2019acci\u00f3<\/strong>: el curr\u00edculum, l\u2019organitzaci\u00f3 i la participaci\u00f3, la gesti\u00f3 sostenible de recursos i materials i la implicaci\u00f3 en l\u2019entorn. Aix\u00ed doncs, ent\u00e9n que el proc\u00e9s educatiu que ha de provocar aquest canvi no nom\u00e9s es d\u00f3na a l\u2019aula, sin\u00f3 tamb\u00e9 en tots els moments i espais de la vida escolar.<\/p>\n<h4 style=\"text-align: justify;\">L\u2019ambientalitzaci\u00f3 curricular<\/h4>\n<p style=\"text-align: justify;\">Integrar l\u2019educaci\u00f3 per a la sostenibilitat en el projecte educatiu de centre i en totes les \u00e0rees que s\u2019imparteixen, potenciant els equips de treball interdisciplinaris i la realitzaci\u00f3 de projectes compartits i contextualitzats.<\/p>\n<h4 style=\"text-align: justify;\">Una escola participativa i disposada a canviar<\/h4>\n<p style=\"text-align: justify;\">Un canvi en l\u2019\u00e0mbit de la vida al centre i el clima escolar, que facilita la implicaci\u00f3 de tota la comunitat educativa (professorat, alumnat, fam\u00edlies, personal no docent,etc.) en la presa de decisions i en l\u2019acci\u00f3.<\/p>\n<h4 style=\"text-align: justify;\">Un equipament sostenible<\/h4>\n<p style=\"text-align: justify;\">L\u2019\u00fas de recursos i la gesti\u00f3 del centre en general ha de ser coherent amb el projecte educatiu, que el centre mateix sigui un exemple de com s\u2019ha d\u2019actuar per a la sostenibilitat, de coresponsabilitat amb la millora de l\u2019entorn.<\/p>\n<h4 style=\"text-align: justify;\">Una escola oberta i activa<\/h4>\n<p style=\"text-align: justify;\">Un centre integrat en el seu entorn proper, que realitza accions de millora i de dinamitzaci\u00f3 local que impliquen altres agents externs al centre, i que fa de l\u2019entorn immediat un element facilitador d\u2019aprenentatges, de capacitaci\u00f3 per a l\u2019acci\u00f3 responsable.<\/p>\n<div class=\"cos_bloc basic_text_peq pd-15\"><\/div>\n","protected":false},"excerpt":{"rendered":"<p><a href=\"http:\/\/mediambient.gencat.cat\/ca\/05_ambits_dactuacio\/educacio_i_sostenibilitat\/educacio_per_a_la_sostenibilitat\/escoles_verdes\/el_programa_escoles_verdes\/\" target=\"_blank\"><\/a><br \/>\nEl programa Escoles Verdes t\u00e9 la voluntat de millorar l\u2019escola d\u2019acord amb els nous reptes de l\u2019educaci\u00f3 i ho fa a trav\u00e9s de l\u2019objectiu de sensibilitzar, dinamitzar i donar suport a la comunitat educativa per tal que incorpori els principis i els valors&hellip;  <a href=\"https:\/\/agora.xtec.cat\/ceipvalldelord\/projectes\/escoles-verdes\/\" title=\"Read Escoles Verdes.\">Llegeix m\u00e9s\u00bb<\/a><\/p>\n","protected":false},"author":1,"featured_media":0,"parent":356,"menu_order":1,"comment_status":"closed","ping_status":"closed","template":"page-templates\/side-menu.php","meta":{"_bbp_topic_count":0,"_bbp_reply_count":0,"_bbp_total_topic_count":0,"_bbp_total_reply_count":0,"_bbp_voice_count":0,"_bbp_anonymous_reply_count":0,"_bbp_topic_count_hidden":0,"_bbp_reply_count_hidden":0,"_bbp_forum_subforum_count":0,"footnotes":""},"class_list":["post-362","page","type-page","status-publish","hentry"],"post_mailing_queue_ids":[],"_links":{"self":[{"href":"https:\/\/agora.xtec.cat\/ceipvalldelord\/wp-json\/wp\/v2\/pages\/362","targetHints":{"allow":["GET"]}}],"collection":[{"href":"https:\/\/agora.xtec.cat\/ceipvalldelord\/wp-json\/wp\/v2\/pages"}],"about":[{"href":"https:\/\/agora.xtec.cat\/ceipvalldelord\/wp-json\/wp\/v2\/types\/page"}],"author":[{"embeddable":true,"href":"https:\/\/agora.xtec.cat\/ceipvalldelord\/wp-json\/wp\/v2\/users\/1"}],"replies":[{"embeddable":true,"href":"https:\/\/agora.xtec.cat\/ceipvalldelord\/wp-json\/wp\/v2\/comments?post=362"}],"version-history":[{"count":3,"href":"https:\/\/agora.xtec.cat\/ceipvalldelord\/wp-json\/wp\/v2\/pages\/362\/revisions"}],"predecessor-version":[{"id":559,"href":"https:\/\/agora.xtec.cat\/ceipvalldelord\/wp-json\/wp\/v2\/pages\/362\/revisions\/559"}],"up":[{"embeddable":true,"href":"https:\/\/agora.xtec.cat\/ceipvalldelord\/wp-json\/wp\/v2\/pages\/356"}],"wp:attachment":[{"href":"https:\/\/agora.xtec.cat\/ceipvalldelord\/wp-json\/wp\/v2\/media?parent=362"}],"curies":[{"name":"wp","href":"https:\/\/api.w.org\/{rel}","templated":true}]}}