{"id":26,"date":"2014-09-18T12:24:32","date_gmt":"2014-09-18T11:24:32","guid":{"rendered":"http:\/\/agora.xtec.cat\/ceipvalldelord\/?page_id=26"},"modified":"2016-10-04T22:25:07","modified_gmt":"2016-10-04T21:25:07","slug":"historia","status":"publish","type":"page","link":"https:\/\/agora.xtec.cat\/ceipvalldelord\/lescola\/historia\/","title":{"rendered":"Hist\u00f2ria"},"content":{"rendered":"<p class=\"p1\" style=\"text-align: justify;\"><span class=\"s1\">El record m\u00e9s antic que es t\u00e9 de l\u2019escola Vall de Lord de Sant Lloren\u00e7 de Morunys \u00e9s que havia estat on ara est\u00e0 el dispensari m\u00e8dic de Sant Lloren\u00e7 de Morunys<\/span><\/p>\n<p class=\"p1\" style=\"text-align: justify;\"><span class=\"s1\">L\u2019any 1968 es va posar la primera pedra de la present escola Vall de Lord.<\/span><\/p>\n<p class=\"p1\" style=\"text-align: justify;\"><span class=\"s1\">Amb el pas del temps, l\u2019escola va anar creixent amb pisos i aquesta es va anar adaptant a les necessitats que el sistema educatiu anava imposant.<\/span><\/p>\n<p class=\"p1\" style=\"text-align: justify;\"><span class=\"s1\">L\u2019any 2006, per falta d\u2019espais, es va instal\u00b7lar un m\u00f2dul prefabricat al pati de l\u2019escola.\u00a0<\/span><\/p>\n<p class=\"p1\" style=\"text-align: justify;\">\n","protected":false},"excerpt":{"rendered":"<p>El record m\u00e9s antic que es t\u00e9 de l\u2019escola Vall de Lord de Sant Lloren\u00e7 de Morunys \u00e9s que havia estat on ara est\u00e0 el dispensari m\u00e8dic de Sant Lloren\u00e7 de Morunys<br \/>\nL\u2019any 1968 es va posar la primera pedra de la present escola Vall de&hellip;  <a href=\"https:\/\/agora.xtec.cat\/ceipvalldelord\/lescola\/historia\/\" title=\"Read Hist\u00f2ria\">Llegeix m\u00e9s\u00bb<\/a><\/p>\n","protected":false},"author":1,"featured_media":0,"parent":22,"menu_order":20,"comment_status":"closed","ping_status":"closed","template":"page-templates\/side-menu.php","meta":{"_bbp_topic_count":0,"_bbp_reply_count":0,"_bbp_total_topic_count":0,"_bbp_total_reply_count":0,"_bbp_voice_count":0,"_bbp_anonymous_reply_count":0,"_bbp_topic_count_hidden":0,"_bbp_reply_count_hidden":0,"_bbp_forum_subforum_count":0,"footnotes":""},"class_list":["post-26","page","type-page","status-publish","hentry"],"post_mailing_queue_ids":[],"_links":{"self":[{"href":"https:\/\/agora.xtec.cat\/ceipvalldelord\/wp-json\/wp\/v2\/pages\/26","targetHints":{"allow":["GET"]}}],"collection":[{"href":"https:\/\/agora.xtec.cat\/ceipvalldelord\/wp-json\/wp\/v2\/pages"}],"about":[{"href":"https:\/\/agora.xtec.cat\/ceipvalldelord\/wp-json\/wp\/v2\/types\/page"}],"author":[{"embeddable":true,"href":"https:\/\/agora.xtec.cat\/ceipvalldelord\/wp-json\/wp\/v2\/users\/1"}],"replies":[{"embeddable":true,"href":"https:\/\/agora.xtec.cat\/ceipvalldelord\/wp-json\/wp\/v2\/comments?post=26"}],"version-history":[{"count":3,"href":"https:\/\/agora.xtec.cat\/ceipvalldelord\/wp-json\/wp\/v2\/pages\/26\/revisions"}],"predecessor-version":[{"id":427,"href":"https:\/\/agora.xtec.cat\/ceipvalldelord\/wp-json\/wp\/v2\/pages\/26\/revisions\/427"}],"up":[{"embeddable":true,"href":"https:\/\/agora.xtec.cat\/ceipvalldelord\/wp-json\/wp\/v2\/pages\/22"}],"wp:attachment":[{"href":"https:\/\/agora.xtec.cat\/ceipvalldelord\/wp-json\/wp\/v2\/media?parent=26"}],"curies":[{"name":"wp","href":"https:\/\/api.w.org\/{rel}","templated":true}]}}