{"id":73,"date":"2014-09-18T14:01:51","date_gmt":"2014-09-18T14:01:51","guid":{"rendered":"http:\/\/agora.xtec.cat\/ceipvalldeflors\/?page_id=73"},"modified":"2018-11-12T13:44:28","modified_gmt":"2018-11-12T12:44:28","slug":"menjador-escolar","status":"publish","type":"page","link":"https:\/\/agora.xtec.cat\/ceipvalldeflors\/serveis\/menjador-escolar\/","title":{"rendered":"Menjador escolar"},"content":{"rendered":"<h2>PLA DE FUNCIONAMENT DEL MENJADOR ESCOLAR<a id=\"PLA\" name=\"PLA\"><\/a><\/h2>\n<p>L\u2019escola disposa de servei de menjador.<\/p>\n<p>Amb l&#8217;aprovaci\u00f3 del nou <strong>Pla de Funcionament del Servei de Menjador Escolar<\/strong>, s&#8217;han portat a terme diferents actuacions amb l&#8217;objectiu d&#8217;anar millorant la prestaci\u00f3 del servei i la formaci\u00f3 integral dels alumnes que en fan \u00fas.<\/p>\n<p>Els <strong>men\u00fas<\/strong> s&#8217;elaboren seguint les directrius dels Departaments de Salut i Ensenyament i amb la supervisi\u00f3 del CAP de Tremp.<\/p>\n<p>Hi ha un equip de monitores, coordinades amb les mestres responsables, que s\u2019encarreguen de vetllar pels nostres alumnes.<\/p>\n<p>Els usuaris <strong>fixes<\/strong> faran el pagament per domiciliaci\u00f3 banc\u00e0ria, i el preu del Servei per aquest curs ser\u00e0 de <strong>5, 80 euros<\/strong>.<\/p>\n<p>Els nens i nenes que es quedin a dinar de manera espor\u00e0dica poden adquirir el <strong>tiquet<\/strong> a La Caixa (i dipositar-lo a la b\u00fastia del menjador, abans de les 10 del mat\u00ed), o a la porta del menjador, en horari de 9:00 h a 9:30 h. En aquest cas el preu \u00e9s de <strong>6,40 euros.<\/strong><\/p>\n<p>Tamb\u00e9 a la porta del menjador, i de 9:00 h a 9:30 h, hi haur\u00e0 una persona per recollir les <strong>peticions<\/strong> de r\u00e8gim, medicaci\u00f3, etc. , complimentant les circulars corresponents.<\/p>\n<p>S\u2019afavoreix la <strong>comunicaci\u00f3 amb les fam\u00edlies<\/strong> i hem previst diferents models de comunicacions puntuals (en cas d\u2019accident i d\u2019altres incid\u00e8ncies), amb una agenda per als alumnes de P3 i amb els informes trimestrals.<\/p>\n<p>Recordem que tots els alumnes han de portar una <strong>bata<\/strong> destinada a menjador i marcada amb el nom.<\/p>\n<p>Aquest curs iniciem el raspallat de dents despr\u00e9s de dinar, seguint les recomanacions del Dep. de Salut i dintre del Projecte per la Salut que porta a terme el nostre Centre. Cal que cada nen\/a porti un <strong>raspall de dents<\/strong> (no cal pasta) convenientment protegit (caputxa), i marcat amb el seu nom, del qual faran \u00fas supervisats per les monitores,cada divendres se l&#8217;emportaran a casa.<\/p>\n<p>Els nens i nenes d\u2019<em><u>Educaci\u00f3 Infantil i Cicle Inicial\u00a0<\/u><\/em>dinaran a 12:10 h. a 13:10 h. Despr\u00e9s tindran una estona de descans i activitat tranquil\u00b7la, per acabar fent esbarjo i joc lliure.<br \/>\nEls nens i nenes de <em><u>Cicle Mitj\u00e0 i Superior<\/u><\/em>\u00a0dinaran a les 13:10 h. a 14:10 h., abans i despr\u00e9s tindran activitats i jocs lliures i\/o organitzats.<\/p>\n<p>Hi ha previstos uns espais de pati per al joc, aix\u00ed com d\u2019altres espais del centre per als dies de fred o pluja.<\/p>\n<p>Restem a la vostra disposici\u00f3 per a qualsevol aclariment, dubte o necessitat que us pugui sorgir.<br \/>\n<iframe loading=\"lazy\" src=\"https:\/\/e.issuu.com\/anonymous-embed.html?u=diegoroldangarcia&#038;d=programacio__menjador_18-19\" width=\"944\" height=\"500\" frameborder=\"0\" allowfullscreen=\"true\"><\/iframe><\/p>\n<p>Men\u00fa tardor-hivern:<br \/>\n<img loading=\"lazy\" decoding=\"async\" class=\"aligncenter size-large wp-image-1310\" src=\"http:\/\/agora.xtec.cat\/ceipvalldeflors\/wp-content\/uploads\/usu214\/2014\/09\/0001-2-1024x721.jpg\" alt=\"0001-2\" width=\"1024\" height=\"721\" srcset=\"https:\/\/agora.xtec.cat\/ceipvalldeflors\/wp-content\/uploads\/usu214\/2014\/09\/0001-2-1024x721.jpg 1024w, https:\/\/agora.xtec.cat\/ceipvalldeflors\/wp-content\/uploads\/usu214\/2014\/09\/0001-2-300x211.jpg 300w, https:\/\/agora.xtec.cat\/ceipvalldeflors\/wp-content\/uploads\/usu214\/2014\/09\/0001-2-768x541.jpg 768w\" sizes=\"auto, (max-width: 1024px) 100vw, 1024px\" \/><img loading=\"lazy\" decoding=\"async\" class=\"aligncenter size-large wp-image-1309\" src=\"http:\/\/agora.xtec.cat\/ceipvalldeflors\/wp-content\/uploads\/usu214\/2014\/09\/0002-1024x721.jpg\" alt=\"0002\" width=\"1024\" height=\"721\" srcset=\"https:\/\/agora.xtec.cat\/ceipvalldeflors\/wp-content\/uploads\/usu214\/2014\/09\/0002-1024x721.jpg 1024w, https:\/\/agora.xtec.cat\/ceipvalldeflors\/wp-content\/uploads\/usu214\/2014\/09\/0002-300x211.jpg 300w, https:\/\/agora.xtec.cat\/ceipvalldeflors\/wp-content\/uploads\/usu214\/2014\/09\/0002-768x541.jpg 768w\" sizes=\"auto, (max-width: 1024px) 100vw, 1024px\" \/><br \/>\nMen\u00fa primavera-estiu:<br \/>\n<img loading=\"lazy\" decoding=\"async\" src=\"http:\/\/agora.xtec.cat\/ceipvalldeflors\/wp-content\/uploads\/usu214\/2017\/05\/content-1-723x1024.jpg\" alt=\"content (1)\" width=\"723\" height=\"1024\" class=\"aligncenter size-large wp-image-1432\" srcset=\"https:\/\/agora.xtec.cat\/ceipvalldeflors\/wp-content\/uploads\/usu214\/2017\/05\/content-1-723x1024.jpg 723w, https:\/\/agora.xtec.cat\/ceipvalldeflors\/wp-content\/uploads\/usu214\/2017\/05\/content-1-212x300.jpg 212w, https:\/\/agora.xtec.cat\/ceipvalldeflors\/wp-content\/uploads\/usu214\/2017\/05\/content-1-768x1088.jpg 768w, https:\/\/agora.xtec.cat\/ceipvalldeflors\/wp-content\/uploads\/usu214\/2017\/05\/content-1.jpg 1168w\" sizes=\"auto, (max-width: 723px) 100vw, 723px\" \/><img loading=\"lazy\" decoding=\"async\" src=\"http:\/\/agora.xtec.cat\/ceipvalldeflors\/wp-content\/uploads\/usu214\/2017\/05\/content-723x1024.jpg\" alt=\"content\" width=\"723\" height=\"1024\" class=\"aligncenter size-large wp-image-1431\" srcset=\"https:\/\/agora.xtec.cat\/ceipvalldeflors\/wp-content\/uploads\/usu214\/2017\/05\/content-723x1024.jpg 723w, https:\/\/agora.xtec.cat\/ceipvalldeflors\/wp-content\/uploads\/usu214\/2017\/05\/content-212x300.jpg 212w, https:\/\/agora.xtec.cat\/ceipvalldeflors\/wp-content\/uploads\/usu214\/2017\/05\/content-768x1088.jpg 768w, https:\/\/agora.xtec.cat\/ceipvalldeflors\/wp-content\/uploads\/usu214\/2017\/05\/content.jpg 1168w\" sizes=\"auto, (max-width: 723px) 100vw, 723px\" \/><\/p>\n","protected":false},"excerpt":{"rendered":"<p>PLA DE FUNCIONAMENT DEL MENJADOR ESCOLAR<a id=\"PLA\" name=\"PLA\"><\/a><br \/>\nL\u2019escola disposa de servei de menjador.<br \/>\nAmb l&#8217;aprovaci\u00f3 del nou Pla de Funcionament del Servei de Menjador Escolar, s&#8217;han portat a terme diferents actuacions amb l&#8217;objectiu d&#8217;anar millorant la prestaci\u00f3 del servei i la formaci\u00f3 integral dels alumnes que&hellip;  <a href=\"https:\/\/agora.xtec.cat\/ceipvalldeflors\/serveis\/menjador-escolar\/\" title=\"Read Menjador escolar\">Llegeix m\u00e9s\u00bb<\/a><\/p>\n","protected":false},"author":2,"featured_media":0,"parent":66,"menu_order":30,"comment_status":"closed","ping_status":"closed","template":"page-templates\/side-menu.php","meta":{"_bbp_topic_count":0,"_bbp_reply_count":0,"_bbp_total_topic_count":0,"_bbp_total_reply_count":0,"_bbp_voice_count":0,"_bbp_anonymous_reply_count":0,"_bbp_topic_count_hidden":0,"_bbp_reply_count_hidden":0,"_bbp_forum_subforum_count":0,"footnotes":""},"class_list":["post-73","page","type-page","status-publish","hentry"],"post_mailing_queue_ids":[],"_links":{"self":[{"href":"https:\/\/agora.xtec.cat\/ceipvalldeflors\/wp-json\/wp\/v2\/pages\/73","targetHints":{"allow":["GET"]}}],"collection":[{"href":"https:\/\/agora.xtec.cat\/ceipvalldeflors\/wp-json\/wp\/v2\/pages"}],"about":[{"href":"https:\/\/agora.xtec.cat\/ceipvalldeflors\/wp-json\/wp\/v2\/types\/page"}],"author":[{"embeddable":true,"href":"https:\/\/agora.xtec.cat\/ceipvalldeflors\/wp-json\/wp\/v2\/users\/2"}],"replies":[{"embeddable":true,"href":"https:\/\/agora.xtec.cat\/ceipvalldeflors\/wp-json\/wp\/v2\/comments?post=73"}],"version-history":[{"count":3,"href":"https:\/\/agora.xtec.cat\/ceipvalldeflors\/wp-json\/wp\/v2\/pages\/73\/revisions"}],"predecessor-version":[{"id":13827,"href":"https:\/\/agora.xtec.cat\/ceipvalldeflors\/wp-json\/wp\/v2\/pages\/73\/revisions\/13827"}],"up":[{"embeddable":true,"href":"https:\/\/agora.xtec.cat\/ceipvalldeflors\/wp-json\/wp\/v2\/pages\/66"}],"wp:attachment":[{"href":"https:\/\/agora.xtec.cat\/ceipvalldeflors\/wp-json\/wp\/v2\/media?parent=73"}],"curies":[{"name":"wp","href":"https:\/\/api.w.org\/{rel}","templated":true}]}}