{"id":28,"date":"2014-09-18T12:29:35","date_gmt":"2014-09-18T12:29:35","guid":{"rendered":"http:\/\/agora.xtec.cat\/ceipvalldeflors\/?page_id=28"},"modified":"2025-04-28T10:41:06","modified_gmt":"2025-04-28T08:41:06","slug":"consell-escolar","status":"publish","type":"page","link":"https:\/\/agora.xtec.cat\/ceipvalldeflors\/lescola\/consell-escolar\/","title":{"rendered":"Equip Docent"},"content":{"rendered":"<p><strong>Tutories\u00a0<\/strong><\/p>\n<p><strong>Educaci\u00f3 Infantil:<\/strong><\/p>\n<p>3 anys : N\u00faria Sarroca Bellera<\/p>\n<p>4 anys A: Susana Sanabria Casado<\/p>\n<p>4 anys B: Anna Pedr\u00f3s Lafita<\/p>\n<p>5 anys A: Rosa Escol\u00e0 Mirabet<\/p>\n<p>5 anys B: Montse Capdevila Rubiol<\/p>\n<p>Suport a Ed.Infantil: Juanjo Badia<\/p>\n<p>T\u00e8cnica Ed. Infantil: Rosa piqu\u00e9 Piquer<\/p>\n<p>&nbsp;<\/p>\n<p><strong>Cicle Inicial:<\/strong><\/p>\n<p>1r A: \u00a0Anna Artola Angels<\/p>\n<p>2n B: Joana Tarr\u00e9<\/p>\n<p>2n A: M. Carme Porta Puig<\/p>\n<p><strong>Cicle Mitj\u00e0:<\/strong><\/p>\n<p>3r A: Sandra Mont\u00e1\u00f1ez Llad\u00f3s<\/p>\n<p>3r B: Isabel Garc\u00edaOrtiz<\/p>\n<p>4t A:M\u00edriam Castells Dias<\/p>\n<p>4t B:Clara Lluch Sol\u00e9<\/p>\n<p>&nbsp;<\/p>\n<p><strong>Cicle Superior:<\/strong><\/p>\n<p>5\u00e9 A: Marc Far\u00e9 cu\u00f1at<\/p>\n<p>5\u00e8 B: Marta Alins Azcona<\/p>\n<p>6\u00e8 A: D\u00e8lia Pino<\/p>\n<p>6\u00e8 B: Claudia Subarroca P\u00e9rez<\/p>\n<p><strong>Especialistes:<\/strong><\/p>\n<p>Angl\u00e8s: Marta Alins Azcona, Sandra Ortigosa Pons.<\/p>\n<p>M\u00fasica: L\u00eddia Puy Mul\u00e0 i Beth Orero<\/p>\n<p>Ed. Especial:\u00a0 Raquel Bullich Jos\u00e9.<\/p>\n<p>SIEI: Sandra Can\u00f3niga Franco i Mariona Muria<\/p>\n<p>TEE: M. Jos\u00e9 Do\u00f1ate L\u00e1zaro i Susana D\u00edaz Ru\u00e9.<\/p>\n<p>MALL: Devi Manzanares i Xavier Ortiz<\/p>\n<p>AEE: S\u00edlvia Gonz\u00e1lez Alegre<\/p>\n<p>AA: Nerea Mateu<\/p>\n<p>Ed. F\u00edsica: Diego Rold\u00e1n Garc\u00eda i Sergi L\u00f3pez<\/p>\n<p>Religi\u00f3: Sandra Sal\u00f3 Garc\u00eda.<\/p>\n<p>Suport Prim\u00e0ria: Amat Mir<\/p>\n<p><strong>Equip Directiu:<\/strong><\/p>\n<p>Administrativa: Ibana Mart\u00ednez Mu\u00f1oz<\/p>\n<p>Director: Diego Rold\u00e1n Garc\u00eda<\/p>\n<p>Cap d&#8217;estudis: Marta Hidalgo Borrego.<\/p>\n<p>Secret\u00e0ria: Cristina Salazar Ortiz<\/p>\n<p>&nbsp;<\/p>\n","protected":false},"excerpt":{"rendered":"<p>Tutories\u00a0<br \/>\nEducaci\u00f3 Infantil:<br \/>\n3 anys : N\u00faria Sarroca Bellera<br \/>\n4 anys A: Susana Sanabria Casado<br \/>\n4 anys B: Anna Pedr\u00f3s Lafita<br \/>\n5 anys A: Rosa Escol\u00e0 Mirabet<br \/>\n5 anys B: Montse Capdevila Rubiol<br \/>\nSuport a Ed.Infantil: Juanjo Badia<br \/>\nT\u00e8cnica Ed. Infantil: Rosa piqu\u00e9 Piquer<br \/>\n&nbsp;<br \/>\nCicle Inicial:<br \/>\n1r A: \u00a0Anna Artola Angels<br \/>\n2n B: Joana Tarr\u00e9<br \/>\n2n A:&hellip;  <a href=\"https:\/\/agora.xtec.cat\/ceipvalldeflors\/lescola\/consell-escolar\/\" title=\"Read Equip Docent\">Llegeix m\u00e9s\u00bb<\/a><\/p>\n","protected":false},"author":2,"featured_media":0,"parent":22,"menu_order":20,"comment_status":"closed","ping_status":"closed","template":"page-templates\/side-menu.php","meta":{"_bbp_topic_count":0,"_bbp_reply_count":0,"_bbp_total_topic_count":0,"_bbp_total_reply_count":0,"_bbp_voice_count":0,"_bbp_anonymous_reply_count":0,"_bbp_topic_count_hidden":0,"_bbp_reply_count_hidden":0,"_bbp_forum_subforum_count":0,"footnotes":""},"class_list":["post-28","page","type-page","status-publish","hentry"],"post_mailing_queue_ids":[],"_links":{"self":[{"href":"https:\/\/agora.xtec.cat\/ceipvalldeflors\/wp-json\/wp\/v2\/pages\/28","targetHints":{"allow":["GET"]}}],"collection":[{"href":"https:\/\/agora.xtec.cat\/ceipvalldeflors\/wp-json\/wp\/v2\/pages"}],"about":[{"href":"https:\/\/agora.xtec.cat\/ceipvalldeflors\/wp-json\/wp\/v2\/types\/page"}],"author":[{"embeddable":true,"href":"https:\/\/agora.xtec.cat\/ceipvalldeflors\/wp-json\/wp\/v2\/users\/2"}],"replies":[{"embeddable":true,"href":"https:\/\/agora.xtec.cat\/ceipvalldeflors\/wp-json\/wp\/v2\/comments?post=28"}],"version-history":[{"count":5,"href":"https:\/\/agora.xtec.cat\/ceipvalldeflors\/wp-json\/wp\/v2\/pages\/28\/revisions"}],"predecessor-version":[{"id":15303,"href":"https:\/\/agora.xtec.cat\/ceipvalldeflors\/wp-json\/wp\/v2\/pages\/28\/revisions\/15303"}],"up":[{"embeddable":true,"href":"https:\/\/agora.xtec.cat\/ceipvalldeflors\/wp-json\/wp\/v2\/pages\/22"}],"wp:attachment":[{"href":"https:\/\/agora.xtec.cat\/ceipvalldeflors\/wp-json\/wp\/v2\/media?parent=28"}],"curies":[{"name":"wp","href":"https:\/\/api.w.org\/{rel}","templated":true}]}}