{"id":230,"date":"2015-11-13T15:47:14","date_gmt":"2015-11-13T14:47:14","guid":{"rendered":"http:\/\/agora.xtec.cat\/ceipvalldeflors\/?page_id=230"},"modified":"2022-07-13T13:10:42","modified_gmt":"2022-07-13T11:10:42","slug":"ampa","status":"publish","type":"page","link":"https:\/\/agora.xtec.cat\/ceipvalldeflors\/ampa\/","title":{"rendered":"AFA"},"content":{"rendered":"<h1>ACTIVITATS I SERVEIS<\/h1>\n<p>Alguns dels serveis que oferim s\u00f3n:<\/p>\n<ul style=\"list-style-type: circle;\">\n<li>El servei d\u2019acollida d\u2019Infants de 8:00 h. a 9 h., tant de manera continuada com espor\u00e0dicament.<\/li>\n<li>La distribuci\u00f3 de llibres de text i xandall.<\/li>\n<li>Esplai Estiu<\/li>\n<li>Organitzaci\u00f3 d\u2019activitats extraescolars, tant de car\u00e0cter esportiu, l\u00fadic, quotidi\u00e0, cultural, art\u00edstic,.. dins i fora de l\u2019horari escolar per a alumnes, pares i mares.<\/li>\n<li>Ofereix butlletins informatius.<\/li>\n<li>Organitza cursos de formaci\u00f3, activitats i xerrades per a pares i mares.<\/li>\n<li><span style=\"font-family: inherit; font-size: 1em; line-height: 1.6;\">Col\u00b7labora en activitats l\u00fadiques, com Nadal, Jornada de Portes Obertes, llibre de Sant Jordi, organitzaci\u00f3 del sopar de final de curs.<\/span><\/li>\n<\/ul>\n<h1 style=\"text-align: left;\">ON ENS REUNIM<\/h1>\n<p>Tenim una oficina a la primera planta del centre i una b\u00fastia per a suggeriments.<br \/>\nFem assemblees on convoquem a tots els pares i les mares.<br \/>\nLa junta directiva es reuneix peri\u00f2dicament a nivell de junta i amb l\u2019Equip Directiu a fi de coordinar activitats, fer propostes.<\/p>\n","protected":false},"excerpt":{"rendered":"<p>ACTIVITATS I SERVEIS<br \/>\nAlguns dels serveis que oferim s\u00f3n:<\/p>\n<ul style=\"list-style-type: circle;\">\n<li>El servei d\u2019acollida d\u2019Infants de 8:00 h. a 9 h., tant de manera continuada com espor\u00e0dicament.<\/li>\n<li>La distribuci\u00f3 de llibres de text i xandall.<\/li>\n<li>Esplai Estiu<\/li>\n<li>Organitzaci\u00f3 d\u2019activitats extraescolars, tant de car\u00e0cter esportiu, l\u00fadic, quotidi\u00e0, cultural, art\u00edstic,.. dins i&hellip;  <a href=\"https:\/\/agora.xtec.cat\/ceipvalldeflors\/ampa\/\" title=\"Read AFA\">Llegeix m\u00e9s\u00bb<\/a><br \/>\n","protected":false},"author":1,"featured_media":0,"parent":0,"menu_order":0,"comment_status":"closed","ping_status":"closed","template":"","meta":{"_bbp_topic_count":0,"_bbp_reply_count":0,"_bbp_total_topic_count":0,"_bbp_total_reply_count":0,"_bbp_voice_count":0,"_bbp_anonymous_reply_count":0,"_bbp_topic_count_hidden":0,"_bbp_reply_count_hidden":0,"_bbp_forum_subforum_count":0,"footnotes":""},"class_list":["post-230","page","type-page","status-publish","hentry"],"post_mailing_queue_ids":[],"_links":{"self":[{"href":"https:\/\/agora.xtec.cat\/ceipvalldeflors\/wp-json\/wp\/v2\/pages\/230","targetHints":{"allow":["GET"]}}],"collection":[{"href":"https:\/\/agora.xtec.cat\/ceipvalldeflors\/wp-json\/wp\/v2\/pages"}],"about":[{"href":"https:\/\/agora.xtec.cat\/ceipvalldeflors\/wp-json\/wp\/v2\/types\/page"}],"author":[{"embeddable":true,"href":"https:\/\/agora.xtec.cat\/ceipvalldeflors\/wp-json\/wp\/v2\/users\/1"}],"replies":[{"embeddable":true,"href":"https:\/\/agora.xtec.cat\/ceipvalldeflors\/wp-json\/wp\/v2\/comments?post=230"}],"version-history":[{"count":3,"href":"https:\/\/agora.xtec.cat\/ceipvalldeflors\/wp-json\/wp\/v2\/pages\/230\/revisions"}],"predecessor-version":[{"id":15065,"href":"https:\/\/agora.xtec.cat\/ceipvalldeflors\/wp-json\/wp\/v2\/pages\/230\/revisions\/15065"}],"wp:attachment":[{"href":"https:\/\/agora.xtec.cat\/ceipvalldeflors\/wp-json\/wp\/v2\/media?parent=230"}],"curies":[{"name":"wp","href":"https:\/\/api.w.org\/{rel}","templated":true}]}}