{"id":15294,"date":"2025-04-22T10:43:26","date_gmt":"2025-04-22T08:43:26","guid":{"rendered":"https:\/\/agora.xtec.cat\/ceipvalldeflors\/?page_id=15294"},"modified":"2025-04-22T11:37:16","modified_gmt":"2025-04-22T09:37:16","slug":"pmoe-proa","status":"publish","type":"page","link":"https:\/\/agora.xtec.cat\/ceipvalldeflors\/pmoe-proa\/","title":{"rendered":"PMOE PROA +"},"content":{"rendered":"<p><a href=\"https:\/\/agora.xtec.cat\/ceipvalldeflors\/wp-content\/uploads\/usu214\/2025\/04\/PMOE.png\"><img loading=\"lazy\" decoding=\"async\" class=\"alignleft size-medium wp-image-15298\" src=\"https:\/\/agora.xtec.cat\/ceipvalldeflors\/wp-content\/uploads\/usu214\/2025\/04\/PMOE-300x201.png\" alt=\"\" width=\"300\" height=\"201\" srcset=\"https:\/\/agora.xtec.cat\/ceipvalldeflors\/wp-content\/uploads\/usu214\/2025\/04\/PMOE-300x201.png 300w, https:\/\/agora.xtec.cat\/ceipvalldeflors\/wp-content\/uploads\/usu214\/2025\/04\/PMOE-1024x686.png 1024w, https:\/\/agora.xtec.cat\/ceipvalldeflors\/wp-content\/uploads\/usu214\/2025\/04\/PMOE-768x514.png 768w, https:\/\/agora.xtec.cat\/ceipvalldeflors\/wp-content\/uploads\/usu214\/2025\/04\/PMOE.png 1080w\" sizes=\"auto, (max-width: 300px) 100vw, 300px\" \/><\/a><\/p>\n<p>&nbsp;<\/p>\n<p>&nbsp;<\/p>\n<p>&nbsp;<\/p>\n<p>&nbsp;<\/p>\n<p>&nbsp;<\/p>\n<p>El Pla de Millora d\u2019Oportunitats Educatives (PMOE), tamb\u00e9 conegut com PROA+ (Pla de Refor\u00e7, Orientaci\u00f3 i Avan\u00e7ament), \u00e9s una iniciativa educativa que busca millorar el rendiment acad\u00e8mic i les oportunitats dels estudiants, especialment aquells que podrien trobar-se en situacions de desavantatge o amb dificultats per aconseguir els objectius educatius establerts.<\/p>\n<p>Aquest pla generalment inclou una s\u00e8rie de mesures i estrat\u00e8gies dirigides a atendre les necessitats espec\u00edfiques dels alumnes. Algunes de les accions comunes podrien ser:<\/p>\n<ol>\n<li><strong>Refor\u00e7 Acad\u00e8mic:<\/strong>\u00a0Proporcionar suport addicional als estudiants amb dificultats en \u00e0rees espec\u00edfiques com matem\u00e0tiques o llengua, amb l\u2019objectiu de millorar el seu rendiment acad\u00e8mic.<\/li>\n<li><strong>Orientaci\u00f3 Educativa i Professional:<\/strong>\u00a0Ofereix orientaci\u00f3 als estudiants per ajudar-los a prendre decisions informades sobre el seu futur acad\u00e8mic i professional.<\/li>\n<li><strong>Activitats Extraescolars:<\/strong>\u00a0Pot incloure programes d\u2019activitats fora de l\u2019aula per enriquir l\u2019experi\u00e8ncia educativa dels estudiants i fomentar habilitats socials i emocionals.<\/li>\n<li><strong>Suport Psicol\u00f2gic i Emocional:<\/strong>\u00a0Proporcionar serveis de suport emocional i psicol\u00f2gic als estudiants que podrien estar experimentant dificultats en aquest \u00e0mbit.<\/li>\n<li><strong>Participaci\u00f3 de les Fam\u00edlies:<\/strong>\u00a0Involucrar les fam\u00edlies en el proc\u00e9s educatiu per assegurar una millor coordinaci\u00f3 i suport integral als estudiants.<\/li>\n<li><strong>Avaluaci\u00f3 i Seguiment:<\/strong>\u00a0Establir mecanismes per avaluar el progr\u00e9s dels estudiants i ajustar les estrat\u00e8gies segons les seves necessitats canviant.<\/li>\n<\/ol>\n<p>Aquests plans s\u00f3n dissenyats per respondre a les particularitats de cada centre educatiu i les necessitats espec\u00edfiques dels seus alumnes. Solen ser implementats per les institucions educatives amb el suport de recursos addicionals i col\u00b7laboraci\u00f3 amb altres agents educatius. L\u2019objectiu principal \u00e9s reduir les desigualtats i proporcionar a tots els estudiants les oportunitats necess\u00e0ries per tenir \u00e8xit en el seu desenvolupament acad\u00e8mic i personal.<\/p>\n<p>A continuaci\u00f3 \u00fas deixem l\u2019enlla\u00e7 del Departament d\u2019Educaci\u00f3.<\/p>\n<p><a href=\"https:\/\/educacio.gencat.cat\/ca\/departament\/linies-estrategiques\/equitat-educativa\/pla-millora-oportunitats-educatives\/index.html\">https:\/\/educacio.gencat.cat\/ca\/departament\/linies-estrategiques\/equitat-educativa\/pla-millora-oportunitats-educatives\/index.html<\/a><\/p>\n","protected":false},"excerpt":{"rendered":"<p><a href=\"https:\/\/agora.xtec.cat\/ceipvalldeflors\/wp-content\/uploads\/usu214\/2025\/04\/PMOE.png\"><\/a><br \/>\n&nbsp;<br \/>\n&nbsp;<br \/>\n&nbsp;<br \/>\n&nbsp;<br \/>\n&nbsp;<br \/>\nEl Pla de Millora d\u2019Oportunitats Educatives (PMOE), tamb\u00e9 conegut com PROA+ (Pla de Refor\u00e7, Orientaci\u00f3 i Avan\u00e7ament), \u00e9s una iniciativa educativa que busca millorar el rendiment acad\u00e8mic i les oportunitats dels estudiants, especialment aquells que podrien trobar-se en situacions de desavantatge o amb dificultats&hellip;  <a href=\"https:\/\/agora.xtec.cat\/ceipvalldeflors\/pmoe-proa\/\" title=\"Read PMOE PROA +\">Llegeix m\u00e9s\u00bb<\/a><\/p>\n","protected":false},"author":1,"featured_media":0,"parent":0,"menu_order":0,"comment_status":"closed","ping_status":"closed","template":"","meta":{"_bbp_topic_count":0,"_bbp_reply_count":0,"_bbp_total_topic_count":0,"_bbp_total_reply_count":0,"_bbp_voice_count":0,"_bbp_anonymous_reply_count":0,"_bbp_topic_count_hidden":0,"_bbp_reply_count_hidden":0,"_bbp_forum_subforum_count":0,"footnotes":""},"class_list":["post-15294","page","type-page","status-publish","hentry"],"post_mailing_queue_ids":[],"_links":{"self":[{"href":"https:\/\/agora.xtec.cat\/ceipvalldeflors\/wp-json\/wp\/v2\/pages\/15294","targetHints":{"allow":["GET"]}}],"collection":[{"href":"https:\/\/agora.xtec.cat\/ceipvalldeflors\/wp-json\/wp\/v2\/pages"}],"about":[{"href":"https:\/\/agora.xtec.cat\/ceipvalldeflors\/wp-json\/wp\/v2\/types\/page"}],"author":[{"embeddable":true,"href":"https:\/\/agora.xtec.cat\/ceipvalldeflors\/wp-json\/wp\/v2\/users\/1"}],"replies":[{"embeddable":true,"href":"https:\/\/agora.xtec.cat\/ceipvalldeflors\/wp-json\/wp\/v2\/comments?post=15294"}],"version-history":[{"count":2,"href":"https:\/\/agora.xtec.cat\/ceipvalldeflors\/wp-json\/wp\/v2\/pages\/15294\/revisions"}],"predecessor-version":[{"id":15299,"href":"https:\/\/agora.xtec.cat\/ceipvalldeflors\/wp-json\/wp\/v2\/pages\/15294\/revisions\/15299"}],"wp:attachment":[{"href":"https:\/\/agora.xtec.cat\/ceipvalldeflors\/wp-json\/wp\/v2\/media?parent=15294"}],"curies":[{"name":"wp","href":"https:\/\/api.w.org\/{rel}","templated":true}]}}