{"id":7654,"date":"2026-04-22T13:24:52","date_gmt":"2026-04-22T11:24:52","guid":{"rendered":"https:\/\/agora.xtec.cat\/ceipvalldaro\/?page_id=7654"},"modified":"2026-05-08T13:06:47","modified_gmt":"2026-05-08T11:06:47","slug":"ajuts-economics-individuals-de-menjador","status":"publish","type":"page","link":"https:\/\/agora.xtec.cat\/ceipvalldaro\/serveis\/menjador-escolar\/ajuts-economics-individuals-de-menjador\/","title":{"rendered":"Ajuts econ\u00f2mics individuals de menjador"},"content":{"rendered":"\n<h5 class=\"wp-block-heading\">Termini de presentaci\u00f3<\/h5>\n\n\n\n<p>El termini ordinari per presentar la sol\u00b7licitud de l\u2019ajut econ\u00f2mic individual de menjador escolar per al curs 2026-2027 \u00e9s del&nbsp; <\/p>\n\n\n\n<p><strong>4 de maig, a les 9 h, al 29 de maig de 2026, a les 14 h.&nbsp;&nbsp;<\/strong><\/p>\n\n\n\n<p>\u00c9s necessari que us identifiqueu amb: IdCat M\u00f2bil, Certificat digital, Cl@ve o DNI electr\u00f2nic<\/p>\n\n\n\n<p><strong><a href=\"https:\/\/assistent.aoc.cat\/idcatmobil\/\" target=\"_blank\" rel=\"noreferrer noopener\">Dona&#8217;t d&#8217;alta a idCat M\u00f2bil<\/a><\/strong><\/p>\n\n\n\n<div class=\"wp-block-group is-nowrap is-layout-flex wp-container-core-group-is-layout-1 wp-block-group-is-layout-flex\">\n<figure class=\"wp-block-image size-full is-resized\"><a href=\"https:\/\/baixemporda.eadministracio.cat\/?x=yPPPbG8xIP9YEZ1qc9wrb0E5Hf2YD-sEABNIuqxIYGLUzG-ragwCFmbcrapJMB78eW9DCJK2mylz6ur35Q4dEGzaHqRjVIO-FXJH*AoxokF4jswX85BPAmZBqjMvWQ6M1vjFy3ry62c\" target=\"_blank\" rel=\" noreferrer noopener\"><img loading=\"lazy\" decoding=\"async\" width=\"580\" height=\"461\" src=\"https:\/\/agora.xtec.cat\/ceipvalldaro\/wp-content\/uploads\/usu2403\/2026\/04\/banner-renovacio.jpg\" alt=\"\" class=\"wp-image-7781\" style=\"width:403px;height:auto\" srcset=\"https:\/\/agora.xtec.cat\/ceipvalldaro\/wp-content\/uploads\/usu2403\/2026\/04\/banner-renovacio.jpg 580w, https:\/\/agora.xtec.cat\/ceipvalldaro\/wp-content\/uploads\/usu2403\/2026\/04\/banner-renovacio-300x238.jpg 300w\" sizes=\"auto, (max-width: 580px) 100vw, 580px\" \/><\/a><figcaption class=\"wp-element-caption\">Es podr\u00e0 realitzar a partir del dia 4 de maig a les 9h<\/figcaption><\/figure>\n\n\n\n<figure class=\"wp-block-image size-full is-resized\"><a href=\"https:\/\/baixemporda.eadministracio.cat\/?x=yPPPbG8xIP9YEZ1qc9wrb0E5Hf2YD-sEABNIuqxIYGLUzG-ragwCFmbcrapJMB78eW9DCJK2mylz6ur35Q4dEGzaHqRjVIO-FXJH*AoxokF4jswX85BPAmZBqjMvWQ6M1vjFy3ry62c\" target=\"_blank\" rel=\" noreferrer noopener\"><img loading=\"lazy\" decoding=\"async\" width=\"580\" height=\"465\" src=\"https:\/\/agora.xtec.cat\/ceipvalldaro\/wp-content\/uploads\/usu2403\/2026\/04\/banner-nova.jpg\" alt=\"\" class=\"wp-image-7780\" style=\"width:409px;height:auto\" srcset=\"https:\/\/agora.xtec.cat\/ceipvalldaro\/wp-content\/uploads\/usu2403\/2026\/04\/banner-nova.jpg 580w, https:\/\/agora.xtec.cat\/ceipvalldaro\/wp-content\/uploads\/usu2403\/2026\/04\/banner-nova-300x241.jpg 300w\" sizes=\"auto, (max-width: 580px) 100vw, 580px\" \/><\/a><figcaption class=\"wp-element-caption\">Es podr\u00e0 realitzar a partir del dia 4 de maig a les 9h<\/figcaption><\/figure>\n<\/div>\n\n\n\n<p><strong><a href=\"https:\/\/accesvalidat.gestioeducativa.gencat.cat\/wayf\/wayf-IDP-IDP-v2025.html?entityID=https%3A%2F%2Faccesvalidat.gestioeducativa.gencat.cat%2Fords&amp;return=https%3A%2F%2Faccesvalidat.gestioeducativa.gencat.cat%2FShibboleth.sso%2FLogin%3FSAMLDS%3D1%26target%3Dss%253Amem%253A8883f8482bd38e05f7d32e8e9e051d42541da7ff3013386edea72e19cc667154\">Consulta l&#8217;IDALU de l&#8217;alumne\/a<\/a><\/strong><\/p>\n\n\n\n<p class=\"has-text-align-left\"><a href=\"https:\/\/www.youtube.com\/watch?v=v9RjuBD26wo&amp;t=8s\"><strong>V\u00eddeo informatiu del tr\u00e0mit<\/strong><\/a><\/p>\n\n\n\n<figure class=\"wp-block-image alignleft size-full is-resized\"><a href=\"https:\/\/agora.xtec.cat\/ceipvalldaro\/wp-content\/uploads\/usu2403\/2026\/04\/banner-video.jpg\"><img loading=\"lazy\" decoding=\"async\" width=\"588\" height=\"395\" src=\"https:\/\/agora.xtec.cat\/ceipvalldaro\/wp-content\/uploads\/usu2403\/2026\/04\/banner-video.jpg\" alt=\"\" class=\"wp-image-7794\" style=\"width:259px;height:auto\" srcset=\"https:\/\/agora.xtec.cat\/ceipvalldaro\/wp-content\/uploads\/usu2403\/2026\/04\/banner-video.jpg 588w, https:\/\/agora.xtec.cat\/ceipvalldaro\/wp-content\/uploads\/usu2403\/2026\/04\/banner-video-300x202.jpg 300w\" sizes=\"auto, (max-width: 588px) 100vw, 588px\" \/><\/a><\/figure>\n\n\n\n<p><\/p>\n\n\n\n<p><\/p>\n\n\n\n<p><\/p>\n\n\n\n<h5 class=\"wp-block-heading\">Com podeu sol\u00b7licitar l&#8217;Ajut presencialment<\/h5>\n\n\n\n<p>Si preferiu fer el tr\u00e0mit de manera presencial, podeu adre\u00e7ar-vos a<strong>&nbsp;l\u2019Oficina d\u2019Assist\u00e8ncia en Mat\u00e8ria de Registre (OAMR) del Consell Comarcal del Baix Empord\u00e0.<\/strong><\/p>\n\n\n\n<p>De Dilluns a divendres, de les 9 a les 14 hores. El 25 de maig \u00e9s  dia festiu a la Bisbal i no hi haur\u00e0 aquest servei per fer el tr\u00e0mit.<\/p>\n\n\n\n<p>C.Tarongers, n\u00fam.12<\/p>\n\n\n\n<p>17100 La Bisbal d\u2019Empord\u00e0<\/p>\n\n\n\n<p>Tel. 972 64 23 10<\/p>\n\n\n\n<p><strong><a href=\"https:\/\/agora.xtec.cat\/ceipvalldaro\/wp-content\/uploads\/usu2403\/2026\/04\/documents-necessaris-per-la-gestio-del-tramit2.pdf\" target=\"_blank\" rel=\"noreferrer noopener\">Documents necessaris per el tr\u00e0mit<\/a><\/strong><\/p>\n\n\n\n<p><strong><a href=\"https:\/\/agora.xtec.cat\/ceipvalldaro\/wp-content\/uploads\/usu2403\/2026\/04\/informacio-compactacio-ajut-dies-curs-2026-2027.pdf\" target=\"_blank\" rel=\"noreferrer noopener\">Informaci\u00f3 per la compactaci\u00f3 de l&#8217;Ajut<\/a><\/strong><\/p>\n\n\n\n<p><strong><a href=\"https:\/\/agora.xtec.cat\/ceipvalldaro\/wp-content\/uploads\/usu2403\/2026\/04\/faqs-AIMS-2526.pdf\" target=\"_blank\" rel=\"noreferrer noopener\">Preguntes freq\u00fcents<\/a><\/strong><\/p>\n\n\n\n<figure class=\"wp-block-image aligncenter size-full is-resized\"><a href=\"https:\/\/www.baixemporda.cat\/ca\/arees\/ensenyament\/ajuts-economics-beques\/ajuts-economics-individuals-de-menjador\/\" target=\"_blank\" rel=\" noreferrer noopener\"><img loading=\"lazy\" decoding=\"async\" width=\"384\" height=\"93\" src=\"https:\/\/agora.xtec.cat\/ceipvalldaro\/wp-content\/uploads\/usu2403\/2026\/04\/image.png\" alt=\"\" class=\"wp-image-7579\" style=\"width:244px;height:auto\" srcset=\"https:\/\/agora.xtec.cat\/ceipvalldaro\/wp-content\/uploads\/usu2403\/2026\/04\/image.png 384w, https:\/\/agora.xtec.cat\/ceipvalldaro\/wp-content\/uploads\/usu2403\/2026\/04\/image-300x73.png 300w\" sizes=\"auto, (max-width: 384px) 100vw, 384px\" \/><\/a><figcaption class=\"wp-element-caption\"><a href=\"https:\/\/www.baixemporda.cat\/ca\/arees\/ensenyament\/ajuts-economics-beques\/ajuts-economics-individuals-de-menjador-escolar\/\" target=\"_blank\" rel=\"noreferrer noopener\">+ Info<\/a><\/figcaption><\/figure>\n\n\n\n<p><\/p>\n","protected":false},"excerpt":{"rendered":"<p>Termini de presentaci\u00f3 El termini ordinari per presentar la sol\u00b7licitud de l\u2019ajut econ\u00f2mic individual de menjador escolar per al curs 2026-2027 \u00e9s del&nbsp; 4 de maig, a les 9 h, al 29 de maig de 2026, a les 14 h.&nbsp;&nbsp; \u00c9s necessari que us identifiqueu amb: IdCat M\u00f2bil, Certificat digital, Cl@ve o DNI electr\u00f2nic Dona&#8217;t [&hellip;]<\/p>\n","protected":false},"author":1,"featured_media":0,"parent":73,"menu_order":0,"comment_status":"closed","ping_status":"close","template":"","meta":{"_bbp_topic_count":0,"_bbp_reply_count":0,"_bbp_total_topic_count":0,"_bbp_total_reply_count":0,"_bbp_voice_count":0,"_bbp_anonymous_reply_count":0,"_bbp_topic_count_hidden":0,"_bbp_reply_count_hidden":0,"_bbp_forum_subforum_count":0,"site-sidebar-layout":"default","site-content-layout":"","ast-site-content-layout":"default","site-content-style":"default","site-sidebar-style":"default","ast-global-header-display":"","ast-banner-title-visibility":"","ast-main-header-display":"","ast-hfb-above-header-display":"","ast-hfb-below-header-display":"","ast-hfb-mobile-header-display":"","site-post-title":"","ast-breadcrumbs-content":"","ast-featured-img":"","footer-sml-layout":"","theme-transparent-header-meta":"","adv-header-id-meta":"","stick-header-meta":"","header-above-stick-meta":"","header-main-stick-meta":"","header-below-stick-meta":"","astra-migrate-meta-layouts":"set","ast-page-background-enabled":"default","ast-page-background-meta":{"desktop":{"background-color":"var(--ast-global-color-4)","background-image":"","background-repeat":"repeat","background-position":"center center","background-size":"auto","background-attachment":"scroll","background-type":"","background-media":"","overlay-type":"","overlay-color":"","overlay-opacity":"","overlay-gradient":""},"tablet":{"background-color":"","background-image":"","background-repeat":"repeat","background-position":"center center","background-size":"auto","background-attachment":"scroll","background-type":"","background-media":"","overlay-type":"","overlay-color":"","overlay-opacity":"","overlay-gradient":""},"mobile":{"background-color":"","background-image":"","background-repeat":"repeat","background-position":"center center","background-size":"auto","background-attachment":"scroll","background-type":"","background-media":"","overlay-type":"","overlay-color":"","overlay-opacity":"","overlay-gradient":""}},"ast-content-background-meta":{"desktop":{"background-color":"var(--ast-global-color-5)","background-image":"","background-repeat":"repeat","background-position":"center center","background-size":"auto","background-attachment":"scroll","background-type":"","background-media":"","overlay-type":"","overlay-color":"","overlay-opacity":"","overlay-gradient":""},"tablet":{"background-color":"var(--ast-global-color-5)","background-image":"","background-repeat":"repeat","background-position":"center center","background-size":"auto","background-attachment":"scroll","background-type":"","background-media":"","overlay-type":"","overlay-color":"","overlay-opacity":"","overlay-gradient":""},"mobile":{"background-color":"var(--ast-global-color-5)","background-image":"","background-repeat":"repeat","background-position":"center center","background-size":"auto","background-attachment":"scroll","background-type":"","background-media":"","overlay-type":"","overlay-color":"","overlay-opacity":"","overlay-gradient":""}},"footnotes":""},"class_list":["post-7654","page","type-page","status-publish","hentry"],"post_mailing_queue_ids":[],"_links":{"self":[{"href":"https:\/\/agora.xtec.cat\/ceipvalldaro\/wp-json\/wp\/v2\/pages\/7654","targetHints":{"allow":["GET"]}}],"collection":[{"href":"https:\/\/agora.xtec.cat\/ceipvalldaro\/wp-json\/wp\/v2\/pages"}],"about":[{"href":"https:\/\/agora.xtec.cat\/ceipvalldaro\/wp-json\/wp\/v2\/types\/page"}],"author":[{"embeddable":true,"href":"https:\/\/agora.xtec.cat\/ceipvalldaro\/wp-json\/wp\/v2\/users\/1"}],"replies":[{"embeddable":true,"href":"https:\/\/agora.xtec.cat\/ceipvalldaro\/wp-json\/wp\/v2\/comments?post=7654"}],"version-history":[{"count":6,"href":"https:\/\/agora.xtec.cat\/ceipvalldaro\/wp-json\/wp\/v2\/pages\/7654\/revisions"}],"predecessor-version":[{"id":7825,"href":"https:\/\/agora.xtec.cat\/ceipvalldaro\/wp-json\/wp\/v2\/pages\/7654\/revisions\/7825"}],"up":[{"embeddable":true,"href":"https:\/\/agora.xtec.cat\/ceipvalldaro\/wp-json\/wp\/v2\/pages\/73"}],"wp:attachment":[{"href":"https:\/\/agora.xtec.cat\/ceipvalldaro\/wp-json\/wp\/v2\/media?parent=7654"}],"curies":[{"name":"wp","href":"https:\/\/api.w.org\/{rel}","templated":true}]}}