{"id":7600,"date":"2026-04-22T10:25:07","date_gmt":"2026-04-22T08:25:07","guid":{"rendered":"https:\/\/agora.xtec.cat\/ceipvalldaro\/?page_id=7600"},"modified":"2026-04-23T08:39:27","modified_gmt":"2026-04-23T06:39:27","slug":"transport-escolar","status":"publish","type":"page","link":"https:\/\/agora.xtec.cat\/ceipvalldaro\/serveis\/transport-escolar\/","title":{"rendered":"Transport escolar"},"content":{"rendered":"\n<figure class=\"wp-block-image alignleft size-large is-resized\"><a href=\"https:\/\/agora.xtec.cat\/ceipvalldaro\/wp-content\/uploads\/usu2403\/2026\/04\/logo-ccbe-i-telefons.jpg\"><img loading=\"lazy\" decoding=\"async\" width=\"1024\" height=\"89\" src=\"https:\/\/agora.xtec.cat\/ceipvalldaro\/wp-content\/uploads\/usu2403\/2026\/04\/logo-ccbe-i-telefons-1024x89.jpg\" alt=\"\" class=\"wp-image-7601\" style=\"width:1200px;height:auto\" srcset=\"https:\/\/agora.xtec.cat\/ceipvalldaro\/wp-content\/uploads\/usu2403\/2026\/04\/logo-ccbe-i-telefons-1024x89.jpg 1024w, https:\/\/agora.xtec.cat\/ceipvalldaro\/wp-content\/uploads\/usu2403\/2026\/04\/logo-ccbe-i-telefons-300x26.jpg 300w, https:\/\/agora.xtec.cat\/ceipvalldaro\/wp-content\/uploads\/usu2403\/2026\/04\/logo-ccbe-i-telefons-768x67.jpg 768w, https:\/\/agora.xtec.cat\/ceipvalldaro\/wp-content\/uploads\/usu2403\/2026\/04\/logo-ccbe-i-telefons.jpg 1203w\" sizes=\"auto, (max-width: 1024px) 100vw, 1024px\" \/><\/a><\/figure>\n\n\n\n<div class=\"wp-block-group is-layout-grid wp-container-core-group-is-layout-1 wp-block-group-is-layout-grid\">\n<figure class=\"wp-block-image size-full\"><a href=\"https:\/\/www.baixemporda.cat\/ca\/arees\/ensenyament\/sol-licitud-de-transport-escolar-carnet-i-rutes\/transport-484121\/\" target=\"_blank\" rel=\" noreferrer noopener\"><img loading=\"lazy\" decoding=\"async\" width=\"285\" height=\"159\" src=\"https:\/\/agora.xtec.cat\/ceipvalldaro\/wp-content\/uploads\/usu2403\/2026\/04\/tr2526-1.jpg\" alt=\"\" class=\"wp-image-7622\"\/><\/a><\/figure>\n\n\n\n<figure class=\"wp-block-image size-full\"><a href=\"https:\/\/www.baixemporda.cat\/ca\/arees\/ensenyament\/sol-licitud-de-transport-escolar-carnet-i-rutes\/transport-escolar\/\" target=\"_blank\" rel=\" noreferrer noopener\"><img loading=\"lazy\" decoding=\"async\" width=\"281\" height=\"158\" src=\"https:\/\/agora.xtec.cat\/ceipvalldaro\/wp-content\/uploads\/usu2403\/2026\/04\/tr2627-1.jpg\" alt=\"\" class=\"wp-image-7623\"\/><\/a><\/figure>\n\n\n\n<figure class=\"wp-block-image size-full wp-container-content-1\"><a href=\"https:\/\/agora.xtec.cat\/ceipvalldaro\/wp-content\/uploads\/usu2403\/2026\/04\/ruta-8-8-e-els-estanys-e-fanals-d-aro-e-vall-d-aro-2780316.pdf\" target=\"_blank\" rel=\" noreferrer noopener\"><img loading=\"lazy\" decoding=\"async\" width=\"282\" height=\"157\" src=\"https:\/\/agora.xtec.cat\/ceipvalldaro\/wp-content\/uploads\/usu2403\/2026\/04\/ruta.jpg\" alt=\"\" class=\"wp-image-7605\"\/><\/a><\/figure>\n<\/div>\n\n\n\n<p><\/p>\n\n\n\n<h5 class=\"wp-block-heading\">Termini de presentaci\u00f3 per al curs 2026-2027<\/h5>\n\n\n\n<p><strong>Del<\/strong>&nbsp;<strong>4 de mar\u00e7,&nbsp;<\/strong>a les 9h, fins<strong>&nbsp;al 25 d&#8217;agost de 2026,&nbsp;<\/strong>a les 14h (ambd\u00f3s inclosos)<\/p>\n\n\n\n<p><strong><a href=\"https:\/\/agora.xtec.cat\/ceipvalldaro\/wp-content\/uploads\/usu2403\/2026\/04\/documents-necessaris-per-la-gestio-del-tramit-transport.pdf\" target=\"_blank\" rel=\"noreferrer noopener\">Documents necessaris per a la gesti\u00f3 del tr\u00e0mit<\/a><\/strong><\/p>\n\n\n\n<p><strong><a href=\"https:\/\/www.baixemporda.cat\/ca\/sol-licitud-transport-escolar\/\">Preguntes freq\u00fcents<\/a><\/strong><\/p>\n\n\n\n<p><strong><a href=\"https:\/\/www.baixemporda.cat\/ca\/arees\/ensenyament\/noticies\/preus-i-sistema-de-cobrament-del-servei-de-transport-escolar-no-obligatori-curs-2025-2026\/\" target=\"_blank\" rel=\"noreferrer noopener\">Preus i sistema de cobrament del servei de transport escolar no obligatori &#8211; curs 2025-2026<\/a><\/strong><\/p>\n\n\n\n<figure class=\"wp-block-image aligncenter size-full is-resized\"><a href=\"https:\/\/www.baixemporda.cat\/ca\/arees\/ensenyament\/sol-licitud-de-transport-escolar-carnet-i-rutes\/\" target=\"_blank\" rel=\" noreferrer noopener\"><img loading=\"lazy\" decoding=\"async\" width=\"384\" height=\"93\" src=\"https:\/\/agora.xtec.cat\/ceipvalldaro\/wp-content\/uploads\/usu2403\/2026\/04\/image.png\" alt=\"\" class=\"wp-image-7579\" style=\"width:244px;height:auto\" srcset=\"https:\/\/agora.xtec.cat\/ceipvalldaro\/wp-content\/uploads\/usu2403\/2026\/04\/image.png 384w, https:\/\/agora.xtec.cat\/ceipvalldaro\/wp-content\/uploads\/usu2403\/2026\/04\/image-300x73.png 300w\" sizes=\"auto, (max-width: 384px) 100vw, 384px\" \/><\/a><figcaption class=\"wp-element-caption\"><a href=\"https:\/\/www.baixemporda.cat\/ca\/arees\/ensenyament\/sol-licitud-de-transport-escolar-carnet-i-rutes\/\" target=\"_blank\" rel=\"noreferrer noopener\">+ INFO<\/a><\/figcaption><\/figure>\n\n\n\n<p><\/p>\n","protected":false},"excerpt":{"rendered":"<p>Termini de presentaci\u00f3 per al curs 2026-2027 Del&nbsp;4 de mar\u00e7,&nbsp;a les 9h, fins&nbsp;al 25 d&#8217;agost de 2026,&nbsp;a les 14h (ambd\u00f3s inclosos) Documents necessaris per a la gesti\u00f3 del tr\u00e0mit Preguntes freq\u00fcents Preus i sistema de cobrament del servei de transport escolar no obligatori &#8211; curs 2025-2026<\/p>\n","protected":false},"author":1,"featured_media":0,"parent":66,"menu_order":59,"comment_status":"closed","ping_status":"close","template":"","meta":{"_bbp_topic_count":0,"_bbp_reply_count":0,"_bbp_total_topic_count":0,"_bbp_total_reply_count":0,"_bbp_voice_count":0,"_bbp_anonymous_reply_count":0,"_bbp_topic_count_hidden":0,"_bbp_reply_count_hidden":0,"_bbp_forum_subforum_count":0,"site-sidebar-layout":"default","site-content-layout":"","ast-site-content-layout":"default","site-content-style":"default","site-sidebar-style":"default","ast-global-header-display":"","ast-banner-title-visibility":"","ast-main-header-display":"","ast-hfb-above-header-display":"","ast-hfb-below-header-display":"","ast-hfb-mobile-header-display":"","site-post-title":"","ast-breadcrumbs-content":"","ast-featured-img":"","footer-sml-layout":"","theme-transparent-header-meta":"","adv-header-id-meta":"","stick-header-meta":"","header-above-stick-meta":"","header-main-stick-meta":"","header-below-stick-meta":"","astra-migrate-meta-layouts":"set","ast-page-background-enabled":"default","ast-page-background-meta":{"desktop":{"background-color":"var(--ast-global-color-4)","background-image":"","background-repeat":"repeat","background-position":"center center","background-size":"auto","background-attachment":"scroll","background-type":"","background-media":"","overlay-type":"","overlay-color":"","overlay-opacity":"","overlay-gradient":""},"tablet":{"background-color":"","background-image":"","background-repeat":"repeat","background-position":"center center","background-size":"auto","background-attachment":"scroll","background-type":"","background-media":"","overlay-type":"","overlay-color":"","overlay-opacity":"","overlay-gradient":""},"mobile":{"background-color":"","background-image":"","background-repeat":"repeat","background-position":"center center","background-size":"auto","background-attachment":"scroll","background-type":"","background-media":"","overlay-type":"","overlay-color":"","overlay-opacity":"","overlay-gradient":""}},"ast-content-background-meta":{"desktop":{"background-color":"var(--ast-global-color-5)","background-image":"","background-repeat":"repeat","background-position":"center center","background-size":"auto","background-attachment":"scroll","background-type":"","background-media":"","overlay-type":"","overlay-color":"","overlay-opacity":"","overlay-gradient":""},"tablet":{"background-color":"var(--ast-global-color-5)","background-image":"","background-repeat":"repeat","background-position":"center center","background-size":"auto","background-attachment":"scroll","background-type":"","background-media":"","overlay-type":"","overlay-color":"","overlay-opacity":"","overlay-gradient":""},"mobile":{"background-color":"var(--ast-global-color-5)","background-image":"","background-repeat":"repeat","background-position":"center center","background-size":"auto","background-attachment":"scroll","background-type":"","background-media":"","overlay-type":"","overlay-color":"","overlay-opacity":"","overlay-gradient":""}},"footnotes":""},"class_list":["post-7600","page","type-page","status-publish","hentry"],"post_mailing_queue_ids":[],"_links":{"self":[{"href":"https:\/\/agora.xtec.cat\/ceipvalldaro\/wp-json\/wp\/v2\/pages\/7600","targetHints":{"allow":["GET"]}}],"collection":[{"href":"https:\/\/agora.xtec.cat\/ceipvalldaro\/wp-json\/wp\/v2\/pages"}],"about":[{"href":"https:\/\/agora.xtec.cat\/ceipvalldaro\/wp-json\/wp\/v2\/types\/page"}],"author":[{"embeddable":true,"href":"https:\/\/agora.xtec.cat\/ceipvalldaro\/wp-json\/wp\/v2\/users\/1"}],"replies":[{"embeddable":true,"href":"https:\/\/agora.xtec.cat\/ceipvalldaro\/wp-json\/wp\/v2\/comments?post=7600"}],"version-history":[{"count":6,"href":"https:\/\/agora.xtec.cat\/ceipvalldaro\/wp-json\/wp\/v2\/pages\/7600\/revisions"}],"predecessor-version":[{"id":7691,"href":"https:\/\/agora.xtec.cat\/ceipvalldaro\/wp-json\/wp\/v2\/pages\/7600\/revisions\/7691"}],"up":[{"embeddable":true,"href":"https:\/\/agora.xtec.cat\/ceipvalldaro\/wp-json\/wp\/v2\/pages\/66"}],"wp:attachment":[{"href":"https:\/\/agora.xtec.cat\/ceipvalldaro\/wp-json\/wp\/v2\/media?parent=7600"}],"curies":[{"name":"wp","href":"https:\/\/api.w.org\/{rel}","templated":true}]}}