{"id":73,"date":"2014-09-18T14:01:51","date_gmt":"2014-09-18T13:01:51","guid":{"rendered":"http:\/\/agora.xtec.cat\/ceipvalldaro\/?page_id=73"},"modified":"2026-04-28T08:27:55","modified_gmt":"2026-04-28T06:27:55","slug":"menjador-escolar","status":"publish","type":"page","link":"https:\/\/agora.xtec.cat\/ceipvalldaro\/serveis\/menjador-escolar\/","title":{"rendered":"Menjador escolar"},"content":{"rendered":"\n<figure class=\"wp-block-image alignleft size-full is-resized\"><a href=\"https:\/\/agora.xtec.cat\/ceipvalldaro\/wp-content\/uploads\/usu2403\/2026\/04\/image.png\"><img loading=\"lazy\" decoding=\"async\" width=\"384\" height=\"93\" src=\"https:\/\/agora.xtec.cat\/ceipvalldaro\/wp-content\/uploads\/usu2403\/2026\/04\/image.png\" alt=\"\" class=\"wp-image-7579\" style=\"width:244px;height:auto\" srcset=\"https:\/\/agora.xtec.cat\/ceipvalldaro\/wp-content\/uploads\/usu2403\/2026\/04\/image.png 384w, https:\/\/agora.xtec.cat\/ceipvalldaro\/wp-content\/uploads\/usu2403\/2026\/04\/image-300x73.png 300w\" sizes=\"auto, (max-width: 384px) 100vw, 384px\" \/><\/a><\/figure>\n\n\n<p>El servei de menjador el gestiona el Consell Comarcal del Baix Empord\u00e0.<\/p>\n<p>L\u2019empresa contractada pel Consell \u00e9s\u00a0<strong>AlimentArt.<\/strong><\/p>\n<h5 class=\"left\">Sol\u00b7licitud de Menjador escolar<\/h5>\n<p><a href=\"https:\/\/www.baixemporda.cat\/ca\/arees\/ensenyament\/sol-licitud-de-menjador-escolar\/menjador-escolar-483211\/\" target=\"_blank\" rel=\"noopener\"><img loading=\"lazy\" decoding=\"async\" class=\"alignnone size-full wp-image-7577\" src=\"https:\/\/agora.xtec.cat\/ceipvalldaro\/wp-content\/uploads\/usu2403\/2026\/04\/boto-menj-2526.jpg\" alt=\"\" width=\"280\" height=\"157\" \/><\/a> <a href=\"https:\/\/agora.xtec.cat\/ceipvalldaro\/serveis\/menjador-escolar\/ajuts-economics-individuals-de-menjador\/\" target=\"_blank\" rel=\"noopener\"><img loading=\"lazy\" decoding=\"async\" class=\"alignnone wp-image-7578 size-full\" src=\"https:\/\/agora.xtec.cat\/ceipvalldaro\/wp-content\/uploads\/usu2403\/2026\/04\/boto-menj-2627.jpg\" alt=\"\" width=\"284\" height=\"159\" \/><img loading=\"lazy\" decoding=\"async\" class=\"alignnone wp-image-7695 size-full\" src=\"https:\/\/agora.xtec.cat\/ceipvalldaro\/wp-content\/uploads\/usu2403\/2026\/04\/BOTO-AIMS.jpg\" alt=\"\" width=\"291\" height=\"168\" \/><\/a><\/p>\n<div id=\"widget-2030525\" class=\" widget-item widget-type-title\">\n<h6>Els men\u00fas mensuals els podeu consultar a trav\u00e9s de l&#8217;<a href=\"https:\/\/play.google.com\/store\/apps\/details?id=com.mediterranea.colegios&amp;pcampaignid=web_share\" target=\"_blank\" rel=\"noopener\">APP Mediterranea Educaci\u00f3<\/a>. + <span style=\"font-size: revert; background-color: rgba(0, 0, 0, 0); font-weight: inherit;\">Info: <\/span><a style=\"font-size: revert; background-color: rgba(0, 0, 0, 0); font-weight: inherit;\" href=\"https:\/\/www.baixemporda.cat\/ca\/carta-de-serveis\/ensenyament\/menus-escolars\/escola-vall-d-aro\/\" target=\"_blank\" rel=\"noopener\">AQU\u00cd<\/a><span style=\"font-size: revert; background-color: rgba(0, 0, 0, 0); font-weight: inherit;\">.<\/span><\/h6>\n<h6><a href=\"https:\/\/agora.xtec.cat\/ceipvalldaro\/wp-content\/uploads\/usu2403\/2026\/04\/abril.pdf\" target=\"_blank\" rel=\"noopener\">Men\u00fa d&#8217;abril<\/a><\/h6>\n<h6><a href=\"https:\/\/agora.xtec.cat\/ceipvalldaro\/wp-content\/uploads\/usu2403\/2026\/04\/maig.pdf\" target=\"_blank\" rel=\"noopener\"><strong>Men\u00fa de maig<\/strong><\/a><\/h6>\n<h5>\u00a0<\/h5>\n<h5 class=\"title1 text-left\">Termini de presentaci\u00f3 <strong>per al curs 2026-2027<\/strong><\/h5>\n<\/div>\n<div id=\"widget-2030526\" class=\" widget-item widget-type-text\">\n<div class=\"text text-columns-1 text-left\">\n<p><strong>Hi ha dos per\u00edodes per realitzar el tr\u00e0mit:<\/strong><\/p>\n<ul>\n<li>Del 4 de mar\u00e7, a les 9h, al 30 d&#8217;abril, a les 14h<\/li>\n<li>De l&#8217;1 de juny, a les 9h, i fins al dia 25 d&#8217;agost, a les 14h.<\/li>\n<\/ul>\n<p><a href=\"https:\/\/agora.xtec.cat\/ceipvalldaro\/wp-content\/uploads\/usu2403\/2026\/04\/documents-necessaris-per-la-gestio-del-tramit-menjador.pdf\" target=\"_blank\" rel=\"noopener\"><strong>Documents necessaris per la gesti\u00f3 del tr\u00e0mit<\/strong><\/a><\/p>\n<p><strong><a href=\"https:\/\/www.baixemporda.cat\/ca\/sol-licitud-menjador-escolar\/\" target=\"_blank\" rel=\"noopener\">Preguntes freq\u00fcents<\/a><\/strong><\/p>\n<h6 class=\"left\"><strong><a href=\"https:\/\/www.baixemporda.cat\/ca\/arees\/ensenyament\/noticies\/preus-i-sistema-de-cobrament-del-servei-de-menjador-escolar-no-obligatori-curs-2025-2026\/\" target=\"_blank\" rel=\"noopener\">Preus i sistema de cobrament del servei de menjador escolar no obligatori &#8211; curs 2025-2026<\/a><\/strong><\/h6>\n<\/div>\n<\/div>\n<div id=\"w187032\" class=\"widget-item widget-type-attachments flex-small-12 flex-medium-6 padded-inner\">\u00a0<\/div>\n\n\n<figure class=\"wp-block-image aligncenter size-full is-resized\"><a href=\"https:\/\/www.baixemporda.cat\/ca\/arees\/ensenyament\/sol-licitud-de-menjador-escolar\/\" target=\"_blank\" rel=\" noreferrer noopener\"><img loading=\"lazy\" decoding=\"async\" width=\"384\" height=\"93\" src=\"https:\/\/agora.xtec.cat\/ceipvalldaro\/wp-content\/uploads\/usu2403\/2026\/04\/image.png\" alt=\"\" class=\"wp-image-7579\" style=\"width:314px;height:auto\" srcset=\"https:\/\/agora.xtec.cat\/ceipvalldaro\/wp-content\/uploads\/usu2403\/2026\/04\/image.png 384w, https:\/\/agora.xtec.cat\/ceipvalldaro\/wp-content\/uploads\/usu2403\/2026\/04\/image-300x73.png 300w\" sizes=\"auto, (max-width: 384px) 100vw, 384px\" \/><\/a><figcaption class=\"wp-element-caption\"><a href=\"https:\/\/www.baixemporda.cat\/ca\/arees\/ensenyament\/sol-licitud-de-menjador-escolar\/\" target=\"_blank\" rel=\"noreferrer noopener\">+ INFO<\/a><\/figcaption><\/figure>\n","protected":false},"excerpt":{"rendered":"<p>El servei de menjador el gestiona el Consell Comarcal del Baix Empord\u00e0. L\u2019empresa contractada pel Consell \u00e9s\u00a0AlimentArt. Sol\u00b7licitud de Menjador escolar Els men\u00fas mensuals els podeu consultar a trav\u00e9s de l&#8217;APP Mediterranea Educaci\u00f3. + Info: AQU\u00cd. Men\u00fa d&#8217;abril Men\u00fa de maig \u00a0 Termini de presentaci\u00f3 per al curs 2026-2027 Hi ha dos per\u00edodes per realitzar [&hellip;]<\/p>\n","protected":false},"author":1,"featured_media":0,"parent":66,"menu_order":30,"comment_status":"closed","ping_status":"closed","template":"","meta":{"_bbp_topic_count":0,"_bbp_reply_count":0,"_bbp_total_topic_count":0,"_bbp_total_reply_count":0,"_bbp_voice_count":0,"_bbp_anonymous_reply_count":0,"_bbp_topic_count_hidden":0,"_bbp_reply_count_hidden":0,"_bbp_forum_subforum_count":0,"site-sidebar-layout":"default","site-content-layout":"","ast-site-content-layout":"default","site-content-style":"default","site-sidebar-style":"default","ast-global-header-display":"","ast-banner-title-visibility":"","ast-main-header-display":"","ast-hfb-above-header-display":"","ast-hfb-below-header-display":"","ast-hfb-mobile-header-display":"","site-post-title":"","ast-breadcrumbs-content":"","ast-featured-img":"","footer-sml-layout":"","theme-transparent-header-meta":"","adv-header-id-meta":"","stick-header-meta":"","header-above-stick-meta":"","header-main-stick-meta":"","header-below-stick-meta":"","astra-migrate-meta-layouts":"set","ast-page-background-enabled":"default","ast-page-background-meta":{"desktop":{"background-color":"var(--ast-global-color-4)","background-image":"","background-repeat":"repeat","background-position":"center center","background-size":"auto","background-attachment":"scroll","background-type":"","background-media":"","overlay-type":"","overlay-color":"","overlay-opacity":"","overlay-gradient":""},"tablet":{"background-color":"","background-image":"","background-repeat":"repeat","background-position":"center center","background-size":"auto","background-attachment":"scroll","background-type":"","background-media":"","overlay-type":"","overlay-color":"","overlay-opacity":"","overlay-gradient":""},"mobile":{"background-color":"","background-image":"","background-repeat":"repeat","background-position":"center center","background-size":"auto","background-attachment":"scroll","background-type":"","background-media":"","overlay-type":"","overlay-color":"","overlay-opacity":"","overlay-gradient":""}},"ast-content-background-meta":{"desktop":{"background-color":"var(--ast-global-color-5)","background-image":"","background-repeat":"repeat","background-position":"center center","background-size":"auto","background-attachment":"scroll","background-type":"","background-media":"","overlay-type":"","overlay-color":"","overlay-opacity":"","overlay-gradient":""},"tablet":{"background-color":"var(--ast-global-color-5)","background-image":"","background-repeat":"repeat","background-position":"center center","background-size":"auto","background-attachment":"scroll","background-type":"","background-media":"","overlay-type":"","overlay-color":"","overlay-opacity":"","overlay-gradient":""},"mobile":{"background-color":"var(--ast-global-color-5)","background-image":"","background-repeat":"repeat","background-position":"center center","background-size":"auto","background-attachment":"scroll","background-type":"","background-media":"","overlay-type":"","overlay-color":"","overlay-opacity":"","overlay-gradient":""}},"footnotes":""},"class_list":["post-73","page","type-page","status-publish","hentry"],"post_mailing_queue_ids":[],"_links":{"self":[{"href":"https:\/\/agora.xtec.cat\/ceipvalldaro\/wp-json\/wp\/v2\/pages\/73","targetHints":{"allow":["GET"]}}],"collection":[{"href":"https:\/\/agora.xtec.cat\/ceipvalldaro\/wp-json\/wp\/v2\/pages"}],"about":[{"href":"https:\/\/agora.xtec.cat\/ceipvalldaro\/wp-json\/wp\/v2\/types\/page"}],"author":[{"embeddable":true,"href":"https:\/\/agora.xtec.cat\/ceipvalldaro\/wp-json\/wp\/v2\/users\/1"}],"replies":[{"embeddable":true,"href":"https:\/\/agora.xtec.cat\/ceipvalldaro\/wp-json\/wp\/v2\/comments?post=73"}],"version-history":[{"count":6,"href":"https:\/\/agora.xtec.cat\/ceipvalldaro\/wp-json\/wp\/v2\/pages\/73\/revisions"}],"predecessor-version":[{"id":7765,"href":"https:\/\/agora.xtec.cat\/ceipvalldaro\/wp-json\/wp\/v2\/pages\/73\/revisions\/7765"}],"up":[{"embeddable":true,"href":"https:\/\/agora.xtec.cat\/ceipvalldaro\/wp-json\/wp\/v2\/pages\/66"}],"wp:attachment":[{"href":"https:\/\/agora.xtec.cat\/ceipvalldaro\/wp-json\/wp\/v2\/media?parent=73"}],"curies":[{"name":"wp","href":"https:\/\/api.w.org\/{rel}","templated":true}]}}