{"id":640,"date":"2021-09-30T18:40:21","date_gmt":"2021-09-30T16:40:21","guid":{"rendered":"https:\/\/agora.xtec.cat\/ceipvalldaro\/?page_id=640"},"modified":"2023-02-04T21:03:51","modified_gmt":"2023-02-04T20:03:51","slug":"dinamitzacio-de-patis","status":"publish","type":"page","link":"https:\/\/agora.xtec.cat\/ceipvalldaro\/projecte-educatiu\/dinamitzacio-de-patis\/","title":{"rendered":"Dinamitzaci\u00f3 de patis"},"content":{"rendered":"<p>Al curs 20-21 s&#8217;ha iniciat la DINAMITZACI\u00d3 DE PATI.<\/p>\n<p>Aquest projecte t\u00e9 per objectiu presentar a l&#8217;alumnat diferents propostes de lleure esportiu i de joc. El funcionament \u00e9s senzill. Un cop per setmana cada cicle t\u00e9, a m\u00e9s del pati, l&#8217;espai del gimn\u00e0s on hi ha una mestra i uns proposta d&#8217;activitats concreta. Aquestes propostes van vairan a llarg dels mesos.<\/p>\n<p>A m\u00e9s, cada classe t\u00e9 les seves caixes de material de joc, hi ha el Biliopati i, tamb\u00e9, hi ha activitats de LEGO.<\/p>\n<p>L&#8217;alumnat pot gaudir d&#8217;un munt de jocs. Des de jocs tradicionals catalans fins a jocs cooperatius, jocs de diferents parts del m\u00f3n i tamb\u00e9 esports individuals i col\u00b7lectius. I moltes m\u00e9s coses.<\/p>\n<p>La valoraci\u00f3 per part dels alumnes \u00e9s molt bona i de ben segur que any rere any seguirem fent-la!!! Aqu\u00ed teniu un tastet fotogr\u00e0fic.<\/p>\n<p><a href=\"https:\/\/photos.google.com\/share\/AF1QipOql6qc4pZ4N45RBNEjv7rUpHfCZ1uoshgqWlc9Fj8CB7S4RGG9ABnFKz9LhH8xBw?key=ZzhzZUVFTEstNWlrME9nZEE4dUZIUmt0OUZDNWVB\"><img loading=\"lazy\" decoding=\"async\" class=\"alignnone size-full wp-image-641\" src=\"https:\/\/agora.xtec.cat\/ceipvalldaro\/wp-content\/uploads\/usu2403\/2021\/09\/21654186-da73-4014-aa45-9b4f681a60c7.jpg\" alt=\"\" width=\"320\" height=\"240\" srcset=\"https:\/\/agora.xtec.cat\/ceipvalldaro\/wp-content\/uploads\/usu2403\/2021\/09\/21654186-da73-4014-aa45-9b4f681a60c7.jpg 320w, https:\/\/agora.xtec.cat\/ceipvalldaro\/wp-content\/uploads\/usu2403\/2021\/09\/21654186-da73-4014-aa45-9b4f681a60c7-300x225.jpg 300w, https:\/\/agora.xtec.cat\/ceipvalldaro\/wp-content\/uploads\/usu2403\/2021\/09\/21654186-da73-4014-aa45-9b4f681a60c7-200x150.jpg 200w\" sizes=\"auto, (max-width: 320px) 100vw, 320px\" \/><\/a><\/p>\n","protected":false},"excerpt":{"rendered":"<p>Al curs 20-21 s&#8217;ha iniciat la DINAMITZACI\u00d3 DE PATI. Aquest projecte t\u00e9 per objectiu presentar a l&#8217;alumnat diferents propostes de lleure esportiu i de joc. El funcionament \u00e9s senzill. Un cop per setmana cada cicle t\u00e9, a m\u00e9s del pati, l&#8217;espai del gimn\u00e0s on hi ha una mestra i uns proposta d&#8217;activitats concreta. Aquestes propostes [&hellip;]<\/p>\n","protected":false},"author":1,"featured_media":0,"parent":64,"menu_order":7,"comment_status":"closed","ping_status":"closed","template":"page-templates\/side-menu.php","meta":{"_bbp_topic_count":0,"_bbp_reply_count":0,"_bbp_total_topic_count":0,"_bbp_total_reply_count":0,"_bbp_voice_count":0,"_bbp_anonymous_reply_count":0,"_bbp_topic_count_hidden":0,"_bbp_reply_count_hidden":0,"_bbp_forum_subforum_count":0,"site-sidebar-layout":"default","site-content-layout":"","ast-site-content-layout":"","site-content-style":"default","site-sidebar-style":"default","ast-global-header-display":"","ast-banner-title-visibility":"","ast-main-header-display":"","ast-hfb-above-header-display":"","ast-hfb-below-header-display":"","ast-hfb-mobile-header-display":"","site-post-title":"","ast-breadcrumbs-content":"","ast-featured-img":"","footer-sml-layout":"","theme-transparent-header-meta":"","adv-header-id-meta":"","stick-header-meta":"","header-above-stick-meta":"","header-main-stick-meta":"","header-below-stick-meta":"","astra-migrate-meta-layouts":"default","ast-page-background-enabled":"default","ast-page-background-meta":{"desktop":{"background-color":"var(--ast-global-color-4)","background-image":"","background-repeat":"repeat","background-position":"center center","background-size":"auto","background-attachment":"scroll","background-type":"","background-media":"","overlay-type":"","overlay-color":"","overlay-opacity":"","overlay-gradient":""},"tablet":{"background-color":"","background-image":"","background-repeat":"repeat","background-position":"center center","background-size":"auto","background-attachment":"scroll","background-type":"","background-media":"","overlay-type":"","overlay-color":"","overlay-opacity":"","overlay-gradient":""},"mobile":{"background-color":"","background-image":"","background-repeat":"repeat","background-position":"center center","background-size":"auto","background-attachment":"scroll","background-type":"","background-media":"","overlay-type":"","overlay-color":"","overlay-opacity":"","overlay-gradient":""}},"ast-content-background-meta":{"desktop":{"background-color":"var(--ast-global-color-5)","background-image":"","background-repeat":"repeat","background-position":"center center","background-size":"auto","background-attachment":"scroll","background-type":"","background-media":"","overlay-type":"","overlay-color":"","overlay-opacity":"","overlay-gradient":""},"tablet":{"background-color":"var(--ast-global-color-5)","background-image":"","background-repeat":"repeat","background-position":"center center","background-size":"auto","background-attachment":"scroll","background-type":"","background-media":"","overlay-type":"","overlay-color":"","overlay-opacity":"","overlay-gradient":""},"mobile":{"background-color":"var(--ast-global-color-5)","background-image":"","background-repeat":"repeat","background-position":"center center","background-size":"auto","background-attachment":"scroll","background-type":"","background-media":"","overlay-type":"","overlay-color":"","overlay-opacity":"","overlay-gradient":""}},"footnotes":""},"class_list":["post-640","page","type-page","status-publish","hentry"],"post_mailing_queue_ids":[],"_links":{"self":[{"href":"https:\/\/agora.xtec.cat\/ceipvalldaro\/wp-json\/wp\/v2\/pages\/640","targetHints":{"allow":["GET"]}}],"collection":[{"href":"https:\/\/agora.xtec.cat\/ceipvalldaro\/wp-json\/wp\/v2\/pages"}],"about":[{"href":"https:\/\/agora.xtec.cat\/ceipvalldaro\/wp-json\/wp\/v2\/types\/page"}],"author":[{"embeddable":true,"href":"https:\/\/agora.xtec.cat\/ceipvalldaro\/wp-json\/wp\/v2\/users\/1"}],"replies":[{"embeddable":true,"href":"https:\/\/agora.xtec.cat\/ceipvalldaro\/wp-json\/wp\/v2\/comments?post=640"}],"version-history":[{"count":3,"href":"https:\/\/agora.xtec.cat\/ceipvalldaro\/wp-json\/wp\/v2\/pages\/640\/revisions"}],"predecessor-version":[{"id":690,"href":"https:\/\/agora.xtec.cat\/ceipvalldaro\/wp-json\/wp\/v2\/pages\/640\/revisions\/690"}],"up":[{"embeddable":true,"href":"https:\/\/agora.xtec.cat\/ceipvalldaro\/wp-json\/wp\/v2\/pages\/64"}],"wp:attachment":[{"href":"https:\/\/agora.xtec.cat\/ceipvalldaro\/wp-json\/wp\/v2\/media?parent=640"}],"curies":[{"name":"wp","href":"https:\/\/api.w.org\/{rel}","templated":true}]}}