{"id":560,"date":"2021-09-30T16:22:58","date_gmt":"2021-09-30T14:22:58","guid":{"rendered":"https:\/\/agora.xtec.cat\/ceipvalldaro\/?page_id=560"},"modified":"2023-02-04T21:03:30","modified_gmt":"2023-02-04T20:03:30","slug":"impuls-de-la-lectura","status":"publish","type":"page","link":"https:\/\/agora.xtec.cat\/ceipvalldaro\/projecte-educatiu\/impuls-de-la-lectura\/","title":{"rendered":"Impuls de la lectura"},"content":{"rendered":"<div>\n<div>\n<table border=\"1\" cellspacing=\"0\">\n<tbody>\n<tr>\n<td>&nbsp;<\/p>\n<p><span style=\"font-size: xx-large;\">LA BIBLIOTECA ESCOLAR<br \/>\n<\/span><\/p>\n<div>\n<p><span lang=\"CA\"><b>LA BIBLIOTECA ESCOLAR I LA IMPORT\u00c0NCIA DE LA LITERATURA<\/b><\/span><\/p>\n<p><span lang=\"CA\"><span style=\"font-size: large;\">La literatura contribueix a l&#8217;educaci\u00f3 dels infants. Educar no consisteix nom\u00e9s en transmetre coneixement sin\u00f3 que consisteix tamb\u00e9 en fomentar el pensament cr\u00edtic als nostres estudiants i ajudar-los a entendre el m\u00f3n que els envolta. A trav\u00e9s de la literatura podem fer ambdues coses, a m\u00e9s a m\u00e9s d&#8217;educar en valors culturals, tamb\u00e9 educar en l&#8217;adquisici\u00f3 d&#8217;habilitats socials, tot proporcionant un model de llenguatge per als que llegeixen i escolten. Tamb\u00e9 permet construir vocabulari, desenvolupar la creativitat i la imaginaci\u00f3 i ser m\u00e9s cr\u00edtics amb el m\u00f3n que ens envolta, entre d&#8217;altres. La literatura \u00e9s una eina primordial per introduir a l&#8217;aula, sigui quina sigui l&#8217;edat dels nostres estudiants.<\/span><\/span><\/p>\n<p><span lang=\"CA\"><span style=\"font-size: large;\">Els contes i els llibres, per tant, s\u00f3n eines que s&#8217;utilitzen per treballar diversos aspectes: el llenguatge, la creativitat, la imaginaci\u00f3, els valors, etc. S\u00f3n eines d&#8217;aprenentatge que formen part del desenvolupament de l&#8217;infant. La literatura \u00e9s la base entre la realitat i el m\u00f3n dels somnis. Per tant, podem parlar de la import\u00e0ncia dels contes i llibres; s\u00f3n un tresor.<\/span><\/span><\/p>\n<p><span lang=\"CA\"><span style=\"font-size: large;\">La biblioteca escolar \u00e9s un rac\u00f3 del centre on tamb\u00e9 es treballen h\u00e0bits, rutines i normes. Des de P3 fins a 6\u00e8 aprenem com hem d\u2019actuar i com hem de seguir les normes perqu\u00e8 la conviv\u00e8ncia a l\u2019espai sigui idoni.<\/span><\/span><\/p>\n<p><span lang=\"CA\"><span style=\"font-size: large;\">Per tant, una biblioteca escolar \u00e9s molt m\u00e9s que un \u201crecurs fonamental per a l\u2019adquisici\u00f3 de les compet\u00e8ncies b\u00e0siques\u201d, tamb\u00e9 \u00e9s molt m\u00e9s que tenir contes i llibres; la biblioteca \u00e9s un rac\u00f3 on treballar, un rac\u00f3 amb un ambient m\u00e0gic i diferent que convida a la lectura, a la investigaci\u00f3, a treballar en silenci per connectar totes les neurones, a potenciar la creativitat i la imaginaci\u00f3 i a poder viatjar m\u00e9s enll\u00e0.<\/span><\/span><\/p>\n<\/div>\n<div><\/div>\n<div><span style=\"font-size: large;\">\u00a0<\/span><\/div>\n<div>\n<table border=\"1\" cellspacing=\"0\">\n<tbody>\n<tr>\n<td><span style=\"font-size: large;\"><b>\u00a03 ANYS<\/b><\/span><\/p>\n<div><a href=\"https:\/\/agora.xtec.cat\/ceipvalldaro\/wp-content\/uploads\/usu2403\/2021\/09\/IMG_20161019_092325-1.jpg\"><img loading=\"lazy\" decoding=\"async\" class=\"alignnone size-large wp-image-565\" src=\"https:\/\/agora.xtec.cat\/ceipvalldaro\/wp-content\/uploads\/usu2403\/2021\/09\/IMG_20161019_092325-1-1024x768.jpg\" alt=\"\" width=\"1024\" height=\"768\" srcset=\"https:\/\/agora.xtec.cat\/ceipvalldaro\/wp-content\/uploads\/usu2403\/2021\/09\/IMG_20161019_092325-1-1024x768.jpg 1024w, https:\/\/agora.xtec.cat\/ceipvalldaro\/wp-content\/uploads\/usu2403\/2021\/09\/IMG_20161019_092325-1-300x225.jpg 300w, https:\/\/agora.xtec.cat\/ceipvalldaro\/wp-content\/uploads\/usu2403\/2021\/09\/IMG_20161019_092325-1-768x576.jpg 768w, https:\/\/agora.xtec.cat\/ceipvalldaro\/wp-content\/uploads\/usu2403\/2021\/09\/IMG_20161019_092325-1-200x150.jpg 200w, https:\/\/agora.xtec.cat\/ceipvalldaro\/wp-content\/uploads\/usu2403\/2021\/09\/IMG_20161019_092325-1.jpg 1034w\" sizes=\"auto, (max-width: 1024px) 100vw, 1024px\" \/><\/a><\/div>\n<\/td>\n<td>\u00a0<span style=\"font-size: large;\"><b>4 ANYS<\/b><\/span><\/p>\n<div><a href=\"https:\/\/agora.xtec.cat\/ceipvalldaro\/wp-content\/uploads\/usu2403\/2021\/09\/IMG_20161019_092325-2.jpg\"><img loading=\"lazy\" decoding=\"async\" class=\"alignnone size-large wp-image-566\" src=\"https:\/\/agora.xtec.cat\/ceipvalldaro\/wp-content\/uploads\/usu2403\/2021\/09\/IMG_20161019_092325-2-1024x768.jpg\" alt=\"\" width=\"1024\" height=\"768\" srcset=\"https:\/\/agora.xtec.cat\/ceipvalldaro\/wp-content\/uploads\/usu2403\/2021\/09\/IMG_20161019_092325-2-1024x768.jpg 1024w, https:\/\/agora.xtec.cat\/ceipvalldaro\/wp-content\/uploads\/usu2403\/2021\/09\/IMG_20161019_092325-2-300x225.jpg 300w, https:\/\/agora.xtec.cat\/ceipvalldaro\/wp-content\/uploads\/usu2403\/2021\/09\/IMG_20161019_092325-2-768x576.jpg 768w, https:\/\/agora.xtec.cat\/ceipvalldaro\/wp-content\/uploads\/usu2403\/2021\/09\/IMG_20161019_092325-2-200x150.jpg 200w, https:\/\/agora.xtec.cat\/ceipvalldaro\/wp-content\/uploads\/usu2403\/2021\/09\/IMG_20161019_092325-2.jpg 1034w\" sizes=\"auto, (max-width: 1024px) 100vw, 1024px\" \/><\/a><\/div>\n<\/td>\n<td>\u00a0<span style=\"font-size: large;\"><b>5 ANYS<\/b><\/span><\/p>\n<div><a href=\"https:\/\/agora.xtec.cat\/ceipvalldaro\/wp-content\/uploads\/usu2403\/2021\/09\/IMG_20161014_092248.jpg\"><img loading=\"lazy\" decoding=\"async\" class=\"alignnone size-large wp-image-567\" src=\"https:\/\/agora.xtec.cat\/ceipvalldaro\/wp-content\/uploads\/usu2403\/2021\/09\/IMG_20161014_092248-1024x768.jpg\" alt=\"\" width=\"1024\" height=\"768\" srcset=\"https:\/\/agora.xtec.cat\/ceipvalldaro\/wp-content\/uploads\/usu2403\/2021\/09\/IMG_20161014_092248-1024x768.jpg 1024w, https:\/\/agora.xtec.cat\/ceipvalldaro\/wp-content\/uploads\/usu2403\/2021\/09\/IMG_20161014_092248-300x225.jpg 300w, https:\/\/agora.xtec.cat\/ceipvalldaro\/wp-content\/uploads\/usu2403\/2021\/09\/IMG_20161014_092248-768x576.jpg 768w, https:\/\/agora.xtec.cat\/ceipvalldaro\/wp-content\/uploads\/usu2403\/2021\/09\/IMG_20161014_092248-200x150.jpg 200w, https:\/\/agora.xtec.cat\/ceipvalldaro\/wp-content\/uploads\/usu2403\/2021\/09\/IMG_20161014_092248.jpg 1034w\" sizes=\"auto, (max-width: 1024px) 100vw, 1024px\" \/><\/a><\/div>\n<\/td>\n<\/tr>\n<tr>\n<td>\u00a0<span style=\"font-size: large;\"><b>PRIMER<\/b><\/span><\/p>\n<div><a href=\"https:\/\/agora.xtec.cat\/ceipvalldaro\/wp-content\/uploads\/usu2403\/2021\/09\/IMG_20170217_125419.jpg\"><img loading=\"lazy\" decoding=\"async\" class=\"alignnone size-large wp-image-569\" src=\"https:\/\/agora.xtec.cat\/ceipvalldaro\/wp-content\/uploads\/usu2403\/2021\/09\/IMG_20170217_125419-1024x768.jpg\" alt=\"\" width=\"1024\" height=\"768\" srcset=\"https:\/\/agora.xtec.cat\/ceipvalldaro\/wp-content\/uploads\/usu2403\/2021\/09\/IMG_20170217_125419-1024x768.jpg 1024w, https:\/\/agora.xtec.cat\/ceipvalldaro\/wp-content\/uploads\/usu2403\/2021\/09\/IMG_20170217_125419-300x225.jpg 300w, https:\/\/agora.xtec.cat\/ceipvalldaro\/wp-content\/uploads\/usu2403\/2021\/09\/IMG_20170217_125419-768x576.jpg 768w, https:\/\/agora.xtec.cat\/ceipvalldaro\/wp-content\/uploads\/usu2403\/2021\/09\/IMG_20170217_125419-200x150.jpg 200w, https:\/\/agora.xtec.cat\/ceipvalldaro\/wp-content\/uploads\/usu2403\/2021\/09\/IMG_20170217_125419.jpg 1034w\" sizes=\"auto, (max-width: 1024px) 100vw, 1024px\" \/><\/a><\/div>\n<\/td>\n<td><b><span style=\"font-size: large;\">\u00a0SEGON<\/span><\/b><\/p>\n<div><a href=\"https:\/\/agora.xtec.cat\/ceipvalldaro\/wp-content\/uploads\/usu2403\/2021\/09\/IMG_20170215_110712.jpg\"><img loading=\"lazy\" decoding=\"async\" class=\"alignnone size-large wp-image-570\" src=\"https:\/\/agora.xtec.cat\/ceipvalldaro\/wp-content\/uploads\/usu2403\/2021\/09\/IMG_20170215_110712-1024x768.jpg\" alt=\"\" width=\"1024\" height=\"768\" srcset=\"https:\/\/agora.xtec.cat\/ceipvalldaro\/wp-content\/uploads\/usu2403\/2021\/09\/IMG_20170215_110712-1024x768.jpg 1024w, https:\/\/agora.xtec.cat\/ceipvalldaro\/wp-content\/uploads\/usu2403\/2021\/09\/IMG_20170215_110712-300x225.jpg 300w, https:\/\/agora.xtec.cat\/ceipvalldaro\/wp-content\/uploads\/usu2403\/2021\/09\/IMG_20170215_110712-768x576.jpg 768w, https:\/\/agora.xtec.cat\/ceipvalldaro\/wp-content\/uploads\/usu2403\/2021\/09\/IMG_20170215_110712-200x150.jpg 200w, https:\/\/agora.xtec.cat\/ceipvalldaro\/wp-content\/uploads\/usu2403\/2021\/09\/IMG_20170215_110712.jpg 1034w\" sizes=\"auto, (max-width: 1024px) 100vw, 1024px\" \/><\/a><\/div>\n<\/td>\n<td><b><span style=\"font-size: large;\">TERCER<\/span><\/b><\/p>\n<div><a href=\"https:\/\/agora.xtec.cat\/ceipvalldaro\/wp-content\/uploads\/usu2403\/2021\/09\/IMG_20170117_112226.jpg\"><img loading=\"lazy\" decoding=\"async\" class=\"alignnone size-large wp-image-571\" src=\"https:\/\/agora.xtec.cat\/ceipvalldaro\/wp-content\/uploads\/usu2403\/2021\/09\/IMG_20170117_112226-1024x768.jpg\" alt=\"\" width=\"1024\" height=\"768\" srcset=\"https:\/\/agora.xtec.cat\/ceipvalldaro\/wp-content\/uploads\/usu2403\/2021\/09\/IMG_20170117_112226-1024x768.jpg 1024w, https:\/\/agora.xtec.cat\/ceipvalldaro\/wp-content\/uploads\/usu2403\/2021\/09\/IMG_20170117_112226-300x225.jpg 300w, https:\/\/agora.xtec.cat\/ceipvalldaro\/wp-content\/uploads\/usu2403\/2021\/09\/IMG_20170117_112226-768x576.jpg 768w, https:\/\/agora.xtec.cat\/ceipvalldaro\/wp-content\/uploads\/usu2403\/2021\/09\/IMG_20170117_112226-200x150.jpg 200w, https:\/\/agora.xtec.cat\/ceipvalldaro\/wp-content\/uploads\/usu2403\/2021\/09\/IMG_20170117_112226.jpg 1034w\" sizes=\"auto, (max-width: 1024px) 100vw, 1024px\" \/><\/a><\/div>\n<\/td>\n<\/tr>\n<tr>\n<td>\u00a0<span style=\"font-size: large;\"><b>QUART<\/b><\/span><\/p>\n<div><a href=\"https:\/\/agora.xtec.cat\/ceipvalldaro\/wp-content\/uploads\/usu2403\/2021\/09\/IMG_20170217_112646.jpg\"><img loading=\"lazy\" decoding=\"async\" class=\"alignnone size-large wp-image-572\" src=\"https:\/\/agora.xtec.cat\/ceipvalldaro\/wp-content\/uploads\/usu2403\/2021\/09\/IMG_20170217_112646-1024x768.jpg\" alt=\"\" width=\"1024\" height=\"768\" srcset=\"https:\/\/agora.xtec.cat\/ceipvalldaro\/wp-content\/uploads\/usu2403\/2021\/09\/IMG_20170217_112646-1024x768.jpg 1024w, https:\/\/agora.xtec.cat\/ceipvalldaro\/wp-content\/uploads\/usu2403\/2021\/09\/IMG_20170217_112646-300x225.jpg 300w, https:\/\/agora.xtec.cat\/ceipvalldaro\/wp-content\/uploads\/usu2403\/2021\/09\/IMG_20170217_112646-768x576.jpg 768w, https:\/\/agora.xtec.cat\/ceipvalldaro\/wp-content\/uploads\/usu2403\/2021\/09\/IMG_20170217_112646-200x150.jpg 200w, https:\/\/agora.xtec.cat\/ceipvalldaro\/wp-content\/uploads\/usu2403\/2021\/09\/IMG_20170217_112646.jpg 1034w\" sizes=\"auto, (max-width: 1024px) 100vw, 1024px\" \/><\/a><\/div>\n<\/td>\n<td>\u00a0<span style=\"font-size: large;\"><b>CINQU\u00c8<\/b><\/span><\/p>\n<div><a href=\"https:\/\/agora.xtec.cat\/ceipvalldaro\/wp-content\/uploads\/usu2403\/2021\/09\/IMG_20170118_131025.jpg\"><img loading=\"lazy\" decoding=\"async\" class=\"alignnone size-large wp-image-573\" src=\"https:\/\/agora.xtec.cat\/ceipvalldaro\/wp-content\/uploads\/usu2403\/2021\/09\/IMG_20170118_131025-1024x768.jpg\" alt=\"\" width=\"1024\" height=\"768\" srcset=\"https:\/\/agora.xtec.cat\/ceipvalldaro\/wp-content\/uploads\/usu2403\/2021\/09\/IMG_20170118_131025-1024x768.jpg 1024w, https:\/\/agora.xtec.cat\/ceipvalldaro\/wp-content\/uploads\/usu2403\/2021\/09\/IMG_20170118_131025-300x225.jpg 300w, https:\/\/agora.xtec.cat\/ceipvalldaro\/wp-content\/uploads\/usu2403\/2021\/09\/IMG_20170118_131025-768x576.jpg 768w, https:\/\/agora.xtec.cat\/ceipvalldaro\/wp-content\/uploads\/usu2403\/2021\/09\/IMG_20170118_131025-200x150.jpg 200w, https:\/\/agora.xtec.cat\/ceipvalldaro\/wp-content\/uploads\/usu2403\/2021\/09\/IMG_20170118_131025.jpg 1034w\" sizes=\"auto, (max-width: 1024px) 100vw, 1024px\" \/><\/a><\/div>\n<\/td>\n<td>\u00a0<span style=\"font-size: large;\"><b>SIS\u00c8<\/b><\/span><\/p>\n<div><a href=\"https:\/\/agora.xtec.cat\/ceipvalldaro\/wp-content\/uploads\/usu2403\/2021\/09\/IMG_20161123_132035.jpg\"><img loading=\"lazy\" decoding=\"async\" class=\"alignnone size-large wp-image-574\" src=\"https:\/\/agora.xtec.cat\/ceipvalldaro\/wp-content\/uploads\/usu2403\/2021\/09\/IMG_20161123_132035-1024x768.jpg\" alt=\"\" width=\"1024\" height=\"768\" srcset=\"https:\/\/agora.xtec.cat\/ceipvalldaro\/wp-content\/uploads\/usu2403\/2021\/09\/IMG_20161123_132035-1024x768.jpg 1024w, https:\/\/agora.xtec.cat\/ceipvalldaro\/wp-content\/uploads\/usu2403\/2021\/09\/IMG_20161123_132035-300x225.jpg 300w, https:\/\/agora.xtec.cat\/ceipvalldaro\/wp-content\/uploads\/usu2403\/2021\/09\/IMG_20161123_132035-768x576.jpg 768w, https:\/\/agora.xtec.cat\/ceipvalldaro\/wp-content\/uploads\/usu2403\/2021\/09\/IMG_20161123_132035-200x150.jpg 200w, https:\/\/agora.xtec.cat\/ceipvalldaro\/wp-content\/uploads\/usu2403\/2021\/09\/IMG_20161123_132035.jpg 1034w\" sizes=\"auto, (max-width: 1024px) 100vw, 1024px\" \/><\/a><\/div>\n<\/td>\n<\/tr>\n<\/tbody>\n<\/table>\n<\/div>\n<div>\n<hr \/>\n<p><span lang=\"CA\">LA IMPORT\u00c0NCIA DELS CONTES<\/span><\/p>\n<p><span lang=\"CA\"><span style=\"font-size: large;\">La lectura m\u00e9s que res \u00e9s un h\u00e0bit, que si s&#8217;adopta des de petits es conserva durant\u00a0la resta de la vida. Gr\u00e0cies a una lectura infantil apropiada els infants, per exemple, adquireixen un bon \u00fas del llenguatge i aix\u00f2 els hi permet afegir cada dia m\u00e9s paraules al seu l\u00e8xic, entre d\u2019altres.<\/span><\/span><\/p>\n<p><span lang=\"CA\"><span style=\"font-size: large;\">La lectura infantil a l&#8217;escola, o fins i tot a casa, amb el pas del temps es converteix en una obligaci\u00f3 i no pas en una forma de divertir-se. Per aix\u00f2, \u00e9s idoni que els pares i mestres, durant aquesta etapa, realitzin un bon acompanyament, en el qual es dediqui temps a llegir amb els petits o els mostrin llibres que s&#8217;encarreguin de captivar la seva atenci\u00f3 per fer de la lectura quelcom agradable, engrescador i divertit.<\/span><\/span><\/p>\n<p><span lang=\"CA\"><span style=\"font-size: large;\">A m\u00e9s, tenint en compte que l&#8217;infant apr\u00e8n per imitaci\u00f3, \u00e9s important que ens vegin com a models, i moltes vegades aix\u00ed ho demostren en els moments de biblioteca, tot imitant a l&#8217;adult llegint o b\u00e9 explicant un conte.<\/span><\/span><\/p>\n<p><span lang=\"CA\"><span style=\"font-size: large;\">Els infants quan obren un conte, no nom\u00e9s es fixen en les il\u00b7lustracions, sin\u00f3 que tamb\u00e9 veuen lletra escrita, i\u00a0malgrat que\u00a0alguns d&#8217;ells encara no la descodifiquin, tenen prou imaginaci\u00f3 i creativitat com per\u00a0atorgar-li\u00a0un significat, el qual comparteixen amb els seus companys tot convertint aquesta situaci\u00f3 de lectura en una potent font d&#8217;imaginaci\u00f3 i aprenentatge compartit i significatiu.<\/span><\/span><\/p>\n<p><span lang=\"CA\"><span style=\"font-size: large;\">Aquests primers contactes amb els textos i la lectura els permetr\u00e0 anar entenent que cada lletra t\u00e9 un so i que en conjunt formen una paraula, que el conjunt de paraules formen una frase, que aix\u00f2 t\u00e9 un significat, iniciant-se aix\u00ed en el m\u00f3n de la lectoescriptura.<\/span><\/span><\/p>\n<p><span lang=\"CA\"><span style=\"font-size: large;\">Des de la biblioteca tamb\u00e9 se\u2019ls intenta mostrar que els contes s\u00f3n un tresor del que se n\u2019ha de tenir cura molt b\u00e9, al igual que la resta de material.<\/span><\/span><\/p>\n<p><span lang=\"CA\"><span style=\"font-size: large;\">Amb l\u2019ajuda de la pols m\u00e0gica convertim les estones d\u2019explicar contes en una atm\u00f2sfera acollidora i m\u00e0gica on els infants gaudeixen de totes aquelles hist\u00f2ries que els queden per descobrir.<\/span><\/span><\/p>\n<p><span lang=\"CA\"><span style=\"font-size: large;\">Finalment, nens i nenes endrecen els contes i les catifes i es preparen per escoltar una can\u00e7\u00f3, donant aix\u00ed per finalitzada la sessi\u00f3 setmanal de biblioteca.\u00a0<\/span><\/span><\/p>\n<\/div>\n<\/td>\n<\/tr>\n<\/tbody>\n<\/table>\n<\/div>\n<div><\/div>\n<div>\n<div class=\"sites-embed-align-center-wrapping-off\">\n<div class=\"sites-embed-border-on sites-embed\">\n<h4 class=\"sites-embed-title\">M&#8217;ENCANTA LLEGIR<\/h4>\n<div class=\"sites-embed-content sites-embed-type-youtube\"><iframe loading=\"lazy\" class=\"youtube-player\" title=\"YouTube video player\" src=\"https:\/\/www.youtube.com\/embed\/BhgcL_rhugg?rel=0&amp;wmode=opaque\" width=\"425\" height=\"355\" frameborder=\"0\" allowfullscreen=\"allowfullscreen\" data-mce-fragment=\"1\"><\/iframe><\/div>\n<\/div>\n<\/div>\n<\/div>\n<p><span style=\"font-size: xx-large;\"><b>ELS CONTE CONTES<\/b><\/span><\/p>\n<\/div>\n<div>\n<table border=\"1\" cellspacing=\"0\">\n<tbody>\n<tr>\n<td><span style=\"font-size: large;\"><b>\u00a0Els nens i nenes de\u00a02n curs expliquen contes als de\u00a03 anys<\/b><\/span><\/td>\n<td><strong>\u00a0<span style=\"font-size: large;\">Els nens i nenes de\u00a04t curs expliquen contes als de\u00a04 anys<\/span><\/strong><\/td>\n<td><strong>\u00a0<span style=\"font-size: large;\">Els nens i nenes de 3r curs expliquen contes als de 5 anys<\/span><\/strong><\/td>\n<td><strong>\u00a0<span style=\"font-size: large;\">Els m\u00e9s grans, els nens i nenes de 6\u00e8 han\u00a0apadrinat\u00a0als m\u00e9s petits de la Prim\u00e0ria, els nens i nenes de 1r.<\/span><\/strong><\/td>\n<\/tr>\n<tr>\n<td><b><b><span style=\"font-size: small;\">Aquest curs els infants de 3 Anys han gaudit de la lectura i escolta de contes llegits i explicats pels nens i nenes de 2n.<br \/>\nEls hi ha agradat molt\u00edssim!<br \/>\nLa veritat \u00e9s que ens van fer un espectacle fant\u00e0stic i vam gaudir molt.<\/span><\/b><\/b><\/p>\n<div><\/div>\n<p><b><span style=\"font-size: small;\"> <a href=\"https:\/\/agora.xtec.cat\/ceipvalldaro\/wp-content\/uploads\/usu2403\/2021\/09\/P1070044.jpg\"><img loading=\"lazy\" decoding=\"async\" class=\"alignnone size-full wp-image-575\" src=\"https:\/\/agora.xtec.cat\/ceipvalldaro\/wp-content\/uploads\/usu2403\/2021\/09\/P1070044.jpg\" alt=\"\" width=\"200\" height=\"150\" \/><\/a><\/span><\/b><\/td>\n<td><a href=\"https:\/\/agora.xtec.cat\/ceipvalldaro\/wp-content\/uploads\/usu2403\/2021\/09\/IMG_0498.jpg\"><img loading=\"lazy\" decoding=\"async\" class=\"alignnone size-full wp-image-576\" src=\"https:\/\/agora.xtec.cat\/ceipvalldaro\/wp-content\/uploads\/usu2403\/2021\/09\/IMG_0498.jpg\" alt=\"\" width=\"200\" height=\"149\" \/><\/a><\/td>\n<td><a href=\"https:\/\/agora.xtec.cat\/ceipvalldaro\/wp-content\/uploads\/usu2403\/2021\/09\/IMG_1964.jpg\"><img loading=\"lazy\" decoding=\"async\" class=\"alignnone size-full wp-image-577\" src=\"https:\/\/agora.xtec.cat\/ceipvalldaro\/wp-content\/uploads\/usu2403\/2021\/09\/IMG_1964.jpg\" alt=\"\" width=\"149\" height=\"200\" \/><\/a><\/td>\n<td>\n<div align=\"center\"><a href=\"https:\/\/agora.xtec.cat\/ceipvalldaro\/wp-content\/uploads\/usu2403\/2021\/09\/IMG_5297.jpg\"><img loading=\"lazy\" decoding=\"async\" class=\"alignnone size-full wp-image-578\" src=\"https:\/\/agora.xtec.cat\/ceipvalldaro\/wp-content\/uploads\/usu2403\/2021\/09\/IMG_5297.jpg\" alt=\"\" width=\"200\" height=\"150\" \/><\/a><a href=\"https:\/\/photos.google.com\/share\/AF1QipPBnGWcJjayxG7b5Fa_Q2fMbW72bjzr4okqQroi3wqbCB6mlnN7pbcOsLG7lX6WMw?key=djJaTzkzVWJ1T1gwOTEyX0tZUHRKRWdhdmpodnZn\"><img loading=\"lazy\" decoding=\"async\" class=\"alignnone size-full wp-image-579\" src=\"https:\/\/agora.xtec.cat\/ceipvalldaro\/wp-content\/uploads\/usu2403\/2021\/09\/APADRINAMENT.jpg\" alt=\"\" width=\"144\" height=\"144\" \/><\/a><\/div>\n<div><\/div>\n<\/td>\n<\/tr>\n<\/tbody>\n<\/table>\n<\/div>\n<div><\/div>\n<div><a href=\"https:\/\/agora.xtec.cat\/ceipvalldaro\/wp-content\/uploads\/usu2403\/2021\/09\/PLA-LECTOR-CONTE-CONTES-4t-a-4-anys-2014-15.jpg\"><img loading=\"lazy\" decoding=\"async\" class=\"alignnone size-full wp-image-580\" src=\"https:\/\/agora.xtec.cat\/ceipvalldaro\/wp-content\/uploads\/usu2403\/2021\/09\/PLA-LECTOR-CONTE-CONTES-4t-a-4-anys-2014-15.jpg\" alt=\"\" width=\"400\" height=\"250\" srcset=\"https:\/\/agora.xtec.cat\/ceipvalldaro\/wp-content\/uploads\/usu2403\/2021\/09\/PLA-LECTOR-CONTE-CONTES-4t-a-4-anys-2014-15.jpg 400w, https:\/\/agora.xtec.cat\/ceipvalldaro\/wp-content\/uploads\/usu2403\/2021\/09\/PLA-LECTOR-CONTE-CONTES-4t-a-4-anys-2014-15-300x188.jpg 300w\" sizes=\"auto, (max-width: 400px) 100vw, 400px\" \/><\/a><\/div>\n<p><span style=\"font-size: xx-large;\"><b>L&#8217;APADRINAMENT<\/b><\/span><\/p>\n<div>\n<hr \/>\n<div><span style=\"font-size: x-large;\"><b>TREBALLEM LES INFER\u00c8NCIES A L&#8217;ESCOLA\u00a0<\/b><\/span><\/div>\n<\/div>\n<div>\n<div><a href=\"https:\/\/docs.google.com\/a\/xtec.cat\/presentation\/d\/1Ee-To1lxRzpdt_F8S59bH2DLZOUOIBP_mYtMQQd3xfI\/edit#slide=id.p13\"><img decoding=\"async\" src=\"https:\/\/lh5.googleusercontent.com\/-WJReU1p2PC4\/UcqdMK4espI\/AAAAAAAAShI\/qdNLHYjP0k0\/s400\/FOTO%20INFER%C3%88NCIES.jpg\" border=\"0\" \/><\/a><\/div>\n<\/div>\n","protected":false},"excerpt":{"rendered":"<p>&nbsp; LA BIBLIOTECA ESCOLAR LA BIBLIOTECA ESCOLAR I LA IMPORT\u00c0NCIA DE LA LITERATURA La literatura contribueix a l&#8217;educaci\u00f3 dels infants. Educar no consisteix nom\u00e9s en transmetre coneixement sin\u00f3 que consisteix tamb\u00e9 en fomentar el pensament cr\u00edtic als nostres estudiants i ajudar-los a entendre el m\u00f3n que els envolta. A trav\u00e9s de la literatura podem fer [&hellip;]<\/p>\n","protected":false},"author":1,"featured_media":0,"parent":64,"menu_order":6,"comment_status":"closed","ping_status":"closed","template":"page-templates\/side-menu.php","meta":{"_bbp_topic_count":0,"_bbp_reply_count":0,"_bbp_total_topic_count":0,"_bbp_total_reply_count":0,"_bbp_voice_count":0,"_bbp_anonymous_reply_count":0,"_bbp_topic_count_hidden":0,"_bbp_reply_count_hidden":0,"_bbp_forum_subforum_count":0,"site-sidebar-layout":"default","site-content-layout":"","ast-site-content-layout":"","site-content-style":"default","site-sidebar-style":"default","ast-global-header-display":"","ast-banner-title-visibility":"","ast-main-header-display":"","ast-hfb-above-header-display":"","ast-hfb-below-header-display":"","ast-hfb-mobile-header-display":"","site-post-title":"","ast-breadcrumbs-content":"","ast-featured-img":"","footer-sml-layout":"","theme-transparent-header-meta":"","adv-header-id-meta":"","stick-header-meta":"","header-above-stick-meta":"","header-main-stick-meta":"","header-below-stick-meta":"","astra-migrate-meta-layouts":"default","ast-page-background-enabled":"default","ast-page-background-meta":{"desktop":{"background-color":"var(--ast-global-color-4)","background-image":"","background-repeat":"repeat","background-position":"center center","background-size":"auto","background-attachment":"scroll","background-type":"","background-media":"","overlay-type":"","overlay-color":"","overlay-opacity":"","overlay-gradient":""},"tablet":{"background-color":"","background-image":"","background-repeat":"repeat","background-position":"center center","background-size":"auto","background-attachment":"scroll","background-type":"","background-media":"","overlay-type":"","overlay-color":"","overlay-opacity":"","overlay-gradient":""},"mobile":{"background-color":"","background-image":"","background-repeat":"repeat","background-position":"center center","background-size":"auto","background-attachment":"scroll","background-type":"","background-media":"","overlay-type":"","overlay-color":"","overlay-opacity":"","overlay-gradient":""}},"ast-content-background-meta":{"desktop":{"background-color":"var(--ast-global-color-5)","background-image":"","background-repeat":"repeat","background-position":"center center","background-size":"auto","background-attachment":"scroll","background-type":"","background-media":"","overlay-type":"","overlay-color":"","overlay-opacity":"","overlay-gradient":""},"tablet":{"background-color":"var(--ast-global-color-5)","background-image":"","background-repeat":"repeat","background-position":"center center","background-size":"auto","background-attachment":"scroll","background-type":"","background-media":"","overlay-type":"","overlay-color":"","overlay-opacity":"","overlay-gradient":""},"mobile":{"background-color":"var(--ast-global-color-5)","background-image":"","background-repeat":"repeat","background-position":"center center","background-size":"auto","background-attachment":"scroll","background-type":"","background-media":"","overlay-type":"","overlay-color":"","overlay-opacity":"","overlay-gradient":""}},"footnotes":""},"class_list":["post-560","page","type-page","status-publish","hentry"],"post_mailing_queue_ids":[],"_links":{"self":[{"href":"https:\/\/agora.xtec.cat\/ceipvalldaro\/wp-json\/wp\/v2\/pages\/560","targetHints":{"allow":["GET"]}}],"collection":[{"href":"https:\/\/agora.xtec.cat\/ceipvalldaro\/wp-json\/wp\/v2\/pages"}],"about":[{"href":"https:\/\/agora.xtec.cat\/ceipvalldaro\/wp-json\/wp\/v2\/types\/page"}],"author":[{"embeddable":true,"href":"https:\/\/agora.xtec.cat\/ceipvalldaro\/wp-json\/wp\/v2\/users\/1"}],"replies":[{"embeddable":true,"href":"https:\/\/agora.xtec.cat\/ceipvalldaro\/wp-json\/wp\/v2\/comments?post=560"}],"version-history":[{"count":3,"href":"https:\/\/agora.xtec.cat\/ceipvalldaro\/wp-json\/wp\/v2\/pages\/560\/revisions"}],"predecessor-version":[{"id":582,"href":"https:\/\/agora.xtec.cat\/ceipvalldaro\/wp-json\/wp\/v2\/pages\/560\/revisions\/582"}],"up":[{"embeddable":true,"href":"https:\/\/agora.xtec.cat\/ceipvalldaro\/wp-json\/wp\/v2\/pages\/64"}],"wp:attachment":[{"href":"https:\/\/agora.xtec.cat\/ceipvalldaro\/wp-json\/wp\/v2\/media?parent=560"}],"curies":[{"name":"wp","href":"https:\/\/api.w.org\/{rel}","templated":true}]}}