{"id":554,"date":"2021-09-30T16:17:20","date_gmt":"2021-09-30T14:17:20","guid":{"rendered":"https:\/\/agora.xtec.cat\/ceipvalldaro\/?page_id=554"},"modified":"2024-03-05T11:29:45","modified_gmt":"2024-03-05T10:29:45","slug":"ara-va-de-bo","status":"publish","type":"page","link":"https:\/\/agora.xtec.cat\/ceipvalldaro\/projecte-educatiu\/ara-va-de-bo\/","title":{"rendered":"Ara va de bo"},"content":{"rendered":"<p>Dins del Pla d&#8217;Excel\u00b7l\u00e8ncia ens hem organitzat per poder dur a terme un projecte batejat sota el nom d\u2019ARA VA DE BO.<\/p>\n<p>Entenem que l&#8217;Excel\u00b7l\u00e8ncia \u00e9s aconseguir el m\u00e0xim potencial de cadascun dels nostres nens i nenes, hem cregut que a part d&#8217;oferir unes activitats sistem\u00e0tiques en mat\u00e8ries instrumentals, tamb\u00e9 cal obrir altres camps. Ho intentem mitjan\u00e7ant els nostres projectes interdisciplinaris, Teixidors de Paraules, Projecte Escolta&#8217;m, El Protagonista a E. Infantil,&#8230; Tot aix\u00f2 fomenta la creativitat, la invenci\u00f3, la participaci\u00f3, la cooperaci\u00f3, la imaginaci\u00f3 i la cohesi\u00f3 social.<\/p>\n<p>El projecte ARA VA DE BO<span style=\"font-family: inherit; font-size: 1em;\">\u00a0ha anat evolucionant al llarg del cursos, adaptant-lo als canvis metodol\u00f2gics i de curr\u00edculum.<\/span><\/p>\n<p>Inicialment, el projecte neix amb ARA VA DE BO LLETRES, ARA VA DE BO N\u00daMEROS i<span style=\"font-family: inherit; font-size: 1em;\"> ARA VA DE BO PENSEM.<\/span><\/p>\n<p>Els grups s\u2019organitzaven en 10 nivells possibles que treballen durant tres sessions: una de llengua ( ARA VA DE BO LLETRES), l&#8217;altra de c\u00e0lcul mental (ARA VA DE BO N\u00daMEROS) i la tercera sobre la resoluci\u00f3 de problemes (ARA VA DE BO PENSEM).<\/p>\n<p>Els dijous al mat\u00ed tota l\u2019escola feia L\u2019ARA VA DE BO, per tal d&#8217;afavorir els canvis d&#8217;alumnat als nivells que els pertocava.<\/p>\n<p>La metodologia de l\u2019ARA VA DE BO LLETRES es basa en treballar i sistematitzar l\u2019ortografia a partir de dictats preparats. A l\u2019ARA VA DE BO N\u00daMEROS es treballa a partir de bateries d&#8217;operacions per sistematitzar i millorar l&#8217;agilitat mental en sumes, restes, multiplicacions, divisions, pot\u00e8ncies i bateries de 10 problemes de c\u00e0lcul mental . A l\u2019ARA VA DE BO PENSEM es treballa la resoluci\u00f3 de problemes tenint en compte les tres passes : plantejament, operacions i la resposta com a interpretaci\u00f3 de les operacions.<\/p>\n<p>Al segon any del projecte, s&#8217;introdueix l&#8217;ARA VA DE BO PARLEM on es treballa d&#8217;una manera sistem\u00e0tica i conscient l&#8217;Expressi\u00f3 Oral des de 3 anys fins a 6\u00e8 de prim\u00e0ria.<\/p>\n<p>Al llarg dels cursos, l\u2019ARA VA DE BO LLETRES es diversifica afegint\u00a0 ARA VA DE BO ENTENEM, on es treballa la comprensi\u00f3 lectora; i l&#8217;ARA VA DE BO N\u00daMEROS es diversifica afegint l&#8217;<span style=\"font-family: inherit; font-size: 1em;\">ARA VA DE BO L\u00d2GICA.<\/span><\/p>\n<p>Als darrers cursos els ARA VA DE BO LLETRES\/ENTENEM i ARA VA DE BO N\u00daMEROS\/L\u00d2GICA, s\u00b4han transformat en ARA VA DE BO AMBIENTS i ARA VA DE BO REPTES. On, de manera transversal i barrejats en comunitats (I3-I4-I5, 1r-2n-3r, i 4t,5\u00e8-6\u00e8), es treballen els aprenentatges de compet\u00e8ncies i les pedagogies posant l\u2019alumne en el centre del proc\u00e9s d\u2019aprenentatge per poder treure el millor de cadasc\u00fa, des d\u2019una perspectiva basada en els valors, les emocions i la motivaci\u00f3 constant. Cada comunitat passa per diferents ambients i reptes com: Art i creativitat, Teatre, Escriptura, Stories-Library, Programaci\u00f3 v\u00eddeo jocs i hist\u00f2ries animades, Rob\u00f2tica, Hort, Experiments cient\u00edfics, &#8230;<\/p>\n<p>&nbsp;<\/p>\n<h5>Enlla\u00e7 a Documents i presentacions.<\/h5>\n<ul>\n<li>ARA VA DE BO<\/li>\n<li><a href=\"https:\/\/sites.google.com\/a\/xtec.cat\/se-baixemporda\/pla-excel-lencia-baix-emporda\">SERVEIS EDUCATIUS DEL BAIX EMPORD\u00c0<\/a><\/li>\n<li><a href=\"https:\/\/sites.google.com\/a\/xtec.cat\/se-baixemporda\/destaquem\/presentaciopublicadelpladexcellenciaeducativadelscentresdelavalldaro\">PRESENTACI\u00d3 P\u00daBLICA DEL PLA D&#8217;EXCEL\u00b7L\u00c8NCIA EDUCATIVA DELS CENTRES DE LA VALL D&#8217;ARO<\/a><\/li>\n<li>NOT\u00cdCIA A TV COSTABRAVA<\/li>\n<\/ul>\n","protected":false},"excerpt":{"rendered":"<p>Dins del Pla d&#8217;Excel\u00b7l\u00e8ncia ens hem organitzat per poder dur a terme un projecte batejat sota el nom d\u2019ARA VA DE BO. Entenem que l&#8217;Excel\u00b7l\u00e8ncia \u00e9s aconseguir el m\u00e0xim potencial de cadascun dels nostres nens i nenes, hem cregut que a part d&#8217;oferir unes activitats sistem\u00e0tiques en mat\u00e8ries instrumentals, tamb\u00e9 cal obrir altres camps. Ho [&hellip;]<\/p>\n","protected":false},"author":1,"featured_media":0,"parent":64,"menu_order":5,"comment_status":"closed","ping_status":"closed","template":"page-templates\/side-menu.php","meta":{"_bbp_topic_count":0,"_bbp_reply_count":0,"_bbp_total_topic_count":0,"_bbp_total_reply_count":0,"_bbp_voice_count":0,"_bbp_anonymous_reply_count":0,"_bbp_topic_count_hidden":0,"_bbp_reply_count_hidden":0,"_bbp_forum_subforum_count":0,"site-sidebar-layout":"default","site-content-layout":"","ast-site-content-layout":"","site-content-style":"default","site-sidebar-style":"default","ast-global-header-display":"","ast-banner-title-visibility":"","ast-main-header-display":"","ast-hfb-above-header-display":"","ast-hfb-below-header-display":"","ast-hfb-mobile-header-display":"","site-post-title":"","ast-breadcrumbs-content":"","ast-featured-img":"","footer-sml-layout":"","theme-transparent-header-meta":"","adv-header-id-meta":"","stick-header-meta":"","header-above-stick-meta":"","header-main-stick-meta":"","header-below-stick-meta":"","astra-migrate-meta-layouts":"default","ast-page-background-enabled":"default","ast-page-background-meta":{"desktop":{"background-color":"var(--ast-global-color-4)","background-image":"","background-repeat":"repeat","background-position":"center center","background-size":"auto","background-attachment":"scroll","background-type":"","background-media":"","overlay-type":"","overlay-color":"","overlay-opacity":"","overlay-gradient":""},"tablet":{"background-color":"","background-image":"","background-repeat":"repeat","background-position":"center center","background-size":"auto","background-attachment":"scroll","background-type":"","background-media":"","overlay-type":"","overlay-color":"","overlay-opacity":"","overlay-gradient":""},"mobile":{"background-color":"","background-image":"","background-repeat":"repeat","background-position":"center center","background-size":"auto","background-attachment":"scroll","background-type":"","background-media":"","overlay-type":"","overlay-color":"","overlay-opacity":"","overlay-gradient":""}},"ast-content-background-meta":{"desktop":{"background-color":"var(--ast-global-color-5)","background-image":"","background-repeat":"repeat","background-position":"center center","background-size":"auto","background-attachment":"scroll","background-type":"","background-media":"","overlay-type":"","overlay-color":"","overlay-opacity":"","overlay-gradient":""},"tablet":{"background-color":"var(--ast-global-color-5)","background-image":"","background-repeat":"repeat","background-position":"center center","background-size":"auto","background-attachment":"scroll","background-type":"","background-media":"","overlay-type":"","overlay-color":"","overlay-opacity":"","overlay-gradient":""},"mobile":{"background-color":"var(--ast-global-color-5)","background-image":"","background-repeat":"repeat","background-position":"center center","background-size":"auto","background-attachment":"scroll","background-type":"","background-media":"","overlay-type":"","overlay-color":"","overlay-opacity":"","overlay-gradient":""}},"footnotes":""},"class_list":["post-554","page","type-page","status-publish","hentry"],"post_mailing_queue_ids":[],"_links":{"self":[{"href":"https:\/\/agora.xtec.cat\/ceipvalldaro\/wp-json\/wp\/v2\/pages\/554","targetHints":{"allow":["GET"]}}],"collection":[{"href":"https:\/\/agora.xtec.cat\/ceipvalldaro\/wp-json\/wp\/v2\/pages"}],"about":[{"href":"https:\/\/agora.xtec.cat\/ceipvalldaro\/wp-json\/wp\/v2\/types\/page"}],"author":[{"embeddable":true,"href":"https:\/\/agora.xtec.cat\/ceipvalldaro\/wp-json\/wp\/v2\/users\/1"}],"replies":[{"embeddable":true,"href":"https:\/\/agora.xtec.cat\/ceipvalldaro\/wp-json\/wp\/v2\/comments?post=554"}],"version-history":[{"count":6,"href":"https:\/\/agora.xtec.cat\/ceipvalldaro\/wp-json\/wp\/v2\/pages\/554\/revisions"}],"predecessor-version":[{"id":5016,"href":"https:\/\/agora.xtec.cat\/ceipvalldaro\/wp-json\/wp\/v2\/pages\/554\/revisions\/5016"}],"up":[{"embeddable":true,"href":"https:\/\/agora.xtec.cat\/ceipvalldaro\/wp-json\/wp\/v2\/pages\/64"}],"wp:attachment":[{"href":"https:\/\/agora.xtec.cat\/ceipvalldaro\/wp-json\/wp\/v2\/media?parent=554"}],"curies":[{"name":"wp","href":"https:\/\/api.w.org\/{rel}","templated":true}]}}