{"id":536,"date":"2021-09-30T15:53:17","date_gmt":"2021-09-30T13:53:17","guid":{"rendered":"https:\/\/agora.xtec.cat\/ceipvalldaro\/?page_id=536"},"modified":"2023-02-04T21:01:25","modified_gmt":"2023-02-04T20:01:25","slug":"teixidors-de-paraules","status":"publish","type":"page","link":"https:\/\/agora.xtec.cat\/ceipvalldaro\/projecte-educatiu\/teixidors-de-paraules\/","title":{"rendered":"Teixidors de paraules"},"content":{"rendered":"<p>\u00c9s un taller on s\u2019elaboren i redacten diferents tipologies de textos d&#8217;una manera m\u00e9s l\u00fadica.<\/p>\n<p>En una primera sessi\u00f3, per comen\u00e7ar, tots els nens i nenes escriuen, en un petit paper, tres paraules significatives per a ells i les posen en una capseta. Es presenta el tipus de text a treballar (narraci\u00f3, descripci\u00f3, di\u00e0leg, poema, c\u00f2mic, not\u00edcia period\u00edstica, resum, text teatral, etc.). S\u2019analitza entre tots destacant les caracter\u00edstiques principals de cada text. Despr\u00e9s es tria a l\u2019atzar la paraula o les paraules escrites per ells i que han de constar dins del text. Un cop presentats el que hem anomenat recursos, que no \u00e9s res m\u00e9s que el tipus de text a elaborar i les paraules que han d&#8217;incloure, els nens i les nenes es posen a treballar creant textos propis de forma individual.<\/p>\n<p>A la seg\u00fcent sessi\u00f3 cada nen llegeix el seu text en veu alta i entre tots corregim els errors que poden cometre a nivell de coher\u00e8ncia, sentit i redacci\u00f3, donant valor al di\u00e0leg que s&#8217;origina i a les reflexions posteriors. Despr\u00e9s de corregir les faltes d&#8217;ortografia, que de tant en tant se&#8217;ns escapen, cada nen passa a net el seu text.<\/p>\n<p>De mica en mica van escrivint les diferents p\u00e0gines que composen els seus petits llibres. S\u00f3n llibres que recullen tots els escrits que han redactat al llarg de la Prim\u00e0ria i que enquadernen a 6\u00e8 amb unes portades que ells mateixos han dissenyat.<\/p>\n<p>L\u2019objectiu del treball \u00e9s la realitzaci\u00f3 i producci\u00f3 de textos escrits, a partir de diferents situacions o intencions comunicatives.<\/p>\n<p>Aquest taller batejat amb el nom Teixidors de Paraules, \u00e9s for\u00e7a interessant i entretingut, ens permet a tots i a totes aprendre dels altres i de nosaltres mateixos.<\/p>\n<p>&nbsp;<\/p>\n","protected":false},"excerpt":{"rendered":"<p>\u00c9s un taller on s\u2019elaboren i redacten diferents tipologies de textos d&#8217;una manera m\u00e9s l\u00fadica. En una primera sessi\u00f3, per comen\u00e7ar, tots els nens i nenes escriuen, en un petit paper, tres paraules significatives per a ells i les posen en una capseta. Es presenta el tipus de text a treballar (narraci\u00f3, descripci\u00f3, di\u00e0leg, poema, [&hellip;]<\/p>\n","protected":false},"author":1,"featured_media":0,"parent":64,"menu_order":3,"comment_status":"closed","ping_status":"closed","template":"page-templates\/side-menu.php","meta":{"_bbp_topic_count":0,"_bbp_reply_count":0,"_bbp_total_topic_count":0,"_bbp_total_reply_count":0,"_bbp_voice_count":0,"_bbp_anonymous_reply_count":0,"_bbp_topic_count_hidden":0,"_bbp_reply_count_hidden":0,"_bbp_forum_subforum_count":0,"site-sidebar-layout":"default","site-content-layout":"","ast-site-content-layout":"","site-content-style":"default","site-sidebar-style":"default","ast-global-header-display":"","ast-banner-title-visibility":"","ast-main-header-display":"","ast-hfb-above-header-display":"","ast-hfb-below-header-display":"","ast-hfb-mobile-header-display":"","site-post-title":"","ast-breadcrumbs-content":"","ast-featured-img":"","footer-sml-layout":"","theme-transparent-header-meta":"","adv-header-id-meta":"","stick-header-meta":"","header-above-stick-meta":"","header-main-stick-meta":"","header-below-stick-meta":"","astra-migrate-meta-layouts":"default","ast-page-background-enabled":"default","ast-page-background-meta":{"desktop":{"background-color":"var(--ast-global-color-4)","background-image":"","background-repeat":"repeat","background-position":"center center","background-size":"auto","background-attachment":"scroll","background-type":"","background-media":"","overlay-type":"","overlay-color":"","overlay-opacity":"","overlay-gradient":""},"tablet":{"background-color":"","background-image":"","background-repeat":"repeat","background-position":"center center","background-size":"auto","background-attachment":"scroll","background-type":"","background-media":"","overlay-type":"","overlay-color":"","overlay-opacity":"","overlay-gradient":""},"mobile":{"background-color":"","background-image":"","background-repeat":"repeat","background-position":"center center","background-size":"auto","background-attachment":"scroll","background-type":"","background-media":"","overlay-type":"","overlay-color":"","overlay-opacity":"","overlay-gradient":""}},"ast-content-background-meta":{"desktop":{"background-color":"var(--ast-global-color-5)","background-image":"","background-repeat":"repeat","background-position":"center center","background-size":"auto","background-attachment":"scroll","background-type":"","background-media":"","overlay-type":"","overlay-color":"","overlay-opacity":"","overlay-gradient":""},"tablet":{"background-color":"var(--ast-global-color-5)","background-image":"","background-repeat":"repeat","background-position":"center center","background-size":"auto","background-attachment":"scroll","background-type":"","background-media":"","overlay-type":"","overlay-color":"","overlay-opacity":"","overlay-gradient":""},"mobile":{"background-color":"var(--ast-global-color-5)","background-image":"","background-repeat":"repeat","background-position":"center center","background-size":"auto","background-attachment":"scroll","background-type":"","background-media":"","overlay-type":"","overlay-color":"","overlay-opacity":"","overlay-gradient":""}},"footnotes":""},"class_list":["post-536","page","type-page","status-publish","hentry"],"post_mailing_queue_ids":[],"_links":{"self":[{"href":"https:\/\/agora.xtec.cat\/ceipvalldaro\/wp-json\/wp\/v2\/pages\/536","targetHints":{"allow":["GET"]}}],"collection":[{"href":"https:\/\/agora.xtec.cat\/ceipvalldaro\/wp-json\/wp\/v2\/pages"}],"about":[{"href":"https:\/\/agora.xtec.cat\/ceipvalldaro\/wp-json\/wp\/v2\/types\/page"}],"author":[{"embeddable":true,"href":"https:\/\/agora.xtec.cat\/ceipvalldaro\/wp-json\/wp\/v2\/users\/1"}],"replies":[{"embeddable":true,"href":"https:\/\/agora.xtec.cat\/ceipvalldaro\/wp-json\/wp\/v2\/comments?post=536"}],"version-history":[{"count":1,"href":"https:\/\/agora.xtec.cat\/ceipvalldaro\/wp-json\/wp\/v2\/pages\/536\/revisions"}],"predecessor-version":[{"id":537,"href":"https:\/\/agora.xtec.cat\/ceipvalldaro\/wp-json\/wp\/v2\/pages\/536\/revisions\/537"}],"up":[{"embeddable":true,"href":"https:\/\/agora.xtec.cat\/ceipvalldaro\/wp-json\/wp\/v2\/pages\/64"}],"wp:attachment":[{"href":"https:\/\/agora.xtec.cat\/ceipvalldaro\/wp-json\/wp\/v2\/media?parent=536"}],"curies":[{"name":"wp","href":"https:\/\/api.w.org\/{rel}","templated":true}]}}