{"id":503,"date":"2021-09-28T22:02:24","date_gmt":"2021-09-28T20:02:24","guid":{"rendered":"https:\/\/agora.xtec.cat\/ceipvalldaro\/?page_id=503"},"modified":"2026-02-05T12:27:37","modified_gmt":"2026-02-05T11:27:37","slug":"equip-docent-i-datencio-educativa","status":"publish","type":"page","link":"https:\/\/agora.xtec.cat\/ceipvalldaro\/lescola\/equip-docent-i-datencio-educativa\/","title":{"rendered":"Equip docent i d&#8217;atenci\u00f3 educativa"},"content":{"rendered":"<h1>Curs 2025 &#8211; 2026<\/h1>\n<table style=\"border-collapse: collapse; width: 100%; height: 762px;\">\n<tbody>\n<tr style=\"height: 117px;\">\n<td style=\"width: 30.2263%; height: 117px;\">\n<h2>Equip Directiu<\/h2>\n<\/td>\n<td style=\"width: 69.7737%; height: 117px;\">Directora &#8211; <strong>Llum Garc\u00eda<\/strong>Cap d&#8217;Estudis &#8211; <strong style=\"font-size: revert; font-family: inherit; background-color: rgba(0, 0, 0, 0);\">Jordi Solench<\/strong><\/p>\n<p>Secret\u00e0ria &#8211; <strong>S\u00edlvia G\u00f3mez<\/strong><\/td>\n<\/tr>\n<tr style=\"height: 214px;\">\n<td style=\"width: 30.2263%; height: 214px;\">\n<h2>Tutories<\/h2>\n<\/td>\n<td style=\"width: 69.7737%; height: 214px;\">I3 &#8211; <strong style=\"font-family: inherit; font-size: 1em;\">Farners Puente<\/strong>I4 &#8211; <strong style=\"font-family: inherit; font-size: 1em;\">M\u00f2nica Vila<\/strong><\/p>\n<p>I5 &#8211; <strong style=\"font-size: revert; font-family: inherit; background-color: rgba(0, 0, 0, 0);\">D\u00e8lia Corto<\/strong><\/p>\n<p>P1 A &#8211;<strong> Laura Rodr\u00edguez<\/strong><\/p>\n<p>P1 B &#8211; <strong style=\"font-family: inherit; font-size: 1em;\">Ariadna S\u00e1nchez<\/strong><\/p>\n<p>P2 &#8211; <strong style=\"font-family: inherit; font-size: 1em;\">Eul\u00e0lia Coll<\/strong><\/p>\n<p>P3 &#8211;\u00a0<strong>Cristina Casals<\/strong><\/p>\n<p>P4 &#8211; <strong>Gl\u00f2ria Jara<\/strong><\/p>\n<p>P5 &#8211; <strong>Rub\u00e9n Riquelme<\/strong><\/p>\n<p>P6 &#8211; <strong style=\"font-family: inherit; font-size: 1em;\">Adri\u00e0 S\u00e0nchez<\/strong><\/td>\n<\/tr>\n<tr style=\"height: 214px;\">\n<td style=\"width: 30.2263%; height: 214px;\">\n<h2>Mestres especialistes i de suport<\/h2>\n<\/td>\n<td style=\"width: 69.7737%; height: 214px;\">Educaci\u00f3 f\u00edsica &#8211; <strong>Aura Lozano<\/strong>Angl\u00e8s &#8211; <strong style=\"font-size: revert; font-family: inherit; background-color: rgba(0, 0, 0, 0);\">Nicole Bartomeu\u00a0<\/strong><\/p>\n<p>Suport a la Inclusi\u00f3 &#8211; <strong>Esther Rom\u00e1n<\/strong><\/p>\n<p>Educaci\u00f3 musical &#8211; <strong>Jordi Solench<\/strong><\/p>\n<p>Suport a E. Infantil &#8211; <strong>Mari Camino<\/strong><\/p>\n<p>Religi\u00f3 &#8211; <strong>N\u00faria Angelats<\/strong><\/td>\n<\/tr>\n<tr style=\"height: 31px;\">\n<td style=\"width: 30.2263%; height: 31px;\">\n<h2>Administrativa<\/h2>\n<\/td>\n<td style=\"width: 69.7737%; height: 31px;\"><strong>Rosa Maria Estrach<\/strong><\/td>\n<\/tr>\n<tr style=\"height: 31px;\">\n<td style=\"width: 30.2263%; height: 31px;\">\n<h2>Vetlladores<\/h2>\n<\/td>\n<td style=\"width: 69.7737%; height: 31px;\"><strong>F\u00e0tima Forn<\/strong><\/p>\n<p><strong>Encarna Romero<\/strong><\/td>\n<\/tr>\n<tr style=\"height: 31px;\">\n<td style=\"width: 30.2263%; height: 31px;\">\n<h2>Biblioteca<\/h2>\n<\/td>\n<td style=\"width: 69.7737%; height: 31px;\"><strong>S\u00f2nia Ruiz<\/strong><\/td>\n<\/tr>\n<tr style=\"height: 31px;\">\n<td style=\"width: 30.2263%; height: 31px;\">\n<h2>Conserge<\/h2>\n<\/td>\n<td style=\"width: 69.7737%; height: 31px;\"><b>Cr\u00edstian Vico<\/b><\/td>\n<\/tr>\n<tr style=\"height: 31px;\">\n<td style=\"width: 30.2263%; height: 31px;\">\n<h2><\/h2>\n<\/td>\n<td style=\"width: 69.7737%; height: 31px;\"><\/td>\n<\/tr>\n<tr style=\"height: 31px;\">\n<td style=\"width: 30.2263%; height: 31px;\">\n<h2><\/h2>\n<\/td>\n<td style=\"width: 69.7737%; height: 31px;\"><\/td>\n<\/tr>\n<\/tbody>\n<\/table>\n","protected":false},"excerpt":{"rendered":"<p>Curs 2025 &#8211; 2026 Equip Directiu Directora &#8211; Llum Garc\u00edaCap d&#8217;Estudis &#8211; Jordi Solench Secret\u00e0ria &#8211; S\u00edlvia G\u00f3mez Tutories I3 &#8211; Farners PuenteI4 &#8211; M\u00f2nica Vila I5 &#8211; D\u00e8lia Corto P1 A &#8211; Laura Rodr\u00edguez P1 B &#8211; Ariadna S\u00e1nchez P2 &#8211; Eul\u00e0lia Coll P3 &#8211;\u00a0Cristina Casals P4 &#8211; Gl\u00f2ria Jara P5 &#8211; Rub\u00e9n Riquelme [&hellip;]<\/p>\n","protected":false},"author":1,"featured_media":0,"parent":22,"menu_order":0,"comment_status":"closed","ping_status":"closed","template":"","meta":{"_bbp_topic_count":0,"_bbp_reply_count":0,"_bbp_total_topic_count":0,"_bbp_total_reply_count":0,"_bbp_voice_count":0,"_bbp_anonymous_reply_count":0,"_bbp_topic_count_hidden":0,"_bbp_reply_count_hidden":0,"_bbp_forum_subforum_count":0,"site-sidebar-layout":"default","site-content-layout":"","ast-site-content-layout":"default","site-content-style":"default","site-sidebar-style":"default","ast-global-header-display":"","ast-banner-title-visibility":"","ast-main-header-display":"","ast-hfb-above-header-display":"","ast-hfb-below-header-display":"","ast-hfb-mobile-header-display":"","site-post-title":"","ast-breadcrumbs-content":"","ast-featured-img":"","footer-sml-layout":"","theme-transparent-header-meta":"","adv-header-id-meta":"","stick-header-meta":"","header-above-stick-meta":"","header-main-stick-meta":"","header-below-stick-meta":"","astra-migrate-meta-layouts":"set","ast-page-background-enabled":"default","ast-page-background-meta":{"desktop":{"background-color":"var(--ast-global-color-4)","background-image":"","background-repeat":"repeat","background-position":"center center","background-size":"auto","background-attachment":"scroll","background-type":"","background-media":"","overlay-type":"","overlay-color":"","overlay-opacity":"","overlay-gradient":""},"tablet":{"background-color":"","background-image":"","background-repeat":"repeat","background-position":"center center","background-size":"auto","background-attachment":"scroll","background-type":"","background-media":"","overlay-type":"","overlay-color":"","overlay-opacity":"","overlay-gradient":""},"mobile":{"background-color":"","background-image":"","background-repeat":"repeat","background-position":"center center","background-size":"auto","background-attachment":"scroll","background-type":"","background-media":"","overlay-type":"","overlay-color":"","overlay-opacity":"","overlay-gradient":""}},"ast-content-background-meta":{"desktop":{"background-color":"var(--ast-global-color-5)","background-image":"","background-repeat":"repeat","background-position":"center center","background-size":"auto","background-attachment":"scroll","background-type":"","background-media":"","overlay-type":"","overlay-color":"","overlay-opacity":"","overlay-gradient":""},"tablet":{"background-color":"var(--ast-global-color-5)","background-image":"","background-repeat":"repeat","background-position":"center center","background-size":"auto","background-attachment":"scroll","background-type":"","background-media":"","overlay-type":"","overlay-color":"","overlay-opacity":"","overlay-gradient":""},"mobile":{"background-color":"var(--ast-global-color-5)","background-image":"","background-repeat":"repeat","background-position":"center center","background-size":"auto","background-attachment":"scroll","background-type":"","background-media":"","overlay-type":"","overlay-color":"","overlay-opacity":"","overlay-gradient":""}},"footnotes":""},"class_list":["post-503","page","type-page","status-publish","hentry"],"post_mailing_queue_ids":[],"_links":{"self":[{"href":"https:\/\/agora.xtec.cat\/ceipvalldaro\/wp-json\/wp\/v2\/pages\/503","targetHints":{"allow":["GET"]}}],"collection":[{"href":"https:\/\/agora.xtec.cat\/ceipvalldaro\/wp-json\/wp\/v2\/pages"}],"about":[{"href":"https:\/\/agora.xtec.cat\/ceipvalldaro\/wp-json\/wp\/v2\/types\/page"}],"author":[{"embeddable":true,"href":"https:\/\/agora.xtec.cat\/ceipvalldaro\/wp-json\/wp\/v2\/users\/1"}],"replies":[{"embeddable":true,"href":"https:\/\/agora.xtec.cat\/ceipvalldaro\/wp-json\/wp\/v2\/comments?post=503"}],"version-history":[{"count":6,"href":"https:\/\/agora.xtec.cat\/ceipvalldaro\/wp-json\/wp\/v2\/pages\/503\/revisions"}],"predecessor-version":[{"id":7328,"href":"https:\/\/agora.xtec.cat\/ceipvalldaro\/wp-json\/wp\/v2\/pages\/503\/revisions\/7328"}],"up":[{"embeddable":true,"href":"https:\/\/agora.xtec.cat\/ceipvalldaro\/wp-json\/wp\/v2\/pages\/22"}],"wp:attachment":[{"href":"https:\/\/agora.xtec.cat\/ceipvalldaro\/wp-json\/wp\/v2\/media?parent=503"}],"curies":[{"name":"wp","href":"https:\/\/api.w.org\/{rel}","templated":true}]}}