{"id":30,"date":"2014-09-18T12:30:23","date_gmt":"2014-09-18T11:30:23","guid":{"rendered":"http:\/\/agora.xtec.cat\/ceipvalldaro\/?page_id=30"},"modified":"2022-09-03T22:59:27","modified_gmt":"2022-09-03T20:59:27","slug":"instal%c2%b7lacions","status":"publish","type":"page","link":"https:\/\/agora.xtec.cat\/ceipvalldaro\/lescola\/instal%c2%b7lacions\/","title":{"rendered":"Instal\u00b7lacions"},"content":{"rendered":"<table border=\"1\" cellspacing=\"0\">\n<tbody>\n<tr>\n<td>\u00a0<b>ENTRADA<\/b><\/td>\n<td><b>\u00a0HALL<\/b><\/td>\n<td><b>PASSADISSOS<\/b><\/td>\n<\/tr>\n<tr>\n<td>\n<div>\u00a0<img decoding=\"async\" class=\"aligncenter\" src=\"https:\/\/lh3.googleusercontent.com\/-ZeYEncm9Jio\/Vv5RPrTo3LI\/AAAAAAAAQGY\/igQ7am79mq0J2zSDttA0NYdmbhKDJ60GQCCo\/s128-Ic42\/IMG_9530.JPG\" border=\"0\" \/>\u00a0\u00a0<img decoding=\"async\" class=\"aligncenter\" src=\"https:\/\/lh3.googleusercontent.com\/-rZCojjPZpEw\/Vv5RQUdZzvI\/AAAAAAAAQGY\/iqeI764XluMXQXqGT-3xgblLRPJttnq3wCCo\/s128-Ic42\/IMG_9532.JPG\" border=\"0\" \/><\/div>\n<div>\n<div><\/div>\n<div><img decoding=\"async\" class=\"aligncenter\" src=\"https:\/\/lh3.googleusercontent.com\/-Tq9Qf11GW4o\/Vv5RHALx7UI\/AAAAAAAAQGc\/3hXd7RhP59kR6u676ff2v325yFz3y2xwACCo\/s128-Ic42\/IMG_9505.JPG\" border=\"0\" \/><\/div>\n<\/div>\n<\/td>\n<td>\n<div>\u00a0\u00a0<img decoding=\"async\" class=\"aligncenter\" src=\"https:\/\/lh3.googleusercontent.com\/-NxAlpyMGXQw\/Vv5RG14XntI\/AAAAAAAAQGc\/rMSa93YybbMnRe6vxXpers0iVzfajWdYQCCo\/s128-Ic42\/IMG_9504.JPG\" border=\"0\" \/>\u00a0\u00a0<img decoding=\"async\" class=\"aligncenter\" src=\"https:\/\/lh3.googleusercontent.com\/-6xGodVp6f9k\/Vv5RIGQFQOI\/AAAAAAAAQGc\/3xF6JQyIDrYLa7plMvQzP2DD9BntJts0QCCo\/s128-Ic42\/IMG_9508.JPG\" border=\"0\" \/><\/div>\n<div><\/div>\n<div>\n<div><img decoding=\"async\" class=\"aligncenter\" src=\"https:\/\/lh3.googleusercontent.com\/-ej-s07zb-OM\/Vv5RHlfL6KI\/AAAAAAAAQGc\/KmzyNdTVM28kz02iZ-n3oYwWLB408ZaSACCo\/s128-Ic42\/IMG_9507.JPG\" border=\"0\" \/><\/div>\n<\/div>\n<\/td>\n<td>\n<div><img decoding=\"async\" class=\"aligncenter\" src=\"https:\/\/lh3.googleusercontent.com\/-cMG_E45maas\/Vv5RGvUzxnI\/AAAAAAAAQGc\/KpNTbnZ1VvQpq5lghFNN_5rDfOJy57rFwCCo\/s128-Ic42\/IMG_9503.JPG\" border=\"0\" \/><\/div>\n<div>\u00a0 \u00a0 \u00a0 \u00a0<img decoding=\"async\" class=\"aligncenter\" src=\"https:\/\/lh3.googleusercontent.com\/-iivty9XDX5o\/Vv5RF7jAxtI\/AAAAAAAAQGc\/9As_Jy24LTU95sxehQ1EMdPcU-RnIh1wwCCo\/s128-Ic42\/IMG_9500.JPG\" border=\"0\" \/>\u00a0 \u00a0<img decoding=\"async\" class=\"aligncenter\" src=\"https:\/\/lh3.googleusercontent.com\/-c7RRQLcOpL8\/Vv5RLQMVOQI\/AAAAAAAAQGY\/PoiO9K-eKQI-bDWlBqtnJuaLfr8chOWuwCCo\/s128-Ic42\/IMG_9516.JPG\" border=\"0\" \/><\/div>\n<\/td>\n<\/tr>\n<tr>\n<td>\u00a0<strong><em>PATI EDUCACI\u00d3 INFANTIL<\/em><\/strong><\/td>\n<td><b>PATI EDUCACI\u00d3 PRIM\u00c0RIA<\/b><\/td>\n<td>\u00a0<strong><em>AULA DE SUPORT<\/em><\/strong><\/td>\n<\/tr>\n<tr>\n<td>\n<div>\u00a0<img decoding=\"async\" src=\"https:\/\/lh3.googleusercontent.com\/-h8uK0MfYvn0\/Vv5RJubIFyI\/AAAAAAAAQGY\/1VFsF2Ty_uMPyOgUR3Ky0scmWcFDeBVUwCCo\/s128-Ic42\/IMG_9512.JPG\" border=\"0\" \/>\u00a0\u00a0<img decoding=\"async\" src=\"https:\/\/lh3.googleusercontent.com\/-TxrpNYld69s\/Vv5RJSsbhPI\/AAAAAAAAQGY\/Htta9SDb6GAG-OucBEszC7aOq1v1w8bVQCCo\/s128-Ic42\/IMG_9511.JPG\" border=\"0\" \/><\/div>\n<\/td>\n<td>\n<div>\u00a0\u00a0<img decoding=\"async\" src=\"https:\/\/lh3.googleusercontent.com\/-tNBXgA-aGCs\/Vv5RIUw0U1I\/AAAAAAAAQGc\/-YI19C447TY-QRqx2adTDuYOisNEzzMnQCCo\/s128-Ic42\/IMG_9509.JPG\" border=\"0\" \/>\u00a0 \u00a0<img decoding=\"async\" src=\"https:\/\/lh3.googleusercontent.com\/-dWY-ccLH2Rg\/Vv5RI1BYXoI\/AAAAAAAAQGc\/61ceyfe-pLwhEkv3F0PEeA5s6ztJkmRvwCCo\/s128-Ic42\/IMG_9510.JPG\" border=\"0\" \/><\/div>\n<\/td>\n<td><img loading=\"lazy\" decoding=\"async\" class=\"aligncenter\" src=\"https:\/\/lh3.googleusercontent.com\/-08uLDLWtrL4\/Vv5RORypNRI\/AAAAAAAAQGY\/0MZPVdFstf0IdLARp--s55LXT-SXLiZZgCCo\/s912-Ic42\/IMG_9525.JPG\" width=\"200\" height=\"150\" border=\"0\" \/><\/td>\n<\/tr>\n<tr>\n<td>\u00a0<strong><em>AULA D&#8217;INFORM\u00c0TICA<\/em><\/strong><\/td>\n<td>\u00a0<strong><em>AULA DE M\u00d9SICA<\/em><\/strong><\/td>\n<td>\u00a0<strong><em>BIBLIOTECA<\/em><\/strong><\/td>\n<\/tr>\n<tr>\n<td>\u00a0<img loading=\"lazy\" decoding=\"async\" class=\"aligncenter\" src=\"https:\/\/lh3.googleusercontent.com\/-sHdxs6N1tdI\/Vv5RC6-yqbI\/AAAAAAAAQGQ\/BC0gZ8NyBBIx9FW-Z7DeizntN5GKpD4oQCCo\/s912-Ic42\/IMG_9488.JPG\" width=\"200\" height=\"150\" border=\"0\" \/><\/td>\n<td>\n<div><img loading=\"lazy\" decoding=\"async\" class=\"aligncenter\" src=\"https:\/\/lh3.googleusercontent.com\/-rsJ5xBYJ4VA\/Vv5RDDZQfRI\/AAAAAAAAQGQ\/H4Z3dhtQp3gPrVldFanQ3KCq4TM-9XVcwCCo\/s912-Ic42\/IMG_9489.JPG\" width=\"200\" height=\"150\" border=\"0\" \/><\/div>\n<\/td>\n<td>\n<div><img decoding=\"async\" src=\"https:\/\/lh3.googleusercontent.com\/-o-nsdR1eVpw\/Vv5RKXvPhhI\/AAAAAAAAQGY\/dJoiOrETS5UrXf2JHJ4A47DZZkSoYH4QQCCo\/s128-Ic42\/IMG_9514.JPG\" border=\"0\" \/>\u00a0\u00a0<img decoding=\"async\" src=\"https:\/\/lh3.googleusercontent.com\/-GZZ61Vl1Jgw\/Vv5RK0OzP0I\/AAAAAAAAQGY\/Ulb8gaL9ZNIax6nWNS47lPHEB57Kh-GmgCCo\/s128-Ic42\/IMG_9515.JPG\" border=\"0\" \/><\/div>\n<\/td>\n<\/tr>\n<tr>\n<td>\u00a0<b>TUTORIES<\/b><\/td>\n<td>\u00a0<b>AULES D&#8217;ANGL\u00c8S<\/b><\/td>\n<td>\u00a0<b>GIMN\u00c0S<\/b><\/td>\n<\/tr>\n<tr>\n<td>\n<div><img loading=\"lazy\" decoding=\"async\" class=\"aligncenter\" src=\"https:\/\/lh3.googleusercontent.com\/-lEaK8O3RSi0\/Vv5REkyQL4I\/AAAAAAAAQGc\/z1ET-lvOwHUch8miTTmgE6Ad9rx9ac6AgCCo\/s912-Ic42\/IMG_9497.JPG\" width=\"200\" height=\"150\" border=\"0\" \/><\/div>\n<\/td>\n<td>\n<div>\n<div><a href=\"https:\/\/lh3.googleusercontent.com\/-etmn_3ptynY\/Vv5RFda9DuI\/AAAAAAAAQGc\/i72PpxTAUwMq1RoSnRHnt14bC6mAe6g5wCCo\/s128-Ic42\/IMG_9499.JPG\">\u00a0\u00a0<\/a><img decoding=\"async\" src=\"https:\/\/lh3.googleusercontent.com\/-SVSbMItWTeM\/Vv5RDpAEVmI\/AAAAAAAAQGc\/-hDu_s1xDYcPm1aI796vcNOnLEDLvEvhwCCo\/s128-Ic42\/IMG_9491.JPG\" border=\"0\" \/>\u00a0\u00a0<img decoding=\"async\" src=\"https:\/\/lh3.googleusercontent.com\/-etmn_3ptynY\/Vv5RFda9DuI\/AAAAAAAAQGc\/i72PpxTAUwMq1RoSnRHnt14bC6mAe6g5wCCo\/s128-Ic42\/IMG_9499.JPG\" border=\"0\" \/><\/div>\n<\/div>\n<\/td>\n<td>\n<div><img loading=\"lazy\" decoding=\"async\" class=\"aligncenter\" src=\"https:\/\/lh3.googleusercontent.com\/-mtbq4YDk38Q\/Vv5RGP19szI\/AAAAAAAAQGc\/qolypdAL0OgEplqcmumD28Xi0VRVqeKfgCCo\/s912-Ic42\/IMG_9502.JPG\" width=\"200\" height=\"150\" border=\"0\" \/><\/div>\n<\/td>\n<\/tr>\n<tr>\n<td>\u00a0<strong><em>AULES D&#8217;EDUCACI\u00d3 INFANTIL<\/em><\/strong><\/td>\n<td>\u00a0<strong><em>AULES DE CICLE INICIAL<\/em><\/strong><\/td>\n<td>\u00a0<strong><em>AULES DE CICLE MITJ\u00c0<\/em><\/strong><\/td>\n<\/tr>\n<tr>\n<td>\n<div>\n<div>\u00a0<img decoding=\"async\" class=\"aligncenter\" src=\"https:\/\/lh3.googleusercontent.com\/-P1scw-e1nTw\/Vv5RDyS0dvI\/AAAAAAAAQGc\/xHXrkjkYJcAtuapYOSabWzXfS9ckNZ9OgCCo\/s128-Ic42\/IMG_9495.JPG\" border=\"0\" \/>\u00a0\u00a0<img decoding=\"async\" class=\"aligncenter\" src=\"https:\/\/lh3.googleusercontent.com\/-pFUG4qJ5afg\/Vv5REeZdL8I\/AAAAAAAAQGc\/O0b4dei2qEkjpflfxvmYqIrWwMMbfOjZwCCo\/s128-Ic42\/IMG_9496.JPG\" border=\"0\" \/><\/div>\n<div><\/div>\n<div><img decoding=\"async\" class=\"aligncenter\" src=\"https:\/\/lh3.googleusercontent.com\/-eT_qvB0q5NM\/Vv5RFHZ9XJI\/AAAAAAAAQGc\/VNI9zNP2dBgKJyxRhhvyx_u7AkwpTtpHgCCo\/s128-Ic42\/IMG_9498.JPG\" border=\"0\" \/><\/div>\n<\/div>\n<\/td>\n<td>\n<div>\u00a0\u00a0<img decoding=\"async\" src=\"https:\/\/lh3.googleusercontent.com\/-zhlYX3zLvgQ\/Vv5RLgwgiiI\/AAAAAAAAQFU\/hIqn968dmSI0rqX6IZOnF-HXnF1GvNEkgCCo\/s128-Ic42\/IMG_9517.JPG\" border=\"0\" \/>\u00a0 \u00a0<img decoding=\"async\" src=\"https:\/\/lh3.googleusercontent.com\/-fQGkAOtSEsg\/Vv5RLzgogfI\/AAAAAAAAQFY\/yc21qgfIwxYGBNzR4eAXnNJA1ExUn65ngCCo\/s128-Ic42\/IMG_9519.JPG\" border=\"0\" \/><\/div>\n<\/td>\n<td>\n<div><\/div>\n<div><img decoding=\"async\" src=\"https:\/\/lh3.googleusercontent.com\/-m8-eAWOhi6s\/Vv5RMZYjo4I\/AAAAAAAAQGY\/aCwduFriC_MbVlrV0QxHR4u4FSztNbD9QCCo\/s128-Ic42\/IMG_9520.JPG\" border=\"0\" \/>\u00a0\u00a0<img decoding=\"async\" src=\"https:\/\/lh3.googleusercontent.com\/-OXurStmIMd8\/Vv5RM76dSiI\/AAAAAAAAQGY\/-8tFkt_xthYtGpyD1ueDN-2a8Gk_gnEJwCCo\/s128-Ic42\/IMG_9521.JPG\" border=\"0\" \/><\/div>\n<\/td>\n<\/tr>\n<tr>\n<td>\u00a0<strong><em>AULES DE CICLE SUPERIOR<\/em><\/strong><\/td>\n<td>\u00a0<b>SALA<\/b><strong><em>\u00a0DE MESTRES<\/em><\/strong><\/td>\n<td>\u00a0<strong><em>DESPATXOS<\/em><\/strong><\/td>\n<\/tr>\n<tr>\n<td>\n<div>\n<div><img decoding=\"async\" src=\"https:\/\/lh3.googleusercontent.com\/-ceWPil_-LCk\/Vv5RNb6uFOI\/AAAAAAAAQGY\/6jkyb6CVWjInfprGxtEr_aJmCUHtT3AQACCo\/s128-Ic42\/IMG_9522.JPG\" border=\"0\" \/>\u00a0\u00a0<img decoding=\"async\" src=\"https:\/\/lh3.googleusercontent.com\/-uuPLmHnyptQ\/Vv5RNun_TaI\/AAAAAAAAQGY\/kJBNBSVYvZobu57y1bObu1RlsMD9TNVGwCCo\/s128-Ic42\/IMG_9523.JPG\" border=\"0\" \/><\/div>\n<\/div>\n<\/td>\n<td>\n<div><\/div>\n<div><img loading=\"lazy\" decoding=\"async\" class=\"aligncenter\" src=\"https:\/\/lh3.googleusercontent.com\/-YMfWh3pUM88\/Vv5RCVNG8oI\/AAAAAAAAQGQ\/9w_ZZVf4fDMt9_ZYQMmXj_N9cOWCk8F8QCCo\/s912-Ic42\/IMG_9487.JPG\" width=\"200\" height=\"150\" border=\"0\" \/><\/div>\n<\/td>\n<td>\n<div>\n<div>\u00a0<img decoding=\"async\" class=\"aligncenter\" src=\"https:\/\/lh3.googleusercontent.com\/-63uTRbdEhwE\/Vv5RBkVsDUI\/AAAAAAAAQGQ\/wwEsnF1QTKMhsz-DkPQuiZguzm8wCTZKgCCo\/s128-Ic42\/IMG_9373.JPG\" border=\"0\" \/>\u00a0\u00a0<img decoding=\"async\" class=\"aligncenter\" src=\"https:\/\/lh3.googleusercontent.com\/-kuGtlhvuRGA\/Vv5RCI7cDTI\/AAAAAAAAQGQ\/jG-veRzTx5QemWOdqT1OoAKrcUC_6rRwgCCo\/s128-Ic42\/IMG_9374.JPG\" border=\"0\" \/><\/div>\n<div><\/div>\n<div><img decoding=\"async\" class=\"aligncenter\" src=\"https:\/\/lh3.googleusercontent.com\/-EIEEhEX9fJ8\/Vv5RKFdlZQI\/AAAAAAAAQFE\/Z0rcsDbmd-gc7QZYVtiwYPdeUmuMRe8cgCCo\/s128-Ic42\/IMG_9513.JPG\" border=\"0\" \/><\/div>\n<\/div>\n<\/td>\n<\/tr>\n<\/tbody>\n<\/table>\n","protected":false},"excerpt":{"rendered":"<p>\u00a0ENTRADA \u00a0HALL PASSADISSOS \u00a0\u00a0\u00a0 \u00a0\u00a0\u00a0\u00a0 \u00a0 \u00a0 \u00a0 \u00a0\u00a0 \u00a0 \u00a0PATI EDUCACI\u00d3 INFANTIL PATI EDUCACI\u00d3 PRIM\u00c0RIA \u00a0AULA DE SUPORT \u00a0\u00a0\u00a0 \u00a0\u00a0\u00a0 \u00a0 \u00a0AULA D&#8217;INFORM\u00c0TICA \u00a0AULA DE M\u00d9SICA \u00a0BIBLIOTECA \u00a0 \u00a0\u00a0 \u00a0TUTORIES \u00a0AULES D&#8217;ANGL\u00c8S \u00a0GIMN\u00c0S \u00a0\u00a0\u00a0\u00a0 \u00a0AULES D&#8217;EDUCACI\u00d3 INFANTIL \u00a0AULES DE CICLE INICIAL \u00a0AULES DE CICLE MITJ\u00c0 \u00a0\u00a0\u00a0 \u00a0\u00a0\u00a0 \u00a0 \u00a0\u00a0 \u00a0AULES DE CICLE SUPERIOR \u00a0SALA\u00a0DE [&hellip;]<\/p>\n","protected":false},"author":1,"featured_media":0,"parent":22,"menu_order":40,"comment_status":"closed","ping_status":"closed","template":"page-templates\/side-menu.php","meta":{"_bbp_topic_count":0,"_bbp_reply_count":0,"_bbp_total_topic_count":0,"_bbp_total_reply_count":0,"_bbp_voice_count":0,"_bbp_anonymous_reply_count":0,"_bbp_topic_count_hidden":0,"_bbp_reply_count_hidden":0,"_bbp_forum_subforum_count":0,"site-sidebar-layout":"default","site-content-layout":"","ast-site-content-layout":"","site-content-style":"default","site-sidebar-style":"default","ast-global-header-display":"","ast-banner-title-visibility":"","ast-main-header-display":"","ast-hfb-above-header-display":"","ast-hfb-below-header-display":"","ast-hfb-mobile-header-display":"","site-post-title":"","ast-breadcrumbs-content":"","ast-featured-img":"","footer-sml-layout":"","theme-transparent-header-meta":"","adv-header-id-meta":"","stick-header-meta":"","header-above-stick-meta":"","header-main-stick-meta":"","header-below-stick-meta":"","astra-migrate-meta-layouts":"default","ast-page-background-enabled":"default","ast-page-background-meta":{"desktop":{"background-color":"var(--ast-global-color-4)","background-image":"","background-repeat":"repeat","background-position":"center center","background-size":"auto","background-attachment":"scroll","background-type":"","background-media":"","overlay-type":"","overlay-color":"","overlay-opacity":"","overlay-gradient":""},"tablet":{"background-color":"","background-image":"","background-repeat":"repeat","background-position":"center center","background-size":"auto","background-attachment":"scroll","background-type":"","background-media":"","overlay-type":"","overlay-color":"","overlay-opacity":"","overlay-gradient":""},"mobile":{"background-color":"","background-image":"","background-repeat":"repeat","background-position":"center center","background-size":"auto","background-attachment":"scroll","background-type":"","background-media":"","overlay-type":"","overlay-color":"","overlay-opacity":"","overlay-gradient":""}},"ast-content-background-meta":{"desktop":{"background-color":"var(--ast-global-color-5)","background-image":"","background-repeat":"repeat","background-position":"center center","background-size":"auto","background-attachment":"scroll","background-type":"","background-media":"","overlay-type":"","overlay-color":"","overlay-opacity":"","overlay-gradient":""},"tablet":{"background-color":"var(--ast-global-color-5)","background-image":"","background-repeat":"repeat","background-position":"center center","background-size":"auto","background-attachment":"scroll","background-type":"","background-media":"","overlay-type":"","overlay-color":"","overlay-opacity":"","overlay-gradient":""},"mobile":{"background-color":"var(--ast-global-color-5)","background-image":"","background-repeat":"repeat","background-position":"center center","background-size":"auto","background-attachment":"scroll","background-type":"","background-media":"","overlay-type":"","overlay-color":"","overlay-opacity":"","overlay-gradient":""}},"footnotes":""},"class_list":["post-30","page","type-page","status-publish","hentry"],"post_mailing_queue_ids":[],"_links":{"self":[{"href":"https:\/\/agora.xtec.cat\/ceipvalldaro\/wp-json\/wp\/v2\/pages\/30","targetHints":{"allow":["GET"]}}],"collection":[{"href":"https:\/\/agora.xtec.cat\/ceipvalldaro\/wp-json\/wp\/v2\/pages"}],"about":[{"href":"https:\/\/agora.xtec.cat\/ceipvalldaro\/wp-json\/wp\/v2\/types\/page"}],"author":[{"embeddable":true,"href":"https:\/\/agora.xtec.cat\/ceipvalldaro\/wp-json\/wp\/v2\/users\/1"}],"replies":[{"embeddable":true,"href":"https:\/\/agora.xtec.cat\/ceipvalldaro\/wp-json\/wp\/v2\/comments?post=30"}],"version-history":[{"count":3,"href":"https:\/\/agora.xtec.cat\/ceipvalldaro\/wp-json\/wp\/v2\/pages\/30\/revisions"}],"predecessor-version":[{"id":2539,"href":"https:\/\/agora.xtec.cat\/ceipvalldaro\/wp-json\/wp\/v2\/pages\/30\/revisions\/2539"}],"up":[{"embeddable":true,"href":"https:\/\/agora.xtec.cat\/ceipvalldaro\/wp-json\/wp\/v2\/pages\/22"}],"wp:attachment":[{"href":"https:\/\/agora.xtec.cat\/ceipvalldaro\/wp-json\/wp\/v2\/media?parent=30"}],"curies":[{"name":"wp","href":"https:\/\/api.w.org\/{rel}","templated":true}]}}