{"id":747,"date":"2019-11-21T10:44:32","date_gmt":"2019-11-21T09:44:32","guid":{"rendered":"http:\/\/agora.xtec.cat\/ceipvall-llobrega\/?page_id=747"},"modified":"2025-11-25T11:58:31","modified_gmt":"2025-11-25T10:58:31","slug":"equip-docent","status":"publish","type":"page","link":"https:\/\/agora.xtec.cat\/ceipvall-llobrega\/organigrama\/equip-docent\/","title":{"rendered":"Equip Docent"},"content":{"rendered":"<p>Pel que fa a l\u2019equip docent, aquest, est\u00e0 format per:<\/p>\n<p><a href=\"https:\/\/agora.xtec.cat\/ceipvall-llobrega\/wp-content\/uploads\/usu390\/2025\/11\/Imagen-de-WhatsApp-2025-11-25-a-las-11.49.50_3c47b1f6.jpg\"><img loading=\"lazy\" decoding=\"async\" class=\"aligncenter size-full wp-image-1703\" src=\"https:\/\/agora.xtec.cat\/ceipvall-llobrega\/wp-content\/uploads\/usu390\/2025\/11\/Imagen-de-WhatsApp-2025-11-25-a-las-11.49.50_3c47b1f6.jpg\" alt=\"\" width=\"1600\" height=\"1200\" srcset=\"https:\/\/agora.xtec.cat\/ceipvall-llobrega\/wp-content\/uploads\/usu390\/2025\/11\/Imagen-de-WhatsApp-2025-11-25-a-las-11.49.50_3c47b1f6.jpg 1600w, https:\/\/agora.xtec.cat\/ceipvall-llobrega\/wp-content\/uploads\/usu390\/2025\/11\/Imagen-de-WhatsApp-2025-11-25-a-las-11.49.50_3c47b1f6-300x225.jpg 300w, https:\/\/agora.xtec.cat\/ceipvall-llobrega\/wp-content\/uploads\/usu390\/2025\/11\/Imagen-de-WhatsApp-2025-11-25-a-las-11.49.50_3c47b1f6-1024x768.jpg 1024w, https:\/\/agora.xtec.cat\/ceipvall-llobrega\/wp-content\/uploads\/usu390\/2025\/11\/Imagen-de-WhatsApp-2025-11-25-a-las-11.49.50_3c47b1f6-768x576.jpg 768w, https:\/\/agora.xtec.cat\/ceipvall-llobrega\/wp-content\/uploads\/usu390\/2025\/11\/Imagen-de-WhatsApp-2025-11-25-a-las-11.49.50_3c47b1f6-1536x1152.jpg 1536w\" sizes=\"auto, (max-width: 1600px) 100vw, 1600px\" \/><\/a><\/p>\n<table>\n<tbody>\n<tr>\n<td colspan=\"2\"><strong>INFANTIL<\/strong><\/td>\n<td colspan=\"2\"><strong>CICLE INICIAL<\/strong><\/td>\n<td colspan=\"2\"><strong>CICLE MITJ\u00c0<\/strong><\/td>\n<\/tr>\n<tr>\n<td><em><strong>I1-I2<\/strong><\/em><\/td>\n<td>SUSANNA MU\u00d1OZ<\/td>\n<td><strong><em>1R<\/em><\/strong><\/td>\n<td>MAR SOLER<\/td>\n<td><strong><em>3R<\/em><\/strong><\/td>\n<td>AURORA GRATAC\u00d3S<\/td>\n<\/tr>\n<tr>\n<td><\/td>\n<td>NEUS MART\u00cd<\/td>\n<td><strong><em>2N<\/em><\/strong><\/td>\n<td>LAURA PARERES<\/td>\n<td><strong><em>4T<\/em><\/strong><\/td>\n<td>CRISTINA PLANTALECH<\/td>\n<\/tr>\n<tr>\n<td><em><strong>SUPORT INFANTIL I CI<\/strong><\/em><\/td>\n<td>GL\u00d2RIA TERRADELLAS<\/td>\n<td colspan=\"2\"><strong>CICLE SUPERIOR<\/strong><\/td>\n<td colspan=\"2\"><strong>ESPECIALISTES<\/strong><\/td>\n<\/tr>\n<tr>\n<td><b><i>INFANTIL<\/i><\/b><\/td>\n<td>ELI GARCIA I SILVIA MAGRINY\u00c0<\/td>\n<td><strong><em>5\u00c8<\/em><\/strong><\/td>\n<td><span style=\"background-color: #ffffff;\">LLU\u00cfSA BAEZA<\/span><\/td>\n<td><strong><em>EDUCACI\u00d3 F\u00cdSICA<\/em><\/strong><\/td>\n<td>LAURA VIL\u00c0 &#8211; SAIDA VIGAS<\/td>\n<\/tr>\n<tr>\n<td><\/td>\n<td><\/td>\n<td><strong><em>6\u00c8<\/em><\/strong><\/td>\n<td>L\u00cdDIA CASACUBERTA<\/td>\n<td><strong><em>ANGL\u00c8S<\/em><\/strong><\/td>\n<td>S\u00cdLVIA TORN\u00c9<\/td>\n<\/tr>\n<tr>\n<td><\/td>\n<td><\/td>\n<td><\/td>\n<td><\/td>\n<td><strong><em>M\u00daSICA<\/em><\/strong><\/td>\n<td>SAIDA VIGAS<\/td>\n<\/tr>\n<tr>\n<td><\/td>\n<td><\/td>\n<td><\/td>\n<td><\/td>\n<td><strong><em>EDUCACI\u00d3 ESPECIAL I SUPORTS<\/em><\/strong><\/td>\n<td>SANDRA REQUENA I MARTA CASTELLS<\/td>\n<\/tr>\n<\/tbody>\n<\/table>\n<p>Els\/les coordinadors\/es:<\/p>\n<table>\n<tbody>\n<tr>\n<td><em><strong>INFANTIL<\/strong><\/em><\/td>\n<td>S\u00cdLVIA MAGRINY\u00c0<\/td>\n<\/tr>\n<tr>\n<td><em><strong>PRIM\u00c0RIA<\/strong><\/em><\/td>\n<td>SAIDA VIGAS<\/td>\n<\/tr>\n<tr>\n<td><em><strong>INFORM\u00c0TICA<\/strong><\/em><\/td>\n<td>L\u00cdDIA CASACUBERTA<\/td>\n<\/tr>\n<tr>\n<td><em><strong>RISCOS LABORALS<\/strong><\/em><\/td>\n<td>MAR SOLER<\/td>\n<\/tr>\n<tr>\n<td><em><strong>LING\u00dc\u00cdSTICA<\/strong><\/em><\/td>\n<td>LLU\u00cfSA BAEZA<\/td>\n<\/tr>\n<\/tbody>\n<\/table>\n","protected":false},"excerpt":{"rendered":"<p>Pel que fa a l\u2019equip docent, aquest, est\u00e0 format per: INFANTIL CICLE INICIAL CICLE MITJ\u00c0 I1-I2 SUSANNA MU\u00d1OZ 1R MAR [&hellip;]<\/p>\n","protected":false},"author":5,"featured_media":0,"parent":744,"menu_order":0,"comment_status":"closed","ping_status":"closed","template":"","meta":{"_bbp_topic_count":0,"_bbp_reply_count":0,"_bbp_total_topic_count":0,"_bbp_total_reply_count":0,"_bbp_voice_count":0,"_bbp_anonymous_reply_count":0,"_bbp_topic_count_hidden":0,"_bbp_reply_count_hidden":0,"_bbp_forum_subforum_count":0,"site-sidebar-layout":"default","site-content-layout":"","ast-site-content-layout":"default","site-content-style":"default","site-sidebar-style":"default","ast-global-header-display":"","ast-banner-title-visibility":"","ast-main-header-display":"","ast-hfb-above-header-display":"","ast-hfb-below-header-display":"","ast-hfb-mobile-header-display":"","site-post-title":"","ast-breadcrumbs-content":"","ast-featured-img":"","footer-sml-layout":"","theme-transparent-header-meta":"default","adv-header-id-meta":"","stick-header-meta":"","header-above-stick-meta":"","header-main-stick-meta":"","header-below-stick-meta":"","astra-migrate-meta-layouts":"set","ast-page-background-enabled":"default","ast-page-background-meta":{"desktop":{"background-color":"var(--ast-global-color-4)","background-image":"","background-repeat":"repeat","background-position":"center center","background-size":"auto","background-attachment":"scroll","background-type":"","background-media":"","overlay-type":"","overlay-color":"","overlay-opacity":"","overlay-gradient":""},"tablet":{"background-color":"","background-image":"","background-repeat":"repeat","background-position":"center center","background-size":"auto","background-attachment":"scroll","background-type":"","background-media":"","overlay-type":"","overlay-color":"","overlay-opacity":"","overlay-gradient":""},"mobile":{"background-color":"","background-image":"","background-repeat":"repeat","background-position":"center center","background-size":"auto","background-attachment":"scroll","background-type":"","background-media":"","overlay-type":"","overlay-color":"","overlay-opacity":"","overlay-gradient":""}},"ast-content-background-meta":{"desktop":{"background-color":"var(--ast-global-color-5)","background-image":"","background-repeat":"repeat","background-position":"center center","background-size":"auto","background-attachment":"scroll","background-type":"","background-media":"","overlay-type":"","overlay-color":"","overlay-opacity":"","overlay-gradient":""},"tablet":{"background-color":"var(--ast-global-color-5)","background-image":"","background-repeat":"repeat","background-position":"center center","background-size":"auto","background-attachment":"scroll","background-type":"","background-media":"","overlay-type":"","overlay-color":"","overlay-opacity":"","overlay-gradient":""},"mobile":{"background-color":"var(--ast-global-color-5)","background-image":"","background-repeat":"repeat","background-position":"center center","background-size":"auto","background-attachment":"scroll","background-type":"","background-media":"","overlay-type":"","overlay-color":"","overlay-opacity":"","overlay-gradient":""}},"footnotes":""},"class_list":["post-747","page","type-page","status-publish","hentry"],"post_mailing_queue_ids":[],"_links":{"self":[{"href":"https:\/\/agora.xtec.cat\/ceipvall-llobrega\/wp-json\/wp\/v2\/pages\/747","targetHints":{"allow":["GET"]}}],"collection":[{"href":"https:\/\/agora.xtec.cat\/ceipvall-llobrega\/wp-json\/wp\/v2\/pages"}],"about":[{"href":"https:\/\/agora.xtec.cat\/ceipvall-llobrega\/wp-json\/wp\/v2\/types\/page"}],"author":[{"embeddable":true,"href":"https:\/\/agora.xtec.cat\/ceipvall-llobrega\/wp-json\/wp\/v2\/users\/5"}],"replies":[{"embeddable":true,"href":"https:\/\/agora.xtec.cat\/ceipvall-llobrega\/wp-json\/wp\/v2\/comments?post=747"}],"version-history":[{"count":6,"href":"https:\/\/agora.xtec.cat\/ceipvall-llobrega\/wp-json\/wp\/v2\/pages\/747\/revisions"}],"predecessor-version":[{"id":1704,"href":"https:\/\/agora.xtec.cat\/ceipvall-llobrega\/wp-json\/wp\/v2\/pages\/747\/revisions\/1704"}],"up":[{"embeddable":true,"href":"https:\/\/agora.xtec.cat\/ceipvall-llobrega\/wp-json\/wp\/v2\/pages\/744"}],"wp:attachment":[{"href":"https:\/\/agora.xtec.cat\/ceipvall-llobrega\/wp-json\/wp\/v2\/media?parent=747"}],"curies":[{"name":"wp","href":"https:\/\/api.w.org\/{rel}","templated":true}]}}