{"id":1706,"date":"2025-12-10T12:04:41","date_gmt":"2025-12-10T11:04:41","guid":{"rendered":"https:\/\/agora.xtec.cat\/ceipvall-llobrega\/?page_id=1706"},"modified":"2025-12-10T12:24:28","modified_gmt":"2025-12-10T11:24:28","slug":"digitalitzacio-al-servei-de-leducacio","status":"publish","type":"page","link":"https:\/\/agora.xtec.cat\/ceipvall-llobrega\/digitalitzacio-al-servei-de-leducacio\/","title":{"rendered":"Digitalitzaci\u00f3 al servei de\u00a0l&#8217;educaci\u00f3"},"content":{"rendered":"<p><a href=\"https:\/\/agora.xtec.cat\/ceipvall-llobrega\/wp-content\/uploads\/usu390\/2025\/12\/codigo.jpg\"><img loading=\"lazy\" decoding=\"async\" class=\"wp-image-1715 alignleft\" src=\"https:\/\/agora.xtec.cat\/ceipvall-llobrega\/wp-content\/uploads\/usu390\/2025\/12\/codigo.jpg\" alt=\"\" width=\"490\" height=\"77\" srcset=\"https:\/\/agora.xtec.cat\/ceipvall-llobrega\/wp-content\/uploads\/usu390\/2025\/12\/codigo.jpg 1201w, https:\/\/agora.xtec.cat\/ceipvall-llobrega\/wp-content\/uploads\/usu390\/2025\/12\/codigo-300x47.jpg 300w, https:\/\/agora.xtec.cat\/ceipvall-llobrega\/wp-content\/uploads\/usu390\/2025\/12\/codigo-1024x160.jpg 1024w, https:\/\/agora.xtec.cat\/ceipvall-llobrega\/wp-content\/uploads\/usu390\/2025\/12\/codigo-768x120.jpg 768w\" sizes=\"auto, (max-width: 490px) 100vw, 490px\" \/><\/a>El Departament porta a terme una s\u00e8rie d&#8217;actuacions amb l&#8217;objectiu de refor\u00e7ar la digitalitzaci\u00f3 del sistema educatiu i d&#8217;implantar el nou Marc de refer\u00e8ncia de la compet\u00e8ncia digital docent (MRCDD), perqu\u00e8 serveixi com a palanca per a la innovaci\u00f3 en els centres educatius de Catalunya.<\/p>\n<p>La finalitat \u00e9s facilitar, al professorat i l&#8217;alumnat dels centres educatius finan\u00e7ats amb fons p\u00fablics, el desenvolupament de les compet\u00e8ncies digitals relacionades amb el pensament computacional i la programaci\u00f3.<\/p>\n<p>Les actuacions s&#8217;emmarquen en el programa &#8220;C\u00f3digo Escuela 4.0&#8221; del Ministeri d&#8217;Educaci\u00f3, Formaci\u00f3 Professional i Esports. Aquest Programa pret\u00e9n articular una resposta integral per:<\/p>\n<ol>\n<li>Capacitar i actualitzar el professorat amb accions formatives concretes, que inclouen:\n<ul>\n<li>acompanyar el docent dins de l&#8217;aula, i<\/li>\n<li>facilitar recursos educatius oberts espec\u00edfics que es puguin portar a terme f\u00e0cilment dins l&#8217;aula.<\/li>\n<\/ul>\n<\/li>\n<li>Dotar els centres educatius amb:\n<ul>\n<li>recursos necessaris per treballar\u00a0la programaci\u00f3 a les aules, i<\/li>\n<li>equipaments de rob\u00f2tica educativa.<\/li>\n<\/ul>\n<\/li>\n<\/ol>\n<h2><\/h2>\n<div>\n<div>\n<p>WEB DIGITAL<\/p>\n<p><a href=\"https:\/\/projectes.xtec.cat\/digital\/\" target=\"_blank\" rel=\"noopener\" data-saferedirecturl=\"https:\/\/www.google.com\/url?q=https:\/\/projectes.xtec.cat\/digital\/&amp;source=gmail&amp;ust=1765451148215000&amp;usg=AOvVaw2uTISJaUvBPDW0z9ZUmqMA\">https:\/\/projectes.xtec.cat\/<wbr \/>digital\/<\/a><\/p>\n<\/div>\n<\/div>\n","protected":false},"excerpt":{"rendered":"<p>El Departament porta a terme una s\u00e8rie d&#8217;actuacions amb l&#8217;objectiu de refor\u00e7ar la digitalitzaci\u00f3 del sistema educatiu i d&#8217;implantar el [&hellip;]<\/p>\n","protected":false},"author":5,"featured_media":0,"parent":0,"menu_order":0,"comment_status":"closed","ping_status":"closed","template":"","meta":{"_bbp_topic_count":0,"_bbp_reply_count":0,"_bbp_total_topic_count":0,"_bbp_total_reply_count":0,"_bbp_voice_count":0,"_bbp_anonymous_reply_count":0,"_bbp_topic_count_hidden":0,"_bbp_reply_count_hidden":0,"_bbp_forum_subforum_count":0,"site-sidebar-layout":"default","site-content-layout":"","ast-site-content-layout":"default","site-content-style":"default","site-sidebar-style":"default","ast-global-header-display":"","ast-banner-title-visibility":"","ast-main-header-display":"","ast-hfb-above-header-display":"","ast-hfb-below-header-display":"","ast-hfb-mobile-header-display":"","site-post-title":"","ast-breadcrumbs-content":"","ast-featured-img":"","footer-sml-layout":"","theme-transparent-header-meta":"default","adv-header-id-meta":"","stick-header-meta":"","header-above-stick-meta":"","header-main-stick-meta":"","header-below-stick-meta":"","astra-migrate-meta-layouts":"set","ast-page-background-enabled":"default","ast-page-background-meta":{"desktop":{"background-color":"var(--ast-global-color-4)","background-image":"","background-repeat":"repeat","background-position":"center center","background-size":"auto","background-attachment":"scroll","background-type":"","background-media":"","overlay-type":"","overlay-color":"","overlay-opacity":"","overlay-gradient":""},"tablet":{"background-color":"","background-image":"","background-repeat":"repeat","background-position":"center center","background-size":"auto","background-attachment":"scroll","background-type":"","background-media":"","overlay-type":"","overlay-color":"","overlay-opacity":"","overlay-gradient":""},"mobile":{"background-color":"","background-image":"","background-repeat":"repeat","background-position":"center center","background-size":"auto","background-attachment":"scroll","background-type":"","background-media":"","overlay-type":"","overlay-color":"","overlay-opacity":"","overlay-gradient":""}},"ast-content-background-meta":{"desktop":{"background-color":"var(--ast-global-color-5)","background-image":"","background-repeat":"repeat","background-position":"center center","background-size":"auto","background-attachment":"scroll","background-type":"","background-media":"","overlay-type":"","overlay-color":"","overlay-opacity":"","overlay-gradient":""},"tablet":{"background-color":"var(--ast-global-color-5)","background-image":"","background-repeat":"repeat","background-position":"center center","background-size":"auto","background-attachment":"scroll","background-type":"","background-media":"","overlay-type":"","overlay-color":"","overlay-opacity":"","overlay-gradient":""},"mobile":{"background-color":"var(--ast-global-color-5)","background-image":"","background-repeat":"repeat","background-position":"center center","background-size":"auto","background-attachment":"scroll","background-type":"","background-media":"","overlay-type":"","overlay-color":"","overlay-opacity":"","overlay-gradient":""}},"footnotes":""},"class_list":["post-1706","page","type-page","status-publish","hentry"],"post_mailing_queue_ids":[],"_links":{"self":[{"href":"https:\/\/agora.xtec.cat\/ceipvall-llobrega\/wp-json\/wp\/v2\/pages\/1706","targetHints":{"allow":["GET"]}}],"collection":[{"href":"https:\/\/agora.xtec.cat\/ceipvall-llobrega\/wp-json\/wp\/v2\/pages"}],"about":[{"href":"https:\/\/agora.xtec.cat\/ceipvall-llobrega\/wp-json\/wp\/v2\/types\/page"}],"author":[{"embeddable":true,"href":"https:\/\/agora.xtec.cat\/ceipvall-llobrega\/wp-json\/wp\/v2\/users\/5"}],"replies":[{"embeddable":true,"href":"https:\/\/agora.xtec.cat\/ceipvall-llobrega\/wp-json\/wp\/v2\/comments?post=1706"}],"version-history":[{"count":6,"href":"https:\/\/agora.xtec.cat\/ceipvall-llobrega\/wp-json\/wp\/v2\/pages\/1706\/revisions"}],"predecessor-version":[{"id":1718,"href":"https:\/\/agora.xtec.cat\/ceipvall-llobrega\/wp-json\/wp\/v2\/pages\/1706\/revisions\/1718"}],"wp:attachment":[{"href":"https:\/\/agora.xtec.cat\/ceipvall-llobrega\/wp-json\/wp\/v2\/media?parent=1706"}],"curies":[{"name":"wp","href":"https:\/\/api.w.org\/{rel}","templated":true}]}}