{"id":1538,"date":"2025-02-07T10:39:58","date_gmt":"2025-02-07T09:39:58","guid":{"rendered":"https:\/\/agora.xtec.cat\/ceipvall-llobrega\/?page_id=1538"},"modified":"2025-02-07T12:48:30","modified_gmt":"2025-02-07T11:48:30","slug":"teatre","status":"publish","type":"page","link":"https:\/\/agora.xtec.cat\/ceipvall-llobrega\/teatre\/","title":{"rendered":"Teatre"},"content":{"rendered":"<p><span data-mce-type=\"bookmark\" style=\"display: inline-block; width: 0px; overflow: hidden; line-height: 0;\" class=\"mce_SELRES_start\"><span data-mce-type=\"bookmark\" style=\"display: inline-block; width: 0px; overflow: hidden; line-height: 0;\" class=\"mce_SELRES_start\">\ufeff<\/span>\ufeff<\/span>A l\u2019Escola Vall-llobrega considerem el teatre una eina educativa valuosa que acompanya els nostres alumnes en el desenvolupament de l\u2019expressi\u00f3 oral, la creativitat i el treball en equip. Per aix\u00f2, de 1r a 6\u00e8 de prim\u00e0ria, el teatre forma part del nostre dia a dia, afavorint la confian\u00e7a en un mateix i el gust per la representaci\u00f3 esc\u00e8nica.<\/p>\n<p>A trav\u00e9s del teatre, els infants aprenen a comunicar-se millor, a escoltar i a posar-se en la pell dels altres, fomentant aix\u00ed l\u2019empatia i la cooperaci\u00f3. Durant el curs, realitzem diverses activitats teatrals adaptades a cada nivell, des de petites representacions fins a projectes m\u00e9s elaborats, on els alumnes esdevenen protagonistes del seu propi aprenentatge.<\/p>\n<p>Aquest treball culmina amb mostres teatrals obertes a la comunitat educativa, on els alumnes poden compartir el seu esfor\u00e7 i talent amb les fam\u00edlies i companys. El teatre no nom\u00e9s \u00e9s una experi\u00e8ncia enriquidora i divertida, sin\u00f3 tamb\u00e9 un mitj\u00e0 per desenvolupar compet\u00e8ncies ling\u00fc\u00edstiques, expressives i socials d\u2019una manera vivencial i engrescadora.<br \/>\n<a href=\"https:\/\/agora.xtec.cat\/ceipvall-llobrega\/wp-content\/uploads\/usu390\/2025\/02\/imagen_2025-02-07_124706176.png\"><img loading=\"lazy\" decoding=\"async\" src=\"https:\/\/agora.xtec.cat\/ceipvall-llobrega\/wp-content\/uploads\/usu390\/2025\/02\/imagen_2025-02-07_124706176.png\" alt=\"\" width=\"548\" height=\"590\" class=\"aligncenter size-full wp-image-1572\" srcset=\"https:\/\/agora.xtec.cat\/ceipvall-llobrega\/wp-content\/uploads\/usu390\/2025\/02\/imagen_2025-02-07_124706176.png 548w, https:\/\/agora.xtec.cat\/ceipvall-llobrega\/wp-content\/uploads\/usu390\/2025\/02\/imagen_2025-02-07_124706176-279x300.png 279w\" sizes=\"auto, (max-width: 548px) 100vw, 548px\" \/><\/a><\/p>\n","protected":false},"excerpt":{"rendered":"<p>\ufeff\ufeffA l\u2019Escola Vall-llobrega considerem el teatre una eina educativa valuosa que acompanya els nostres alumnes en el desenvolupament de l\u2019expressi\u00f3 [&hellip;]<\/p>\n","protected":false},"author":5,"featured_media":0,"parent":0,"menu_order":0,"comment_status":"closed","ping_status":"closed","template":"","meta":{"_bbp_topic_count":0,"_bbp_reply_count":0,"_bbp_total_topic_count":0,"_bbp_total_reply_count":0,"_bbp_voice_count":0,"_bbp_anonymous_reply_count":0,"_bbp_topic_count_hidden":0,"_bbp_reply_count_hidden":0,"_bbp_forum_subforum_count":0,"site-sidebar-layout":"default","site-content-layout":"","ast-site-content-layout":"default","site-content-style":"default","site-sidebar-style":"default","ast-global-header-display":"","ast-banner-title-visibility":"","ast-main-header-display":"","ast-hfb-above-header-display":"","ast-hfb-below-header-display":"","ast-hfb-mobile-header-display":"","site-post-title":"","ast-breadcrumbs-content":"","ast-featured-img":"","footer-sml-layout":"","theme-transparent-header-meta":"default","adv-header-id-meta":"","stick-header-meta":"","header-above-stick-meta":"","header-main-stick-meta":"","header-below-stick-meta":"","astra-migrate-meta-layouts":"set","ast-page-background-enabled":"default","ast-page-background-meta":{"desktop":{"background-color":"var(--ast-global-color-4)","background-image":"","background-repeat":"repeat","background-position":"center center","background-size":"auto","background-attachment":"scroll","background-type":"","background-media":"","overlay-type":"","overlay-color":"","overlay-opacity":"","overlay-gradient":""},"tablet":{"background-color":"","background-image":"","background-repeat":"repeat","background-position":"center center","background-size":"auto","background-attachment":"scroll","background-type":"","background-media":"","overlay-type":"","overlay-color":"","overlay-opacity":"","overlay-gradient":""},"mobile":{"background-color":"","background-image":"","background-repeat":"repeat","background-position":"center center","background-size":"auto","background-attachment":"scroll","background-type":"","background-media":"","overlay-type":"","overlay-color":"","overlay-opacity":"","overlay-gradient":""}},"ast-content-background-meta":{"desktop":{"background-color":"var(--ast-global-color-5)","background-image":"","background-repeat":"repeat","background-position":"center center","background-size":"auto","background-attachment":"scroll","background-type":"","background-media":"","overlay-type":"","overlay-color":"","overlay-opacity":"","overlay-gradient":""},"tablet":{"background-color":"var(--ast-global-color-5)","background-image":"","background-repeat":"repeat","background-position":"center center","background-size":"auto","background-attachment":"scroll","background-type":"","background-media":"","overlay-type":"","overlay-color":"","overlay-opacity":"","overlay-gradient":""},"mobile":{"background-color":"var(--ast-global-color-5)","background-image":"","background-repeat":"repeat","background-position":"center center","background-size":"auto","background-attachment":"scroll","background-type":"","background-media":"","overlay-type":"","overlay-color":"","overlay-opacity":"","overlay-gradient":""}},"footnotes":""},"class_list":["post-1538","page","type-page","status-publish","hentry"],"post_mailing_queue_ids":[],"_links":{"self":[{"href":"https:\/\/agora.xtec.cat\/ceipvall-llobrega\/wp-json\/wp\/v2\/pages\/1538","targetHints":{"allow":["GET"]}}],"collection":[{"href":"https:\/\/agora.xtec.cat\/ceipvall-llobrega\/wp-json\/wp\/v2\/pages"}],"about":[{"href":"https:\/\/agora.xtec.cat\/ceipvall-llobrega\/wp-json\/wp\/v2\/types\/page"}],"author":[{"embeddable":true,"href":"https:\/\/agora.xtec.cat\/ceipvall-llobrega\/wp-json\/wp\/v2\/users\/5"}],"replies":[{"embeddable":true,"href":"https:\/\/agora.xtec.cat\/ceipvall-llobrega\/wp-json\/wp\/v2\/comments?post=1538"}],"version-history":[{"count":4,"href":"https:\/\/agora.xtec.cat\/ceipvall-llobrega\/wp-json\/wp\/v2\/pages\/1538\/revisions"}],"predecessor-version":[{"id":1576,"href":"https:\/\/agora.xtec.cat\/ceipvall-llobrega\/wp-json\/wp\/v2\/pages\/1538\/revisions\/1576"}],"wp:attachment":[{"href":"https:\/\/agora.xtec.cat\/ceipvall-llobrega\/wp-json\/wp\/v2\/media?parent=1538"}],"curies":[{"name":"wp","href":"https:\/\/api.w.org\/{rel}","templated":true}]}}