{"id":1351,"date":"2024-10-23T12:24:05","date_gmt":"2024-10-23T10:24:05","guid":{"rendered":"https:\/\/agora.xtec.cat\/ceipvall-llobrega\/?page_id=1351"},"modified":"2025-02-07T12:44:26","modified_gmt":"2025-02-07T11:44:26","slug":"installacions","status":"publish","type":"page","link":"https:\/\/agora.xtec.cat\/ceipvall-llobrega\/installacions\/","title":{"rendered":"Instal\u00b7lacions"},"content":{"rendered":"<p>Actualment, l\u2019Escola Vall-llobrega es troba en m\u00f2duls prefabricats, un espai acollidor on treballem amb il\u00b7lusi\u00f3 i dedicaci\u00f3 per oferir als nostres alumnes un entorn d\u2019aprenentatge de qualitat. Malgrat aix\u00f2, estem vivint un moment emocionant i esperat per tota la comunitat educativa: la construcci\u00f3 de la nostra nova escola \u00e9s imminent!<\/p>\n<p>El nou edifici escolar s\u2019ubicar\u00e0 just al costat de la ubicaci\u00f3 actual, oferint espais amplis, moderns i adaptats a les necessitats dels nostres infants. Aquest projecte representa una gran millora en infraestructures, proporcionant aules m\u00e9s grans, espais polivalents i zones exteriors millorades per al joc i l\u2019aprenentatge a l\u2019aire lliure.<\/p>\n<p>Amb aquesta nova etapa, l\u2019Escola Vall-llobrega continuar\u00e0 sent un espai viu i din\u00e0mic, on l\u2019educaci\u00f3 s\u2019enriqueix a trav\u00e9s de metodologies innovadores i una comunitat educativa implicada en el creixement dels seus infants.<a href=\"https:\/\/agora.xtec.cat\/ceipvall-llobrega\/wp-content\/uploads\/usu390\/2025\/02\/EXTERIOR-2048x1205-1.jpg\"><img loading=\"lazy\" decoding=\"async\" class=\"aligncenter size-full wp-image-1566\" src=\"https:\/\/agora.xtec.cat\/ceipvall-llobrega\/wp-content\/uploads\/usu390\/2025\/02\/EXTERIOR-2048x1205-1.jpg\" alt=\"\" width=\"2048\" height=\"1205\" srcset=\"https:\/\/agora.xtec.cat\/ceipvall-llobrega\/wp-content\/uploads\/usu390\/2025\/02\/EXTERIOR-2048x1205-1.jpg 2048w, https:\/\/agora.xtec.cat\/ceipvall-llobrega\/wp-content\/uploads\/usu390\/2025\/02\/EXTERIOR-2048x1205-1-300x177.jpg 300w, https:\/\/agora.xtec.cat\/ceipvall-llobrega\/wp-content\/uploads\/usu390\/2025\/02\/EXTERIOR-2048x1205-1-1024x603.jpg 1024w, https:\/\/agora.xtec.cat\/ceipvall-llobrega\/wp-content\/uploads\/usu390\/2025\/02\/EXTERIOR-2048x1205-1-768x452.jpg 768w, https:\/\/agora.xtec.cat\/ceipvall-llobrega\/wp-content\/uploads\/usu390\/2025\/02\/EXTERIOR-2048x1205-1-1536x904.jpg 1536w\" sizes=\"auto, (max-width: 2048px) 100vw, 2048px\" \/><\/a><\/p>\n","protected":false},"excerpt":{"rendered":"<p>Actualment, l\u2019Escola Vall-llobrega es troba en m\u00f2duls prefabricats, un espai acollidor on treballem amb il\u00b7lusi\u00f3 i dedicaci\u00f3 per oferir als [&hellip;]<\/p>\n","protected":false},"author":5,"featured_media":0,"parent":0,"menu_order":0,"comment_status":"closed","ping_status":"closed","template":"","meta":{"_bbp_topic_count":0,"_bbp_reply_count":0,"_bbp_total_topic_count":0,"_bbp_total_reply_count":0,"_bbp_voice_count":0,"_bbp_anonymous_reply_count":0,"_bbp_topic_count_hidden":0,"_bbp_reply_count_hidden":0,"_bbp_forum_subforum_count":0,"site-sidebar-layout":"default","site-content-layout":"","ast-site-content-layout":"default","site-content-style":"default","site-sidebar-style":"default","ast-global-header-display":"","ast-banner-title-visibility":"","ast-main-header-display":"","ast-hfb-above-header-display":"","ast-hfb-below-header-display":"","ast-hfb-mobile-header-display":"","site-post-title":"","ast-breadcrumbs-content":"","ast-featured-img":"","footer-sml-layout":"","theme-transparent-header-meta":"default","adv-header-id-meta":"","stick-header-meta":"","header-above-stick-meta":"","header-main-stick-meta":"","header-below-stick-meta":"","astra-migrate-meta-layouts":"set","ast-page-background-enabled":"default","ast-page-background-meta":{"desktop":{"background-color":"var(--ast-global-color-4)","background-image":"","background-repeat":"repeat","background-position":"center center","background-size":"auto","background-attachment":"scroll","background-type":"","background-media":"","overlay-type":"","overlay-color":"","overlay-opacity":"","overlay-gradient":""},"tablet":{"background-color":"","background-image":"","background-repeat":"repeat","background-position":"center center","background-size":"auto","background-attachment":"scroll","background-type":"","background-media":"","overlay-type":"","overlay-color":"","overlay-opacity":"","overlay-gradient":""},"mobile":{"background-color":"","background-image":"","background-repeat":"repeat","background-position":"center center","background-size":"auto","background-attachment":"scroll","background-type":"","background-media":"","overlay-type":"","overlay-color":"","overlay-opacity":"","overlay-gradient":""}},"ast-content-background-meta":{"desktop":{"background-color":"var(--ast-global-color-5)","background-image":"","background-repeat":"repeat","background-position":"center center","background-size":"auto","background-attachment":"scroll","background-type":"","background-media":"","overlay-type":"","overlay-color":"","overlay-opacity":"","overlay-gradient":""},"tablet":{"background-color":"var(--ast-global-color-5)","background-image":"","background-repeat":"repeat","background-position":"center center","background-size":"auto","background-attachment":"scroll","background-type":"","background-media":"","overlay-type":"","overlay-color":"","overlay-opacity":"","overlay-gradient":""},"mobile":{"background-color":"var(--ast-global-color-5)","background-image":"","background-repeat":"repeat","background-position":"center center","background-size":"auto","background-attachment":"scroll","background-type":"","background-media":"","overlay-type":"","overlay-color":"","overlay-opacity":"","overlay-gradient":""}},"footnotes":""},"class_list":["post-1351","page","type-page","status-publish","hentry"],"post_mailing_queue_ids":[],"_links":{"self":[{"href":"https:\/\/agora.xtec.cat\/ceipvall-llobrega\/wp-json\/wp\/v2\/pages\/1351","targetHints":{"allow":["GET"]}}],"collection":[{"href":"https:\/\/agora.xtec.cat\/ceipvall-llobrega\/wp-json\/wp\/v2\/pages"}],"about":[{"href":"https:\/\/agora.xtec.cat\/ceipvall-llobrega\/wp-json\/wp\/v2\/types\/page"}],"author":[{"embeddable":true,"href":"https:\/\/agora.xtec.cat\/ceipvall-llobrega\/wp-json\/wp\/v2\/users\/5"}],"replies":[{"embeddable":true,"href":"https:\/\/agora.xtec.cat\/ceipvall-llobrega\/wp-json\/wp\/v2\/comments?post=1351"}],"version-history":[{"count":3,"href":"https:\/\/agora.xtec.cat\/ceipvall-llobrega\/wp-json\/wp\/v2\/pages\/1351\/revisions"}],"predecessor-version":[{"id":1569,"href":"https:\/\/agora.xtec.cat\/ceipvall-llobrega\/wp-json\/wp\/v2\/pages\/1351\/revisions\/1569"}],"wp:attachment":[{"href":"https:\/\/agora.xtec.cat\/ceipvall-llobrega\/wp-json\/wp\/v2\/media?parent=1351"}],"curies":[{"name":"wp","href":"https:\/\/api.w.org\/{rel}","templated":true}]}}