{"id":1350,"date":"2024-10-23T12:24:05","date_gmt":"2024-10-23T10:24:05","guid":{"rendered":"https:\/\/agora.xtec.cat\/ceipvall-llobrega\/?page_id=1350"},"modified":"2025-02-07T12:51:20","modified_gmt":"2025-02-07T11:51:20","slug":"historia","status":"publish","type":"page","link":"https:\/\/agora.xtec.cat\/ceipvall-llobrega\/historia\/","title":{"rendered":"Hist\u00f2ria"},"content":{"rendered":"<p><span data-mce-type=\"bookmark\" style=\"display: inline-block; width: 0px; overflow: hidden; line-height: 0;\" class=\"mce_SELRES_start\">\ufeff<\/span>L\u2019Escola Vall-llobrega \u00e9s un centre ple de vida i d\u2019il\u00b7lusi\u00f3, situat en un entorn privilegiat del Baix Empord\u00e0. Tot i que actualment l\u2019escola es troba en m\u00f2duls prefabricats, la comunitat educativa mira al futur amb esperan\u00e7a, ja que hi ha la previsi\u00f3 que ben aviat comenci la construcci\u00f3 de l\u2019edifici definitiu.<br \/>\nDurant m\u00e9s de 20 anys, l\u2019escola ha crescut i evolucionat en aquestes instal\u00b7lacions provisionals, per\u00f2 aix\u00f2 no ha impedit que s\u2019hi respir\u00e9s un ambient d\u2019aprenentatge c\u00e0lid i proper. La implicaci\u00f3 de mestres, fam\u00edlies i infants ha estat clau per crear un espai on l\u2019educaci\u00f3 de qualitat es combina amb el respecte pel ritme de cada alumne i el vincle amb l\u2019entorn.<\/p>\n<p>L\u2019Escola Vall-llobrega \u00e9s un centre catal\u00e0 en un entorn pluriling\u00fce, on es fomenta un aprenentatge significatiu, competencial i vivencial. L\u2019objectiu \u00e9s que cada infant desenvolupi al m\u00e0xim les seves capacitats en un ambient motivador i enriquidor.<\/p>\n<p>Amb la mirada posada en el futur, esperem amb il\u00b7lusi\u00f3 el moment en qu\u00e8 l\u2019escola nova esdevingui una realitat!<br \/>\n<a href=\"https:\/\/agora.xtec.cat\/ceipvall-llobrega\/wp-content\/uploads\/usu390\/2025\/02\/daim-blanc-casteil-scaled-520x347-c-default.jpg\"><img loading=\"lazy\" decoding=\"async\" src=\"https:\/\/agora.xtec.cat\/ceipvall-llobrega\/wp-content\/uploads\/usu390\/2025\/02\/daim-blanc-casteil-scaled-520x347-c-default.jpg\" alt=\"\" width=\"520\" height=\"347\" class=\"aligncenter size-full wp-image-1565\" srcset=\"https:\/\/agora.xtec.cat\/ceipvall-llobrega\/wp-content\/uploads\/usu390\/2025\/02\/daim-blanc-casteil-scaled-520x347-c-default.jpg 520w, https:\/\/agora.xtec.cat\/ceipvall-llobrega\/wp-content\/uploads\/usu390\/2025\/02\/daim-blanc-casteil-scaled-520x347-c-default-300x200.jpg 300w\" sizes=\"auto, (max-width: 520px) 100vw, 520px\" \/><\/a><\/p>\n","protected":false},"excerpt":{"rendered":"<p>\ufeffL\u2019Escola Vall-llobrega \u00e9s un centre ple de vida i d\u2019il\u00b7lusi\u00f3, situat en un entorn privilegiat del Baix Empord\u00e0. Tot i [&hellip;]<\/p>\n","protected":false},"author":5,"featured_media":0,"parent":0,"menu_order":0,"comment_status":"closed","ping_status":"closed","template":"","meta":{"_bbp_topic_count":0,"_bbp_reply_count":0,"_bbp_total_topic_count":0,"_bbp_total_reply_count":0,"_bbp_voice_count":0,"_bbp_anonymous_reply_count":0,"_bbp_topic_count_hidden":0,"_bbp_reply_count_hidden":0,"_bbp_forum_subforum_count":0,"site-sidebar-layout":"default","site-content-layout":"","ast-site-content-layout":"default","site-content-style":"default","site-sidebar-style":"default","ast-global-header-display":"","ast-banner-title-visibility":"","ast-main-header-display":"","ast-hfb-above-header-display":"","ast-hfb-below-header-display":"","ast-hfb-mobile-header-display":"","site-post-title":"","ast-breadcrumbs-content":"","ast-featured-img":"","footer-sml-layout":"","theme-transparent-header-meta":"default","adv-header-id-meta":"","stick-header-meta":"","header-above-stick-meta":"","header-main-stick-meta":"","header-below-stick-meta":"","astra-migrate-meta-layouts":"set","ast-page-background-enabled":"default","ast-page-background-meta":{"desktop":{"background-color":"var(--ast-global-color-4)","background-image":"","background-repeat":"repeat","background-position":"center center","background-size":"auto","background-attachment":"scroll","background-type":"","background-media":"","overlay-type":"","overlay-color":"","overlay-opacity":"","overlay-gradient":""},"tablet":{"background-color":"","background-image":"","background-repeat":"repeat","background-position":"center center","background-size":"auto","background-attachment":"scroll","background-type":"","background-media":"","overlay-type":"","overlay-color":"","overlay-opacity":"","overlay-gradient":""},"mobile":{"background-color":"","background-image":"","background-repeat":"repeat","background-position":"center center","background-size":"auto","background-attachment":"scroll","background-type":"","background-media":"","overlay-type":"","overlay-color":"","overlay-opacity":"","overlay-gradient":""}},"ast-content-background-meta":{"desktop":{"background-color":"var(--ast-global-color-5)","background-image":"","background-repeat":"repeat","background-position":"center center","background-size":"auto","background-attachment":"scroll","background-type":"","background-media":"","overlay-type":"","overlay-color":"","overlay-opacity":"","overlay-gradient":""},"tablet":{"background-color":"var(--ast-global-color-5)","background-image":"","background-repeat":"repeat","background-position":"center center","background-size":"auto","background-attachment":"scroll","background-type":"","background-media":"","overlay-type":"","overlay-color":"","overlay-opacity":"","overlay-gradient":""},"mobile":{"background-color":"var(--ast-global-color-5)","background-image":"","background-repeat":"repeat","background-position":"center center","background-size":"auto","background-attachment":"scroll","background-type":"","background-media":"","overlay-type":"","overlay-color":"","overlay-opacity":"","overlay-gradient":""}},"footnotes":""},"class_list":["post-1350","page","type-page","status-publish","hentry"],"post_mailing_queue_ids":[],"_links":{"self":[{"href":"https:\/\/agora.xtec.cat\/ceipvall-llobrega\/wp-json\/wp\/v2\/pages\/1350","targetHints":{"allow":["GET"]}}],"collection":[{"href":"https:\/\/agora.xtec.cat\/ceipvall-llobrega\/wp-json\/wp\/v2\/pages"}],"about":[{"href":"https:\/\/agora.xtec.cat\/ceipvall-llobrega\/wp-json\/wp\/v2\/types\/page"}],"author":[{"embeddable":true,"href":"https:\/\/agora.xtec.cat\/ceipvall-llobrega\/wp-json\/wp\/v2\/users\/5"}],"replies":[{"embeddable":true,"href":"https:\/\/agora.xtec.cat\/ceipvall-llobrega\/wp-json\/wp\/v2\/comments?post=1350"}],"version-history":[{"count":4,"href":"https:\/\/agora.xtec.cat\/ceipvall-llobrega\/wp-json\/wp\/v2\/pages\/1350\/revisions"}],"predecessor-version":[{"id":1580,"href":"https:\/\/agora.xtec.cat\/ceipvall-llobrega\/wp-json\/wp\/v2\/pages\/1350\/revisions\/1580"}],"wp:attachment":[{"href":"https:\/\/agora.xtec.cat\/ceipvall-llobrega\/wp-json\/wp\/v2\/media?parent=1350"}],"curies":[{"name":"wp","href":"https:\/\/api.w.org\/{rel}","templated":true}]}}