{"id":9468,"date":"2021-01-16T20:46:26","date_gmt":"2021-01-16T19:46:26","guid":{"rendered":"http:\/\/agora.xtec.cat\/ceipulldevent\/?page_id=9468"},"modified":"2021-07-01T11:04:38","modified_gmt":"2021-07-01T09:04:38","slug":"muntanyabot","status":"publish","type":"page","link":"https:\/\/agora.xtec.cat\/ceipulldevent\/projecte-educatiu\/transformacio-digital\/muntanyabot\/","title":{"rendered":"MuntanyaBot"},"content":{"rendered":"<p>En els darrers cursos l&#8217;escola Ull de Vent ha fet una aposta per la integraci\u00f3 de la rob\u00f2tica i la programaci\u00f3 com a recurs educatiu.<\/p>\n<p>En aquest impuls cal incloure la iniciativa <em><strong>MuntanyaBot<\/strong><\/em>. <em><strong>MuntanyaBot<\/strong><\/em> \u00e9s una iniciativa de les escoles del Baix Pened\u00e8s interior per tal de crear una xarxa de suport pel foment de la rob\u00f2tica i la programaci\u00f3.<\/p>\n<p><a href=\"https:\/\/agora.xtec.cat\/ceipulldevent\/wp-content\/uploads\/usu242\/2021\/01\/Logo-Muntanyabot.jpg\"><img loading=\"lazy\" decoding=\"async\" class=\"size-medium wp-image-9482 aligncenter\" src=\"https:\/\/agora.xtec.cat\/ceipulldevent\/wp-content\/uploads\/usu242\/2021\/01\/Logo-Muntanyabot-300x240.jpg\" alt=\"\" width=\"300\" height=\"240\" srcset=\"https:\/\/agora.xtec.cat\/ceipulldevent\/wp-content\/uploads\/usu242\/2021\/01\/Logo-Muntanyabot-300x240.jpg 300w, https:\/\/agora.xtec.cat\/ceipulldevent\/wp-content\/uploads\/usu242\/2021\/01\/Logo-Muntanyabot.jpg 600w\" sizes=\"auto, (max-width: 300px) 100vw, 300px\" \/><\/a><\/p>\n<p><a href=\"https:\/\/agora.xtec.cat\/ceipulldevent\/general\/muntanyabot2021\/\" target=\"_blank\" rel=\"noopener noreferrer\">https:\/\/agora.xtec.cat\/ceipulldevent\/general\/muntanyabot2021\/<\/a><\/p>\n<hr \/>\n<blockquote class=\"twitter-tweet\">\n<p dir=\"ltr\" lang=\"ca\">Primeres proves amb les <a href=\"https:\/\/twitter.com\/microbit_edu?ref_src=twsrc%5Etfw\">@microbit_edu<\/a> del projecte <a href=\"https:\/\/twitter.com\/hashtag\/muntanyabot?src=hash&amp;ref_src=twsrc%5Etfw\">#muntanyabot<\/a> del Baix Pened\u00e8s. <a href=\"https:\/\/t.co\/VxfQJv56yA\">pic.twitter.com\/VxfQJv56yA<\/a><\/p>\n<p>\u2014 Escola Ull de Vent (@escolaUlldeVent) <a href=\"https:\/\/twitter.com\/escolaUlldeVent\/status\/1359848885951291395?ref_src=twsrc%5Etfw\">February 11, 2021<\/a><\/p><\/blockquote>\n<p><script async src=\"https:\/\/platform.twitter.com\/widgets.js\" charset=\"utf-8\"><\/script><\/p>\n<blockquote class=\"twitter-tweet\">\n<p dir=\"ltr\" lang=\"ca\">Avui els alumnes de sis\u00e8 han comen\u00e7at a treballar amb les plaques <a href=\"https:\/\/twitter.com\/microbit_edu?ref_src=twsrc%5Etfw\">@microbit_edu<\/a> del projecte <a href=\"https:\/\/twitter.com\/hashtag\/MuntanyaBot?src=hash&amp;ref_src=twsrc%5Etfw\">#MuntanyaBot<\/a> en col\u2022laboraci\u00f3 amb <a href=\"https:\/\/twitter.com\/argeturv?ref_src=twsrc%5Etfw\">@argeturv<\/a>. <a href=\"https:\/\/t.co\/OXRfVXudBp\">pic.twitter.com\/OXRfVXudBp<\/a><\/p>\n<p>\u2014 Escola Ull de Vent (@escolaUlldeVent) <a href=\"https:\/\/twitter.com\/escolaUlldeVent\/status\/1364907161143410692?ref_src=twsrc%5Etfw\">February 25, 2021<\/a><\/p><\/blockquote>\n<p><script async src=\"https:\/\/platform.twitter.com\/widgets.js\" charset=\"utf-8\"><\/script><\/p>\n<blockquote class=\"twitter-tweet\">\n<p dir=\"ltr\" lang=\"ca\">Aquest any a Infantil i gr\u00e0cies a l\u2019AMPA i l\u2019Ajuntament de la <a href=\"https:\/\/twitter.com\/BisbalPenedes?ref_src=twsrc%5Etfw\">@BisbalPenedes<\/a>, hem substitu\u00eft els llibres per materials did\u00e0ctics. Aqu\u00ed teniu l\u2019ambient de rob\u00f2tica. <a href=\"https:\/\/t.co\/v1vA4J9Z2M\">pic.twitter.com\/v1vA4J9Z2M<\/a><\/p>\n<p>\u2014 Escola Ull de Vent (@escolaUlldeVent) <a href=\"https:\/\/twitter.com\/escolaUlldeVent\/status\/1324275963807567872?ref_src=twsrc%5Etfw\">November 5, 2020<\/a><\/p><\/blockquote>\n<p><script async src=\"https:\/\/platform.twitter.com\/widgets.js\" charset=\"utf-8\"><\/script><\/p>\n<hr \/>\n","protected":false},"excerpt":{"rendered":"<p>En els darrers cursos l&#8217;escola Ull de Vent ha fet una aposta per la integraci\u00f3 de la rob\u00f2tica i la programaci\u00f3 com a recurs educatiu.<br \/>\nEn aquest impuls cal incloure la iniciativa MuntanyaBot. MuntanyaBot \u00e9s una iniciativa de les escoles del Baix Pened\u00e8s interior per tal&hellip;  <a href=\"https:\/\/agora.xtec.cat\/ceipulldevent\/projecte-educatiu\/transformacio-digital\/muntanyabot\/\" title=\"Read MuntanyaBot\">Llegeix m\u00e9s\u00bb<\/a><\/p>\n","protected":false},"author":1,"featured_media":0,"parent":9460,"menu_order":0,"comment_status":"closed","ping_status":"closed","template":"","meta":{"_bbp_topic_count":0,"_bbp_reply_count":0,"_bbp_total_topic_count":0,"_bbp_total_reply_count":0,"_bbp_voice_count":0,"_bbp_anonymous_reply_count":0,"_bbp_topic_count_hidden":0,"_bbp_reply_count_hidden":0,"_bbp_forum_subforum_count":0,"footnotes":""},"class_list":["post-9468","page","type-page","status-publish","hentry"],"post_mailing_queue_ids":[],"_links":{"self":[{"href":"https:\/\/agora.xtec.cat\/ceipulldevent\/wp-json\/wp\/v2\/pages\/9468","targetHints":{"allow":["GET"]}}],"collection":[{"href":"https:\/\/agora.xtec.cat\/ceipulldevent\/wp-json\/wp\/v2\/pages"}],"about":[{"href":"https:\/\/agora.xtec.cat\/ceipulldevent\/wp-json\/wp\/v2\/types\/page"}],"author":[{"embeddable":true,"href":"https:\/\/agora.xtec.cat\/ceipulldevent\/wp-json\/wp\/v2\/users\/1"}],"replies":[{"embeddable":true,"href":"https:\/\/agora.xtec.cat\/ceipulldevent\/wp-json\/wp\/v2\/comments?post=9468"}],"version-history":[{"count":3,"href":"https:\/\/agora.xtec.cat\/ceipulldevent\/wp-json\/wp\/v2\/pages\/9468\/revisions"}],"predecessor-version":[{"id":9713,"href":"https:\/\/agora.xtec.cat\/ceipulldevent\/wp-json\/wp\/v2\/pages\/9468\/revisions\/9713"}],"up":[{"embeddable":true,"href":"https:\/\/agora.xtec.cat\/ceipulldevent\/wp-json\/wp\/v2\/pages\/9460"}],"wp:attachment":[{"href":"https:\/\/agora.xtec.cat\/ceipulldevent\/wp-json\/wp\/v2\/media?parent=9468"}],"curies":[{"name":"wp","href":"https:\/\/api.w.org\/{rel}","templated":true}]}}