{"id":9464,"date":"2021-01-16T20:45:26","date_gmt":"2021-01-16T19:45:26","guid":{"rendered":"http:\/\/agora.xtec.cat\/ceipulldevent\/?page_id=9464"},"modified":"2022-06-16T17:25:08","modified_gmt":"2022-06-16T15:25:08","slug":"girls-first","status":"publish","type":"page","link":"https:\/\/agora.xtec.cat\/ceipulldevent\/projecte-educatiu\/transformacio-digital\/girls-first\/","title":{"rendered":"Girls First"},"content":{"rendered":"<p>L\u2019escola Ull de Vent participa des del curs 19-20 en el programa <strong>Girls First<\/strong> de la <em>Fundaci\u00f3 Scentia<\/em>, aquesta fundaci\u00f3 t\u00e9 com a objectiu promoure les vocacions cient\u00edfiques i tecnol\u00f2giques a trav\u00e9s dels valors de la innovaci\u00f3, la creativitat, el treball en equip i la resoluci\u00f3 de problemes i organitza els tornejos de la <a href=\"https:\/\/ca.firstlegoleague.es\/\" target=\"_blank\" rel=\"noopener noreferrer\">First Lego League.<\/a>\u00a0La\u00a0<strong>Fundaci\u00f3 Scentia<\/strong>\u00a0va crear el programa\u00a0<strong>Girls First<\/strong>\u00a0<span class=\"color_14\">una iniciativa per fomentar les vocacions STEAM entre les noies de 4 a 18 anys a trav\u00e9s de beques concedides als centres educatius.\u00a0<\/span><span class=\"color_14\">A trav\u00e9s d\u2019aquesta iniciativa es vol impulsar el talent femen\u00ed en les vocacions cient\u00edfiques i tecnol\u00f2giques, donant visibilitat i encoratjant en elles la confian\u00e7a en les seves habilitats.<\/span><\/p>\n<p>&nbsp;<\/p>\n<p>&nbsp;<\/p>\n<p><a href=\"https:\/\/agora.xtec.cat\/ceipulldevent\/wp-content\/uploads\/usu242\/2020\/02\/IMG_4852.jpg\"><img loading=\"lazy\" decoding=\"async\" class=\"size-medium wp-image-8981 aligncenter\" src=\"https:\/\/agora.xtec.cat\/ceipulldevent\/wp-content\/uploads\/usu242\/2020\/02\/IMG_4852-300x225.jpg\" alt=\"\" width=\"300\" height=\"225\" srcset=\"https:\/\/agora.xtec.cat\/ceipulldevent\/wp-content\/uploads\/usu242\/2020\/02\/IMG_4852-300x225.jpg 300w, https:\/\/agora.xtec.cat\/ceipulldevent\/wp-content\/uploads\/usu242\/2020\/02\/IMG_4852-768x576.jpg 768w, https:\/\/agora.xtec.cat\/ceipulldevent\/wp-content\/uploads\/usu242\/2020\/02\/IMG_4852-1024x768.jpg 1024w, https:\/\/agora.xtec.cat\/ceipulldevent\/wp-content\/uploads\/usu242\/2020\/02\/IMG_4852-200x150.jpg 200w\" sizes=\"auto, (max-width: 300px) 100vw, 300px\" \/><\/a><\/p>\n<p>&nbsp;<\/p>\n<p><iframe loading=\"lazy\" title=\"Girls First Ull de Vent i Fundaci\u00f3 Naturgy\" width=\"500\" height=\"281\" src=\"https:\/\/www.youtube.com\/embed\/r8jn4Wy0BI0?feature=oembed\" frameborder=\"0\" allow=\"accelerometer; autoplay; clipboard-write; encrypted-media; gyroscope; picture-in-picture; web-share\" referrerpolicy=\"strict-origin-when-cross-origin\" allowfullscreen><\/iframe><\/p>\n<p>&nbsp;<\/p>\n<p><iframe loading=\"lazy\" title=\"Cargo Connect 2022. Efigy Girls Alfa Generation\" width=\"500\" height=\"281\" src=\"https:\/\/www.youtube.com\/embed\/l_ekuBeVqr0?feature=oembed\" frameborder=\"0\" allow=\"accelerometer; autoplay; clipboard-write; encrypted-media; gyroscope; picture-in-picture; web-share\" referrerpolicy=\"strict-origin-when-cross-origin\" allowfullscreen><\/iframe><\/p>\n<p dir=\"ltr\" lang=\"ca\">\n<p dir=\"ltr\" lang=\"ca\">\n<blockquote class=\"twitter-tweet\">\n<p dir=\"ltr\" lang=\"ca\">Sabem que pel torneig de la <a href=\"https:\/\/twitter.com\/FLLTgn_Reus?ref_src=twsrc%5Etfw\">@FLLTgn_Reus<\/a> <a href=\"https:\/\/twitter.com\/FLLSpain?ref_src=twsrc%5Etfw\">@FLLSpain<\/a> caldr\u00e0 no perdre ni un segon!!! De moment estem practicant amb l\u2019equipaci\u00f3 de <a href=\"https:\/\/twitter.com\/NaturgyFnd?ref_src=twsrc%5Etfw\">@NaturgyFnd<\/a> <a href=\"https:\/\/twitter.com\/Naturgy?ref_src=twsrc%5Etfw\">@Naturgy<\/a> <a href=\"https:\/\/t.co\/rp0RVK4ILJ\">pic.twitter.com\/rp0RVK4ILJ<\/a><\/p>\n<p>\u2014 Escola Ull de Vent (@escolaUlldeVent) <a href=\"https:\/\/twitter.com\/escolaUlldeVent\/status\/1367488057310609416?ref_src=twsrc%5Etfw\">March 4, 2021<\/a><\/p><\/blockquote>\n<p><script async src=\"https:\/\/platform.twitter.com\/widgets.js\" charset=\"utf-8\"><\/script><\/p>\n<blockquote class=\"twitter-tweet\">\n<p dir=\"ltr\" lang=\"ca\">Avui les noies de l\u2019equip de rob\u00f2tica estrenen equipaci\u00f3 gr\u00e0cies a <a href=\"https:\/\/twitter.com\/NaturgyFnd?ref_src=twsrc%5Etfw\">@NaturgyFnd<\/a>. Seguim preparant el repte <a href=\"https:\/\/twitter.com\/hashtag\/replay2021?src=hash&amp;ref_src=twsrc%5Etfw\">#replay2021<\/a> de la <a href=\"https:\/\/twitter.com\/FLLSpain?ref_src=twsrc%5Etfw\">@FLLSpain<\/a> <a href=\"https:\/\/twitter.com\/firstlegoleague?ref_src=twsrc%5Etfw\">@firstlegoleague<\/a>. <a href=\"https:\/\/t.co\/41tQjKt617\">pic.twitter.com\/41tQjKt617<\/a><\/p>\n<p>\u2014 Escola Ull de Vent (@escolaUlldeVent) <a href=\"https:\/\/twitter.com\/escolaUlldeVent\/status\/1362384637142654976?ref_src=twsrc%5Etfw\">February 18, 2021<\/a><\/p><\/blockquote>\n<p><script async src=\"https:\/\/platform.twitter.com\/widgets.js\" charset=\"utf-8\"><\/script><\/p>\n<blockquote class=\"twitter-tweet\">\n<p dir=\"ltr\" lang=\"ca\">L\u2019equip femen\u00ed de rob\u00f2tica de l\u2019escola <a href=\"https:\/\/twitter.com\/hashtag\/efigygirlsteam2?src=hash&amp;ref_src=twsrc%5Etfw\">#efigygirlsteam2<\/a> seguim treballant en la prova del robot del desafiament <a href=\"https:\/\/twitter.com\/hashtag\/Replay?src=hash&amp;ref_src=twsrc%5Etfw\">#Replay<\/a> de la <a href=\"https:\/\/twitter.com\/FLLSpain?ref_src=twsrc%5Etfw\">@FLLSpain<\/a> <a href=\"https:\/\/twitter.com\/FLLTgn_Reus?ref_src=twsrc%5Etfw\">@FLLTgn_Reus<\/a> <a href=\"https:\/\/twitter.com\/firstlegoleague?ref_src=twsrc%5Etfw\">@firstlegoleague<\/a> amb el suport de <a href=\"https:\/\/twitter.com\/NaturgyFnd?ref_src=twsrc%5Etfw\">@NaturgyFnd<\/a> <a href=\"https:\/\/t.co\/j3wEp16B7S\">pic.twitter.com\/j3wEp16B7S<\/a><\/p>\n<p>\u2014 Escola Ull de Vent (@escolaUlldeVent) <a href=\"https:\/\/twitter.com\/escolaUlldeVent\/status\/1349747120627134467?ref_src=twsrc%5Etfw\">January 14, 2021<\/a><\/p><\/blockquote>\n<p><script async src=\"https:\/\/platform.twitter.com\/widgets.js\" charset=\"utf-8\"><\/script><\/p>\n","protected":false},"excerpt":{"rendered":"<p>L\u2019escola Ull de Vent participa des del curs 19-20 en el programa Girls First de la Fundaci\u00f3 Scentia, aquesta fundaci\u00f3 t\u00e9 com a objectiu promoure les vocacions cient\u00edfiques i tecnol\u00f2giques a trav\u00e9s dels valors de la innovaci\u00f3, la creativitat, el treball en equip i la&hellip;  <a href=\"https:\/\/agora.xtec.cat\/ceipulldevent\/projecte-educatiu\/transformacio-digital\/girls-first\/\" title=\"Read Girls First\">Llegeix m\u00e9s\u00bb<\/a><\/p>\n","protected":false},"author":1,"featured_media":0,"parent":9460,"menu_order":0,"comment_status":"closed","ping_status":"closed","template":"","meta":{"_bbp_topic_count":0,"_bbp_reply_count":0,"_bbp_total_topic_count":0,"_bbp_total_reply_count":0,"_bbp_voice_count":0,"_bbp_anonymous_reply_count":0,"_bbp_topic_count_hidden":0,"_bbp_reply_count_hidden":0,"_bbp_forum_subforum_count":0,"footnotes":""},"class_list":["post-9464","page","type-page","status-publish","hentry"],"post_mailing_queue_ids":[],"_links":{"self":[{"href":"https:\/\/agora.xtec.cat\/ceipulldevent\/wp-json\/wp\/v2\/pages\/9464","targetHints":{"allow":["GET"]}}],"collection":[{"href":"https:\/\/agora.xtec.cat\/ceipulldevent\/wp-json\/wp\/v2\/pages"}],"about":[{"href":"https:\/\/agora.xtec.cat\/ceipulldevent\/wp-json\/wp\/v2\/types\/page"}],"author":[{"embeddable":true,"href":"https:\/\/agora.xtec.cat\/ceipulldevent\/wp-json\/wp\/v2\/users\/1"}],"replies":[{"embeddable":true,"href":"https:\/\/agora.xtec.cat\/ceipulldevent\/wp-json\/wp\/v2\/comments?post=9464"}],"version-history":[{"count":3,"href":"https:\/\/agora.xtec.cat\/ceipulldevent\/wp-json\/wp\/v2\/pages\/9464\/revisions"}],"predecessor-version":[{"id":10046,"href":"https:\/\/agora.xtec.cat\/ceipulldevent\/wp-json\/wp\/v2\/pages\/9464\/revisions\/10046"}],"up":[{"embeddable":true,"href":"https:\/\/agora.xtec.cat\/ceipulldevent\/wp-json\/wp\/v2\/pages\/9460"}],"wp:attachment":[{"href":"https:\/\/agora.xtec.cat\/ceipulldevent\/wp-json\/wp\/v2\/media?parent=9464"}],"curies":[{"name":"wp","href":"https:\/\/api.w.org\/{rel}","templated":true}]}}