{"id":9022,"date":"2020-03-25T16:48:53","date_gmt":"2020-03-25T15:48:53","guid":{"rendered":"http:\/\/agora.xtec.cat\/ceipulldevent\/?page_id=9022"},"modified":"2024-10-09T12:39:51","modified_gmt":"2024-10-09T10:39:51","slug":"recursosdigitals","status":"publish","type":"page","link":"https:\/\/agora.xtec.cat\/ceipulldevent\/tinteressa-recursos-families\/recursosdigitals\/","title":{"rendered":"Recull recursos digitals."},"content":{"rendered":"<p>En aquest espai disposeu d&#8217;un recull de recursos digitals pera tots els nivells.<\/p>\n<p><a href=\"https:\/\/sites.google.com\/xtec.cat\/ulldevent\/inici\"><img loading=\"lazy\" decoding=\"async\" class=\"alignnone size-full wp-image-10691\" src=\"https:\/\/agora.xtec.cat\/ceipulldevent\/wp-content\/uploads\/usu242\/2024\/10\/image_123650291-3.jpg\" alt=\"\" width=\"2082\" height=\"878\" srcset=\"https:\/\/agora.xtec.cat\/ceipulldevent\/wp-content\/uploads\/usu242\/2024\/10\/image_123650291-3.jpg 2082w, https:\/\/agora.xtec.cat\/ceipulldevent\/wp-content\/uploads\/usu242\/2024\/10\/image_123650291-3-300x127.jpg 300w, https:\/\/agora.xtec.cat\/ceipulldevent\/wp-content\/uploads\/usu242\/2024\/10\/image_123650291-3-1024x432.jpg 1024w, https:\/\/agora.xtec.cat\/ceipulldevent\/wp-content\/uploads\/usu242\/2024\/10\/image_123650291-3-768x324.jpg 768w, https:\/\/agora.xtec.cat\/ceipulldevent\/wp-content\/uploads\/usu242\/2024\/10\/image_123650291-3-1536x648.jpg 1536w, https:\/\/agora.xtec.cat\/ceipulldevent\/wp-content\/uploads\/usu242\/2024\/10\/image_123650291-3-2048x864.jpg 2048w\" sizes=\"auto, (max-width: 2082px) 100vw, 2082px\" \/><\/a><\/p>\n<ul style=\"list-style-type: square;\">\n<li>Comencem amb un recurs conegut per la majoria, hi trobareu moltes activitats ordenades per etapes i \u00e0rees:<\/li>\n<\/ul>\n<p style=\"padding-left: 40px;\"><a href=\"http:\/\/www.edu365.cat\/infantil\/index.html\" target=\"_blank\" rel=\"noopener noreferrer\">Edu365 (infantil)<\/a><\/p>\n<p style=\"padding-left: 40px;\"><a href=\"http:\/\/www.edu365.cat\/primaria\/index.html\" target=\"_blank\" rel=\"noopener noreferrer\">Edu365 (prim\u00e0ria)<\/a><\/p>\n<p style=\"padding-left: 40px;\"><a href=\"https:\/\/clic.xtec.cat\/repo\/\" target=\"_blank\" rel=\"noopener noreferrer\">Jclic<\/a> (enlla\u00e7 directe a la biblioteca d&#8217;activitats Jclic) ordenades per \u00e0rees i nivells (activitats de P3 a 6\u00e8)<\/p>\n<ul style=\"list-style-type: square;\">\n<li>Us enllacem alguns recursos de programaci\u00f3 i pensament computacional:<\/li>\n<\/ul>\n<p style=\"padding-left: 40px;\"><a href=\"http:\/\/botlogic.us\/#sthash.lwIIR2qM.dpbs\" target=\"_blank\" rel=\"noopener noreferrer\">Botlogic <\/a>(joc de programaci\u00f3 molt complet, amb nivells, els alumnes de <span style=\"color: #000000;\">3r a 6\u00e8 <\/span>el coneixen. Molt recomanable que juguin en llengua anglesa)<\/p>\n<p style=\"padding-left: 40px;\"><a href=\"https:\/\/www.abcya.com\/games\/lightbot\" target=\"_blank\" rel=\"noopener noreferrer\">Lightbot <\/a>(similar a l&#8217;anterior, no l&#8217;hem treballat a l&#8217;escola. D&#8217;entrada \u00e9s una mica m\u00e9s dif\u00edcil)<\/p>\n<ul style=\"list-style-type: square;\">\n<li>Algunes editorials estan facilitant acc\u00e9s als seus materials:<\/li>\n<\/ul>\n<p style=\"padding-left: 40px;\"><a href=\"http:\/\/queraltedicions.blogspot.com\/2020\/03\/matematiques-divertides-per-treballar.html\" target=\"_blank\" rel=\"noopener noreferrer\">Quadernets de matem\u00e0tiques Queralt (de 1r a 6\u00e8). <\/a>Necessitareu imprimir el quadernet o copiar la fitxa.<\/p>\n<p style=\"padding-left: 40px;\"><a href=\"https:\/\/web.editorialteide.com\/ca\/ens-quedem-a-casa\/\" target=\"_blank\" rel=\"noopener noreferrer\">Editorial Teide.\u00a0<\/a>Recull d&#8217;activitats interactives d&#8217;Infantil a 6\u00e8 ordenades per \u00e0rees. No cal cap registre i les van ampliant.<\/p>\n<p style=\"padding-left: 40px;\"><a href=\"https:\/\/projectes.santillana.cat\/\" target=\"_blank\" rel=\"noopener noreferrer\">Santillana proyectos.<\/a> Col\u00b7lecci\u00f3 de projectes ordenats per temes i edats per prim\u00e0ria (usuari: santillana contrasenya: santillana).<\/p>\n<p style=\"padding-left: 40px;\"><a href=\"https:\/\/es.ixl.com\/\" target=\"_blank\" rel=\"noopener noreferrer\">IXL, exercicicis de matem\u00e0tiques en l\u00ednia (d&#8217;infantil a 6\u00e8, per cursos).<\/a> Materials molt ben organitzats i molt visuals. Sense registre podeu fer 20 exercicis al dia.<\/p>\n<ul style=\"list-style-type: square;\">\n<li>En aquesta enlla\u00e7 podreu crear les vostres pr\u00f2pies fitxes de matem\u00e0tiques (treball sistem\u00e0tic d&#8217;operacions)<\/li>\n<\/ul>\n<p style=\"padding-left: 40px;\"><a href=\"http:\/\/recursosdidacticos.es\/operaciones\/\" target=\"_blank\" rel=\"noopener noreferrer\">Generador de operaciones\u00a0<\/a> (necessitareu impressora per imprimir el resultat)<\/p>\n<ul style=\"list-style-type: square;\">\n<li>Aqu\u00ed teniu l&#8217;enlla\u00e7 a mapes interactius.<\/li>\n<\/ul>\n<p style=\"padding-left: 40px;\"><a href=\"http:\/\/serbal.pntic.mec.es\/ealg0027\/mapasflash.htm\" target=\"_blank\" rel=\"noopener noreferrer\">Mapas flash interactivos <\/a>Aqu\u00ed trobareu mapes pol\u00edtics i f\u00edsics des de les comunitats aut\u00f2nomes fins al m\u00f3n. (ideal de 3r a 6\u00e8)<\/p>\n<ul style=\"list-style-type: square;\">\n<li>Mundo Primaria. Recull de recursos ordenats per \u00e0rees i edat. No cal registre per\u00f2 t\u00e9 publicitat.<\/li>\n<\/ul>\n<p style=\"padding-left: 40px;\"><a href=\"https:\/\/www.mundoprimaria.com\/\" target=\"_blank\" rel=\"noopener noreferrer\">Mundo prim\u00e0ria<\/a><\/p>\n<ul style=\"list-style-type: square;\">\n<li>Enlla\u00e7 als recursos de Efigy Education digital de la fundaci\u00f3 Naturgy.<\/li>\n<\/ul>\n<p style=\"padding-left: 40px;\"><a href=\"https:\/\/www.fundacionnaturgy.org\/educacion-y-divulgacion\/efigy-education-2\/efigy-education-digital\/\" target=\"_blank\" rel=\"noopener noreferrer\">Efigy Education digital\u00a0 <\/a>(activitats relacionades amb el medi ambient per Prim\u00e0ria, no cal registre)<\/p>\n<ul style=\"list-style-type: square;\">\n<li>Enlla\u00e7 de recull d&#8217;activitats per Infantil:<\/li>\n<\/ul>\n<p style=\"padding-left: 40px;\"><a href=\"http:\/\/www.xtec.cat\/~dvert\/\" target=\"_blank\" rel=\"noopener noreferrer\">Vols jugar?<\/a> (recull de jocs per Infantil , diferents \u00e0rees i f\u00e0cil de navegar-hi)<\/p>\n<ul style=\"list-style-type: square;\">\n<li>Recursos per t\u00e0blets i m\u00f2bils:<\/li>\n<\/ul>\n<p style=\"padding-left: 40px;\"><a href=\"https:\/\/toolbox.mobileworldcapital.com\/\" target=\"_blank\" rel=\"noopener noreferrer\">https:\/\/toolbox.mobileworldcapital.com\/ <\/a>(eines educatives per dispositius m\u00f2bils endre\u00e7ades segons sistema, ios, android o chrome, puntuades i avaluades per mestres i professors) Recursos per totes les edats.<\/p>\n<p>&nbsp;<\/p>\n<p><strong>RECURSOS D&#8217;ANGL\u00c8S<\/strong><\/p>\n<p>PER INFANTIL i 1r, 2n i 3r DE PRIM\u00c0RIA<\/p>\n<ul style=\"list-style-type: square;\">\n<li>\u00a0 \u00a0 \u00a0 \u00a0 <a href=\"https:\/\/padlet.com\/sazahara\/vjswpe93qhox\">Padlet <\/a><span style=\"font-weight: 400;\">amb recursos i can\u00e7ons pels m\u00e9s petits<\/span> (INFANTIL)<\/li>\n<li>\u00a0 \u00a0 \u00a0 \u00a0 <a href=\"https:\/\/padlet.com\/scruza89\/l6kz3izjmqq\">Padlet <\/a><span style=\"font-weight: 400;\">amb recursos i can\u00e7ons per a<\/span>\u00a0(1r, 2n i 3r Prim\u00e0ria)<\/li>\n<li>\u00a0 \u00a0 \u00a0 \u00a0 Canal\u00a0Super Simple Songs<span style=\"font-weight: 400;\"> al youtube (hi ha moltes i molt variades, us podeu subscriure i aix\u00ed les podeu veure totes)<\/span><\/li>\n<li>\u00a0 \u00a0 \u00a0 \u00a0\u00a0<span style=\"font-weight: 400;\">Can\u00e7\u00f3 <\/span>\u2018Move and Freeze\u2019<span style=\"font-weight: 400;\"> (per fer exercici ballant en angl\u00e8s)<\/span><\/li>\n<li><a href=\"https:\/\/youtu.be\/388Q44ReOWE\"><span style=\"font-weight: 400;\">\u00a0 \u00a0 \u00a0 \u00a0 \u00a0 \u00a0 \u00a0 \u00a0 \u00a0 https:\/\/youtu.be\/388Q44ReOWE<\/span><\/a><span style=\"font-weight: 400;\"> (versi\u00f3 1)<\/span><a href=\"https:\/\/youtu.be\/Nqg5zY0MOfI\"><span style=\"font-weight: 400;\">\u00a0 \u00a0 \u00a0 \u00a0 \u00a0 \u00a0 \u00a0 \u00a0 \u00a0 https:\/\/youtu.be\/Nqg5zY0MOfI<\/span><\/a><span style=\"font-weight: 400;\"> (versi\u00f3 2)<\/span><\/li>\n<li>\u00a0 \u00a0 \u00a0 \u00a0Aprenent jugant\u00a0(webs diverses per aprendre fent jocs i activitats online):<\/li>\n<\/ul>\n<table style=\"height: 144px;\" width=\"831\">\n<tbody>\n<tr style=\"height: 70px;\">\n<td style=\"width: 273.671875px; height: 70px;\">\n<h5 style=\"text-align: center;\"><a href=\"http:\/\/www.funenglishgames.com\">Fun English Games<\/a><\/h5>\n<\/td>\n<td style=\"width: 273.671875px; height: 70px;\">\n<h5 style=\"text-align: center;\"><a href=\"http:\/\/www.eslgamesworld.com\/members\/games\/grammar\/index.html\">ESL Games<\/a><\/h5>\n<\/td>\n<td style=\"width: 273.671875px; height: 70px;\">\n<h5 style=\"text-align: center;\"><a href=\"https:\/\/global.cbeebies.com\">CBeebies Global<\/a><\/h5>\n<\/td>\n<\/tr>\n<tr style=\"height: 74px;\">\n<td style=\"width: 273.671875px; height: 74px;\">\n<h5 style=\"text-align: center;\"><a href=\"https:\/\/learnenglishkids.britishcouncil.org\">Learning Kids<\/a><\/h5>\n<\/td>\n<td style=\"width: 273.671875px; height: 74px;\">\n<h5 style=\"text-align: center;\"><a href=\"http:\/\/www.uptoten.com\">Uptoten<\/a><\/h5>\n<\/td>\n<td style=\"width: 273.671875px; height: 74px;\">\n<h5 style=\"text-align: center;\"><a href=\"http:\/\/www.bbc.co.uk\/schools\/410.shtml\">BBC<\/a><\/h5>\n<\/td>\n<\/tr>\n<\/tbody>\n<\/table>\n<p>Altres recursos<\/p>\n<table style=\"height: 62px;\" width=\"829\">\n<tbody>\n<tr style=\"height: 62px;\">\n<td style=\"width: 273px; text-align: center; height: 62px;\">\n<h5><a href=\"https:\/\/www.nasa.gov\/kidsclub\/index.htm\">NASA<\/a><\/h5>\n<\/td>\n<td style=\"width: 273px; height: 62px;\">\n<h5 style=\"text-align: center;\"><a href=\"https:\/\/www.nasa.gov\/kidsclub\/index.htm\">ANGLOMANIACY<\/a><\/h5>\n<\/td>\n<td style=\"width: 273px; text-align: center; height: 62px;\">\n<h5><a href=\"https:\/\/sites.google.com\/view\/storieshavefunwithcoco\/home\">CONTES EN ANGL\u00c8S<\/a><\/h5>\n<\/td>\n<\/tr>\n<\/tbody>\n<\/table>\n<p>&nbsp;<\/p>\n<p>RECURSOS PER A 4T, 5\u00c8 i 6\u00c8 DE PRIM\u00c0RIA:<\/p>\n<ul style=\"list-style-type: square;\">\n<li><a href=\"http:\/\/www.learner.org\/interactives\/spelling\/index.html\">Dictats en angl\u00e8s<\/a> amb diferents graus de dificultat. Es pot demanar que les paraules es defineixin i es lletregin<\/li>\n<li><a href=\"http:\/\/www.isabelperez.com\/harrypotter.htm\">Activitats Harry Potter<\/a><\/li>\n<li>Activitats dins de l\u2019apartat prim\u00e0ria -angl\u00e8s a la web edu365.com<\/li>\n<li><a style=\"font-family: inherit; font-size: 1em; font-weight: normal;\" href=\"https:\/\/www.youtube.com\/channel\/UCB_2_OiPFh6FdUvp50_maug\">All Things Animal TV.<\/a><span style=\"font-weight: 400;\"> Un recull de v\u00eddeos en angl\u00e8s que parlen de molts animals: elefant, goril\u00b7la, cocodril, cavall, os, serp\u2026<\/span><\/li>\n<li><span style=\"font-weight: 400;\">Una web que cont\u00e9 un gran recull de <a href=\"https:\/\/www.highlightskids.com\/\">jocs<\/a> per aprendre angl\u00e8s.<\/span><\/li>\n<li><a href=\"https:\/\/www.funbrain.com\/\">Apr\u00e8n angl\u00e8s tot jugant.<\/a><\/li>\n<li><span style=\"font-weight: 400;\">Una web que cont\u00e9 un gran recull de<a href=\"https:\/\/www.ictgames.com\/mobilePage\/literacy.htm\"> jocs<\/a> per aprendre angl\u00e8s.<\/span><\/li>\n<\/ul>\n<p>&nbsp;<\/p>\n<p>&nbsp;<\/p>\n<p>&nbsp;<\/p>\n<p>&nbsp;<\/p>\n<p>&nbsp;<\/p>\n","protected":false},"excerpt":{"rendered":"<p>En aquest espai disposeu d&#8217;un recull de recursos digitals pera tots els nivells.<br \/>\n<a href=\"https:\/\/sites.google.com\/xtec.cat\/ulldevent\/inici\"><\/a><\/p>\n<ul style=\"list-style-type: square;\">\n<li>Comencem amb un recurs conegut per la majoria, hi trobareu moltes activitats ordenades per etapes i \u00e0rees:<\/li>\n<\/ul>\n<p><a href=\"http:\/\/www.edu365.cat\/infantil\/index.html\" target=\"_blank\" rel=\"noopener noreferrer\">Edu365 (infantil)<\/a><br \/>\n<a href=\"http:\/\/www.edu365.cat\/primaria\/index.html\" target=\"_blank\" rel=\"noopener noreferrer\">Edu365 (prim\u00e0ria)<\/a><br \/>\n<a href=\"https:\/\/clic.xtec.cat\/repo\/\" target=\"_blank\" rel=\"noopener&hellip;  <a href=\"https:\/\/agora.xtec.cat\/ceipulldevent\/tinteressa-recursos-families\/recursosdigitals\/\" title=\"Read Recull recursos digitals.\">Llegeix m\u00e9s\u00bb<\/a><\/p>\n","protected":false},"author":1,"featured_media":0,"parent":10617,"menu_order":0,"comment_status":"closed","ping_status":"closed","template":"page-templates\/side-menu.php","meta":{"_bbp_topic_count":0,"_bbp_reply_count":0,"_bbp_total_topic_count":0,"_bbp_total_reply_count":0,"_bbp_voice_count":0,"_bbp_anonymous_reply_count":0,"_bbp_topic_count_hidden":0,"_bbp_reply_count_hidden":0,"_bbp_forum_subforum_count":0,"footnotes":""},"class_list":["post-9022","page","type-page","status-publish","hentry"],"post_mailing_queue_ids":[],"_links":{"self":[{"href":"https:\/\/agora.xtec.cat\/ceipulldevent\/wp-json\/wp\/v2\/pages\/9022","targetHints":{"allow":["GET"]}}],"collection":[{"href":"https:\/\/agora.xtec.cat\/ceipulldevent\/wp-json\/wp\/v2\/pages"}],"about":[{"href":"https:\/\/agora.xtec.cat\/ceipulldevent\/wp-json\/wp\/v2\/types\/page"}],"author":[{"embeddable":true,"href":"https:\/\/agora.xtec.cat\/ceipulldevent\/wp-json\/wp\/v2\/users\/1"}],"replies":[{"embeddable":true,"href":"https:\/\/agora.xtec.cat\/ceipulldevent\/wp-json\/wp\/v2\/comments?post=9022"}],"version-history":[{"count":6,"href":"https:\/\/agora.xtec.cat\/ceipulldevent\/wp-json\/wp\/v2\/pages\/9022\/revisions"}],"predecessor-version":[{"id":10692,"href":"https:\/\/agora.xtec.cat\/ceipulldevent\/wp-json\/wp\/v2\/pages\/9022\/revisions\/10692"}],"up":[{"embeddable":true,"href":"https:\/\/agora.xtec.cat\/ceipulldevent\/wp-json\/wp\/v2\/pages\/10617"}],"wp:attachment":[{"href":"https:\/\/agora.xtec.cat\/ceipulldevent\/wp-json\/wp\/v2\/media?parent=9022"}],"curies":[{"name":"wp","href":"https:\/\/api.w.org\/{rel}","templated":true}]}}